
{"id":34,"date":"2024-11-12T10:52:07","date_gmt":"2024-11-12T10:52:07","guid":{"rendered":"http:\/\/localhost:8080\/aodai\/?page_id=34"},"modified":"2024-11-18T17:22:19","modified_gmt":"2024-11-18T10:22:19","slug":"tin-tuc-su-kien","status":"publish","type":"page","link":"https:\/\/store2.k-tech-services.com\/eco_aodaingoclan\/tin-tuc-su-kien\/","title":{"rendered":"TIN T\u1ee8C &#8211; S\u1ef0 KI\u1ec6N"},"content":{"rendered":"<div class=\"row\"  id=\"row-507446536\">\n\n\t<div id=\"col-1936186090\" class=\"col small-12 large-12\"  >\n\t\t\t\t<div class=\"col-inner\"  >\n\t\t\t\n\t\t\t<nav class=\"custom-breadcrumb\" aria-label=\"breadcrumb\"><a href=\"https:\/\/store2.k-tech-services.com\/eco_aodaingoclan\">Trang ch\u1ee7<\/a>  <\/nav>\n\n\n\n<div class=\"is-divider divider clearfix\" style=\"max-width:100%;height:1px;\"><\/div>\n\t\t<\/div>\n\t\t\t\t\t<\/div>\n\n\t\n\n<style>\n#row-507446536 > .col > .col-inner {\n  padding: 2rem 0px 0px 0px;\n}\n<\/style>\n<\/div>\n\n\t<section class=\"section\" id=\"section_467103994\">\n\t\t<div class=\"section-bg fill\" >\n\t\t\t\t\t\t\t\t\t\n\t\t\t\n\n\t\t<\/div>\n\n\t\t\n\n\t\t<div class=\"section-content relative\">\n\t\t\t\n<div class=\"row\"  id=\"row-263925969\">\n\n\t<div id=\"col-1842576543\" class=\"col small-12 large-12\"  >\n\t\t\t\t<div class=\"col-inner\"  >\n\t\t\t\n\t\t\t\n\t<div id=\"text-622157488\" class=\"text title-home-2\">\n\t\t\n<h3>TIN T\u1ee8C &#8211; S\u1ef0 KI\u1ec6N<\/h3>\n\t\t\t<\/div>\n\t\n\n  \n    <div class=\"row page-news large-columns-4 medium-columns-1 small-columns-1 row-small has-shadow row-box-shadow-2\" >\n  <div class=\"col post-item\" data-animate=\"fadeInUp\">\n\t\t\t<div class=\"col-inner\">\n\t\t\t\t<div class=\"box box-default box-text-bottom box-blog-post has-hover\">\n            \t\t\t\t\t<div class=\"box-image\" >\n  \t\t\t\t\t\t<div class=\"image-zoom image-cover\" style=\"padding-top:100%;\">\n\t\t\t\t\t\t\t<a href=\"https:\/\/store2.k-tech-services.com\/eco_aodaingoclan\/bai-viet-ao-dai-ngoc-lan\/\" class=\"plain\" aria-label=\"B\u00c0I VI\u1ebeT \u00c1O D\u00c0I NG\u1eccC LAN\">\n\t\t\t\t\t\t\t\t<img loading=\"lazy\" decoding=\"async\" width=\"480\" height=\"360\" src=\"https:\/\/store2.k-tech-services.com\/eco_aodaingoclan\/wp-content\/uploads\/2024\/11\/hqdefault-2.jpg\" class=\"attachment-original size-original wp-post-image\" alt=\"\" srcset=\"https:\/\/store2.k-tech-services.com\/eco_aodaingoclan\/wp-content\/uploads\/2024\/11\/hqdefault-2.jpg 480w, https:\/\/store2.k-tech-services.com\/eco_aodaingoclan\/wp-content\/uploads\/2024\/11\/hqdefault-2-300x225.jpg 300w\" sizes=\"auto, (max-width: 480px) 100vw, 480px\" \/>\t\t\t\t\t\t\t<\/a>\n  \t\t\t\t\t\t\t  \t\t\t\t\t\t\t  \t\t\t\t\t\t<\/div>\n  \t\t\t\t\t\t  \t\t\t\t\t<\/div>\n          \t\t\t\t\t<div class=\"box-text text-center is-small\" >\n\t\t\t\t\t<div class=\"box-text-inner blog-post-inner\">\n\n\t\t\t\t\t\n\t\t\t\t\t\t\t\t\t\t<h5 class=\"post-title is-large \">\n\t\t\t\t\t\t<a href=\"https:\/\/store2.k-tech-services.com\/eco_aodaingoclan\/bai-viet-ao-dai-ngoc-lan\/\" class=\"plain\">B\u00c0I VI\u1ebeT \u00c1O D\u00c0I NG\u1eccC LAN<\/a>\n\t\t\t\t\t<\/h5>\n\t\t\t\t\t\t\t\t\t\t<div class=\"is-divider\"><\/div>\n\t\t\t\t\t\t\t\t\t\t<p class=\"from_the_blog_excerpt \">\n\t\t\t\t\t\tB\u00c0I VI\u1ebeT \u00c1O D\u00c0I NG\u1eccC LAN b\u1ed9 s\u01b0u t\u1eadp m\u1edbi nh\u1ea5t B\u00c0I VI\u1ebeT \u00c1O D\u00c0I [...]\t\t\t\t\t<\/p>\n\t\t\t\t\t                    \n\t\t\t\t\t\n\t\t\t\t\t\n\t\t\t\t\t<\/div>\n\t\t\t\t\t<\/div>\n\t\t\t\t\t\t\t\t\t<\/div>\n\t\t\t<\/div>\n\t\t<\/div><div class=\"col post-item\" data-animate=\"fadeInUp\">\n\t\t\t<div class=\"col-inner\">\n\t\t\t\t<div class=\"box box-default box-text-bottom box-blog-post has-hover\">\n            \t\t\t\t\t<div class=\"box-image\" >\n  \t\t\t\t\t\t<div class=\"image-zoom image-cover\" style=\"padding-top:100%;\">\n\t\t\t\t\t\t\t<a href=\"https:\/\/store2.k-tech-services.com\/eco_aodaingoclan\/dan-sao-phim-truyen-hinh-tp-hcm-xuat-hien-tren-san-catwalk\/\" class=\"plain\" aria-label=\"D\u00e0n sao phim truy\u1ec1n h\u00ecnh TP.HCM xu\u1ea5t hi\u1ec7n tr\u00ean s\u00e0n catwalk\">\n\t\t\t\t\t\t\t\t<img loading=\"lazy\" decoding=\"async\" width=\"480\" height=\"360\" src=\"https:\/\/store2.k-tech-services.com\/eco_aodaingoclan\/wp-content\/uploads\/2024\/11\/hqdefault-2.jpg\" class=\"attachment-original size-original wp-post-image\" alt=\"\" srcset=\"https:\/\/store2.k-tech-services.com\/eco_aodaingoclan\/wp-content\/uploads\/2024\/11\/hqdefault-2.jpg 480w, https:\/\/store2.k-tech-services.com\/eco_aodaingoclan\/wp-content\/uploads\/2024\/11\/hqdefault-2-300x225.jpg 300w\" sizes=\"auto, (max-width: 480px) 100vw, 480px\" \/>\t\t\t\t\t\t\t<\/a>\n  \t\t\t\t\t\t\t  \t\t\t\t\t\t\t  \t\t\t\t\t\t<\/div>\n  \t\t\t\t\t\t  \t\t\t\t\t<\/div>\n          \t\t\t\t\t<div class=\"box-text text-center is-small\" >\n\t\t\t\t\t<div class=\"box-text-inner blog-post-inner\">\n\n\t\t\t\t\t\n\t\t\t\t\t\t\t\t\t\t<h5 class=\"post-title is-large \">\n\t\t\t\t\t\t<a href=\"https:\/\/store2.k-tech-services.com\/eco_aodaingoclan\/dan-sao-phim-truyen-hinh-tp-hcm-xuat-hien-tren-san-catwalk\/\" class=\"plain\">D\u00e0n sao phim truy\u1ec1n h\u00ecnh TP.HCM xu\u1ea5t hi\u1ec7n tr\u00ean s\u00e0n catwalk<\/a>\n\t\t\t\t\t<\/h5>\n\t\t\t\t\t\t\t\t\t\t<div class=\"is-divider\"><\/div>\n\t\t\t\t\t\t\t\t\t\t<p class=\"from_the_blog_excerpt \">\n\t\t\t\t\t\t\t\t\t\t\t<\/p>\n\t\t\t\t\t                    \n\t\t\t\t\t\n\t\t\t\t\t\n\t\t\t\t\t<\/div>\n\t\t\t\t\t<\/div>\n\t\t\t\t\t\t\t\t\t<\/div>\n\t\t\t<\/div>\n\t\t<\/div><div class=\"col post-item\" data-animate=\"fadeInUp\">\n\t\t\t<div class=\"col-inner\">\n\t\t\t\t<div class=\"box box-default box-text-bottom box-blog-post has-hover\">\n            \t\t\t\t\t<div class=\"box-image\" >\n  \t\t\t\t\t\t<div class=\"image-zoom image-cover\" style=\"padding-top:100%;\">\n\t\t\t\t\t\t\t<a href=\"https:\/\/store2.k-tech-services.com\/eco_aodaingoclan\/kim-va-man-chao-san-day-cam-xuc-cua-ntk-minh-chau-tai-aquafina-vifw\/\" class=\"plain\" aria-label=\"\u2018Kim\u2019 v\u00e0 m\u00e0n ch\u00e0o s\u00e2n \u0111\u1ea7y c\u1ea3m x\u00fac c\u1ee7a NTK Ng\u1ecdc Lan t\u1ea1i Aquafina VIFW\">\n\t\t\t\t\t\t\t\t<img loading=\"lazy\" decoding=\"async\" width=\"2048\" height=\"1434\" src=\"https:\/\/store2.k-tech-services.com\/eco_aodaingoclan\/wp-content\/uploads\/2024\/11\/555.jpg\" class=\"attachment-original size-original wp-post-image\" alt=\"\" srcset=\"https:\/\/store2.k-tech-services.com\/eco_aodaingoclan\/wp-content\/uploads\/2024\/11\/555.jpg 2048w, https:\/\/store2.k-tech-services.com\/eco_aodaingoclan\/wp-content\/uploads\/2024\/11\/555-300x210.jpg 300w, https:\/\/store2.k-tech-services.com\/eco_aodaingoclan\/wp-content\/uploads\/2024\/11\/555-1024x717.jpg 1024w, https:\/\/store2.k-tech-services.com\/eco_aodaingoclan\/wp-content\/uploads\/2024\/11\/555-768x538.jpg 768w, https:\/\/store2.k-tech-services.com\/eco_aodaingoclan\/wp-content\/uploads\/2024\/11\/555-1536x1076.jpg 1536w, https:\/\/store2.k-tech-services.com\/eco_aodaingoclan\/wp-content\/uploads\/2024\/11\/555-520x364.jpg 520w\" sizes=\"auto, (max-width: 2048px) 100vw, 2048px\" \/>\t\t\t\t\t\t\t<\/a>\n  \t\t\t\t\t\t\t  \t\t\t\t\t\t\t  \t\t\t\t\t\t<\/div>\n  \t\t\t\t\t\t  \t\t\t\t\t<\/div>\n          \t\t\t\t\t<div class=\"box-text text-center is-small\" >\n\t\t\t\t\t<div class=\"box-text-inner blog-post-inner\">\n\n\t\t\t\t\t\n\t\t\t\t\t\t\t\t\t\t<h5 class=\"post-title is-large \">\n\t\t\t\t\t\t<a href=\"https:\/\/store2.k-tech-services.com\/eco_aodaingoclan\/kim-va-man-chao-san-day-cam-xuc-cua-ntk-minh-chau-tai-aquafina-vifw\/\" class=\"plain\">\u2018Kim\u2019 v\u00e0 m\u00e0n ch\u00e0o s\u00e2n \u0111\u1ea7y c\u1ea3m x\u00fac c\u1ee7a NTK Ng\u1ecdc Lan t\u1ea1i Aquafina VIFW<\/a>\n\t\t\t\t\t<\/h5>\n\t\t\t\t\t\t\t\t\t\t<div class=\"is-divider\"><\/div>\n\t\t\t\t\t\t\t\t\t\t<p class=\"from_the_blog_excerpt \">\n\t\t\t\t\t\t\t\t\t\t\t<\/p>\n\t\t\t\t\t                    \n\t\t\t\t\t\n\t\t\t\t\t\n\t\t\t\t\t<\/div>\n\t\t\t\t\t<\/div>\n\t\t\t\t\t\t\t\t\t<\/div>\n\t\t\t<\/div>\n\t\t<\/div><div class=\"col post-item\" data-animate=\"fadeInUp\">\n\t\t\t<div class=\"col-inner\">\n\t\t\t\t<div class=\"box box-default box-text-bottom box-blog-post has-hover\">\n            \t\t\t\t\t<div class=\"box-image\" >\n  \t\t\t\t\t\t<div class=\"image-zoom image-cover\" style=\"padding-top:100%;\">\n\t\t\t\t\t\t\t<a href=\"https:\/\/store2.k-tech-services.com\/eco_aodaingoclan\/nha-thiet-ke-minh-chau-ra-mat-bo-suu-tap-ao-dai-long-phung-quyen-quy\/\" class=\"plain\" aria-label=\"Nh\u00e0 thi\u1ebft k\u1ebf Ng\u1ecdc Lan ra m\u1eaft b\u1ed9 s\u01b0u t\u1eadp \u00e1o d\u00e0i long ph\u1ee5ng quy\u1ec1n qu\u00fd\">\n\t\t\t\t\t\t\t\t<img loading=\"lazy\" decoding=\"async\" width=\"1365\" height=\"2048\" src=\"https:\/\/store2.k-tech-services.com\/eco_aodaingoclan\/wp-content\/uploads\/2024\/11\/12-3.jpg\" class=\"attachment-original size-original wp-post-image\" alt=\"\" srcset=\"https:\/\/store2.k-tech-services.com\/eco_aodaingoclan\/wp-content\/uploads\/2024\/11\/12-3.jpg 1365w, https:\/\/store2.k-tech-services.com\/eco_aodaingoclan\/wp-content\/uploads\/2024\/11\/12-3-300x450.jpg 300w, https:\/\/store2.k-tech-services.com\/eco_aodaingoclan\/wp-content\/uploads\/2024\/11\/12-3-520x780.jpg 520w, https:\/\/store2.k-tech-services.com\/eco_aodaingoclan\/wp-content\/uploads\/2024\/11\/12-3-200x300.jpg 200w, https:\/\/store2.k-tech-services.com\/eco_aodaingoclan\/wp-content\/uploads\/2024\/11\/12-3-683x1024.jpg 683w, https:\/\/store2.k-tech-services.com\/eco_aodaingoclan\/wp-content\/uploads\/2024\/11\/12-3-768x1152.jpg 768w, https:\/\/store2.k-tech-services.com\/eco_aodaingoclan\/wp-content\/uploads\/2024\/11\/12-3-1024x1536.jpg 1024w\" sizes=\"auto, (max-width: 1365px) 100vw, 1365px\" \/>\t\t\t\t\t\t\t<\/a>\n  \t\t\t\t\t\t\t  \t\t\t\t\t\t\t  \t\t\t\t\t\t<\/div>\n  \t\t\t\t\t\t  \t\t\t\t\t<\/div>\n          \t\t\t\t\t<div class=\"box-text text-center is-small\" >\n\t\t\t\t\t<div class=\"box-text-inner blog-post-inner\">\n\n\t\t\t\t\t\n\t\t\t\t\t\t\t\t\t\t<h5 class=\"post-title is-large \">\n\t\t\t\t\t\t<a href=\"https:\/\/store2.k-tech-services.com\/eco_aodaingoclan\/nha-thiet-ke-minh-chau-ra-mat-bo-suu-tap-ao-dai-long-phung-quyen-quy\/\" class=\"plain\">Nh\u00e0 thi\u1ebft k\u1ebf Ng\u1ecdc Lan ra m\u1eaft b\u1ed9 s\u01b0u t\u1eadp \u00e1o d\u00e0i long ph\u1ee5ng quy\u1ec1n qu\u00fd<\/a>\n\t\t\t\t\t<\/h5>\n\t\t\t\t\t\t\t\t\t\t<div class=\"is-divider\"><\/div>\n\t\t\t\t\t\t\t\t\t\t<p class=\"from_the_blog_excerpt \">\n\t\t\t\t\t\tB\u1ed9 s\u01b0u t\u1eadp \u00e1o d\u00e0i Kim Lang c\u1ee7a nh\u00e0 thi\u1ebft k\u1ebf Minh Ch\u00e2u bao ph\u1ee7 [...]\t\t\t\t\t<\/p>\n\t\t\t\t\t                    \n\t\t\t\t\t\n\t\t\t\t\t\n\t\t\t\t\t<\/div>\n\t\t\t\t\t<\/div>\n\t\t\t\t\t\t\t\t\t<\/div>\n\t\t\t<\/div>\n\t\t<\/div><div class=\"col post-item\" data-animate=\"fadeInUp\">\n\t\t\t<div class=\"col-inner\">\n\t\t\t\t<div class=\"box box-default box-text-bottom box-blog-post has-hover\">\n            \t\t\t\t\t<div class=\"box-image\" >\n  \t\t\t\t\t\t<div class=\"image-zoom image-cover\" style=\"padding-top:100%;\">\n\t\t\t\t\t\t\t<a href=\"https:\/\/store2.k-tech-services.com\/eco_aodaingoclan\/ntk-minh-chau-toi-chay-di-khoe-ngay-khi-minh-duoc-len-bao-ngoi-sao\/\" class=\"plain\" aria-label=\"NTK Ng\u1ecdc Lan: &#8216;T\u00f4i ch\u1ea1y \u0111i khoe ngay khi m\u00ecnh \u0111\u01b0\u1ee3c l\u00ean b\u00e1o Ng\u00f4i Sao&#8217;\">\n\t\t\t\t\t\t\t\t<img loading=\"lazy\" decoding=\"async\" width=\"1365\" height=\"2048\" src=\"https:\/\/store2.k-tech-services.com\/eco_aodaingoclan\/wp-content\/uploads\/2024\/11\/152.jpg\" class=\"attachment-original size-original wp-post-image\" alt=\"\" srcset=\"https:\/\/store2.k-tech-services.com\/eco_aodaingoclan\/wp-content\/uploads\/2024\/11\/152.jpg 1365w, https:\/\/store2.k-tech-services.com\/eco_aodaingoclan\/wp-content\/uploads\/2024\/11\/152-200x300.jpg 200w, https:\/\/store2.k-tech-services.com\/eco_aodaingoclan\/wp-content\/uploads\/2024\/11\/152-683x1024.jpg 683w, https:\/\/store2.k-tech-services.com\/eco_aodaingoclan\/wp-content\/uploads\/2024\/11\/152-768x1152.jpg 768w, https:\/\/store2.k-tech-services.com\/eco_aodaingoclan\/wp-content\/uploads\/2024\/11\/152-1024x1536.jpg 1024w, https:\/\/store2.k-tech-services.com\/eco_aodaingoclan\/wp-content\/uploads\/2024\/11\/152-300x450.jpg 300w, https:\/\/store2.k-tech-services.com\/eco_aodaingoclan\/wp-content\/uploads\/2024\/11\/152-520x780.jpg 520w\" sizes=\"auto, (max-width: 1365px) 100vw, 1365px\" \/>\t\t\t\t\t\t\t<\/a>\n  \t\t\t\t\t\t\t  \t\t\t\t\t\t\t  \t\t\t\t\t\t<\/div>\n  \t\t\t\t\t\t  \t\t\t\t\t<\/div>\n          \t\t\t\t\t<div class=\"box-text text-center is-small\" >\n\t\t\t\t\t<div class=\"box-text-inner blog-post-inner\">\n\n\t\t\t\t\t\n\t\t\t\t\t\t\t\t\t\t<h5 class=\"post-title is-large \">\n\t\t\t\t\t\t<a href=\"https:\/\/store2.k-tech-services.com\/eco_aodaingoclan\/ntk-minh-chau-toi-chay-di-khoe-ngay-khi-minh-duoc-len-bao-ngoi-sao\/\" class=\"plain\">NTK Ng\u1ecdc Lan: &#8216;T\u00f4i ch\u1ea1y \u0111i khoe ngay khi m\u00ecnh \u0111\u01b0\u1ee3c l\u00ean b\u00e1o Ng\u00f4i Sao&#8217;<\/a>\n\t\t\t\t\t<\/h5>\n\t\t\t\t\t\t\t\t\t\t<div class=\"is-divider\"><\/div>\n\t\t\t\t\t\t\t\t\t\t<p class=\"from_the_blog_excerpt \">\n\t\t\t\t\t\t\t\t\t\t\t<\/p>\n\t\t\t\t\t                    \n\t\t\t\t\t\n\t\t\t\t\t\n\t\t\t\t\t<\/div>\n\t\t\t\t\t<\/div>\n\t\t\t\t\t\t\t\t\t<\/div>\n\t\t\t<\/div>\n\t\t<\/div><div class=\"col post-item\" data-animate=\"fadeInUp\">\n\t\t\t<div class=\"col-inner\">\n\t\t\t\t<div class=\"box box-default box-text-bottom box-blog-post has-hover\">\n            \t\t\t\t\t<div class=\"box-image\" >\n  \t\t\t\t\t\t<div class=\"image-zoom image-cover\" style=\"padding-top:100%;\">\n\t\t\t\t\t\t\t<a href=\"https:\/\/store2.k-tech-services.com\/eco_aodaingoclan\/minh-chau-ao-dai-tao-ra-la-danh-cho-nguoi-viet-nam\/\" class=\"plain\" aria-label=\"Ng\u1ecdc Lan: \u201c\u00c1o d\u00e0i t\u1ea1o ra l\u00e0 d\u00e0nh cho ng\u01b0\u1eddi Vi\u1ec7t Nam\u201d\">\n\t\t\t\t\t\t\t\t<img loading=\"lazy\" decoding=\"async\" width=\"1366\" height=\"2048\" src=\"https:\/\/store2.k-tech-services.com\/eco_aodaingoclan\/wp-content\/uploads\/2024\/11\/1563.jpg\" class=\"attachment-original size-original wp-post-image\" alt=\"\" srcset=\"https:\/\/store2.k-tech-services.com\/eco_aodaingoclan\/wp-content\/uploads\/2024\/11\/1563.jpg 1366w, https:\/\/store2.k-tech-services.com\/eco_aodaingoclan\/wp-content\/uploads\/2024\/11\/1563-200x300.jpg 200w, https:\/\/store2.k-tech-services.com\/eco_aodaingoclan\/wp-content\/uploads\/2024\/11\/1563-683x1024.jpg 683w, https:\/\/store2.k-tech-services.com\/eco_aodaingoclan\/wp-content\/uploads\/2024\/11\/1563-768x1151.jpg 768w, https:\/\/store2.k-tech-services.com\/eco_aodaingoclan\/wp-content\/uploads\/2024\/11\/1563-1025x1536.jpg 1025w, https:\/\/store2.k-tech-services.com\/eco_aodaingoclan\/wp-content\/uploads\/2024\/11\/1563-300x450.jpg 300w, https:\/\/store2.k-tech-services.com\/eco_aodaingoclan\/wp-content\/uploads\/2024\/11\/1563-520x780.jpg 520w\" sizes=\"auto, (max-width: 1366px) 100vw, 1366px\" \/>\t\t\t\t\t\t\t<\/a>\n  \t\t\t\t\t\t\t  \t\t\t\t\t\t\t  \t\t\t\t\t\t<\/div>\n  \t\t\t\t\t\t  \t\t\t\t\t<\/div>\n          \t\t\t\t\t<div class=\"box-text text-center is-small\" >\n\t\t\t\t\t<div class=\"box-text-inner blog-post-inner\">\n\n\t\t\t\t\t\n\t\t\t\t\t\t\t\t\t\t<h5 class=\"post-title is-large \">\n\t\t\t\t\t\t<a href=\"https:\/\/store2.k-tech-services.com\/eco_aodaingoclan\/minh-chau-ao-dai-tao-ra-la-danh-cho-nguoi-viet-nam\/\" class=\"plain\">Ng\u1ecdc Lan: \u201c\u00c1o d\u00e0i t\u1ea1o ra l\u00e0 d\u00e0nh cho ng\u01b0\u1eddi Vi\u1ec7t Nam\u201d<\/a>\n\t\t\t\t\t<\/h5>\n\t\t\t\t\t\t\t\t\t\t<div class=\"is-divider\"><\/div>\n\t\t\t\t\t\t\t\t\t\t<p class=\"from_the_blog_excerpt \">\n\t\t\t\t\t\t\t\t\t\t\t<\/p>\n\t\t\t\t\t                    \n\t\t\t\t\t\n\t\t\t\t\t\n\t\t\t\t\t<\/div>\n\t\t\t\t\t<\/div>\n\t\t\t\t\t\t\t\t\t<\/div>\n\t\t\t<\/div>\n\t\t<\/div><\/div>\n\t\t<\/div>\n\t\t\t\t\t<\/div>\n\n\t\n<\/div>\n\t\t<\/div>\n\n\t\t\n<style>\n#section_467103994 {\n  padding-top: 0px;\n  padding-bottom: 0px;\n}\n<\/style>\n\t<\/section>\n\t\n","protected":false},"excerpt":{"rendered":"","protected":false},"author":1,"featured_media":0,"parent":0,"menu_order":0,"comment_status":"closed","ping_status":"closed","template":"page-blank.php","meta":{"footnotes":""},"class_list":["post-34","page","type-page","status-publish","hentry"],"_links":{"self":[{"href":"https:\/\/store2.k-tech-services.com\/eco_aodaingoclan\/wp-json\/wp\/v2\/pages\/34","targetHints":{"allow":["GET"]}}],"collection":[{"href":"https:\/\/store2.k-tech-services.com\/eco_aodaingoclan\/wp-json\/wp\/v2\/pages"}],"about":[{"href":"https:\/\/store2.k-tech-services.com\/eco_aodaingoclan\/wp-json\/wp\/v2\/types\/page"}],"author":[{"embeddable":true,"href":"https:\/\/store2.k-tech-services.com\/eco_aodaingoclan\/wp-json\/wp\/v2\/users\/1"}],"replies":[{"embeddable":true,"href":"https:\/\/store2.k-tech-services.com\/eco_aodaingoclan\/wp-json\/wp\/v2\/comments?post=34"}],"version-history":[{"count":13,"href":"https:\/\/store2.k-tech-services.com\/eco_aodaingoclan\/wp-json\/wp\/v2\/pages\/34\/revisions"}],"predecessor-version":[{"id":576,"href":"https:\/\/store2.k-tech-services.com\/eco_aodaingoclan\/wp-json\/wp\/v2\/pages\/34\/revisions\/576"}],"wp:attachment":[{"href":"https:\/\/store2.k-tech-services.com\/eco_aodaingoclan\/wp-json\/wp\/v2\/media?parent=34"}],"curies":[{"name":"wp","href":"https:\/\/api.w.org\/{rel}","templated":true}]}}