
{"id":36,"date":"2024-11-12T10:52:00","date_gmt":"2024-11-12T10:52:00","guid":{"rendered":"http:\/\/localhost:8080\/aodai\/?page_id=36"},"modified":"2024-11-18T13:33:14","modified_gmt":"2024-11-18T06:33:14","slug":"lien-he","status":"publish","type":"page","link":"https:\/\/store2.k-tech-services.com\/eco_aodaingoclan\/lien-he\/","title":{"rendered":"LI\u00caN H\u1ec6"},"content":{"rendered":"<div class=\"row\"  id=\"row-20236847\">\n\n\t<div id=\"col-72640238\" class=\"col small-12 large-12\"  >\n\t\t\t\t<div class=\"col-inner\"  >\n\t\t\t\n\t\t\t<nav class=\"custom-breadcrumb\" aria-label=\"breadcrumb\"><a href=\"https:\/\/store2.k-tech-services.com\/eco_aodaingoclan\">Trang ch\u1ee7<\/a>  <\/nav>\n\n\n\n<div class=\"is-divider divider clearfix\" style=\"max-width:100%;height:1px;\"><\/div>\n\t\t<\/div>\n\t\t\t\t\t<\/div>\n\n\t\n\n<style>\n#row-20236847 > .col > .col-inner {\n  padding: 2rem 0px 0px 0px;\n}\n<\/style>\n<\/div>\n\n\t<section class=\"section\" id=\"section_437772903\">\n\t\t<div class=\"section-bg fill\" >\n\t\t\t\t\t\t\t\t\t\n\t\t\t\n\n\t\t<\/div>\n\n\t\t\n\n\t\t<div class=\"section-content relative\">\n\t\t\t\n<div class=\"row\"  id=\"row-1303827566\">\n\n\t<div id=\"col-41533061\" class=\"col medium-4 small-12 large-4\"  >\n\t\t\t\t<div class=\"col-inner\"  >\n\t\t\t\n\t\t\t\n\n<p><iframe src=\"https:\/\/www.google.com\/maps\/embed?pb=!1m18!1m12!1m3!1d1888.9205154539661!2d105.87493463783413!3d21.110596907296227!2m3!1f0!2f0!3f0!3m2!1i1024!2i768!4f13.1!3m3!1m2!1s0x3135070e028c2cfb%3A0x9f995a90e5967986!2zw4FvIETDoGkgTmfhu41jIExhbg!5e0!3m2!1svi!2s!4v1731771135877!5m2!1svi!2s\" width=\"600\" height=\"450\" style=\"border:0;\" allowfullscreen=\"\" loading=\"lazy\" referrerpolicy=\"no-referrer-when-downgrade\"><\/iframe><br \/>\n\n\t\t<\/div>\n\t\t\t\t\t<\/div>\n\n\t\n\n\t<div id=\"col-1989074379\" class=\"col medium-8 small-12 large-8\"  >\n\t\t\t\t<div class=\"col-inner\"  >\n\t\t\t\n\t\t\t\n<h1>\u00c1O D\u00c0I NG\u1eccC LAN<\/h1>\n\t<div id=\"text-3779500705\" class=\"text\">\n\t\t\n<p>\u0110\u1ecba Ch\u1ec9 : L\u00f4 TT 02 , H\u00e0m Nghi , M\u1ef9 \u0110\u00ecnh 2, Nam T\u1eeb Li\u00eam , H\u00e0 N\u1ed9i<\/p>\n<p>Email: aodaingoclan@gmail.com<\/p>\n<p>Hotline: 0333238188<\/p>\n\t\t\n<style>\n#text-3779500705 {\n  color: rgb(0,0,0);\n}\n#text-3779500705 > * {\n  color: rgb(0,0,0);\n}\n<\/style>\n\t<\/div>\n\t\n\n<div class=\"wpcf7 no-js\" id=\"wpcf7-f360-o1\" lang=\"vi\" dir=\"ltr\" data-wpcf7-id=\"360\">\n<div class=\"screen-reader-response\"><p role=\"status\" aria-live=\"polite\" aria-atomic=\"true\"><\/p> <ul><\/ul><\/div>\n<form action=\"\/eco_aodaingoclan\/wp-json\/wp\/v2\/pages\/36#wpcf7-f360-o1\" method=\"post\" class=\"wpcf7-form init\" aria-label=\"Form li\u00ean h\u1ec7\" novalidate=\"novalidate\" data-status=\"init\">\n<div style=\"display: none;\">\n<input type=\"hidden\" name=\"_wpcf7\" value=\"360\" \/>\n<input type=\"hidden\" name=\"_wpcf7_version\" value=\"6.0\" \/>\n<input type=\"hidden\" name=\"_wpcf7_locale\" value=\"vi\" \/>\n<input type=\"hidden\" name=\"_wpcf7_unit_tag\" value=\"wpcf7-f360-o1\" \/>\n<input type=\"hidden\" name=\"_wpcf7_container_post\" value=\"0\" \/>\n<input type=\"hidden\" name=\"_wpcf7_posted_data_hash\" value=\"\" \/>\n<\/div>\n<p><span class=\"wpcf7-form-control-wrap\" data-name=\"your-name\"><input size=\"40\" maxlength=\"400\" class=\"wpcf7-form-control wpcf7-text wpcf7-validates-as-required\" autocomplete=\"name\" aria-required=\"true\" aria-invalid=\"false\" placeholder=\"H\u1ecd T\u00ean\" value=\"\" type=\"text\" name=\"your-name\" \/><\/span><br \/>\n<span class=\"wpcf7-form-control-wrap\" data-name=\"tel-37\"><input size=\"40\" maxlength=\"400\" class=\"wpcf7-form-control wpcf7-tel wpcf7-validates-as-required wpcf7-text wpcf7-validates-as-tel\" autocomplete=\"phone\" aria-required=\"true\" aria-invalid=\"false\" placeholder=\"S\u1ed1 \u0111i\u1ec7n tho\u1ea1i\" value=\"\" type=\"tel\" name=\"tel-37\" \/><\/span><br \/>\n<span class=\"wpcf7-form-control-wrap\" data-name=\"your-email\"><input size=\"40\" maxlength=\"400\" class=\"wpcf7-form-control wpcf7-email wpcf7-validates-as-required wpcf7-text wpcf7-validates-as-email\" autocomplete=\"email\" aria-required=\"true\" aria-invalid=\"false\" placeholder=\"Email\" value=\"\" type=\"email\" name=\"your-email\" \/><\/span><br \/>\n<span class=\"wpcf7-form-control-wrap\" data-name=\"textarea-650\"><textarea cols=\"40\" rows=\"10\" maxlength=\"2000\" class=\"wpcf7-form-control wpcf7-textarea\" aria-invalid=\"false\" name=\"textarea-650\"><\/textarea><\/span><br \/>\n<input class=\"wpcf7-form-control wpcf7-submit has-spinner\" type=\"submit\" value=\"\u0110\u0103ng k\u00fd\" \/><br \/>\n<input style=\"background:var(--primary-color);color:white\" type=\"reset\" value=\"Nh\u1eadp l\u1ea1i\" class=\"wpcf7-form-control\" \/>\n<\/p><div class=\"wpcf7-response-output\" aria-hidden=\"true\"><\/div>\n<\/form>\n<\/div>\n\n\t\t<\/div>\n\t\t\t\t\t<\/div>\n\n\t\n<\/div>\n\t\t<\/div>\n\n\t\t\n<style>\n#section_437772903 {\n  padding-top: 20px;\n  padding-bottom: 20px;\n}\n<\/style>\n\t<\/section>\n\t\n","protected":false},"excerpt":{"rendered":"","protected":false},"author":1,"featured_media":0,"parent":0,"menu_order":0,"comment_status":"closed","ping_status":"closed","template":"page-blank.php","meta":{"footnotes":""},"class_list":["post-36","page","type-page","status-publish","hentry"],"_links":{"self":[{"href":"https:\/\/store2.k-tech-services.com\/eco_aodaingoclan\/wp-json\/wp\/v2\/pages\/36","targetHints":{"allow":["GET"]}}],"collection":[{"href":"https:\/\/store2.k-tech-services.com\/eco_aodaingoclan\/wp-json\/wp\/v2\/pages"}],"about":[{"href":"https:\/\/store2.k-tech-services.com\/eco_aodaingoclan\/wp-json\/wp\/v2\/types\/page"}],"author":[{"embeddable":true,"href":"https:\/\/store2.k-tech-services.com\/eco_aodaingoclan\/wp-json\/wp\/v2\/users\/1"}],"replies":[{"embeddable":true,"href":"https:\/\/store2.k-tech-services.com\/eco_aodaingoclan\/wp-json\/wp\/v2\/comments?post=36"}],"version-history":[{"count":21,"href":"https:\/\/store2.k-tech-services.com\/eco_aodaingoclan\/wp-json\/wp\/v2\/pages\/36\/revisions"}],"predecessor-version":[{"id":551,"href":"https:\/\/store2.k-tech-services.com\/eco_aodaingoclan\/wp-json\/wp\/v2\/pages\/36\/revisions\/551"}],"wp:attachment":[{"href":"https:\/\/store2.k-tech-services.com\/eco_aodaingoclan\/wp-json\/wp\/v2\/media?parent=36"}],"curies":[{"name":"wp","href":"https:\/\/api.w.org\/{rel}","templated":true}]}}