
{"id":618,"date":"2024-11-19T00:57:29","date_gmt":"2024-11-18T17:57:29","guid":{"rendered":"https:\/\/aodaingoclan.vn\/?post_type=product&#038;p=618"},"modified":"2024-12-18T16:30:57","modified_gmt":"2024-12-18T09:30:57","slug":"ao-dai-uyen-dinh","status":"publish","type":"product","link":"https:\/\/store2.k-tech-services.com\/eco_aodaingoclan\/san-pham\/ao-dai-uyen-dinh\/","title":{"rendered":"\u00c1o D\u00e0i Uy\u1ec3n \u0110\u00ecnh"},"content":{"rendered":"<p>\u00c1o D\u00e0i Uy\u1ec3n \u0110\u00ecnh<\/p>\n<div id='gallery-1' class='gallery galleryid-618 gallery-columns-3 gallery-size-thumbnail'><figure class='gallery-item'>\n\t\t\t<div class='gallery-icon portrait'>\n\t\t\t\t<a href='https:\/\/store2.k-tech-services.com\/eco_aodaingoclan\/?attachment_id=624#main'><img loading=\"lazy\" decoding=\"async\" width=\"150\" height=\"150\" src=\"https:\/\/store2.k-tech-services.com\/eco_aodaingoclan\/wp-content\/uploads\/2024\/11\/z6046291479080_cdd9c193cac8af0118804975b4725e57-150x150.jpg\" class=\"attachment-thumbnail size-thumbnail\" alt=\"\" srcset=\"https:\/\/store2.k-tech-services.com\/eco_aodaingoclan\/wp-content\/uploads\/2024\/11\/z6046291479080_cdd9c193cac8af0118804975b4725e57-150x150.jpg 150w, https:\/\/store2.k-tech-services.com\/eco_aodaingoclan\/wp-content\/uploads\/2024\/11\/z6046291479080_cdd9c193cac8af0118804975b4725e57-100x100.jpg 100w, https:\/\/store2.k-tech-services.com\/eco_aodaingoclan\/wp-content\/uploads\/2024\/11\/z6046291479080_cdd9c193cac8af0118804975b4725e57-50x50.jpg 50w\" sizes=\"auto, (max-width: 150px) 100vw, 150px\" \/><\/a>\n\t\t\t<\/div><\/figure><figure class='gallery-item'>\n\t\t\t<div class='gallery-icon portrait'>\n\t\t\t\t<a href='https:\/\/store2.k-tech-services.com\/eco_aodaingoclan\/?attachment_id=623#main'><img loading=\"lazy\" decoding=\"async\" width=\"150\" height=\"150\" src=\"https:\/\/store2.k-tech-services.com\/eco_aodaingoclan\/wp-content\/uploads\/2024\/11\/z6046291472511_e1c4b8b29e9886da89f38bc15c3bc5bd-150x150.jpg\" class=\"attachment-thumbnail size-thumbnail\" alt=\"\" srcset=\"https:\/\/store2.k-tech-services.com\/eco_aodaingoclan\/wp-content\/uploads\/2024\/11\/z6046291472511_e1c4b8b29e9886da89f38bc15c3bc5bd-150x150.jpg 150w, https:\/\/store2.k-tech-services.com\/eco_aodaingoclan\/wp-content\/uploads\/2024\/11\/z6046291472511_e1c4b8b29e9886da89f38bc15c3bc5bd-100x100.jpg 100w, https:\/\/store2.k-tech-services.com\/eco_aodaingoclan\/wp-content\/uploads\/2024\/11\/z6046291472511_e1c4b8b29e9886da89f38bc15c3bc5bd-50x50.jpg 50w\" sizes=\"auto, (max-width: 150px) 100vw, 150px\" \/><\/a>\n\t\t\t<\/div><\/figure><figure class='gallery-item'>\n\t\t\t<div class='gallery-icon portrait'>\n\t\t\t\t<a href='https:\/\/store2.k-tech-services.com\/eco_aodaingoclan\/?attachment_id=622#main'><img loading=\"lazy\" decoding=\"async\" width=\"150\" height=\"150\" src=\"https:\/\/store2.k-tech-services.com\/eco_aodaingoclan\/wp-content\/uploads\/2024\/11\/z6046291472129_21c6b27e982cff1160c85a03b3ce89ed-150x150.jpg\" class=\"attachment-thumbnail size-thumbnail\" alt=\"\" srcset=\"https:\/\/store2.k-tech-services.com\/eco_aodaingoclan\/wp-content\/uploads\/2024\/11\/z6046291472129_21c6b27e982cff1160c85a03b3ce89ed-150x150.jpg 150w, https:\/\/store2.k-tech-services.com\/eco_aodaingoclan\/wp-content\/uploads\/2024\/11\/z6046291472129_21c6b27e982cff1160c85a03b3ce89ed-100x100.jpg 100w, https:\/\/store2.k-tech-services.com\/eco_aodaingoclan\/wp-content\/uploads\/2024\/11\/z6046291472129_21c6b27e982cff1160c85a03b3ce89ed-50x50.jpg 50w\" sizes=\"auto, (max-width: 150px) 100vw, 150px\" \/><\/a>\n\t\t\t<\/div><\/figure><figure class='gallery-item'>\n\t\t\t<div class='gallery-icon portrait'>\n\t\t\t\t<a href='https:\/\/store2.k-tech-services.com\/eco_aodaingoclan\/?attachment_id=621#main'><img loading=\"lazy\" decoding=\"async\" width=\"150\" height=\"150\" src=\"https:\/\/store2.k-tech-services.com\/eco_aodaingoclan\/wp-content\/uploads\/2024\/11\/z6046291472031_3de69604a829aa64bd2cd57c00585c4a-150x150.jpg\" class=\"attachment-thumbnail size-thumbnail\" alt=\"\" srcset=\"https:\/\/store2.k-tech-services.com\/eco_aodaingoclan\/wp-content\/uploads\/2024\/11\/z6046291472031_3de69604a829aa64bd2cd57c00585c4a-150x150.jpg 150w, https:\/\/store2.k-tech-services.com\/eco_aodaingoclan\/wp-content\/uploads\/2024\/11\/z6046291472031_3de69604a829aa64bd2cd57c00585c4a-100x100.jpg 100w, https:\/\/store2.k-tech-services.com\/eco_aodaingoclan\/wp-content\/uploads\/2024\/11\/z6046291472031_3de69604a829aa64bd2cd57c00585c4a-50x50.jpg 50w\" sizes=\"auto, (max-width: 150px) 100vw, 150px\" \/><\/a>\n\t\t\t<\/div><\/figure><figure class='gallery-item'>\n\t\t\t<div class='gallery-icon portrait'>\n\t\t\t\t<a href='https:\/\/store2.k-tech-services.com\/eco_aodaingoclan\/?attachment_id=620#main'><img loading=\"lazy\" decoding=\"async\" width=\"150\" height=\"150\" src=\"https:\/\/store2.k-tech-services.com\/eco_aodaingoclan\/wp-content\/uploads\/2024\/11\/z6046291471121_fec0c1bbae9a1bff5575308f29ce849a-150x150.jpg\" class=\"attachment-thumbnail size-thumbnail\" alt=\"\" srcset=\"https:\/\/store2.k-tech-services.com\/eco_aodaingoclan\/wp-content\/uploads\/2024\/11\/z6046291471121_fec0c1bbae9a1bff5575308f29ce849a-150x150.jpg 150w, https:\/\/store2.k-tech-services.com\/eco_aodaingoclan\/wp-content\/uploads\/2024\/11\/z6046291471121_fec0c1bbae9a1bff5575308f29ce849a-100x100.jpg 100w, https:\/\/store2.k-tech-services.com\/eco_aodaingoclan\/wp-content\/uploads\/2024\/11\/z6046291471121_fec0c1bbae9a1bff5575308f29ce849a-50x50.jpg 50w\" sizes=\"auto, (max-width: 150px) 100vw, 150px\" \/><\/a>\n\t\t\t<\/div><\/figure>\n\t\t<\/div>\n\n","protected":false},"excerpt":{"rendered":"<p>\u00c1o D\u00e0i Uy\u1ec3n \u0110\u00ecnh<\/p>\n","protected":false},"featured_media":620,"comment_status":"open","ping_status":"closed","template":"","meta":[],"product_cat":[23,32],"product_tag":[],"class_list":{"0":"post-618","1":"product","2":"type-product","3":"status-publish","4":"has-post-thumbnail","6":"product_cat-ao-dai-an-tuong","7":"product_cat-ao-dai-nu-ngoc-lan","9":"first","10":"instock","11":"sale","12":"shipping-taxable","13":"purchasable","14":"product-type-simple"},"_links":{"self":[{"href":"https:\/\/store2.k-tech-services.com\/eco_aodaingoclan\/wp-json\/wp\/v2\/product\/618","targetHints":{"allow":["GET"]}}],"collection":[{"href":"https:\/\/store2.k-tech-services.com\/eco_aodaingoclan\/wp-json\/wp\/v2\/product"}],"about":[{"href":"https:\/\/store2.k-tech-services.com\/eco_aodaingoclan\/wp-json\/wp\/v2\/types\/product"}],"replies":[{"embeddable":true,"href":"https:\/\/store2.k-tech-services.com\/eco_aodaingoclan\/wp-json\/wp\/v2\/comments?post=618"}],"wp:featuredmedia":[{"embeddable":true,"href":"https:\/\/store2.k-tech-services.com\/eco_aodaingoclan\/wp-json\/wp\/v2\/media\/620"}],"wp:attachment":[{"href":"https:\/\/store2.k-tech-services.com\/eco_aodaingoclan\/wp-json\/wp\/v2\/media?parent=618"}],"wp:term":[{"taxonomy":"product_cat","embeddable":true,"href":"https:\/\/store2.k-tech-services.com\/eco_aodaingoclan\/wp-json\/wp\/v2\/product_cat?post=618"},{"taxonomy":"product_tag","embeddable":true,"href":"https:\/\/store2.k-tech-services.com\/eco_aodaingoclan\/wp-json\/wp\/v2\/product_tag?post=618"}],"curies":[{"name":"wp","href":"https:\/\/api.w.org\/{rel}","templated":true}]}}