
{"id":634,"date":"2024-11-19T07:53:08","date_gmt":"2024-11-19T00:53:08","guid":{"rendered":"https:\/\/aodaingoclan.vn\/?post_type=product&#038;p=634"},"modified":"2024-12-18T16:28:28","modified_gmt":"2024-12-18T09:28:28","slug":"ao-dai-dang-om-vai-lua-ngoc-trai-cao-cap","status":"publish","type":"product","link":"https:\/\/store2.k-tech-services.com\/eco_aodaingoclan\/san-pham\/ao-dai-dang-om-vai-lua-ngoc-trai-cao-cap\/","title":{"rendered":"\u00c1o D\u00e0i D\u00e1ng \u00d4m V\u1ea3i L\u1ee5a Ng\u1ecdc Trai Cao C\u1ea5p"},"content":{"rendered":"<p>\u00c1o D\u00e0i D\u00e1ng \u00d4m V\u1ea3i L\u1ee5a Ng\u1ecdc Trai Cao C\u1ea5p<\/p>\n<p><img loading=\"lazy\" decoding=\"async\" class=\"alignnone size-medium wp-image-638\" src=\"https:\/\/aodaingoclan.vn\/wp-content\/uploads\/2024\/11\/z6046295827417_eb2303b5bef42a0bf875005374624d23-222x300.jpg\" alt=\"\" width=\"222\" height=\"300\" srcset=\"https:\/\/store2.k-tech-services.com\/eco_aodaingoclan\/wp-content\/uploads\/2024\/11\/z6046295827417_eb2303b5bef42a0bf875005374624d23-222x300.jpg 222w, https:\/\/store2.k-tech-services.com\/eco_aodaingoclan\/wp-content\/uploads\/2024\/11\/z6046295827417_eb2303b5bef42a0bf875005374624d23-758x1024.jpg 758w, https:\/\/store2.k-tech-services.com\/eco_aodaingoclan\/wp-content\/uploads\/2024\/11\/z6046295827417_eb2303b5bef42a0bf875005374624d23-768x1037.jpg 768w, https:\/\/store2.k-tech-services.com\/eco_aodaingoclan\/wp-content\/uploads\/2024\/11\/z6046295827417_eb2303b5bef42a0bf875005374624d23-300x405.jpg 300w, https:\/\/store2.k-tech-services.com\/eco_aodaingoclan\/wp-content\/uploads\/2024\/11\/z6046295827417_eb2303b5bef42a0bf875005374624d23-520x702.jpg 520w, https:\/\/store2.k-tech-services.com\/eco_aodaingoclan\/wp-content\/uploads\/2024\/11\/z6046295827417_eb2303b5bef42a0bf875005374624d23.jpg 948w\" sizes=\"auto, (max-width: 222px) 100vw, 222px\" \/> <img loading=\"lazy\" decoding=\"async\" class=\"alignnone size-medium wp-image-637\" src=\"https:\/\/aodaingoclan.vn\/wp-content\/uploads\/2024\/11\/z6046295825797_62e87dce3c9b1e8eb018909110a0316f-223x300.jpg\" alt=\"\" width=\"223\" height=\"300\" srcset=\"https:\/\/store2.k-tech-services.com\/eco_aodaingoclan\/wp-content\/uploads\/2024\/11\/z6046295825797_62e87dce3c9b1e8eb018909110a0316f-223x300.jpg 223w, https:\/\/store2.k-tech-services.com\/eco_aodaingoclan\/wp-content\/uploads\/2024\/11\/z6046295825797_62e87dce3c9b1e8eb018909110a0316f-762x1024.jpg 762w, https:\/\/store2.k-tech-services.com\/eco_aodaingoclan\/wp-content\/uploads\/2024\/11\/z6046295825797_62e87dce3c9b1e8eb018909110a0316f-768x1033.jpg 768w, https:\/\/store2.k-tech-services.com\/eco_aodaingoclan\/wp-content\/uploads\/2024\/11\/z6046295825797_62e87dce3c9b1e8eb018909110a0316f-300x403.jpg 300w, https:\/\/store2.k-tech-services.com\/eco_aodaingoclan\/wp-content\/uploads\/2024\/11\/z6046295825797_62e87dce3c9b1e8eb018909110a0316f-520x699.jpg 520w, https:\/\/store2.k-tech-services.com\/eco_aodaingoclan\/wp-content\/uploads\/2024\/11\/z6046295825797_62e87dce3c9b1e8eb018909110a0316f.jpg 952w\" sizes=\"auto, (max-width: 223px) 100vw, 223px\" \/> <img loading=\"lazy\" decoding=\"async\" class=\"alignnone size-medium wp-image-636\" src=\"https:\/\/aodaingoclan.vn\/wp-content\/uploads\/2024\/11\/z6046295825730_a009cd41929a8debd4aaf234bfa73fdb-213x300.jpg\" alt=\"\" width=\"213\" height=\"300\" srcset=\"https:\/\/store2.k-tech-services.com\/eco_aodaingoclan\/wp-content\/uploads\/2024\/11\/z6046295825730_a009cd41929a8debd4aaf234bfa73fdb-213x300.jpg 213w, https:\/\/store2.k-tech-services.com\/eco_aodaingoclan\/wp-content\/uploads\/2024\/11\/z6046295825730_a009cd41929a8debd4aaf234bfa73fdb-726x1024.jpg 726w, https:\/\/store2.k-tech-services.com\/eco_aodaingoclan\/wp-content\/uploads\/2024\/11\/z6046295825730_a009cd41929a8debd4aaf234bfa73fdb-768x1083.jpg 768w, https:\/\/store2.k-tech-services.com\/eco_aodaingoclan\/wp-content\/uploads\/2024\/11\/z6046295825730_a009cd41929a8debd4aaf234bfa73fdb-300x423.jpg 300w, https:\/\/store2.k-tech-services.com\/eco_aodaingoclan\/wp-content\/uploads\/2024\/11\/z6046295825730_a009cd41929a8debd4aaf234bfa73fdb-520x733.jpg 520w, https:\/\/store2.k-tech-services.com\/eco_aodaingoclan\/wp-content\/uploads\/2024\/11\/z6046295825730_a009cd41929a8debd4aaf234bfa73fdb.jpg 908w\" sizes=\"auto, (max-width: 213px) 100vw, 213px\" \/> <img loading=\"lazy\" decoding=\"async\" class=\"alignnone size-medium wp-image-635\" src=\"https:\/\/aodaingoclan.vn\/wp-content\/uploads\/2024\/11\/z6046295823317_79b6cf5dcdac0de33c8600b9ab3266f1-167x300.jpg\" alt=\"\" width=\"167\" height=\"300\" srcset=\"https:\/\/store2.k-tech-services.com\/eco_aodaingoclan\/wp-content\/uploads\/2024\/11\/z6046295823317_79b6cf5dcdac0de33c8600b9ab3266f1-167x300.jpg 167w, https:\/\/store2.k-tech-services.com\/eco_aodaingoclan\/wp-content\/uploads\/2024\/11\/z6046295823317_79b6cf5dcdac0de33c8600b9ab3266f1-570x1024.jpg 570w, https:\/\/store2.k-tech-services.com\/eco_aodaingoclan\/wp-content\/uploads\/2024\/11\/z6046295823317_79b6cf5dcdac0de33c8600b9ab3266f1-300x539.jpg 300w, https:\/\/store2.k-tech-services.com\/eco_aodaingoclan\/wp-content\/uploads\/2024\/11\/z6046295823317_79b6cf5dcdac0de33c8600b9ab3266f1-520x935.jpg 520w, https:\/\/store2.k-tech-services.com\/eco_aodaingoclan\/wp-content\/uploads\/2024\/11\/z6046295823317_79b6cf5dcdac0de33c8600b9ab3266f1.jpg 712w\" sizes=\"auto, (max-width: 167px) 100vw, 167px\" \/><\/p>\n","protected":false},"excerpt":{"rendered":"<p>\u00c1o D\u00e0i D\u00e1ng \u00d4m V\u1ea3i L\u1ee5a Ng\u1ecdc Trai Cao C\u1ea5p<\/p>\n","protected":false},"featured_media":635,"comment_status":"open","ping_status":"closed","template":"","meta":[],"product_cat":[23,32],"product_tag":[],"class_list":{"0":"post-634","1":"product","2":"type-product","3":"status-publish","4":"has-post-thumbnail","6":"product_cat-ao-dai-an-tuong","7":"product_cat-ao-dai-nu-ngoc-lan","9":"first","10":"instock","11":"sale","12":"shipping-taxable","13":"purchasable","14":"product-type-simple"},"_links":{"self":[{"href":"https:\/\/store2.k-tech-services.com\/eco_aodaingoclan\/wp-json\/wp\/v2\/product\/634","targetHints":{"allow":["GET"]}}],"collection":[{"href":"https:\/\/store2.k-tech-services.com\/eco_aodaingoclan\/wp-json\/wp\/v2\/product"}],"about":[{"href":"https:\/\/store2.k-tech-services.com\/eco_aodaingoclan\/wp-json\/wp\/v2\/types\/product"}],"replies":[{"embeddable":true,"href":"https:\/\/store2.k-tech-services.com\/eco_aodaingoclan\/wp-json\/wp\/v2\/comments?post=634"}],"wp:featuredmedia":[{"embeddable":true,"href":"https:\/\/store2.k-tech-services.com\/eco_aodaingoclan\/wp-json\/wp\/v2\/media\/635"}],"wp:attachment":[{"href":"https:\/\/store2.k-tech-services.com\/eco_aodaingoclan\/wp-json\/wp\/v2\/media?parent=634"}],"wp:term":[{"taxonomy":"product_cat","embeddable":true,"href":"https:\/\/store2.k-tech-services.com\/eco_aodaingoclan\/wp-json\/wp\/v2\/product_cat?post=634"},{"taxonomy":"product_tag","embeddable":true,"href":"https:\/\/store2.k-tech-services.com\/eco_aodaingoclan\/wp-json\/wp\/v2\/product_tag?post=634"}],"curies":[{"name":"wp","href":"https:\/\/api.w.org\/{rel}","templated":true}]}}