
{"id":645,"date":"2024-11-19T08:02:26","date_gmt":"2024-11-19T01:02:26","guid":{"rendered":"https:\/\/aodaingoclan.vn\/?post_type=product&#038;p=645"},"modified":"2024-12-18T16:27:46","modified_gmt":"2024-12-18T09:27:46","slug":"ao-dai-cach-tan-4-ta-to-ong-dep-long-lanh","status":"publish","type":"product","link":"https:\/\/store2.k-tech-services.com\/eco_aodaingoclan\/san-pham\/ao-dai-cach-tan-4-ta-to-ong-dep-long-lanh\/","title":{"rendered":"\u00c1o D\u00e0i C\u00e1ch T\u00e2n 4 T\u00e0 T\u01a1 \u00d3ng \u0110\u1eb9p Long Lanh"},"content":{"rendered":"<p>\u00c1o D\u00e0i C\u00e1ch T\u00e2n 4 T\u00e0 T\u01a1 \u00d3ng \u0110\u1eb9p Long Lanh<\/p>\n<p><img loading=\"lazy\" decoding=\"async\" class=\"alignnone size-medium wp-image-651\" src=\"https:\/\/aodaingoclan.vn\/wp-content\/uploads\/2024\/11\/z6046300718000_bada909b53a4106027ab0147f03840e9-194x300.jpg\" alt=\"\" width=\"194\" height=\"300\" srcset=\"https:\/\/store2.k-tech-services.com\/eco_aodaingoclan\/wp-content\/uploads\/2024\/11\/z6046300718000_bada909b53a4106027ab0147f03840e9-194x300.jpg 194w, https:\/\/store2.k-tech-services.com\/eco_aodaingoclan\/wp-content\/uploads\/2024\/11\/z6046300718000_bada909b53a4106027ab0147f03840e9-661x1024.jpg 661w, https:\/\/store2.k-tech-services.com\/eco_aodaingoclan\/wp-content\/uploads\/2024\/11\/z6046300718000_bada909b53a4106027ab0147f03840e9-768x1190.jpg 768w, https:\/\/store2.k-tech-services.com\/eco_aodaingoclan\/wp-content\/uploads\/2024\/11\/z6046300718000_bada909b53a4106027ab0147f03840e9-300x465.jpg 300w, https:\/\/store2.k-tech-services.com\/eco_aodaingoclan\/wp-content\/uploads\/2024\/11\/z6046300718000_bada909b53a4106027ab0147f03840e9-520x806.jpg 520w, https:\/\/store2.k-tech-services.com\/eco_aodaingoclan\/wp-content\/uploads\/2024\/11\/z6046300718000_bada909b53a4106027ab0147f03840e9.jpg 826w\" sizes=\"auto, (max-width: 194px) 100vw, 194px\" \/> <img loading=\"lazy\" decoding=\"async\" class=\"alignnone size-medium wp-image-650\" src=\"https:\/\/aodaingoclan.vn\/wp-content\/uploads\/2024\/11\/z6046300714941_ecb51004b4704986c021b1d6a5e478e5-167x300.jpg\" alt=\"\" width=\"167\" height=\"300\" srcset=\"https:\/\/store2.k-tech-services.com\/eco_aodaingoclan\/wp-content\/uploads\/2024\/11\/z6046300714941_ecb51004b4704986c021b1d6a5e478e5-167x300.jpg 167w, https:\/\/store2.k-tech-services.com\/eco_aodaingoclan\/wp-content\/uploads\/2024\/11\/z6046300714941_ecb51004b4704986c021b1d6a5e478e5-570x1024.jpg 570w, https:\/\/store2.k-tech-services.com\/eco_aodaingoclan\/wp-content\/uploads\/2024\/11\/z6046300714941_ecb51004b4704986c021b1d6a5e478e5-300x539.jpg 300w, https:\/\/store2.k-tech-services.com\/eco_aodaingoclan\/wp-content\/uploads\/2024\/11\/z6046300714941_ecb51004b4704986c021b1d6a5e478e5-520x935.jpg 520w, https:\/\/store2.k-tech-services.com\/eco_aodaingoclan\/wp-content\/uploads\/2024\/11\/z6046300714941_ecb51004b4704986c021b1d6a5e478e5.jpg 712w\" sizes=\"auto, (max-width: 167px) 100vw, 167px\" \/> <img loading=\"lazy\" decoding=\"async\" class=\"alignnone size-medium wp-image-649\" src=\"https:\/\/aodaingoclan.vn\/wp-content\/uploads\/2024\/11\/z6046300713726_2d3f5d361d9df24b1e448e517e58e60e-205x300.jpg\" alt=\"\" width=\"205\" height=\"300\" srcset=\"https:\/\/store2.k-tech-services.com\/eco_aodaingoclan\/wp-content\/uploads\/2024\/11\/z6046300713726_2d3f5d361d9df24b1e448e517e58e60e-205x300.jpg 205w, https:\/\/store2.k-tech-services.com\/eco_aodaingoclan\/wp-content\/uploads\/2024\/11\/z6046300713726_2d3f5d361d9df24b1e448e517e58e60e-700x1024.jpg 700w, https:\/\/store2.k-tech-services.com\/eco_aodaingoclan\/wp-content\/uploads\/2024\/11\/z6046300713726_2d3f5d361d9df24b1e448e517e58e60e-768x1124.jpg 768w, https:\/\/store2.k-tech-services.com\/eco_aodaingoclan\/wp-content\/uploads\/2024\/11\/z6046300713726_2d3f5d361d9df24b1e448e517e58e60e-300x439.jpg 300w, https:\/\/store2.k-tech-services.com\/eco_aodaingoclan\/wp-content\/uploads\/2024\/11\/z6046300713726_2d3f5d361d9df24b1e448e517e58e60e-520x761.jpg 520w, https:\/\/store2.k-tech-services.com\/eco_aodaingoclan\/wp-content\/uploads\/2024\/11\/z6046300713726_2d3f5d361d9df24b1e448e517e58e60e.jpg 814w\" sizes=\"auto, (max-width: 205px) 100vw, 205px\" \/> <img loading=\"lazy\" decoding=\"async\" class=\"alignnone size-medium wp-image-648\" src=\"https:\/\/aodaingoclan.vn\/wp-content\/uploads\/2024\/11\/z6046300712641_9084507a0677984881f8a0e2f8a52636-186x300.jpg\" alt=\"\" width=\"186\" height=\"300\" srcset=\"https:\/\/store2.k-tech-services.com\/eco_aodaingoclan\/wp-content\/uploads\/2024\/11\/z6046300712641_9084507a0677984881f8a0e2f8a52636-186x300.jpg 186w, https:\/\/store2.k-tech-services.com\/eco_aodaingoclan\/wp-content\/uploads\/2024\/11\/z6046300712641_9084507a0677984881f8a0e2f8a52636-634x1024.jpg 634w, https:\/\/store2.k-tech-services.com\/eco_aodaingoclan\/wp-content\/uploads\/2024\/11\/z6046300712641_9084507a0677984881f8a0e2f8a52636-768x1241.jpg 768w, https:\/\/store2.k-tech-services.com\/eco_aodaingoclan\/wp-content\/uploads\/2024\/11\/z6046300712641_9084507a0677984881f8a0e2f8a52636-300x485.jpg 300w, https:\/\/store2.k-tech-services.com\/eco_aodaingoclan\/wp-content\/uploads\/2024\/11\/z6046300712641_9084507a0677984881f8a0e2f8a52636-520x840.jpg 520w, https:\/\/store2.k-tech-services.com\/eco_aodaingoclan\/wp-content\/uploads\/2024\/11\/z6046300712641_9084507a0677984881f8a0e2f8a52636.jpg 792w\" sizes=\"auto, (max-width: 186px) 100vw, 186px\" \/> <img loading=\"lazy\" decoding=\"async\" class=\"alignnone size-medium wp-image-647\" src=\"https:\/\/aodaingoclan.vn\/wp-content\/uploads\/2024\/11\/z6046300712392_8644a659c6396d4553f9db0670bcaebc-199x300.jpg\" alt=\"\" width=\"199\" height=\"300\" srcset=\"https:\/\/store2.k-tech-services.com\/eco_aodaingoclan\/wp-content\/uploads\/2024\/11\/z6046300712392_8644a659c6396d4553f9db0670bcaebc-199x300.jpg 199w, https:\/\/store2.k-tech-services.com\/eco_aodaingoclan\/wp-content\/uploads\/2024\/11\/z6046300712392_8644a659c6396d4553f9db0670bcaebc-678x1024.jpg 678w, https:\/\/store2.k-tech-services.com\/eco_aodaingoclan\/wp-content\/uploads\/2024\/11\/z6046300712392_8644a659c6396d4553f9db0670bcaebc-768x1160.jpg 768w, https:\/\/store2.k-tech-services.com\/eco_aodaingoclan\/wp-content\/uploads\/2024\/11\/z6046300712392_8644a659c6396d4553f9db0670bcaebc-300x453.jpg 300w, https:\/\/store2.k-tech-services.com\/eco_aodaingoclan\/wp-content\/uploads\/2024\/11\/z6046300712392_8644a659c6396d4553f9db0670bcaebc-520x785.jpg 520w, https:\/\/store2.k-tech-services.com\/eco_aodaingoclan\/wp-content\/uploads\/2024\/11\/z6046300712392_8644a659c6396d4553f9db0670bcaebc.jpg 818w\" sizes=\"auto, (max-width: 199px) 100vw, 199px\" \/> <img loading=\"lazy\" decoding=\"async\" class=\"alignnone size-medium wp-image-646\" src=\"https:\/\/aodaingoclan.vn\/wp-content\/uploads\/2024\/11\/z6046300707490_08a5c2fe2b42c59e2c970fd6d60581d0-164x300.jpg\" alt=\"\" width=\"164\" height=\"300\" srcset=\"https:\/\/store2.k-tech-services.com\/eco_aodaingoclan\/wp-content\/uploads\/2024\/11\/z6046300707490_08a5c2fe2b42c59e2c970fd6d60581d0-164x300.jpg 164w, https:\/\/store2.k-tech-services.com\/eco_aodaingoclan\/wp-content\/uploads\/2024\/11\/z6046300707490_08a5c2fe2b42c59e2c970fd6d60581d0-558x1024.jpg 558w, https:\/\/store2.k-tech-services.com\/eco_aodaingoclan\/wp-content\/uploads\/2024\/11\/z6046300707490_08a5c2fe2b42c59e2c970fd6d60581d0-300x550.jpg 300w, https:\/\/store2.k-tech-services.com\/eco_aodaingoclan\/wp-content\/uploads\/2024\/11\/z6046300707490_08a5c2fe2b42c59e2c970fd6d60581d0-520x954.jpg 520w, https:\/\/store2.k-tech-services.com\/eco_aodaingoclan\/wp-content\/uploads\/2024\/11\/z6046300707490_08a5c2fe2b42c59e2c970fd6d60581d0.jpg 698w\" sizes=\"auto, (max-width: 164px) 100vw, 164px\" \/><\/p>\n","protected":false},"excerpt":{"rendered":"<p>\u00c1o D\u00e0i C\u00e1ch T\u00e2n 4 T\u00e0 T\u01a1 \u00d3ng \u0110\u1eb9p Long Lanh<\/p>\n","protected":false},"featured_media":646,"comment_status":"open","ping_status":"closed","template":"","meta":[],"product_cat":[23,33,32],"product_tag":[],"class_list":{"0":"post-645","1":"product","2":"type-product","3":"status-publish","4":"has-post-thumbnail","6":"product_cat-ao-dai-an-tuong","7":"product_cat-ao-dai-cach-tan","8":"product_cat-ao-dai-nu-ngoc-lan","10":"first","11":"instock","12":"sale","13":"shipping-taxable","14":"purchasable","15":"product-type-simple"},"_links":{"self":[{"href":"https:\/\/store2.k-tech-services.com\/eco_aodaingoclan\/wp-json\/wp\/v2\/product\/645","targetHints":{"allow":["GET"]}}],"collection":[{"href":"https:\/\/store2.k-tech-services.com\/eco_aodaingoclan\/wp-json\/wp\/v2\/product"}],"about":[{"href":"https:\/\/store2.k-tech-services.com\/eco_aodaingoclan\/wp-json\/wp\/v2\/types\/product"}],"replies":[{"embeddable":true,"href":"https:\/\/store2.k-tech-services.com\/eco_aodaingoclan\/wp-json\/wp\/v2\/comments?post=645"}],"wp:featuredmedia":[{"embeddable":true,"href":"https:\/\/store2.k-tech-services.com\/eco_aodaingoclan\/wp-json\/wp\/v2\/media\/646"}],"wp:attachment":[{"href":"https:\/\/store2.k-tech-services.com\/eco_aodaingoclan\/wp-json\/wp\/v2\/media?parent=645"}],"wp:term":[{"taxonomy":"product_cat","embeddable":true,"href":"https:\/\/store2.k-tech-services.com\/eco_aodaingoclan\/wp-json\/wp\/v2\/product_cat?post=645"},{"taxonomy":"product_tag","embeddable":true,"href":"https:\/\/store2.k-tech-services.com\/eco_aodaingoclan\/wp-json\/wp\/v2\/product_tag?post=645"}],"curies":[{"name":"wp","href":"https:\/\/api.w.org\/{rel}","templated":true}]}}