
{"id":652,"date":"2024-11-19T08:06:47","date_gmt":"2024-11-19T01:06:47","guid":{"rendered":"https:\/\/aodaingoclan.vn\/?post_type=product&#038;p=652"},"modified":"2024-12-17T23:48:51","modified_gmt":"2024-12-17T16:48:51","slug":"ao-dai-cach-tan-chat-lieu-to-theu-cao-cap-2-lop-tay-bong","status":"publish","type":"product","link":"https:\/\/store2.k-tech-services.com\/eco_aodaingoclan\/san-pham\/ao-dai-cach-tan-chat-lieu-to-theu-cao-cap-2-lop-tay-bong\/","title":{"rendered":"\u00c1o D\u00e0i C\u00e1ch T\u00e2n  Ch\u1ea5t Li\u1ec7u T\u01a1 Th\u00eau Cao C\u1ea5p 2 L\u1edbp Tay B\u1ed3ng"},"content":{"rendered":"<p>\u00c1o D\u00e0i C\u00e1ch T\u00e2n Ch\u1ea5t Li\u1ec7u T\u01a1 Th\u00eau Cao C\u1ea5p 2 L\u1edbp Tay B\u1ed3ng<\/p>\n<p><img loading=\"lazy\" decoding=\"async\" class=\"alignnone size-medium wp-image-656\" src=\"https:\/\/aodaingoclan.vn\/wp-content\/uploads\/2024\/11\/z6046303073664_f735770f4ebfa1c8d0e355cb1914264a-243x300.jpg\" alt=\"\" width=\"243\" height=\"300\" srcset=\"https:\/\/store2.k-tech-services.com\/eco_aodaingoclan\/wp-content\/uploads\/2024\/11\/z6046303073664_f735770f4ebfa1c8d0e355cb1914264a-243x300.jpg 243w, https:\/\/store2.k-tech-services.com\/eco_aodaingoclan\/wp-content\/uploads\/2024\/11\/z6046303073664_f735770f4ebfa1c8d0e355cb1914264a-830x1024.jpg 830w, https:\/\/store2.k-tech-services.com\/eco_aodaingoclan\/wp-content\/uploads\/2024\/11\/z6046303073664_f735770f4ebfa1c8d0e355cb1914264a-768x947.jpg 768w, https:\/\/store2.k-tech-services.com\/eco_aodaingoclan\/wp-content\/uploads\/2024\/11\/z6046303073664_f735770f4ebfa1c8d0e355cb1914264a-300x370.jpg 300w, https:\/\/store2.k-tech-services.com\/eco_aodaingoclan\/wp-content\/uploads\/2024\/11\/z6046303073664_f735770f4ebfa1c8d0e355cb1914264a-520x641.jpg 520w, https:\/\/store2.k-tech-services.com\/eco_aodaingoclan\/wp-content\/uploads\/2024\/11\/z6046303073664_f735770f4ebfa1c8d0e355cb1914264a.jpg 1038w\" sizes=\"auto, (max-width: 243px) 100vw, 243px\" \/> <img loading=\"lazy\" decoding=\"async\" class=\"alignnone size-medium wp-image-655\" src=\"https:\/\/aodaingoclan.vn\/wp-content\/uploads\/2024\/11\/z6046303069579_d2f19c8079e637528f6b44144dadc401-221x300.jpg\" alt=\"\" width=\"221\" height=\"300\" srcset=\"https:\/\/store2.k-tech-services.com\/eco_aodaingoclan\/wp-content\/uploads\/2024\/11\/z6046303069579_d2f19c8079e637528f6b44144dadc401-221x300.jpg 221w, https:\/\/store2.k-tech-services.com\/eco_aodaingoclan\/wp-content\/uploads\/2024\/11\/z6046303069579_d2f19c8079e637528f6b44144dadc401-755x1024.jpg 755w, https:\/\/store2.k-tech-services.com\/eco_aodaingoclan\/wp-content\/uploads\/2024\/11\/z6046303069579_d2f19c8079e637528f6b44144dadc401-768x1041.jpg 768w, https:\/\/store2.k-tech-services.com\/eco_aodaingoclan\/wp-content\/uploads\/2024\/11\/z6046303069579_d2f19c8079e637528f6b44144dadc401-300x407.jpg 300w, https:\/\/store2.k-tech-services.com\/eco_aodaingoclan\/wp-content\/uploads\/2024\/11\/z6046303069579_d2f19c8079e637528f6b44144dadc401-520x705.jpg 520w, https:\/\/store2.k-tech-services.com\/eco_aodaingoclan\/wp-content\/uploads\/2024\/11\/z6046303069579_d2f19c8079e637528f6b44144dadc401.jpg 944w\" sizes=\"auto, (max-width: 221px) 100vw, 221px\" \/> <img loading=\"lazy\" decoding=\"async\" class=\"alignnone size-medium wp-image-654\" src=\"https:\/\/aodaingoclan.vn\/wp-content\/uploads\/2024\/11\/z6046303066860_397ed7fa2b6d9ecd3632b03544fd2986-252x300.jpg\" alt=\"\" width=\"252\" height=\"300\" srcset=\"https:\/\/store2.k-tech-services.com\/eco_aodaingoclan\/wp-content\/uploads\/2024\/11\/z6046303066860_397ed7fa2b6d9ecd3632b03544fd2986-252x300.jpg 252w, https:\/\/store2.k-tech-services.com\/eco_aodaingoclan\/wp-content\/uploads\/2024\/11\/z6046303066860_397ed7fa2b6d9ecd3632b03544fd2986-859x1024.jpg 859w, https:\/\/store2.k-tech-services.com\/eco_aodaingoclan\/wp-content\/uploads\/2024\/11\/z6046303066860_397ed7fa2b6d9ecd3632b03544fd2986-768x915.jpg 768w, https:\/\/store2.k-tech-services.com\/eco_aodaingoclan\/wp-content\/uploads\/2024\/11\/z6046303066860_397ed7fa2b6d9ecd3632b03544fd2986-300x358.jpg 300w, https:\/\/store2.k-tech-services.com\/eco_aodaingoclan\/wp-content\/uploads\/2024\/11\/z6046303066860_397ed7fa2b6d9ecd3632b03544fd2986-520x620.jpg 520w, https:\/\/store2.k-tech-services.com\/eco_aodaingoclan\/wp-content\/uploads\/2024\/11\/z6046303066860_397ed7fa2b6d9ecd3632b03544fd2986.jpg 1074w\" sizes=\"auto, (max-width: 252px) 100vw, 252px\" \/> <img loading=\"lazy\" decoding=\"async\" class=\"alignnone size-medium wp-image-653\" src=\"https:\/\/aodaingoclan.vn\/wp-content\/uploads\/2024\/11\/z6046303066778_a4be4d3647ce6eb6fb6619ca80bc9050-219x300.jpg\" alt=\"\" width=\"219\" height=\"300\" srcset=\"https:\/\/store2.k-tech-services.com\/eco_aodaingoclan\/wp-content\/uploads\/2024\/11\/z6046303066778_a4be4d3647ce6eb6fb6619ca80bc9050-219x300.jpg 219w, https:\/\/store2.k-tech-services.com\/eco_aodaingoclan\/wp-content\/uploads\/2024\/11\/z6046303066778_a4be4d3647ce6eb6fb6619ca80bc9050-749x1024.jpg 749w, https:\/\/store2.k-tech-services.com\/eco_aodaingoclan\/wp-content\/uploads\/2024\/11\/z6046303066778_a4be4d3647ce6eb6fb6619ca80bc9050-768x1050.jpg 768w, https:\/\/store2.k-tech-services.com\/eco_aodaingoclan\/wp-content\/uploads\/2024\/11\/z6046303066778_a4be4d3647ce6eb6fb6619ca80bc9050-300x410.jpg 300w, https:\/\/store2.k-tech-services.com\/eco_aodaingoclan\/wp-content\/uploads\/2024\/11\/z6046303066778_a4be4d3647ce6eb6fb6619ca80bc9050-520x711.jpg 520w, https:\/\/store2.k-tech-services.com\/eco_aodaingoclan\/wp-content\/uploads\/2024\/11\/z6046303066778_a4be4d3647ce6eb6fb6619ca80bc9050.jpg 936w\" sizes=\"auto, (max-width: 219px) 100vw, 219px\" \/><\/p>\n","protected":false},"excerpt":{"rendered":"<p>\u00c1o D\u00e0i C\u00e1ch T\u00e2n Ch\u1ea5t Li\u1ec7u T\u01a1 Th\u00eau Cao C\u1ea5p 2 L\u1edbp Tay B\u1ed3ng<\/p>\n","protected":false},"featured_media":655,"comment_status":"open","ping_status":"closed","template":"","meta":[],"product_cat":[23,33,32],"product_tag":[40,39,38,53,54,55],"class_list":{"0":"post-652","1":"product","2":"type-product","3":"status-publish","4":"has-post-thumbnail","6":"product_cat-ao-dai-an-tuong","7":"product_cat-ao-dai-cach-tan","8":"product_cat-ao-dai-nu-ngoc-lan","9":"product_tag-l","10":"product_tag-m","11":"product_tag-s","12":"product_tag-xl","13":"product_tag-xxl","14":"product_tag-xxxl","16":"first","17":"instock","18":"sale","19":"shipping-taxable","20":"purchasable","21":"product-type-simple"},"_links":{"self":[{"href":"https:\/\/store2.k-tech-services.com\/eco_aodaingoclan\/wp-json\/wp\/v2\/product\/652","targetHints":{"allow":["GET"]}}],"collection":[{"href":"https:\/\/store2.k-tech-services.com\/eco_aodaingoclan\/wp-json\/wp\/v2\/product"}],"about":[{"href":"https:\/\/store2.k-tech-services.com\/eco_aodaingoclan\/wp-json\/wp\/v2\/types\/product"}],"replies":[{"embeddable":true,"href":"https:\/\/store2.k-tech-services.com\/eco_aodaingoclan\/wp-json\/wp\/v2\/comments?post=652"}],"wp:featuredmedia":[{"embeddable":true,"href":"https:\/\/store2.k-tech-services.com\/eco_aodaingoclan\/wp-json\/wp\/v2\/media\/655"}],"wp:attachment":[{"href":"https:\/\/store2.k-tech-services.com\/eco_aodaingoclan\/wp-json\/wp\/v2\/media?parent=652"}],"wp:term":[{"taxonomy":"product_cat","embeddable":true,"href":"https:\/\/store2.k-tech-services.com\/eco_aodaingoclan\/wp-json\/wp\/v2\/product_cat?post=652"},{"taxonomy":"product_tag","embeddable":true,"href":"https:\/\/store2.k-tech-services.com\/eco_aodaingoclan\/wp-json\/wp\/v2\/product_tag?post=652"}],"curies":[{"name":"wp","href":"https:\/\/api.w.org\/{rel}","templated":true}]}}