
{"id":661,"date":"2024-11-19T08:17:30","date_gmt":"2024-11-19T01:17:30","guid":{"rendered":"https:\/\/aodaingoclan.vn\/?post_type=product&#038;p=661"},"modified":"2024-12-18T16:26:43","modified_gmt":"2024-12-18T09:26:43","slug":"ao-dai-cach-tan-tim-pastel-cao-cap-sang-trong-ton-dang","status":"publish","type":"product","link":"https:\/\/store2.k-tech-services.com\/eco_aodaingoclan\/san-pham\/ao-dai-cach-tan-tim-pastel-cao-cap-sang-trong-ton-dang\/","title":{"rendered":"\u00c1o D\u00e0i C\u00e1ch T\u00e2n T\u00edm pastel Cao C\u1ea5p , Sang Tr\u1ecdng , T\u00f4n D\u00e1ng"},"content":{"rendered":"<p>\u00c1o D\u00e0i C\u00e1ch T\u00e2n T\u00edm pastel Cao C\u1ea5p , Sang Tr\u1ecdng , T\u00f4n D\u00e1ng<\/p>\n<p><img loading=\"lazy\" decoding=\"async\" class=\"alignnone size-medium wp-image-664\" src=\"https:\/\/aodaingoclan.vn\/wp-content\/uploads\/2024\/11\/z6046305802890_40c929e3afe0fa93c8b1169010dcfce5-223x300.jpg\" alt=\"\" width=\"223\" height=\"300\" srcset=\"https:\/\/store2.k-tech-services.com\/eco_aodaingoclan\/wp-content\/uploads\/2024\/11\/z6046305802890_40c929e3afe0fa93c8b1169010dcfce5-223x300.jpg 223w, https:\/\/store2.k-tech-services.com\/eco_aodaingoclan\/wp-content\/uploads\/2024\/11\/z6046305802890_40c929e3afe0fa93c8b1169010dcfce5-762x1024.jpg 762w, https:\/\/store2.k-tech-services.com\/eco_aodaingoclan\/wp-content\/uploads\/2024\/11\/z6046305802890_40c929e3afe0fa93c8b1169010dcfce5-768x1033.jpg 768w, https:\/\/store2.k-tech-services.com\/eco_aodaingoclan\/wp-content\/uploads\/2024\/11\/z6046305802890_40c929e3afe0fa93c8b1169010dcfce5-300x403.jpg 300w, https:\/\/store2.k-tech-services.com\/eco_aodaingoclan\/wp-content\/uploads\/2024\/11\/z6046305802890_40c929e3afe0fa93c8b1169010dcfce5-520x699.jpg 520w, https:\/\/store2.k-tech-services.com\/eco_aodaingoclan\/wp-content\/uploads\/2024\/11\/z6046305802890_40c929e3afe0fa93c8b1169010dcfce5.jpg 952w\" sizes=\"auto, (max-width: 223px) 100vw, 223px\" \/> <img loading=\"lazy\" decoding=\"async\" class=\"alignnone size-medium wp-image-663\" src=\"https:\/\/aodaingoclan.vn\/wp-content\/uploads\/2024\/11\/z6046305797601_18173fcd42dea57d9739e163bb7675fd-226x300.jpg\" alt=\"\" width=\"226\" height=\"300\" srcset=\"https:\/\/store2.k-tech-services.com\/eco_aodaingoclan\/wp-content\/uploads\/2024\/11\/z6046305797601_18173fcd42dea57d9739e163bb7675fd-226x300.jpg 226w, https:\/\/store2.k-tech-services.com\/eco_aodaingoclan\/wp-content\/uploads\/2024\/11\/z6046305797601_18173fcd42dea57d9739e163bb7675fd-773x1024.jpg 773w, https:\/\/store2.k-tech-services.com\/eco_aodaingoclan\/wp-content\/uploads\/2024\/11\/z6046305797601_18173fcd42dea57d9739e163bb7675fd-768x1018.jpg 768w, https:\/\/store2.k-tech-services.com\/eco_aodaingoclan\/wp-content\/uploads\/2024\/11\/z6046305797601_18173fcd42dea57d9739e163bb7675fd-300x398.jpg 300w, https:\/\/store2.k-tech-services.com\/eco_aodaingoclan\/wp-content\/uploads\/2024\/11\/z6046305797601_18173fcd42dea57d9739e163bb7675fd-520x689.jpg 520w, https:\/\/store2.k-tech-services.com\/eco_aodaingoclan\/wp-content\/uploads\/2024\/11\/z6046305797601_18173fcd42dea57d9739e163bb7675fd.jpg 966w\" sizes=\"auto, (max-width: 226px) 100vw, 226px\" \/> <img loading=\"lazy\" decoding=\"async\" class=\"alignnone size-medium wp-image-662\" src=\"https:\/\/aodaingoclan.vn\/wp-content\/uploads\/2024\/11\/z6046305797167_5d921598b5eea37804ef9b6fd8c54b69-224x300.jpg\" alt=\"\" width=\"224\" height=\"300\" srcset=\"https:\/\/store2.k-tech-services.com\/eco_aodaingoclan\/wp-content\/uploads\/2024\/11\/z6046305797167_5d921598b5eea37804ef9b6fd8c54b69-224x300.jpg 224w, https:\/\/store2.k-tech-services.com\/eco_aodaingoclan\/wp-content\/uploads\/2024\/11\/z6046305797167_5d921598b5eea37804ef9b6fd8c54b69-765x1024.jpg 765w, https:\/\/store2.k-tech-services.com\/eco_aodaingoclan\/wp-content\/uploads\/2024\/11\/z6046305797167_5d921598b5eea37804ef9b6fd8c54b69-768x1028.jpg 768w, https:\/\/store2.k-tech-services.com\/eco_aodaingoclan\/wp-content\/uploads\/2024\/11\/z6046305797167_5d921598b5eea37804ef9b6fd8c54b69-300x402.jpg 300w, https:\/\/store2.k-tech-services.com\/eco_aodaingoclan\/wp-content\/uploads\/2024\/11\/z6046305797167_5d921598b5eea37804ef9b6fd8c54b69-520x696.jpg 520w, https:\/\/store2.k-tech-services.com\/eco_aodaingoclan\/wp-content\/uploads\/2024\/11\/z6046305797167_5d921598b5eea37804ef9b6fd8c54b69.jpg 956w\" sizes=\"auto, (max-width: 224px) 100vw, 224px\" \/><\/p>\n","protected":false},"excerpt":{"rendered":"<p>\u00c1o D\u00e0i C\u00e1ch T\u00e2n T\u00edm pastel Cao C\u1ea5p , Sang Tr\u1ecdng , T\u00f4n D\u00e1ng<\/p>\n","protected":false},"featured_media":664,"comment_status":"open","ping_status":"closed","template":"","meta":[],"product_cat":[23,33,32],"product_tag":[],"class_list":{"0":"post-661","1":"product","2":"type-product","3":"status-publish","4":"has-post-thumbnail","6":"product_cat-ao-dai-an-tuong","7":"product_cat-ao-dai-cach-tan","8":"product_cat-ao-dai-nu-ngoc-lan","10":"first","11":"instock","12":"sale","13":"shipping-taxable","14":"purchasable","15":"product-type-simple"},"_links":{"self":[{"href":"https:\/\/store2.k-tech-services.com\/eco_aodaingoclan\/wp-json\/wp\/v2\/product\/661","targetHints":{"allow":["GET"]}}],"collection":[{"href":"https:\/\/store2.k-tech-services.com\/eco_aodaingoclan\/wp-json\/wp\/v2\/product"}],"about":[{"href":"https:\/\/store2.k-tech-services.com\/eco_aodaingoclan\/wp-json\/wp\/v2\/types\/product"}],"replies":[{"embeddable":true,"href":"https:\/\/store2.k-tech-services.com\/eco_aodaingoclan\/wp-json\/wp\/v2\/comments?post=661"}],"wp:featuredmedia":[{"embeddable":true,"href":"https:\/\/store2.k-tech-services.com\/eco_aodaingoclan\/wp-json\/wp\/v2\/media\/664"}],"wp:attachment":[{"href":"https:\/\/store2.k-tech-services.com\/eco_aodaingoclan\/wp-json\/wp\/v2\/media?parent=661"}],"wp:term":[{"taxonomy":"product_cat","embeddable":true,"href":"https:\/\/store2.k-tech-services.com\/eco_aodaingoclan\/wp-json\/wp\/v2\/product_cat?post=661"},{"taxonomy":"product_tag","embeddable":true,"href":"https:\/\/store2.k-tech-services.com\/eco_aodaingoclan\/wp-json\/wp\/v2\/product_tag?post=661"}],"curies":[{"name":"wp","href":"https:\/\/api.w.org\/{rel}","templated":true}]}}