
{"id":669,"date":"2024-11-19T08:27:02","date_gmt":"2024-11-19T01:27:02","guid":{"rendered":"https:\/\/aodaingoclan.vn\/?post_type=product&#038;p=669"},"modified":"2024-12-18T16:25:21","modified_gmt":"2024-12-18T09:25:21","slug":"ao-dai-tieu-thu-trang-tinh-khoi-toat-len-ve-dep-sang-trong-va-quy-phai","status":"publish","type":"product","link":"https:\/\/store2.k-tech-services.com\/eco_aodaingoclan\/san-pham\/ao-dai-tieu-thu-trang-tinh-khoi-toat-len-ve-dep-sang-trong-va-quy-phai\/","title":{"rendered":"\u00c1o D\u00e0i Ti\u1ec3u Th\u01b0 Tr\u1eafng Tinh Kh\u00f4i To\u00e1t L\u00ean V\u1ebb \u0110\u1eb9p Sang Tr\u1ecdng V\u00e0 Qu\u00fd Ph\u00e1i"},"content":{"rendered":"<p>\u00c1o D\u00e0i Ti\u1ec3u Th\u01b0 Tr\u1eafng Tinh Kh\u00f4i To\u00e1t L\u00ean V\u1ebb \u0110\u1eb9p Sang Tr\u1ecdng V\u00e0 Qu\u00fd Ph\u00e1i<\/p>\n<p><img loading=\"lazy\" decoding=\"async\" class=\"alignnone size-medium wp-image-675\" src=\"https:\/\/aodaingoclan.vn\/wp-content\/uploads\/2024\/11\/z6046308121252_10d46bc3bafc3ab872517a036073bab8-205x300.jpg\" alt=\"\" width=\"205\" height=\"300\" srcset=\"https:\/\/store2.k-tech-services.com\/eco_aodaingoclan\/wp-content\/uploads\/2024\/11\/z6046308121252_10d46bc3bafc3ab872517a036073bab8-205x300.jpg 205w, https:\/\/store2.k-tech-services.com\/eco_aodaingoclan\/wp-content\/uploads\/2024\/11\/z6046308121252_10d46bc3bafc3ab872517a036073bab8-699x1024.jpg 699w, https:\/\/store2.k-tech-services.com\/eco_aodaingoclan\/wp-content\/uploads\/2024\/11\/z6046308121252_10d46bc3bafc3ab872517a036073bab8-768x1125.jpg 768w, https:\/\/store2.k-tech-services.com\/eco_aodaingoclan\/wp-content\/uploads\/2024\/11\/z6046308121252_10d46bc3bafc3ab872517a036073bab8-300x439.jpg 300w, https:\/\/store2.k-tech-services.com\/eco_aodaingoclan\/wp-content\/uploads\/2024\/11\/z6046308121252_10d46bc3bafc3ab872517a036073bab8-520x762.jpg 520w, https:\/\/store2.k-tech-services.com\/eco_aodaingoclan\/wp-content\/uploads\/2024\/11\/z6046308121252_10d46bc3bafc3ab872517a036073bab8.jpg 874w\" sizes=\"auto, (max-width: 205px) 100vw, 205px\" \/> <img loading=\"lazy\" decoding=\"async\" class=\"alignnone size-medium wp-image-674\" src=\"https:\/\/aodaingoclan.vn\/wp-content\/uploads\/2024\/11\/z6046308120702_f8c958c656b707f5e1745502a9744efe-200x300.jpg\" alt=\"\" width=\"200\" height=\"300\" srcset=\"https:\/\/store2.k-tech-services.com\/eco_aodaingoclan\/wp-content\/uploads\/2024\/11\/z6046308120702_f8c958c656b707f5e1745502a9744efe-200x300.jpg 200w, https:\/\/store2.k-tech-services.com\/eco_aodaingoclan\/wp-content\/uploads\/2024\/11\/z6046308120702_f8c958c656b707f5e1745502a9744efe-683x1024.jpg 683w, https:\/\/store2.k-tech-services.com\/eco_aodaingoclan\/wp-content\/uploads\/2024\/11\/z6046308120702_f8c958c656b707f5e1745502a9744efe-768x1151.jpg 768w, https:\/\/store2.k-tech-services.com\/eco_aodaingoclan\/wp-content\/uploads\/2024\/11\/z6046308120702_f8c958c656b707f5e1745502a9744efe-300x450.jpg 300w, https:\/\/store2.k-tech-services.com\/eco_aodaingoclan\/wp-content\/uploads\/2024\/11\/z6046308120702_f8c958c656b707f5e1745502a9744efe-520x779.jpg 520w, https:\/\/store2.k-tech-services.com\/eco_aodaingoclan\/wp-content\/uploads\/2024\/11\/z6046308120702_f8c958c656b707f5e1745502a9744efe.jpg 854w\" sizes=\"auto, (max-width: 200px) 100vw, 200px\" \/> <img loading=\"lazy\" decoding=\"async\" class=\"alignnone size-medium wp-image-673\" src=\"https:\/\/aodaingoclan.vn\/wp-content\/uploads\/2024\/11\/z6046308120256_418017e5b8fb3f41a57f5e9e5e7cfde3-200x300.jpg\" alt=\"\" width=\"200\" height=\"300\" srcset=\"https:\/\/store2.k-tech-services.com\/eco_aodaingoclan\/wp-content\/uploads\/2024\/11\/z6046308120256_418017e5b8fb3f41a57f5e9e5e7cfde3-200x300.jpg 200w, https:\/\/store2.k-tech-services.com\/eco_aodaingoclan\/wp-content\/uploads\/2024\/11\/z6046308120256_418017e5b8fb3f41a57f5e9e5e7cfde3-683x1024.jpg 683w, https:\/\/store2.k-tech-services.com\/eco_aodaingoclan\/wp-content\/uploads\/2024\/11\/z6046308120256_418017e5b8fb3f41a57f5e9e5e7cfde3-768x1151.jpg 768w, https:\/\/store2.k-tech-services.com\/eco_aodaingoclan\/wp-content\/uploads\/2024\/11\/z6046308120256_418017e5b8fb3f41a57f5e9e5e7cfde3-300x450.jpg 300w, https:\/\/store2.k-tech-services.com\/eco_aodaingoclan\/wp-content\/uploads\/2024\/11\/z6046308120256_418017e5b8fb3f41a57f5e9e5e7cfde3-520x779.jpg 520w, https:\/\/store2.k-tech-services.com\/eco_aodaingoclan\/wp-content\/uploads\/2024\/11\/z6046308120256_418017e5b8fb3f41a57f5e9e5e7cfde3.jpg 854w\" sizes=\"auto, (max-width: 200px) 100vw, 200px\" \/> <img loading=\"lazy\" decoding=\"async\" class=\"alignnone size-medium wp-image-672\" src=\"https:\/\/aodaingoclan.vn\/wp-content\/uploads\/2024\/11\/z6046308118282_06bf1d5c30d3bbbdc103fc8471003539-210x300.jpg\" alt=\"\" width=\"210\" height=\"300\" srcset=\"https:\/\/store2.k-tech-services.com\/eco_aodaingoclan\/wp-content\/uploads\/2024\/11\/z6046308118282_06bf1d5c30d3bbbdc103fc8471003539-210x300.jpg 210w, https:\/\/store2.k-tech-services.com\/eco_aodaingoclan\/wp-content\/uploads\/2024\/11\/z6046308118282_06bf1d5c30d3bbbdc103fc8471003539-718x1024.jpg 718w, https:\/\/store2.k-tech-services.com\/eco_aodaingoclan\/wp-content\/uploads\/2024\/11\/z6046308118282_06bf1d5c30d3bbbdc103fc8471003539-768x1095.jpg 768w, https:\/\/store2.k-tech-services.com\/eco_aodaingoclan\/wp-content\/uploads\/2024\/11\/z6046308118282_06bf1d5c30d3bbbdc103fc8471003539-300x428.jpg 300w, https:\/\/store2.k-tech-services.com\/eco_aodaingoclan\/wp-content\/uploads\/2024\/11\/z6046308118282_06bf1d5c30d3bbbdc103fc8471003539-520x741.jpg 520w, https:\/\/store2.k-tech-services.com\/eco_aodaingoclan\/wp-content\/uploads\/2024\/11\/z6046308118282_06bf1d5c30d3bbbdc103fc8471003539.jpg 898w\" sizes=\"auto, (max-width: 210px) 100vw, 210px\" \/> <img loading=\"lazy\" decoding=\"async\" class=\"alignnone size-medium wp-image-671\" src=\"https:\/\/aodaingoclan.vn\/wp-content\/uploads\/2024\/11\/z6046308116378_77477dd2babd5361fd20310f9d13cac6-200x300.jpg\" alt=\"\" width=\"200\" height=\"300\" srcset=\"https:\/\/store2.k-tech-services.com\/eco_aodaingoclan\/wp-content\/uploads\/2024\/11\/z6046308116378_77477dd2babd5361fd20310f9d13cac6-200x300.jpg 200w, https:\/\/store2.k-tech-services.com\/eco_aodaingoclan\/wp-content\/uploads\/2024\/11\/z6046308116378_77477dd2babd5361fd20310f9d13cac6-683x1024.jpg 683w, https:\/\/store2.k-tech-services.com\/eco_aodaingoclan\/wp-content\/uploads\/2024\/11\/z6046308116378_77477dd2babd5361fd20310f9d13cac6-768x1151.jpg 768w, https:\/\/store2.k-tech-services.com\/eco_aodaingoclan\/wp-content\/uploads\/2024\/11\/z6046308116378_77477dd2babd5361fd20310f9d13cac6-300x450.jpg 300w, https:\/\/store2.k-tech-services.com\/eco_aodaingoclan\/wp-content\/uploads\/2024\/11\/z6046308116378_77477dd2babd5361fd20310f9d13cac6-520x779.jpg 520w, https:\/\/store2.k-tech-services.com\/eco_aodaingoclan\/wp-content\/uploads\/2024\/11\/z6046308116378_77477dd2babd5361fd20310f9d13cac6.jpg 854w\" sizes=\"auto, (max-width: 200px) 100vw, 200px\" \/> <img loading=\"lazy\" decoding=\"async\" class=\"alignnone size-medium wp-image-670\" src=\"https:\/\/aodaingoclan.vn\/wp-content\/uploads\/2024\/11\/z6046308112329_d05f0ac8d609b4f076133b5a36697edb-300x200.jpg\" alt=\"\" width=\"300\" height=\"200\" srcset=\"https:\/\/store2.k-tech-services.com\/eco_aodaingoclan\/wp-content\/uploads\/2024\/11\/z6046308112329_d05f0ac8d609b4f076133b5a36697edb-300x200.jpg 300w, https:\/\/store2.k-tech-services.com\/eco_aodaingoclan\/wp-content\/uploads\/2024\/11\/z6046308112329_d05f0ac8d609b4f076133b5a36697edb-1024x683.jpg 1024w, https:\/\/store2.k-tech-services.com\/eco_aodaingoclan\/wp-content\/uploads\/2024\/11\/z6046308112329_d05f0ac8d609b4f076133b5a36697edb-768x512.jpg 768w, https:\/\/store2.k-tech-services.com\/eco_aodaingoclan\/wp-content\/uploads\/2024\/11\/z6046308112329_d05f0ac8d609b4f076133b5a36697edb-520x347.jpg 520w, https:\/\/store2.k-tech-services.com\/eco_aodaingoclan\/wp-content\/uploads\/2024\/11\/z6046308112329_d05f0ac8d609b4f076133b5a36697edb.jpg 1280w\" sizes=\"auto, (max-width: 300px) 100vw, 300px\" \/><\/p>\n","protected":false},"excerpt":{"rendered":"<p>\u00c1o D\u00e0i Ti\u1ec3u Th\u01b0 Tr\u1eafng Tinh Kh\u00f4i To\u00e1t L\u00ean V\u1ebb \u0110\u1eb9p Sang Tr\u1ecdng V\u00e0 Qu\u00fd Ph\u00e1i<\/p>\n","protected":false},"featured_media":674,"comment_status":"open","ping_status":"closed","template":"","meta":[],"product_cat":[23,32],"product_tag":[],"class_list":{"0":"post-669","1":"product","2":"type-product","3":"status-publish","4":"has-post-thumbnail","6":"product_cat-ao-dai-an-tuong","7":"product_cat-ao-dai-nu-ngoc-lan","9":"first","10":"instock","11":"sale","12":"shipping-taxable","13":"purchasable","14":"product-type-simple"},"_links":{"self":[{"href":"https:\/\/store2.k-tech-services.com\/eco_aodaingoclan\/wp-json\/wp\/v2\/product\/669","targetHints":{"allow":["GET"]}}],"collection":[{"href":"https:\/\/store2.k-tech-services.com\/eco_aodaingoclan\/wp-json\/wp\/v2\/product"}],"about":[{"href":"https:\/\/store2.k-tech-services.com\/eco_aodaingoclan\/wp-json\/wp\/v2\/types\/product"}],"replies":[{"embeddable":true,"href":"https:\/\/store2.k-tech-services.com\/eco_aodaingoclan\/wp-json\/wp\/v2\/comments?post=669"}],"wp:featuredmedia":[{"embeddable":true,"href":"https:\/\/store2.k-tech-services.com\/eco_aodaingoclan\/wp-json\/wp\/v2\/media\/674"}],"wp:attachment":[{"href":"https:\/\/store2.k-tech-services.com\/eco_aodaingoclan\/wp-json\/wp\/v2\/media?parent=669"}],"wp:term":[{"taxonomy":"product_cat","embeddable":true,"href":"https:\/\/store2.k-tech-services.com\/eco_aodaingoclan\/wp-json\/wp\/v2\/product_cat?post=669"},{"taxonomy":"product_tag","embeddable":true,"href":"https:\/\/store2.k-tech-services.com\/eco_aodaingoclan\/wp-json\/wp\/v2\/product_tag?post=669"}],"curies":[{"name":"wp","href":"https:\/\/api.w.org\/{rel}","templated":true}]}}