
{"id":676,"date":"2024-11-19T08:30:11","date_gmt":"2024-11-19T01:30:11","guid":{"rendered":"https:\/\/aodaingoclan.vn\/?post_type=product&#038;p=676"},"modified":"2024-12-18T16:24:43","modified_gmt":"2024-12-18T09:24:43","slug":"ao-dai-cach-tan-nu-to-theu-hoa-cao-cap","status":"publish","type":"product","link":"https:\/\/store2.k-tech-services.com\/eco_aodaingoclan\/san-pham\/ao-dai-cach-tan-nu-to-theu-hoa-cao-cap\/","title":{"rendered":"\u00c1o D\u00e0i C\u00e1ch T\u00e2n N\u1eef T\u01a1 Th\u00eau Hoa Cao C\u1ea5p"},"content":{"rendered":"<p>\u00c1o D\u00e0i C\u00e1ch T\u00e2n N\u1eef T\u01a1 Th\u00eau Hoa Cao C\u1ea5p<\/p>\n<p><img loading=\"lazy\" decoding=\"async\" class=\"alignnone size-medium wp-image-680\" src=\"https:\/\/aodaingoclan.vn\/wp-content\/uploads\/2024\/11\/z6046309154566_50ab953c28d473d4b4fd230cb141d169-200x300.jpg\" alt=\"\" width=\"200\" height=\"300\" srcset=\"https:\/\/store2.k-tech-services.com\/eco_aodaingoclan\/wp-content\/uploads\/2024\/11\/z6046309154566_50ab953c28d473d4b4fd230cb141d169-200x300.jpg 200w, https:\/\/store2.k-tech-services.com\/eco_aodaingoclan\/wp-content\/uploads\/2024\/11\/z6046309154566_50ab953c28d473d4b4fd230cb141d169-683x1024.jpg 683w, https:\/\/store2.k-tech-services.com\/eco_aodaingoclan\/wp-content\/uploads\/2024\/11\/z6046309154566_50ab953c28d473d4b4fd230cb141d169-768x1151.jpg 768w, https:\/\/store2.k-tech-services.com\/eco_aodaingoclan\/wp-content\/uploads\/2024\/11\/z6046309154566_50ab953c28d473d4b4fd230cb141d169-300x450.jpg 300w, https:\/\/store2.k-tech-services.com\/eco_aodaingoclan\/wp-content\/uploads\/2024\/11\/z6046309154566_50ab953c28d473d4b4fd230cb141d169-520x779.jpg 520w, https:\/\/store2.k-tech-services.com\/eco_aodaingoclan\/wp-content\/uploads\/2024\/11\/z6046309154566_50ab953c28d473d4b4fd230cb141d169.jpg 854w\" sizes=\"auto, (max-width: 200px) 100vw, 200px\" \/> <img loading=\"lazy\" decoding=\"async\" class=\"alignnone size-medium wp-image-679\" src=\"https:\/\/aodaingoclan.vn\/wp-content\/uploads\/2024\/11\/z6046309150794_3f7b9ff9414c5a6e88d0759ee08ac4c1-200x300.jpg\" alt=\"\" width=\"200\" height=\"300\" srcset=\"https:\/\/store2.k-tech-services.com\/eco_aodaingoclan\/wp-content\/uploads\/2024\/11\/z6046309150794_3f7b9ff9414c5a6e88d0759ee08ac4c1-200x300.jpg 200w, https:\/\/store2.k-tech-services.com\/eco_aodaingoclan\/wp-content\/uploads\/2024\/11\/z6046309150794_3f7b9ff9414c5a6e88d0759ee08ac4c1-683x1024.jpg 683w, https:\/\/store2.k-tech-services.com\/eco_aodaingoclan\/wp-content\/uploads\/2024\/11\/z6046309150794_3f7b9ff9414c5a6e88d0759ee08ac4c1-768x1151.jpg 768w, https:\/\/store2.k-tech-services.com\/eco_aodaingoclan\/wp-content\/uploads\/2024\/11\/z6046309150794_3f7b9ff9414c5a6e88d0759ee08ac4c1-300x450.jpg 300w, https:\/\/store2.k-tech-services.com\/eco_aodaingoclan\/wp-content\/uploads\/2024\/11\/z6046309150794_3f7b9ff9414c5a6e88d0759ee08ac4c1-520x779.jpg 520w, https:\/\/store2.k-tech-services.com\/eco_aodaingoclan\/wp-content\/uploads\/2024\/11\/z6046309150794_3f7b9ff9414c5a6e88d0759ee08ac4c1.jpg 854w\" sizes=\"auto, (max-width: 200px) 100vw, 200px\" \/> <img loading=\"lazy\" decoding=\"async\" class=\"alignnone size-medium wp-image-678\" src=\"https:\/\/aodaingoclan.vn\/wp-content\/uploads\/2024\/11\/z6046309149603_6f4c98cef513c4ef6626920d65d2151d-200x300.jpg\" alt=\"\" width=\"200\" height=\"300\" srcset=\"https:\/\/store2.k-tech-services.com\/eco_aodaingoclan\/wp-content\/uploads\/2024\/11\/z6046309149603_6f4c98cef513c4ef6626920d65d2151d-200x300.jpg 200w, https:\/\/store2.k-tech-services.com\/eco_aodaingoclan\/wp-content\/uploads\/2024\/11\/z6046309149603_6f4c98cef513c4ef6626920d65d2151d-683x1024.jpg 683w, https:\/\/store2.k-tech-services.com\/eco_aodaingoclan\/wp-content\/uploads\/2024\/11\/z6046309149603_6f4c98cef513c4ef6626920d65d2151d-768x1151.jpg 768w, https:\/\/store2.k-tech-services.com\/eco_aodaingoclan\/wp-content\/uploads\/2024\/11\/z6046309149603_6f4c98cef513c4ef6626920d65d2151d-300x450.jpg 300w, https:\/\/store2.k-tech-services.com\/eco_aodaingoclan\/wp-content\/uploads\/2024\/11\/z6046309149603_6f4c98cef513c4ef6626920d65d2151d-520x779.jpg 520w, https:\/\/store2.k-tech-services.com\/eco_aodaingoclan\/wp-content\/uploads\/2024\/11\/z6046309149603_6f4c98cef513c4ef6626920d65d2151d.jpg 854w\" sizes=\"auto, (max-width: 200px) 100vw, 200px\" \/> <img loading=\"lazy\" decoding=\"async\" class=\"alignnone size-medium wp-image-677\" src=\"https:\/\/aodaingoclan.vn\/wp-content\/uploads\/2024\/11\/z6046309145922_eb08f19431bded899a1984a50a69d6b6-200x300.jpg\" alt=\"\" width=\"200\" height=\"300\" srcset=\"https:\/\/store2.k-tech-services.com\/eco_aodaingoclan\/wp-content\/uploads\/2024\/11\/z6046309145922_eb08f19431bded899a1984a50a69d6b6-200x300.jpg 200w, https:\/\/store2.k-tech-services.com\/eco_aodaingoclan\/wp-content\/uploads\/2024\/11\/z6046309145922_eb08f19431bded899a1984a50a69d6b6-683x1024.jpg 683w, https:\/\/store2.k-tech-services.com\/eco_aodaingoclan\/wp-content\/uploads\/2024\/11\/z6046309145922_eb08f19431bded899a1984a50a69d6b6-768x1151.jpg 768w, https:\/\/store2.k-tech-services.com\/eco_aodaingoclan\/wp-content\/uploads\/2024\/11\/z6046309145922_eb08f19431bded899a1984a50a69d6b6-300x450.jpg 300w, https:\/\/store2.k-tech-services.com\/eco_aodaingoclan\/wp-content\/uploads\/2024\/11\/z6046309145922_eb08f19431bded899a1984a50a69d6b6-520x779.jpg 520w, https:\/\/store2.k-tech-services.com\/eco_aodaingoclan\/wp-content\/uploads\/2024\/11\/z6046309145922_eb08f19431bded899a1984a50a69d6b6.jpg 854w\" sizes=\"auto, (max-width: 200px) 100vw, 200px\" \/><\/p>\n","protected":false},"excerpt":{"rendered":"<p>\u00c1o D\u00e0i C\u00e1ch T\u00e2n N\u1eef T\u01a1 Th\u00eau Hoa Cao C\u1ea5p<\/p>\n","protected":false},"featured_media":677,"comment_status":"open","ping_status":"closed","template":"","meta":[],"product_cat":[16,32],"product_tag":[],"class_list":{"0":"post-676","1":"product","2":"type-product","3":"status-publish","4":"has-post-thumbnail","6":"product_cat-ao-dai-ba-sui-cach-tan","7":"product_cat-ao-dai-nu-ngoc-lan","9":"first","10":"instock","11":"sale","12":"shipping-taxable","13":"purchasable","14":"product-type-simple"},"_links":{"self":[{"href":"https:\/\/store2.k-tech-services.com\/eco_aodaingoclan\/wp-json\/wp\/v2\/product\/676","targetHints":{"allow":["GET"]}}],"collection":[{"href":"https:\/\/store2.k-tech-services.com\/eco_aodaingoclan\/wp-json\/wp\/v2\/product"}],"about":[{"href":"https:\/\/store2.k-tech-services.com\/eco_aodaingoclan\/wp-json\/wp\/v2\/types\/product"}],"replies":[{"embeddable":true,"href":"https:\/\/store2.k-tech-services.com\/eco_aodaingoclan\/wp-json\/wp\/v2\/comments?post=676"}],"wp:featuredmedia":[{"embeddable":true,"href":"https:\/\/store2.k-tech-services.com\/eco_aodaingoclan\/wp-json\/wp\/v2\/media\/677"}],"wp:attachment":[{"href":"https:\/\/store2.k-tech-services.com\/eco_aodaingoclan\/wp-json\/wp\/v2\/media?parent=676"}],"wp:term":[{"taxonomy":"product_cat","embeddable":true,"href":"https:\/\/store2.k-tech-services.com\/eco_aodaingoclan\/wp-json\/wp\/v2\/product_cat?post=676"},{"taxonomy":"product_tag","embeddable":true,"href":"https:\/\/store2.k-tech-services.com\/eco_aodaingoclan\/wp-json\/wp\/v2\/product_tag?post=676"}],"curies":[{"name":"wp","href":"https:\/\/api.w.org\/{rel}","templated":true}]}}