
{"id":686,"date":"2024-11-19T08:40:28","date_gmt":"2024-11-19T01:40:28","guid":{"rendered":"https:\/\/aodaingoclan.vn\/?post_type=product&#038;p=686"},"modified":"2024-11-22T13:01:50","modified_gmt":"2024-11-22T06:01:50","slug":"set-ao-dai-cach-tan-be-gai","status":"publish","type":"product","link":"https:\/\/store2.k-tech-services.com\/eco_aodaingoclan\/san-pham\/set-ao-dai-cach-tan-be-gai\/","title":{"rendered":"Set \u00c1o D\u00e0i C\u00e1ch T\u00e2n B\u00e9 G\u00e1i"},"content":{"rendered":"<p>Set \u00c1o D\u00e0i C\u00e1ch T\u00e2n B\u00e9 G\u00e1i<\/p>\n<p><img loading=\"lazy\" decoding=\"async\" class=\"alignnone size-medium wp-image-690\" src=\"https:\/\/aodaingoclan.vn\/wp-content\/uploads\/2024\/11\/z6046318719849_f41b6befd97687368b1647b4206d5baa-170x300.jpg\" alt=\"\" width=\"170\" height=\"300\" srcset=\"https:\/\/store2.k-tech-services.com\/eco_aodaingoclan\/wp-content\/uploads\/2024\/11\/z6046318719849_f41b6befd97687368b1647b4206d5baa-170x300.jpg 170w, https:\/\/store2.k-tech-services.com\/eco_aodaingoclan\/wp-content\/uploads\/2024\/11\/z6046318719849_f41b6befd97687368b1647b4206d5baa-580x1024.jpg 580w, https:\/\/store2.k-tech-services.com\/eco_aodaingoclan\/wp-content\/uploads\/2024\/11\/z6046318719849_f41b6befd97687368b1647b4206d5baa-768x1356.jpg 768w, https:\/\/store2.k-tech-services.com\/eco_aodaingoclan\/wp-content\/uploads\/2024\/11\/z6046318719849_f41b6befd97687368b1647b4206d5baa-870x1536.jpg 870w, https:\/\/store2.k-tech-services.com\/eco_aodaingoclan\/wp-content\/uploads\/2024\/11\/z6046318719849_f41b6befd97687368b1647b4206d5baa-300x530.jpg 300w, https:\/\/store2.k-tech-services.com\/eco_aodaingoclan\/wp-content\/uploads\/2024\/11\/z6046318719849_f41b6befd97687368b1647b4206d5baa-520x918.jpg 520w, https:\/\/store2.k-tech-services.com\/eco_aodaingoclan\/wp-content\/uploads\/2024\/11\/z6046318719849_f41b6befd97687368b1647b4206d5baa.jpg 898w\" sizes=\"auto, (max-width: 170px) 100vw, 170px\" \/> <img loading=\"lazy\" decoding=\"async\" class=\"alignnone size-medium wp-image-689\" src=\"https:\/\/aodaingoclan.vn\/wp-content\/uploads\/2024\/11\/z6046318716196_c0008fe5aaad140a3251865ac7cde6e9-221x300.jpg\" alt=\"\" width=\"221\" height=\"300\" srcset=\"https:\/\/store2.k-tech-services.com\/eco_aodaingoclan\/wp-content\/uploads\/2024\/11\/z6046318716196_c0008fe5aaad140a3251865ac7cde6e9-221x300.jpg 221w, https:\/\/store2.k-tech-services.com\/eco_aodaingoclan\/wp-content\/uploads\/2024\/11\/z6046318716196_c0008fe5aaad140a3251865ac7cde6e9-754x1024.jpg 754w, https:\/\/store2.k-tech-services.com\/eco_aodaingoclan\/wp-content\/uploads\/2024\/11\/z6046318716196_c0008fe5aaad140a3251865ac7cde6e9-768x1043.jpg 768w, https:\/\/store2.k-tech-services.com\/eco_aodaingoclan\/wp-content\/uploads\/2024\/11\/z6046318716196_c0008fe5aaad140a3251865ac7cde6e9-300x408.jpg 300w, https:\/\/store2.k-tech-services.com\/eco_aodaingoclan\/wp-content\/uploads\/2024\/11\/z6046318716196_c0008fe5aaad140a3251865ac7cde6e9-520x706.jpg 520w, https:\/\/store2.k-tech-services.com\/eco_aodaingoclan\/wp-content\/uploads\/2024\/11\/z6046318716196_c0008fe5aaad140a3251865ac7cde6e9.jpg 1099w\" sizes=\"auto, (max-width: 221px) 100vw, 221px\" \/> <img loading=\"lazy\" decoding=\"async\" class=\"alignnone size-medium wp-image-688\" src=\"https:\/\/aodaingoclan.vn\/wp-content\/uploads\/2024\/11\/z6046318714447_355d27beaa51ceccd6ad677e60d77a04-208x300.jpg\" alt=\"\" width=\"208\" height=\"300\" srcset=\"https:\/\/store2.k-tech-services.com\/eco_aodaingoclan\/wp-content\/uploads\/2024\/11\/z6046318714447_355d27beaa51ceccd6ad677e60d77a04-208x300.jpg 208w, https:\/\/store2.k-tech-services.com\/eco_aodaingoclan\/wp-content\/uploads\/2024\/11\/z6046318714447_355d27beaa51ceccd6ad677e60d77a04-710x1024.jpg 710w, https:\/\/store2.k-tech-services.com\/eco_aodaingoclan\/wp-content\/uploads\/2024\/11\/z6046318714447_355d27beaa51ceccd6ad677e60d77a04-768x1108.jpg 768w, https:\/\/store2.k-tech-services.com\/eco_aodaingoclan\/wp-content\/uploads\/2024\/11\/z6046318714447_355d27beaa51ceccd6ad677e60d77a04-1065x1536.jpg 1065w, https:\/\/store2.k-tech-services.com\/eco_aodaingoclan\/wp-content\/uploads\/2024\/11\/z6046318714447_355d27beaa51ceccd6ad677e60d77a04-300x433.jpg 300w, https:\/\/store2.k-tech-services.com\/eco_aodaingoclan\/wp-content\/uploads\/2024\/11\/z6046318714447_355d27beaa51ceccd6ad677e60d77a04-520x750.jpg 520w, https:\/\/store2.k-tech-services.com\/eco_aodaingoclan\/wp-content\/uploads\/2024\/11\/z6046318714447_355d27beaa51ceccd6ad677e60d77a04.jpg 1066w\" sizes=\"auto, (max-width: 208px) 100vw, 208px\" \/> <img loading=\"lazy\" decoding=\"async\" class=\"alignnone size-medium wp-image-687\" src=\"https:\/\/aodaingoclan.vn\/wp-content\/uploads\/2024\/11\/z6046318714445_009c928dde496b863f9412879c2eb680-240x300.jpg\" alt=\"\" width=\"240\" height=\"300\" srcset=\"https:\/\/store2.k-tech-services.com\/eco_aodaingoclan\/wp-content\/uploads\/2024\/11\/z6046318714445_009c928dde496b863f9412879c2eb680-240x300.jpg 240w, https:\/\/store2.k-tech-services.com\/eco_aodaingoclan\/wp-content\/uploads\/2024\/11\/z6046318714445_009c928dde496b863f9412879c2eb680-819x1024.jpg 819w, https:\/\/store2.k-tech-services.com\/eco_aodaingoclan\/wp-content\/uploads\/2024\/11\/z6046318714445_009c928dde496b863f9412879c2eb680-768x960.jpg 768w, https:\/\/store2.k-tech-services.com\/eco_aodaingoclan\/wp-content\/uploads\/2024\/11\/z6046318714445_009c928dde496b863f9412879c2eb680-300x375.jpg 300w, https:\/\/store2.k-tech-services.com\/eco_aodaingoclan\/wp-content\/uploads\/2024\/11\/z6046318714445_009c928dde496b863f9412879c2eb680-520x650.jpg 520w, https:\/\/store2.k-tech-services.com\/eco_aodaingoclan\/wp-content\/uploads\/2024\/11\/z6046318714445_009c928dde496b863f9412879c2eb680.jpg 1146w\" sizes=\"auto, (max-width: 240px) 100vw, 240px\" \/><\/p>\n","protected":false},"excerpt":{"rendered":"<p>Set \u00c1o D\u00e0i C\u00e1ch T\u00e2n B\u00e9 G\u00e1i<\/p>\n","protected":false},"featured_media":688,"comment_status":"open","ping_status":"closed","template":"","meta":[],"product_cat":[29],"product_tag":[30],"class_list":{"0":"post-686","1":"product","2":"type-product","3":"status-publish","4":"has-post-thumbnail","6":"product_cat-ao-dai-cho-be-gai","7":"product_tag-ao-dai-cach-tan-be-gai","9":"first","10":"instock","11":"sale","12":"shipping-taxable","13":"purchasable","14":"product-type-simple"},"_links":{"self":[{"href":"https:\/\/store2.k-tech-services.com\/eco_aodaingoclan\/wp-json\/wp\/v2\/product\/686","targetHints":{"allow":["GET"]}}],"collection":[{"href":"https:\/\/store2.k-tech-services.com\/eco_aodaingoclan\/wp-json\/wp\/v2\/product"}],"about":[{"href":"https:\/\/store2.k-tech-services.com\/eco_aodaingoclan\/wp-json\/wp\/v2\/types\/product"}],"replies":[{"embeddable":true,"href":"https:\/\/store2.k-tech-services.com\/eco_aodaingoclan\/wp-json\/wp\/v2\/comments?post=686"}],"wp:featuredmedia":[{"embeddable":true,"href":"https:\/\/store2.k-tech-services.com\/eco_aodaingoclan\/wp-json\/wp\/v2\/media\/688"}],"wp:attachment":[{"href":"https:\/\/store2.k-tech-services.com\/eco_aodaingoclan\/wp-json\/wp\/v2\/media?parent=686"}],"wp:term":[{"taxonomy":"product_cat","embeddable":true,"href":"https:\/\/store2.k-tech-services.com\/eco_aodaingoclan\/wp-json\/wp\/v2\/product_cat?post=686"},{"taxonomy":"product_tag","embeddable":true,"href":"https:\/\/store2.k-tech-services.com\/eco_aodaingoclan\/wp-json\/wp\/v2\/product_tag?post=686"}],"curies":[{"name":"wp","href":"https:\/\/api.w.org\/{rel}","templated":true}]}}