
{"id":691,"date":"2024-11-19T08:45:35","date_gmt":"2024-11-19T01:45:35","guid":{"rendered":"https:\/\/aodaingoclan.vn\/?post_type=product&#038;p=691"},"modified":"2024-11-22T13:02:26","modified_gmt":"2024-11-22T06:02:26","slug":"ao-dai-cach-tan-be-gai-xuan-nghi","status":"publish","type":"product","link":"https:\/\/store2.k-tech-services.com\/eco_aodaingoclan\/san-pham\/ao-dai-cach-tan-be-gai-xuan-nghi\/","title":{"rendered":"\u00c1o D\u00e0i C\u00e1ch T\u00e2n B\u00e9 G\u00e1i Xu\u00e2n Nghi"},"content":{"rendered":"<p>\u00c1o D\u00e0i C\u00e1ch T\u00e2n B\u00e9 G\u00e1i Xu\u00e2n Nghi<\/p>\n<p><img loading=\"lazy\" decoding=\"async\" class=\"alignnone size-medium wp-image-694\" src=\"https:\/\/aodaingoclan.vn\/wp-content\/uploads\/2024\/11\/z6046320197555_8e12e1df6cf9b462535290327e707b5d-191x300.jpg\" alt=\"\" width=\"191\" height=\"300\" srcset=\"https:\/\/store2.k-tech-services.com\/eco_aodaingoclan\/wp-content\/uploads\/2024\/11\/z6046320197555_8e12e1df6cf9b462535290327e707b5d-191x300.jpg 191w, https:\/\/store2.k-tech-services.com\/eco_aodaingoclan\/wp-content\/uploads\/2024\/11\/z6046320197555_8e12e1df6cf9b462535290327e707b5d-651x1024.jpg 651w, https:\/\/store2.k-tech-services.com\/eco_aodaingoclan\/wp-content\/uploads\/2024\/11\/z6046320197555_8e12e1df6cf9b462535290327e707b5d-768x1208.jpg 768w, https:\/\/store2.k-tech-services.com\/eco_aodaingoclan\/wp-content\/uploads\/2024\/11\/z6046320197555_8e12e1df6cf9b462535290327e707b5d-977x1536.jpg 977w, https:\/\/store2.k-tech-services.com\/eco_aodaingoclan\/wp-content\/uploads\/2024\/11\/z6046320197555_8e12e1df6cf9b462535290327e707b5d-300x472.jpg 300w, https:\/\/store2.k-tech-services.com\/eco_aodaingoclan\/wp-content\/uploads\/2024\/11\/z6046320197555_8e12e1df6cf9b462535290327e707b5d-520x818.jpg 520w, https:\/\/store2.k-tech-services.com\/eco_aodaingoclan\/wp-content\/uploads\/2024\/11\/z6046320197555_8e12e1df6cf9b462535290327e707b5d.jpg 1009w\" sizes=\"auto, (max-width: 191px) 100vw, 191px\" \/> <img loading=\"lazy\" decoding=\"async\" class=\"alignnone size-medium wp-image-693\" src=\"https:\/\/aodaingoclan.vn\/wp-content\/uploads\/2024\/11\/z6046320195291_0a2e869ef0c3e26e57683a85bec0b9f2-239x300.jpg\" alt=\"\" width=\"239\" height=\"300\" srcset=\"https:\/\/store2.k-tech-services.com\/eco_aodaingoclan\/wp-content\/uploads\/2024\/11\/z6046320195291_0a2e869ef0c3e26e57683a85bec0b9f2-239x300.jpg 239w, https:\/\/store2.k-tech-services.com\/eco_aodaingoclan\/wp-content\/uploads\/2024\/11\/z6046320195291_0a2e869ef0c3e26e57683a85bec0b9f2-814x1024.jpg 814w, https:\/\/store2.k-tech-services.com\/eco_aodaingoclan\/wp-content\/uploads\/2024\/11\/z6046320195291_0a2e869ef0c3e26e57683a85bec0b9f2-768x966.jpg 768w, https:\/\/store2.k-tech-services.com\/eco_aodaingoclan\/wp-content\/uploads\/2024\/11\/z6046320195291_0a2e869ef0c3e26e57683a85bec0b9f2-300x377.jpg 300w, https:\/\/store2.k-tech-services.com\/eco_aodaingoclan\/wp-content\/uploads\/2024\/11\/z6046320195291_0a2e869ef0c3e26e57683a85bec0b9f2-520x654.jpg 520w, https:\/\/store2.k-tech-services.com\/eco_aodaingoclan\/wp-content\/uploads\/2024\/11\/z6046320195291_0a2e869ef0c3e26e57683a85bec0b9f2.jpg 1142w\" sizes=\"auto, (max-width: 239px) 100vw, 239px\" \/> <img loading=\"lazy\" decoding=\"async\" class=\"alignnone size-medium wp-image-692\" src=\"https:\/\/aodaingoclan.vn\/wp-content\/uploads\/2024\/11\/z6046320194782_4267c3f927fd45fef5d5fa3c7bcd235a-180x300.jpg\" alt=\"\" width=\"180\" height=\"300\" srcset=\"https:\/\/store2.k-tech-services.com\/eco_aodaingoclan\/wp-content\/uploads\/2024\/11\/z6046320194782_4267c3f927fd45fef5d5fa3c7bcd235a-180x300.jpg 180w, https:\/\/store2.k-tech-services.com\/eco_aodaingoclan\/wp-content\/uploads\/2024\/11\/z6046320194782_4267c3f927fd45fef5d5fa3c7bcd235a-615x1024.jpg 615w, https:\/\/store2.k-tech-services.com\/eco_aodaingoclan\/wp-content\/uploads\/2024\/11\/z6046320194782_4267c3f927fd45fef5d5fa3c7bcd235a-768x1279.jpg 768w, https:\/\/store2.k-tech-services.com\/eco_aodaingoclan\/wp-content\/uploads\/2024\/11\/z6046320194782_4267c3f927fd45fef5d5fa3c7bcd235a-922x1536.jpg 922w, https:\/\/store2.k-tech-services.com\/eco_aodaingoclan\/wp-content\/uploads\/2024\/11\/z6046320194782_4267c3f927fd45fef5d5fa3c7bcd235a-300x500.jpg 300w, https:\/\/store2.k-tech-services.com\/eco_aodaingoclan\/wp-content\/uploads\/2024\/11\/z6046320194782_4267c3f927fd45fef5d5fa3c7bcd235a-520x866.jpg 520w, https:\/\/store2.k-tech-services.com\/eco_aodaingoclan\/wp-content\/uploads\/2024\/11\/z6046320194782_4267c3f927fd45fef5d5fa3c7bcd235a.jpg 961w\" sizes=\"auto, (max-width: 180px) 100vw, 180px\" \/><\/p>\n","protected":false},"excerpt":{"rendered":"<p>\u00c1o D\u00e0i C\u00e1ch T\u00e2n B\u00e9 G\u00e1i Xu\u00e2n Nghi<\/p>\n","protected":false},"featured_media":693,"comment_status":"open","ping_status":"closed","template":"","meta":[],"product_cat":[29],"product_tag":[],"class_list":{"0":"post-691","1":"product","2":"type-product","3":"status-publish","4":"has-post-thumbnail","6":"product_cat-ao-dai-cho-be-gai","8":"first","9":"instock","10":"sale","11":"shipping-taxable","12":"purchasable","13":"product-type-simple"},"_links":{"self":[{"href":"https:\/\/store2.k-tech-services.com\/eco_aodaingoclan\/wp-json\/wp\/v2\/product\/691","targetHints":{"allow":["GET"]}}],"collection":[{"href":"https:\/\/store2.k-tech-services.com\/eco_aodaingoclan\/wp-json\/wp\/v2\/product"}],"about":[{"href":"https:\/\/store2.k-tech-services.com\/eco_aodaingoclan\/wp-json\/wp\/v2\/types\/product"}],"replies":[{"embeddable":true,"href":"https:\/\/store2.k-tech-services.com\/eco_aodaingoclan\/wp-json\/wp\/v2\/comments?post=691"}],"wp:featuredmedia":[{"embeddable":true,"href":"https:\/\/store2.k-tech-services.com\/eco_aodaingoclan\/wp-json\/wp\/v2\/media\/693"}],"wp:attachment":[{"href":"https:\/\/store2.k-tech-services.com\/eco_aodaingoclan\/wp-json\/wp\/v2\/media?parent=691"}],"wp:term":[{"taxonomy":"product_cat","embeddable":true,"href":"https:\/\/store2.k-tech-services.com\/eco_aodaingoclan\/wp-json\/wp\/v2\/product_cat?post=691"},{"taxonomy":"product_tag","embeddable":true,"href":"https:\/\/store2.k-tech-services.com\/eco_aodaingoclan\/wp-json\/wp\/v2\/product_tag?post=691"}],"curies":[{"name":"wp","href":"https:\/\/api.w.org\/{rel}","templated":true}]}}