
{"id":695,"date":"2024-11-19T08:51:59","date_gmt":"2024-11-19T01:51:59","guid":{"rendered":"https:\/\/aodaingoclan.vn\/?post_type=product&#038;p=695"},"modified":"2024-12-18T16:23:38","modified_gmt":"2024-12-18T09:23:38","slug":"ao-dai-cach-tan-lua-my-cao-cap-phoi-to-tay-bong","status":"publish","type":"product","link":"https:\/\/store2.k-tech-services.com\/eco_aodaingoclan\/san-pham\/ao-dai-cach-tan-lua-my-cao-cap-phoi-to-tay-bong\/","title":{"rendered":"\u00c1o D\u00e0i C\u00e1ch T\u00e2n L\u1ee5a M\u1ef9 Cao C\u1ea5p Ph\u1ed1i T\u01a1 Tay B\u1ed3ng"},"content":{"rendered":"<p>\u00c1o D\u00e0i C\u00e1ch T\u00e2n L\u1ee5a M\u1ef9 Cao C\u1ea5p Ph\u1ed1i T\u01a1 Tay B\u1ed3ng<\/p>\n<p><img loading=\"lazy\" decoding=\"async\" class=\"alignnone size-medium wp-image-700\" style=\"font-size: 14.4px;\" src=\"https:\/\/aodaingoclan.vn\/wp-content\/uploads\/2024\/11\/z6046322306268_e61fc7235df579998904ae63ad23fd76-193x300.jpg\" alt=\"\" width=\"193\" height=\"300\" srcset=\"https:\/\/store2.k-tech-services.com\/eco_aodaingoclan\/wp-content\/uploads\/2024\/11\/z6046322306268_e61fc7235df579998904ae63ad23fd76-193x300.jpg 193w, https:\/\/store2.k-tech-services.com\/eco_aodaingoclan\/wp-content\/uploads\/2024\/11\/z6046322306268_e61fc7235df579998904ae63ad23fd76-658x1024.jpg 658w, https:\/\/store2.k-tech-services.com\/eco_aodaingoclan\/wp-content\/uploads\/2024\/11\/z6046322306268_e61fc7235df579998904ae63ad23fd76-768x1195.jpg 768w, https:\/\/store2.k-tech-services.com\/eco_aodaingoclan\/wp-content\/uploads\/2024\/11\/z6046322306268_e61fc7235df579998904ae63ad23fd76-987x1536.jpg 987w, https:\/\/store2.k-tech-services.com\/eco_aodaingoclan\/wp-content\/uploads\/2024\/11\/z6046322306268_e61fc7235df579998904ae63ad23fd76-300x467.jpg 300w, https:\/\/store2.k-tech-services.com\/eco_aodaingoclan\/wp-content\/uploads\/2024\/11\/z6046322306268_e61fc7235df579998904ae63ad23fd76-520x809.jpg 520w, https:\/\/store2.k-tech-services.com\/eco_aodaingoclan\/wp-content\/uploads\/2024\/11\/z6046322306268_e61fc7235df579998904ae63ad23fd76.jpg 1013w\" sizes=\"auto, (max-width: 193px) 100vw, 193px\" \/><img loading=\"lazy\" decoding=\"async\" class=\"alignnone size-medium wp-image-698\" style=\"font-size: 14.4px;\" src=\"https:\/\/aodaingoclan.vn\/wp-content\/uploads\/2024\/11\/z6046322301912_6a90df5c7c4de4c467a521399c02eb58-213x300.jpg\" alt=\"\" width=\"213\" height=\"300\" srcset=\"https:\/\/store2.k-tech-services.com\/eco_aodaingoclan\/wp-content\/uploads\/2024\/11\/z6046322301912_6a90df5c7c4de4c467a521399c02eb58-213x300.jpg 213w, https:\/\/store2.k-tech-services.com\/eco_aodaingoclan\/wp-content\/uploads\/2024\/11\/z6046322301912_6a90df5c7c4de4c467a521399c02eb58-728x1024.jpg 728w, https:\/\/store2.k-tech-services.com\/eco_aodaingoclan\/wp-content\/uploads\/2024\/11\/z6046322301912_6a90df5c7c4de4c467a521399c02eb58-768x1081.jpg 768w, https:\/\/store2.k-tech-services.com\/eco_aodaingoclan\/wp-content\/uploads\/2024\/11\/z6046322301912_6a90df5c7c4de4c467a521399c02eb58-300x422.jpg 300w, https:\/\/store2.k-tech-services.com\/eco_aodaingoclan\/wp-content\/uploads\/2024\/11\/z6046322301912_6a90df5c7c4de4c467a521399c02eb58-520x732.jpg 520w, https:\/\/store2.k-tech-services.com\/eco_aodaingoclan\/wp-content\/uploads\/2024\/11\/z6046322301912_6a90df5c7c4de4c467a521399c02eb58.jpg 1080w\" sizes=\"auto, (max-width: 213px) 100vw, 213px\" \/><img loading=\"lazy\" decoding=\"async\" class=\"alignnone size-medium wp-image-697\" style=\"font-size: 14.4px;\" src=\"https:\/\/aodaingoclan.vn\/wp-content\/uploads\/2024\/11\/z6046322301452_bbcac8972d8205b88d56a192daaca5c3-183x300.jpg\" alt=\"\" width=\"183\" height=\"300\" srcset=\"https:\/\/store2.k-tech-services.com\/eco_aodaingoclan\/wp-content\/uploads\/2024\/11\/z6046322301452_bbcac8972d8205b88d56a192daaca5c3-183x300.jpg 183w, https:\/\/store2.k-tech-services.com\/eco_aodaingoclan\/wp-content\/uploads\/2024\/11\/z6046322301452_bbcac8972d8205b88d56a192daaca5c3-625x1024.jpg 625w, https:\/\/store2.k-tech-services.com\/eco_aodaingoclan\/wp-content\/uploads\/2024\/11\/z6046322301452_bbcac8972d8205b88d56a192daaca5c3-768x1258.jpg 768w, https:\/\/store2.k-tech-services.com\/eco_aodaingoclan\/wp-content\/uploads\/2024\/11\/z6046322301452_bbcac8972d8205b88d56a192daaca5c3-938x1536.jpg 938w, https:\/\/store2.k-tech-services.com\/eco_aodaingoclan\/wp-content\/uploads\/2024\/11\/z6046322301452_bbcac8972d8205b88d56a192daaca5c3-300x491.jpg 300w, https:\/\/store2.k-tech-services.com\/eco_aodaingoclan\/wp-content\/uploads\/2024\/11\/z6046322301452_bbcac8972d8205b88d56a192daaca5c3-520x852.jpg 520w, https:\/\/store2.k-tech-services.com\/eco_aodaingoclan\/wp-content\/uploads\/2024\/11\/z6046322301452_bbcac8972d8205b88d56a192daaca5c3.jpg 970w\" sizes=\"auto, (max-width: 183px) 100vw, 183px\" \/><img loading=\"lazy\" decoding=\"async\" class=\"alignnone size-medium wp-image-699\" style=\"font-size: 14.4px;\" src=\"https:\/\/aodaingoclan.vn\/wp-content\/uploads\/2024\/11\/z6046322302976_63063b0b49758b6b54d2b0bc0b508cd6-232x300.jpg\" alt=\"\" width=\"232\" height=\"300\" srcset=\"https:\/\/store2.k-tech-services.com\/eco_aodaingoclan\/wp-content\/uploads\/2024\/11\/z6046322302976_63063b0b49758b6b54d2b0bc0b508cd6-232x300.jpg 232w, https:\/\/store2.k-tech-services.com\/eco_aodaingoclan\/wp-content\/uploads\/2024\/11\/z6046322302976_63063b0b49758b6b54d2b0bc0b508cd6-793x1024.jpg 793w, https:\/\/store2.k-tech-services.com\/eco_aodaingoclan\/wp-content\/uploads\/2024\/11\/z6046322302976_63063b0b49758b6b54d2b0bc0b508cd6-768x992.jpg 768w, https:\/\/store2.k-tech-services.com\/eco_aodaingoclan\/wp-content\/uploads\/2024\/11\/z6046322302976_63063b0b49758b6b54d2b0bc0b508cd6-300x388.jpg 300w, https:\/\/store2.k-tech-services.com\/eco_aodaingoclan\/wp-content\/uploads\/2024\/11\/z6046322302976_63063b0b49758b6b54d2b0bc0b508cd6-520x672.jpg 520w, https:\/\/store2.k-tech-services.com\/eco_aodaingoclan\/wp-content\/uploads\/2024\/11\/z6046322302976_63063b0b49758b6b54d2b0bc0b508cd6.jpg 1127w\" sizes=\"auto, (max-width: 232px) 100vw, 232px\" \/><img loading=\"lazy\" decoding=\"async\" class=\"alignnone size-medium wp-image-696\" style=\"font-size: 14.4px;\" src=\"https:\/\/aodaingoclan.vn\/wp-content\/uploads\/2024\/11\/z6046322299799_d6701986fad7b18400e24453d317a4f1-191x300.jpg\" alt=\"\" width=\"191\" height=\"300\" srcset=\"https:\/\/store2.k-tech-services.com\/eco_aodaingoclan\/wp-content\/uploads\/2024\/11\/z6046322299799_d6701986fad7b18400e24453d317a4f1-191x300.jpg 191w, https:\/\/store2.k-tech-services.com\/eco_aodaingoclan\/wp-content\/uploads\/2024\/11\/z6046322299799_d6701986fad7b18400e24453d317a4f1-652x1024.jpg 652w, https:\/\/store2.k-tech-services.com\/eco_aodaingoclan\/wp-content\/uploads\/2024\/11\/z6046322299799_d6701986fad7b18400e24453d317a4f1-768x1205.jpg 768w, https:\/\/store2.k-tech-services.com\/eco_aodaingoclan\/wp-content\/uploads\/2024\/11\/z6046322299799_d6701986fad7b18400e24453d317a4f1-979x1536.jpg 979w, https:\/\/store2.k-tech-services.com\/eco_aodaingoclan\/wp-content\/uploads\/2024\/11\/z6046322299799_d6701986fad7b18400e24453d317a4f1-300x471.jpg 300w, https:\/\/store2.k-tech-services.com\/eco_aodaingoclan\/wp-content\/uploads\/2024\/11\/z6046322299799_d6701986fad7b18400e24453d317a4f1-520x816.jpg 520w, https:\/\/store2.k-tech-services.com\/eco_aodaingoclan\/wp-content\/uploads\/2024\/11\/z6046322299799_d6701986fad7b18400e24453d317a4f1.jpg 1015w\" sizes=\"auto, (max-width: 191px) 100vw, 191px\" \/><img loading=\"lazy\" decoding=\"async\" class=\"alignnone size-medium wp-image-701\" style=\"font-size: 14.4px;\" src=\"https:\/\/aodaingoclan.vn\/wp-content\/uploads\/2024\/11\/z6046323003263_cdf1d64cc6fe7b3f92e88a96b95c1051-191x300.jpg\" alt=\"\" width=\"191\" height=\"300\" srcset=\"https:\/\/store2.k-tech-services.com\/eco_aodaingoclan\/wp-content\/uploads\/2024\/11\/z6046323003263_cdf1d64cc6fe7b3f92e88a96b95c1051-191x300.jpg 191w, https:\/\/store2.k-tech-services.com\/eco_aodaingoclan\/wp-content\/uploads\/2024\/11\/z6046323003263_cdf1d64cc6fe7b3f92e88a96b95c1051-652x1024.jpg 652w, https:\/\/store2.k-tech-services.com\/eco_aodaingoclan\/wp-content\/uploads\/2024\/11\/z6046323003263_cdf1d64cc6fe7b3f92e88a96b95c1051-768x1207.jpg 768w, https:\/\/store2.k-tech-services.com\/eco_aodaingoclan\/wp-content\/uploads\/2024\/11\/z6046323003263_cdf1d64cc6fe7b3f92e88a96b95c1051-977x1536.jpg 977w, https:\/\/store2.k-tech-services.com\/eco_aodaingoclan\/wp-content\/uploads\/2024\/11\/z6046323003263_cdf1d64cc6fe7b3f92e88a96b95c1051-300x471.jpg 300w, https:\/\/store2.k-tech-services.com\/eco_aodaingoclan\/wp-content\/uploads\/2024\/11\/z6046323003263_cdf1d64cc6fe7b3f92e88a96b95c1051-520x817.jpg 520w, https:\/\/store2.k-tech-services.com\/eco_aodaingoclan\/wp-content\/uploads\/2024\/11\/z6046323003263_cdf1d64cc6fe7b3f92e88a96b95c1051.jpg 1022w\" sizes=\"auto, (max-width: 191px) 100vw, 191px\" \/><\/p>\n<p>&nbsp;<\/p>\n","protected":false},"excerpt":{"rendered":"<p>\u00c1o D\u00e0i C\u00e1ch T\u00e2n L\u1ee5a M\u1ef9 Cao C\u1ea5p Ph\u1ed1i T\u01a1 Tay B\u1ed3ng<\/p>\n","protected":false},"featured_media":700,"comment_status":"open","ping_status":"closed","template":"","meta":[],"product_cat":[23,33,32],"product_tag":[31],"class_list":{"0":"post-695","1":"product","2":"type-product","3":"status-publish","4":"has-post-thumbnail","6":"product_cat-ao-dai-an-tuong","7":"product_cat-ao-dai-cach-tan","8":"product_cat-ao-dai-nu-ngoc-lan","9":"product_tag-ao-dai-nu-ngoc-lan","11":"first","12":"instock","13":"sale","14":"shipping-taxable","15":"purchasable","16":"product-type-simple"},"_links":{"self":[{"href":"https:\/\/store2.k-tech-services.com\/eco_aodaingoclan\/wp-json\/wp\/v2\/product\/695","targetHints":{"allow":["GET"]}}],"collection":[{"href":"https:\/\/store2.k-tech-services.com\/eco_aodaingoclan\/wp-json\/wp\/v2\/product"}],"about":[{"href":"https:\/\/store2.k-tech-services.com\/eco_aodaingoclan\/wp-json\/wp\/v2\/types\/product"}],"replies":[{"embeddable":true,"href":"https:\/\/store2.k-tech-services.com\/eco_aodaingoclan\/wp-json\/wp\/v2\/comments?post=695"}],"wp:featuredmedia":[{"embeddable":true,"href":"https:\/\/store2.k-tech-services.com\/eco_aodaingoclan\/wp-json\/wp\/v2\/media\/700"}],"wp:attachment":[{"href":"https:\/\/store2.k-tech-services.com\/eco_aodaingoclan\/wp-json\/wp\/v2\/media?parent=695"}],"wp:term":[{"taxonomy":"product_cat","embeddable":true,"href":"https:\/\/store2.k-tech-services.com\/eco_aodaingoclan\/wp-json\/wp\/v2\/product_cat?post=695"},{"taxonomy":"product_tag","embeddable":true,"href":"https:\/\/store2.k-tech-services.com\/eco_aodaingoclan\/wp-json\/wp\/v2\/product_tag?post=695"}],"curies":[{"name":"wp","href":"https:\/\/api.w.org\/{rel}","templated":true}]}}