
{"id":715,"date":"2024-11-19T10:21:49","date_gmt":"2024-11-19T03:21:49","guid":{"rendered":"https:\/\/aodaingoclan.vn\/?post_type=product&#038;p=715"},"modified":"2024-11-22T13:05:24","modified_gmt":"2024-11-22T06:05:24","slug":"ao-dai-be-gai","status":"publish","type":"product","link":"https:\/\/store2.k-tech-services.com\/eco_aodaingoclan\/san-pham\/ao-dai-be-gai\/","title":{"rendered":"SET \u00c1o D\u00e0i B\u00e9 G\u00e1i"},"content":{"rendered":"<p>\u00c1o D\u00e0i B\u00e9 G\u00e1i<\/p>\n<p><img loading=\"lazy\" decoding=\"async\" class=\"alignnone size-medium wp-image-720\" src=\"https:\/\/aodaingoclan.vn\/wp-content\/uploads\/2024\/11\/z6047070378275_fd32eeb7a892e44850e533ee4637ca6a-158x300.jpg\" alt=\"\" width=\"158\" height=\"300\" srcset=\"https:\/\/store2.k-tech-services.com\/eco_aodaingoclan\/wp-content\/uploads\/2024\/11\/z6047070378275_fd32eeb7a892e44850e533ee4637ca6a-158x300.jpg 158w, https:\/\/store2.k-tech-services.com\/eco_aodaingoclan\/wp-content\/uploads\/2024\/11\/z6047070378275_fd32eeb7a892e44850e533ee4637ca6a-539x1024.jpg 539w, https:\/\/store2.k-tech-services.com\/eco_aodaingoclan\/wp-content\/uploads\/2024\/11\/z6047070378275_fd32eeb7a892e44850e533ee4637ca6a-300x570.jpg 300w, https:\/\/store2.k-tech-services.com\/eco_aodaingoclan\/wp-content\/uploads\/2024\/11\/z6047070378275_fd32eeb7a892e44850e533ee4637ca6a-520x988.jpg 520w, https:\/\/store2.k-tech-services.com\/eco_aodaingoclan\/wp-content\/uploads\/2024\/11\/z6047070378275_fd32eeb7a892e44850e533ee4637ca6a.jpg 666w\" sizes=\"auto, (max-width: 158px) 100vw, 158px\" \/> <img loading=\"lazy\" decoding=\"async\" class=\"alignnone size-medium wp-image-719\" src=\"https:\/\/aodaingoclan.vn\/wp-content\/uploads\/2024\/11\/z6047068946191_380ad184e4c863ebe627f7d4def977dd-221x300.jpg\" alt=\"\" width=\"221\" height=\"300\" srcset=\"https:\/\/store2.k-tech-services.com\/eco_aodaingoclan\/wp-content\/uploads\/2024\/11\/z6047068946191_380ad184e4c863ebe627f7d4def977dd-221x300.jpg 221w, https:\/\/store2.k-tech-services.com\/eco_aodaingoclan\/wp-content\/uploads\/2024\/11\/z6047068946191_380ad184e4c863ebe627f7d4def977dd-754x1024.jpg 754w, https:\/\/store2.k-tech-services.com\/eco_aodaingoclan\/wp-content\/uploads\/2024\/11\/z6047068946191_380ad184e4c863ebe627f7d4def977dd-768x1044.jpg 768w, https:\/\/store2.k-tech-services.com\/eco_aodaingoclan\/wp-content\/uploads\/2024\/11\/z6047068946191_380ad184e4c863ebe627f7d4def977dd-300x408.jpg 300w, https:\/\/store2.k-tech-services.com\/eco_aodaingoclan\/wp-content\/uploads\/2024\/11\/z6047068946191_380ad184e4c863ebe627f7d4def977dd-520x707.jpg 520w, https:\/\/store2.k-tech-services.com\/eco_aodaingoclan\/wp-content\/uploads\/2024\/11\/z6047068946191_380ad184e4c863ebe627f7d4def977dd.jpg 942w\" sizes=\"auto, (max-width: 221px) 100vw, 221px\" \/> <img loading=\"lazy\" decoding=\"async\" class=\"alignnone size-medium wp-image-718\" src=\"https:\/\/aodaingoclan.vn\/wp-content\/uploads\/2024\/11\/z6047068942079_f0dab8ecd2b1e95af555c348736fd724-273x300.jpg\" alt=\"\" width=\"273\" height=\"300\" srcset=\"https:\/\/store2.k-tech-services.com\/eco_aodaingoclan\/wp-content\/uploads\/2024\/11\/z6047068942079_f0dab8ecd2b1e95af555c348736fd724-273x300.jpg 273w, https:\/\/store2.k-tech-services.com\/eco_aodaingoclan\/wp-content\/uploads\/2024\/11\/z6047068942079_f0dab8ecd2b1e95af555c348736fd724-931x1024.jpg 931w, https:\/\/store2.k-tech-services.com\/eco_aodaingoclan\/wp-content\/uploads\/2024\/11\/z6047068942079_f0dab8ecd2b1e95af555c348736fd724-768x845.jpg 768w, https:\/\/store2.k-tech-services.com\/eco_aodaingoclan\/wp-content\/uploads\/2024\/11\/z6047068942079_f0dab8ecd2b1e95af555c348736fd724-300x330.jpg 300w, https:\/\/store2.k-tech-services.com\/eco_aodaingoclan\/wp-content\/uploads\/2024\/11\/z6047068942079_f0dab8ecd2b1e95af555c348736fd724-520x572.jpg 520w, https:\/\/store2.k-tech-services.com\/eco_aodaingoclan\/wp-content\/uploads\/2024\/11\/z6047068942079_f0dab8ecd2b1e95af555c348736fd724.jpg 1164w\" sizes=\"auto, (max-width: 273px) 100vw, 273px\" \/> <img loading=\"lazy\" decoding=\"async\" class=\"alignnone size-medium wp-image-717\" src=\"https:\/\/aodaingoclan.vn\/wp-content\/uploads\/2024\/11\/z6047068941805_ee91e398ac91713380f9bdceb46ddcc5-225x300.jpg\" alt=\"\" width=\"225\" height=\"300\" srcset=\"https:\/\/store2.k-tech-services.com\/eco_aodaingoclan\/wp-content\/uploads\/2024\/11\/z6047068941805_ee91e398ac91713380f9bdceb46ddcc5-225x300.jpg 225w, https:\/\/store2.k-tech-services.com\/eco_aodaingoclan\/wp-content\/uploads\/2024\/11\/z6047068941805_ee91e398ac91713380f9bdceb46ddcc5-768x1024.jpg 768w, https:\/\/store2.k-tech-services.com\/eco_aodaingoclan\/wp-content\/uploads\/2024\/11\/z6047068941805_ee91e398ac91713380f9bdceb46ddcc5-300x400.jpg 300w, https:\/\/store2.k-tech-services.com\/eco_aodaingoclan\/wp-content\/uploads\/2024\/11\/z6047068941805_ee91e398ac91713380f9bdceb46ddcc5-520x693.jpg 520w, https:\/\/store2.k-tech-services.com\/eco_aodaingoclan\/wp-content\/uploads\/2024\/11\/z6047068941805_ee91e398ac91713380f9bdceb46ddcc5.jpg 960w\" sizes=\"auto, (max-width: 225px) 100vw, 225px\" \/> <img loading=\"lazy\" decoding=\"async\" class=\"alignnone size-medium wp-image-716\" src=\"https:\/\/aodaingoclan.vn\/wp-content\/uploads\/2024\/11\/z6047068933059_705272b249f6d3051bdb1b0eb7a1046e-252x300.jpg\" alt=\"\" width=\"252\" height=\"300\" srcset=\"https:\/\/store2.k-tech-services.com\/eco_aodaingoclan\/wp-content\/uploads\/2024\/11\/z6047068933059_705272b249f6d3051bdb1b0eb7a1046e-252x300.jpg 252w, https:\/\/store2.k-tech-services.com\/eco_aodaingoclan\/wp-content\/uploads\/2024\/11\/z6047068933059_705272b249f6d3051bdb1b0eb7a1046e-861x1024.jpg 861w, https:\/\/store2.k-tech-services.com\/eco_aodaingoclan\/wp-content\/uploads\/2024\/11\/z6047068933059_705272b249f6d3051bdb1b0eb7a1046e-768x914.jpg 768w, https:\/\/store2.k-tech-services.com\/eco_aodaingoclan\/wp-content\/uploads\/2024\/11\/z6047068933059_705272b249f6d3051bdb1b0eb7a1046e-300x357.jpg 300w, https:\/\/store2.k-tech-services.com\/eco_aodaingoclan\/wp-content\/uploads\/2024\/11\/z6047068933059_705272b249f6d3051bdb1b0eb7a1046e-520x619.jpg 520w, https:\/\/store2.k-tech-services.com\/eco_aodaingoclan\/wp-content\/uploads\/2024\/11\/z6047068933059_705272b249f6d3051bdb1b0eb7a1046e.jpg 1076w\" sizes=\"auto, (max-width: 252px) 100vw, 252px\" \/><\/p>\n","protected":false},"excerpt":{"rendered":"<p>\u00c1o D\u00e0i B\u00e9 G\u00e1i<\/p>\n","protected":false},"featured_media":720,"comment_status":"open","ping_status":"closed","template":"","meta":[],"product_cat":[29],"product_tag":[51],"class_list":{"0":"post-715","1":"product","2":"type-product","3":"status-publish","4":"has-post-thumbnail","6":"product_cat-ao-dai-cho-be-gai","7":"product_tag-sz-tu-80-150","9":"first","10":"instock","11":"sale","12":"shipping-taxable","13":"purchasable","14":"product-type-simple"},"_links":{"self":[{"href":"https:\/\/store2.k-tech-services.com\/eco_aodaingoclan\/wp-json\/wp\/v2\/product\/715","targetHints":{"allow":["GET"]}}],"collection":[{"href":"https:\/\/store2.k-tech-services.com\/eco_aodaingoclan\/wp-json\/wp\/v2\/product"}],"about":[{"href":"https:\/\/store2.k-tech-services.com\/eco_aodaingoclan\/wp-json\/wp\/v2\/types\/product"}],"replies":[{"embeddable":true,"href":"https:\/\/store2.k-tech-services.com\/eco_aodaingoclan\/wp-json\/wp\/v2\/comments?post=715"}],"wp:featuredmedia":[{"embeddable":true,"href":"https:\/\/store2.k-tech-services.com\/eco_aodaingoclan\/wp-json\/wp\/v2\/media\/720"}],"wp:attachment":[{"href":"https:\/\/store2.k-tech-services.com\/eco_aodaingoclan\/wp-json\/wp\/v2\/media?parent=715"}],"wp:term":[{"taxonomy":"product_cat","embeddable":true,"href":"https:\/\/store2.k-tech-services.com\/eco_aodaingoclan\/wp-json\/wp\/v2\/product_cat?post=715"},{"taxonomy":"product_tag","embeddable":true,"href":"https:\/\/store2.k-tech-services.com\/eco_aodaingoclan\/wp-json\/wp\/v2\/product_tag?post=715"}],"curies":[{"name":"wp","href":"https:\/\/api.w.org\/{rel}","templated":true}]}}