
{"id":721,"date":"2024-11-19T10:24:34","date_gmt":"2024-11-19T03:24:34","guid":{"rendered":"https:\/\/aodaingoclan.vn\/?post_type=product&#038;p=721"},"modified":"2024-12-13T14:48:39","modified_gmt":"2024-12-13T07:48:39","slug":"set-ao-dai-gam-phoi-lua-ngoc-trai-cao-cap-be-gai","status":"publish","type":"product","link":"https:\/\/store2.k-tech-services.com\/eco_aodaingoclan\/san-pham\/set-ao-dai-gam-phoi-lua-ngoc-trai-cao-cap-be-gai\/","title":{"rendered":"Set \u00e1o d\u00e0i g\u1ea5m ph\u1ed1i l\u1ee5a Ng\u1ecdc Trai cao c\u1ea5p b\u00e9 g\u00e1i"},"content":{"rendered":"<p>Set \u00e1o d\u00e0i g\u1ea5m ph\u1ed1i l\u1ee5a Ng\u1ecdc Trai cao c\u1ea5p b\u00e9 g\u00e1i<\/p>\n<p><img loading=\"lazy\" decoding=\"async\" class=\"alignnone size-medium wp-image-725\" src=\"https:\/\/aodaingoclan.vn\/wp-content\/uploads\/2024\/11\/z6047085046240_76f8ef4e3ec5bd1bc85863104df4bbb2-214x300.jpg\" alt=\"\" width=\"214\" height=\"300\" srcset=\"https:\/\/store2.k-tech-services.com\/eco_aodaingoclan\/wp-content\/uploads\/2024\/11\/z6047085046240_76f8ef4e3ec5bd1bc85863104df4bbb2-214x300.jpg 214w, https:\/\/store2.k-tech-services.com\/eco_aodaingoclan\/wp-content\/uploads\/2024\/11\/z6047085046240_76f8ef4e3ec5bd1bc85863104df4bbb2-732x1024.jpg 732w, https:\/\/store2.k-tech-services.com\/eco_aodaingoclan\/wp-content\/uploads\/2024\/11\/z6047085046240_76f8ef4e3ec5bd1bc85863104df4bbb2-768x1074.jpg 768w, https:\/\/store2.k-tech-services.com\/eco_aodaingoclan\/wp-content\/uploads\/2024\/11\/z6047085046240_76f8ef4e3ec5bd1bc85863104df4bbb2-300x420.jpg 300w, https:\/\/store2.k-tech-services.com\/eco_aodaingoclan\/wp-content\/uploads\/2024\/11\/z6047085046240_76f8ef4e3ec5bd1bc85863104df4bbb2-520x728.jpg 520w, https:\/\/store2.k-tech-services.com\/eco_aodaingoclan\/wp-content\/uploads\/2024\/11\/z6047085046240_76f8ef4e3ec5bd1bc85863104df4bbb2.jpg 847w\" sizes=\"auto, (max-width: 214px) 100vw, 214px\" \/> <img loading=\"lazy\" decoding=\"async\" class=\"alignnone size-medium wp-image-724\" src=\"https:\/\/aodaingoclan.vn\/wp-content\/uploads\/2024\/11\/z6047085040499_fd7693ec9f1540172e5a0ed332ffd65b-300x300.jpg\" alt=\"\" width=\"300\" height=\"300\" srcset=\"https:\/\/store2.k-tech-services.com\/eco_aodaingoclan\/wp-content\/uploads\/2024\/11\/z6047085040499_fd7693ec9f1540172e5a0ed332ffd65b-300x300.jpg 300w, https:\/\/store2.k-tech-services.com\/eco_aodaingoclan\/wp-content\/uploads\/2024\/11\/z6047085040499_fd7693ec9f1540172e5a0ed332ffd65b-150x150.jpg 150w, https:\/\/store2.k-tech-services.com\/eco_aodaingoclan\/wp-content\/uploads\/2024\/11\/z6047085040499_fd7693ec9f1540172e5a0ed332ffd65b-768x768.jpg 768w, https:\/\/store2.k-tech-services.com\/eco_aodaingoclan\/wp-content\/uploads\/2024\/11\/z6047085040499_fd7693ec9f1540172e5a0ed332ffd65b-520x520.jpg 520w, https:\/\/store2.k-tech-services.com\/eco_aodaingoclan\/wp-content\/uploads\/2024\/11\/z6047085040499_fd7693ec9f1540172e5a0ed332ffd65b-100x100.jpg 100w, https:\/\/store2.k-tech-services.com\/eco_aodaingoclan\/wp-content\/uploads\/2024\/11\/z6047085040499_fd7693ec9f1540172e5a0ed332ffd65b-50x50.jpg 50w, https:\/\/store2.k-tech-services.com\/eco_aodaingoclan\/wp-content\/uploads\/2024\/11\/z6047085040499_fd7693ec9f1540172e5a0ed332ffd65b.jpg 800w\" sizes=\"auto, (max-width: 300px) 100vw, 300px\" \/> <img loading=\"lazy\" decoding=\"async\" class=\"alignnone size-medium wp-image-723\" src=\"https:\/\/aodaingoclan.vn\/wp-content\/uploads\/2024\/11\/z6047085034698_cdeee3125ada7270a85c2f631a011049-241x300.jpg\" alt=\"\" width=\"241\" height=\"300\" srcset=\"https:\/\/store2.k-tech-services.com\/eco_aodaingoclan\/wp-content\/uploads\/2024\/11\/z6047085034698_cdeee3125ada7270a85c2f631a011049-241x300.jpg 241w, https:\/\/store2.k-tech-services.com\/eco_aodaingoclan\/wp-content\/uploads\/2024\/11\/z6047085034698_cdeee3125ada7270a85c2f631a011049-822x1024.jpg 822w, https:\/\/store2.k-tech-services.com\/eco_aodaingoclan\/wp-content\/uploads\/2024\/11\/z6047085034698_cdeee3125ada7270a85c2f631a011049-768x957.jpg 768w, https:\/\/store2.k-tech-services.com\/eco_aodaingoclan\/wp-content\/uploads\/2024\/11\/z6047085034698_cdeee3125ada7270a85c2f631a011049-300x374.jpg 300w, https:\/\/store2.k-tech-services.com\/eco_aodaingoclan\/wp-content\/uploads\/2024\/11\/z6047085034698_cdeee3125ada7270a85c2f631a011049-520x648.jpg 520w, https:\/\/store2.k-tech-services.com\/eco_aodaingoclan\/wp-content\/uploads\/2024\/11\/z6047085034698_cdeee3125ada7270a85c2f631a011049.jpg 1027w\" sizes=\"auto, (max-width: 241px) 100vw, 241px\" \/> <img loading=\"lazy\" decoding=\"async\" class=\"alignnone size-medium wp-image-722\" src=\"https:\/\/aodaingoclan.vn\/wp-content\/uploads\/2024\/11\/z6047085032490_cab4bb8aea4e0bbb85b70225d3013c65-300x300.jpg\" alt=\"\" width=\"300\" height=\"300\" srcset=\"https:\/\/store2.k-tech-services.com\/eco_aodaingoclan\/wp-content\/uploads\/2024\/11\/z6047085032490_cab4bb8aea4e0bbb85b70225d3013c65-300x300.jpg 300w, https:\/\/store2.k-tech-services.com\/eco_aodaingoclan\/wp-content\/uploads\/2024\/11\/z6047085032490_cab4bb8aea4e0bbb85b70225d3013c65-150x150.jpg 150w, https:\/\/store2.k-tech-services.com\/eco_aodaingoclan\/wp-content\/uploads\/2024\/11\/z6047085032490_cab4bb8aea4e0bbb85b70225d3013c65-768x768.jpg 768w, https:\/\/store2.k-tech-services.com\/eco_aodaingoclan\/wp-content\/uploads\/2024\/11\/z6047085032490_cab4bb8aea4e0bbb85b70225d3013c65-520x520.jpg 520w, https:\/\/store2.k-tech-services.com\/eco_aodaingoclan\/wp-content\/uploads\/2024\/11\/z6047085032490_cab4bb8aea4e0bbb85b70225d3013c65-100x100.jpg 100w, https:\/\/store2.k-tech-services.com\/eco_aodaingoclan\/wp-content\/uploads\/2024\/11\/z6047085032490_cab4bb8aea4e0bbb85b70225d3013c65-50x50.jpg 50w, https:\/\/store2.k-tech-services.com\/eco_aodaingoclan\/wp-content\/uploads\/2024\/11\/z6047085032490_cab4bb8aea4e0bbb85b70225d3013c65.jpg 800w\" sizes=\"auto, (max-width: 300px) 100vw, 300px\" \/><\/p>\n","protected":false},"excerpt":{"rendered":"<p>Set \u00e1o d\u00e0i g\u1ea5m ph\u1ed1i l\u1ee5a Ng\u1ecdc Trai cao c\u1ea5p b\u00e9 g\u00e1i<\/p>\n","protected":false},"featured_media":724,"comment_status":"open","ping_status":"closed","template":"","meta":[],"product_cat":[29],"product_tag":[52],"class_list":{"0":"post-721","1":"product","2":"type-product","3":"status-publish","4":"has-post-thumbnail","6":"product_cat-ao-dai-cho-be-gai","7":"product_tag-co-sz-cho-be-tu-80-150","9":"first","10":"instock","11":"sale","12":"shipping-taxable","13":"purchasable","14":"product-type-simple"},"_links":{"self":[{"href":"https:\/\/store2.k-tech-services.com\/eco_aodaingoclan\/wp-json\/wp\/v2\/product\/721","targetHints":{"allow":["GET"]}}],"collection":[{"href":"https:\/\/store2.k-tech-services.com\/eco_aodaingoclan\/wp-json\/wp\/v2\/product"}],"about":[{"href":"https:\/\/store2.k-tech-services.com\/eco_aodaingoclan\/wp-json\/wp\/v2\/types\/product"}],"replies":[{"embeddable":true,"href":"https:\/\/store2.k-tech-services.com\/eco_aodaingoclan\/wp-json\/wp\/v2\/comments?post=721"}],"wp:featuredmedia":[{"embeddable":true,"href":"https:\/\/store2.k-tech-services.com\/eco_aodaingoclan\/wp-json\/wp\/v2\/media\/724"}],"wp:attachment":[{"href":"https:\/\/store2.k-tech-services.com\/eco_aodaingoclan\/wp-json\/wp\/v2\/media?parent=721"}],"wp:term":[{"taxonomy":"product_cat","embeddable":true,"href":"https:\/\/store2.k-tech-services.com\/eco_aodaingoclan\/wp-json\/wp\/v2\/product_cat?post=721"},{"taxonomy":"product_tag","embeddable":true,"href":"https:\/\/store2.k-tech-services.com\/eco_aodaingoclan\/wp-json\/wp\/v2\/product_tag?post=721"}],"curies":[{"name":"wp","href":"https:\/\/api.w.org\/{rel}","templated":true}]}}