
{"id":726,"date":"2024-11-19T10:29:31","date_gmt":"2024-11-19T03:29:31","guid":{"rendered":"https:\/\/aodaingoclan.vn\/?post_type=product&#038;p=726"},"modified":"2024-12-18T16:22:31","modified_gmt":"2024-12-18T09:22:31","slug":"set-ao-dai-be-gai-to-lua-cao-cap","status":"publish","type":"product","link":"https:\/\/store2.k-tech-services.com\/eco_aodaingoclan\/san-pham\/set-ao-dai-be-gai-to-lua-cao-cap\/","title":{"rendered":"Set \u00c1o D\u00e0i B\u00e9 G\u00e1i T\u01a1 L\u1ee5a Cao C\u1ea5p"},"content":{"rendered":"<p>Set \u00c1o D\u00e0i B\u00e9 G\u00e1i T\u01a1 L\u1ee5a Cao C\u1ea5p<\/p>\n<p><img loading=\"lazy\" decoding=\"async\" class=\"alignnone size-medium wp-image-729\" src=\"https:\/\/aodaingoclan.vn\/wp-content\/uploads\/2024\/11\/z6047108270723_8ab1e167a825ff5b659c4089884510f8-200x300.jpg\" alt=\"\" width=\"200\" height=\"300\" srcset=\"https:\/\/store2.k-tech-services.com\/eco_aodaingoclan\/wp-content\/uploads\/2024\/11\/z6047108270723_8ab1e167a825ff5b659c4089884510f8-200x300.jpg 200w, https:\/\/store2.k-tech-services.com\/eco_aodaingoclan\/wp-content\/uploads\/2024\/11\/z6047108270723_8ab1e167a825ff5b659c4089884510f8-682x1024.jpg 682w, https:\/\/store2.k-tech-services.com\/eco_aodaingoclan\/wp-content\/uploads\/2024\/11\/z6047108270723_8ab1e167a825ff5b659c4089884510f8-768x1152.jpg 768w, https:\/\/store2.k-tech-services.com\/eco_aodaingoclan\/wp-content\/uploads\/2024\/11\/z6047108270723_8ab1e167a825ff5b659c4089884510f8-300x450.jpg 300w, https:\/\/store2.k-tech-services.com\/eco_aodaingoclan\/wp-content\/uploads\/2024\/11\/z6047108270723_8ab1e167a825ff5b659c4089884510f8-520x780.jpg 520w, https:\/\/store2.k-tech-services.com\/eco_aodaingoclan\/wp-content\/uploads\/2024\/11\/z6047108270723_8ab1e167a825ff5b659c4089884510f8.jpg 853w\" sizes=\"auto, (max-width: 200px) 100vw, 200px\" \/> <img loading=\"lazy\" decoding=\"async\" class=\"alignnone size-medium wp-image-728\" src=\"https:\/\/aodaingoclan.vn\/wp-content\/uploads\/2024\/11\/z6047108261761_de080a8f8b2013b66f3f837cf766170f-200x300.jpg\" alt=\"\" width=\"200\" height=\"300\" srcset=\"https:\/\/store2.k-tech-services.com\/eco_aodaingoclan\/wp-content\/uploads\/2024\/11\/z6047108261761_de080a8f8b2013b66f3f837cf766170f-200x300.jpg 200w, https:\/\/store2.k-tech-services.com\/eco_aodaingoclan\/wp-content\/uploads\/2024\/11\/z6047108261761_de080a8f8b2013b66f3f837cf766170f-682x1024.jpg 682w, https:\/\/store2.k-tech-services.com\/eco_aodaingoclan\/wp-content\/uploads\/2024\/11\/z6047108261761_de080a8f8b2013b66f3f837cf766170f-768x1152.jpg 768w, https:\/\/store2.k-tech-services.com\/eco_aodaingoclan\/wp-content\/uploads\/2024\/11\/z6047108261761_de080a8f8b2013b66f3f837cf766170f-300x450.jpg 300w, https:\/\/store2.k-tech-services.com\/eco_aodaingoclan\/wp-content\/uploads\/2024\/11\/z6047108261761_de080a8f8b2013b66f3f837cf766170f-520x780.jpg 520w, https:\/\/store2.k-tech-services.com\/eco_aodaingoclan\/wp-content\/uploads\/2024\/11\/z6047108261761_de080a8f8b2013b66f3f837cf766170f.jpg 853w\" sizes=\"auto, (max-width: 200px) 100vw, 200px\" \/> <img loading=\"lazy\" decoding=\"async\" class=\"alignnone size-medium wp-image-727\" src=\"https:\/\/aodaingoclan.vn\/wp-content\/uploads\/2024\/11\/z6047108258459_15258b3092aaeb29844c8203e0617b30-200x300.jpg\" alt=\"\" width=\"200\" height=\"300\" srcset=\"https:\/\/store2.k-tech-services.com\/eco_aodaingoclan\/wp-content\/uploads\/2024\/11\/z6047108258459_15258b3092aaeb29844c8203e0617b30-200x300.jpg 200w, https:\/\/store2.k-tech-services.com\/eco_aodaingoclan\/wp-content\/uploads\/2024\/11\/z6047108258459_15258b3092aaeb29844c8203e0617b30-682x1024.jpg 682w, https:\/\/store2.k-tech-services.com\/eco_aodaingoclan\/wp-content\/uploads\/2024\/11\/z6047108258459_15258b3092aaeb29844c8203e0617b30-768x1152.jpg 768w, https:\/\/store2.k-tech-services.com\/eco_aodaingoclan\/wp-content\/uploads\/2024\/11\/z6047108258459_15258b3092aaeb29844c8203e0617b30-300x450.jpg 300w, https:\/\/store2.k-tech-services.com\/eco_aodaingoclan\/wp-content\/uploads\/2024\/11\/z6047108258459_15258b3092aaeb29844c8203e0617b30-520x780.jpg 520w, https:\/\/store2.k-tech-services.com\/eco_aodaingoclan\/wp-content\/uploads\/2024\/11\/z6047108258459_15258b3092aaeb29844c8203e0617b30.jpg 853w\" sizes=\"auto, (max-width: 200px) 100vw, 200px\" \/><\/p>\n<p>&nbsp;<\/p>\n","protected":false},"excerpt":{"rendered":"<p>Set \u00c1o D\u00e0i B\u00e9 G\u00e1i T\u01a1 L\u1ee5a Cao C\u1ea5p<\/p>\n","protected":false},"featured_media":727,"comment_status":"open","ping_status":"closed","template":"","meta":[],"product_cat":[29],"product_tag":[],"class_list":{"0":"post-726","1":"product","2":"type-product","3":"status-publish","4":"has-post-thumbnail","6":"product_cat-ao-dai-cho-be-gai","8":"first","9":"instock","10":"sale","11":"shipping-taxable","12":"purchasable","13":"product-type-simple"},"_links":{"self":[{"href":"https:\/\/store2.k-tech-services.com\/eco_aodaingoclan\/wp-json\/wp\/v2\/product\/726","targetHints":{"allow":["GET"]}}],"collection":[{"href":"https:\/\/store2.k-tech-services.com\/eco_aodaingoclan\/wp-json\/wp\/v2\/product"}],"about":[{"href":"https:\/\/store2.k-tech-services.com\/eco_aodaingoclan\/wp-json\/wp\/v2\/types\/product"}],"replies":[{"embeddable":true,"href":"https:\/\/store2.k-tech-services.com\/eco_aodaingoclan\/wp-json\/wp\/v2\/comments?post=726"}],"wp:featuredmedia":[{"embeddable":true,"href":"https:\/\/store2.k-tech-services.com\/eco_aodaingoclan\/wp-json\/wp\/v2\/media\/727"}],"wp:attachment":[{"href":"https:\/\/store2.k-tech-services.com\/eco_aodaingoclan\/wp-json\/wp\/v2\/media?parent=726"}],"wp:term":[{"taxonomy":"product_cat","embeddable":true,"href":"https:\/\/store2.k-tech-services.com\/eco_aodaingoclan\/wp-json\/wp\/v2\/product_cat?post=726"},{"taxonomy":"product_tag","embeddable":true,"href":"https:\/\/store2.k-tech-services.com\/eco_aodaingoclan\/wp-json\/wp\/v2\/product_tag?post=726"}],"curies":[{"name":"wp","href":"https:\/\/api.w.org\/{rel}","templated":true}]}}