
{"id":730,"date":"2024-11-19T10:35:36","date_gmt":"2024-11-19T03:35:36","guid":{"rendered":"https:\/\/aodaingoclan.vn\/?post_type=product&#038;p=730"},"modified":"2024-12-18T16:22:09","modified_gmt":"2024-12-18T09:22:09","slug":"set-ao-dai-be-gai-lua-ngoc-trai","status":"publish","type":"product","link":"https:\/\/store2.k-tech-services.com\/eco_aodaingoclan\/san-pham\/set-ao-dai-be-gai-lua-ngoc-trai\/","title":{"rendered":"Set \u00c1o D\u00e0i B\u00e9 G\u00e1i L\u1ee5a Ng\u1ecdc Trai (sz 80-150)"},"content":{"rendered":"<p>Set \u00c1o D\u00e0i B\u00e9 G\u00e1i L\u1ee5a Ng\u1ecdc Trai (sz 80-150)<\/p>\n<p><img loading=\"lazy\" decoding=\"async\" class=\"alignnone size-medium wp-image-735\" src=\"https:\/\/aodaingoclan.vn\/wp-content\/uploads\/2024\/11\/z6047114138337_dacab059e3f34019b62f15a813d8eae0-300x300.jpg\" alt=\"\" width=\"300\" height=\"300\" srcset=\"https:\/\/store2.k-tech-services.com\/eco_aodaingoclan\/wp-content\/uploads\/2024\/11\/z6047114138337_dacab059e3f34019b62f15a813d8eae0-300x300.jpg 300w, https:\/\/store2.k-tech-services.com\/eco_aodaingoclan\/wp-content\/uploads\/2024\/11\/z6047114138337_dacab059e3f34019b62f15a813d8eae0-150x150.jpg 150w, https:\/\/store2.k-tech-services.com\/eco_aodaingoclan\/wp-content\/uploads\/2024\/11\/z6047114138337_dacab059e3f34019b62f15a813d8eae0-768x768.jpg 768w, https:\/\/store2.k-tech-services.com\/eco_aodaingoclan\/wp-content\/uploads\/2024\/11\/z6047114138337_dacab059e3f34019b62f15a813d8eae0-520x520.jpg 520w, https:\/\/store2.k-tech-services.com\/eco_aodaingoclan\/wp-content\/uploads\/2024\/11\/z6047114138337_dacab059e3f34019b62f15a813d8eae0-100x100.jpg 100w, https:\/\/store2.k-tech-services.com\/eco_aodaingoclan\/wp-content\/uploads\/2024\/11\/z6047114138337_dacab059e3f34019b62f15a813d8eae0-50x50.jpg 50w, https:\/\/store2.k-tech-services.com\/eco_aodaingoclan\/wp-content\/uploads\/2024\/11\/z6047114138337_dacab059e3f34019b62f15a813d8eae0.jpg 1024w\" sizes=\"auto, (max-width: 300px) 100vw, 300px\" \/> <img loading=\"lazy\" decoding=\"async\" class=\"alignnone size-medium wp-image-734\" src=\"https:\/\/aodaingoclan.vn\/wp-content\/uploads\/2024\/11\/z6047114138059_af5b13e5e49a8dafdb08b2a107c73df7-300x300.jpg\" alt=\"\" width=\"300\" height=\"300\" srcset=\"https:\/\/store2.k-tech-services.com\/eco_aodaingoclan\/wp-content\/uploads\/2024\/11\/z6047114138059_af5b13e5e49a8dafdb08b2a107c73df7-300x300.jpg 300w, https:\/\/store2.k-tech-services.com\/eco_aodaingoclan\/wp-content\/uploads\/2024\/11\/z6047114138059_af5b13e5e49a8dafdb08b2a107c73df7-150x150.jpg 150w, https:\/\/store2.k-tech-services.com\/eco_aodaingoclan\/wp-content\/uploads\/2024\/11\/z6047114138059_af5b13e5e49a8dafdb08b2a107c73df7-768x768.jpg 768w, https:\/\/store2.k-tech-services.com\/eco_aodaingoclan\/wp-content\/uploads\/2024\/11\/z6047114138059_af5b13e5e49a8dafdb08b2a107c73df7-520x520.jpg 520w, https:\/\/store2.k-tech-services.com\/eco_aodaingoclan\/wp-content\/uploads\/2024\/11\/z6047114138059_af5b13e5e49a8dafdb08b2a107c73df7-100x100.jpg 100w, https:\/\/store2.k-tech-services.com\/eco_aodaingoclan\/wp-content\/uploads\/2024\/11\/z6047114138059_af5b13e5e49a8dafdb08b2a107c73df7-50x50.jpg 50w, https:\/\/store2.k-tech-services.com\/eco_aodaingoclan\/wp-content\/uploads\/2024\/11\/z6047114138059_af5b13e5e49a8dafdb08b2a107c73df7.jpg 1024w\" sizes=\"auto, (max-width: 300px) 100vw, 300px\" \/> <img loading=\"lazy\" decoding=\"async\" class=\"alignnone size-medium wp-image-733\" src=\"https:\/\/aodaingoclan.vn\/wp-content\/uploads\/2024\/11\/z6047114125225_2e0bab3f102b8a7a1a0aac3d7f2c9bfb-300x300.jpg\" alt=\"\" width=\"300\" height=\"300\" srcset=\"https:\/\/store2.k-tech-services.com\/eco_aodaingoclan\/wp-content\/uploads\/2024\/11\/z6047114125225_2e0bab3f102b8a7a1a0aac3d7f2c9bfb-300x300.jpg 300w, https:\/\/store2.k-tech-services.com\/eco_aodaingoclan\/wp-content\/uploads\/2024\/11\/z6047114125225_2e0bab3f102b8a7a1a0aac3d7f2c9bfb-150x150.jpg 150w, https:\/\/store2.k-tech-services.com\/eco_aodaingoclan\/wp-content\/uploads\/2024\/11\/z6047114125225_2e0bab3f102b8a7a1a0aac3d7f2c9bfb-768x768.jpg 768w, https:\/\/store2.k-tech-services.com\/eco_aodaingoclan\/wp-content\/uploads\/2024\/11\/z6047114125225_2e0bab3f102b8a7a1a0aac3d7f2c9bfb-520x520.jpg 520w, https:\/\/store2.k-tech-services.com\/eco_aodaingoclan\/wp-content\/uploads\/2024\/11\/z6047114125225_2e0bab3f102b8a7a1a0aac3d7f2c9bfb-100x100.jpg 100w, https:\/\/store2.k-tech-services.com\/eco_aodaingoclan\/wp-content\/uploads\/2024\/11\/z6047114125225_2e0bab3f102b8a7a1a0aac3d7f2c9bfb-50x50.jpg 50w, https:\/\/store2.k-tech-services.com\/eco_aodaingoclan\/wp-content\/uploads\/2024\/11\/z6047114125225_2e0bab3f102b8a7a1a0aac3d7f2c9bfb.jpg 800w\" sizes=\"auto, (max-width: 300px) 100vw, 300px\" \/> <img loading=\"lazy\" decoding=\"async\" class=\"alignnone size-medium wp-image-732\" src=\"https:\/\/aodaingoclan.vn\/wp-content\/uploads\/2024\/11\/z6047114123070_70f2f57de58214b49a6c9ca3ac7880c6-300x300.jpg\" alt=\"\" width=\"300\" height=\"300\" srcset=\"https:\/\/store2.k-tech-services.com\/eco_aodaingoclan\/wp-content\/uploads\/2024\/11\/z6047114123070_70f2f57de58214b49a6c9ca3ac7880c6-300x300.jpg 300w, https:\/\/store2.k-tech-services.com\/eco_aodaingoclan\/wp-content\/uploads\/2024\/11\/z6047114123070_70f2f57de58214b49a6c9ca3ac7880c6-150x150.jpg 150w, https:\/\/store2.k-tech-services.com\/eco_aodaingoclan\/wp-content\/uploads\/2024\/11\/z6047114123070_70f2f57de58214b49a6c9ca3ac7880c6-768x768.jpg 768w, https:\/\/store2.k-tech-services.com\/eco_aodaingoclan\/wp-content\/uploads\/2024\/11\/z6047114123070_70f2f57de58214b49a6c9ca3ac7880c6-520x520.jpg 520w, https:\/\/store2.k-tech-services.com\/eco_aodaingoclan\/wp-content\/uploads\/2024\/11\/z6047114123070_70f2f57de58214b49a6c9ca3ac7880c6-100x100.jpg 100w, https:\/\/store2.k-tech-services.com\/eco_aodaingoclan\/wp-content\/uploads\/2024\/11\/z6047114123070_70f2f57de58214b49a6c9ca3ac7880c6-50x50.jpg 50w, https:\/\/store2.k-tech-services.com\/eco_aodaingoclan\/wp-content\/uploads\/2024\/11\/z6047114123070_70f2f57de58214b49a6c9ca3ac7880c6.jpg 800w\" sizes=\"auto, (max-width: 300px) 100vw, 300px\" \/> <img loading=\"lazy\" decoding=\"async\" class=\"alignnone size-medium wp-image-731\" src=\"https:\/\/aodaingoclan.vn\/wp-content\/uploads\/2024\/11\/z6047114109738_cad2d21f38294cd8f3e922f731fa051a-300x300.jpg\" alt=\"\" width=\"300\" height=\"300\" srcset=\"https:\/\/store2.k-tech-services.com\/eco_aodaingoclan\/wp-content\/uploads\/2024\/11\/z6047114109738_cad2d21f38294cd8f3e922f731fa051a-300x300.jpg 300w, https:\/\/store2.k-tech-services.com\/eco_aodaingoclan\/wp-content\/uploads\/2024\/11\/z6047114109738_cad2d21f38294cd8f3e922f731fa051a-150x150.jpg 150w, https:\/\/store2.k-tech-services.com\/eco_aodaingoclan\/wp-content\/uploads\/2024\/11\/z6047114109738_cad2d21f38294cd8f3e922f731fa051a-768x768.jpg 768w, https:\/\/store2.k-tech-services.com\/eco_aodaingoclan\/wp-content\/uploads\/2024\/11\/z6047114109738_cad2d21f38294cd8f3e922f731fa051a-520x520.jpg 520w, https:\/\/store2.k-tech-services.com\/eco_aodaingoclan\/wp-content\/uploads\/2024\/11\/z6047114109738_cad2d21f38294cd8f3e922f731fa051a-100x100.jpg 100w, https:\/\/store2.k-tech-services.com\/eco_aodaingoclan\/wp-content\/uploads\/2024\/11\/z6047114109738_cad2d21f38294cd8f3e922f731fa051a-50x50.jpg 50w, https:\/\/store2.k-tech-services.com\/eco_aodaingoclan\/wp-content\/uploads\/2024\/11\/z6047114109738_cad2d21f38294cd8f3e922f731fa051a.jpg 800w\" sizes=\"auto, (max-width: 300px) 100vw, 300px\" \/><\/p>\n<p>&nbsp;<\/p>\n","protected":false},"excerpt":{"rendered":"<p>Set \u00c1o D\u00e0i B\u00e9 G\u00e1i L\u1ee5a Ng\u1ecdc Trai (sz 80-150)<\/p>\n","protected":false},"featured_media":731,"comment_status":"open","ping_status":"closed","template":"","meta":[],"product_cat":[29],"product_tag":[],"class_list":{"0":"post-730","1":"product","2":"type-product","3":"status-publish","4":"has-post-thumbnail","6":"product_cat-ao-dai-cho-be-gai","8":"first","9":"instock","10":"sale","11":"shipping-taxable","12":"purchasable","13":"product-type-simple"},"_links":{"self":[{"href":"https:\/\/store2.k-tech-services.com\/eco_aodaingoclan\/wp-json\/wp\/v2\/product\/730","targetHints":{"allow":["GET"]}}],"collection":[{"href":"https:\/\/store2.k-tech-services.com\/eco_aodaingoclan\/wp-json\/wp\/v2\/product"}],"about":[{"href":"https:\/\/store2.k-tech-services.com\/eco_aodaingoclan\/wp-json\/wp\/v2\/types\/product"}],"replies":[{"embeddable":true,"href":"https:\/\/store2.k-tech-services.com\/eco_aodaingoclan\/wp-json\/wp\/v2\/comments?post=730"}],"wp:featuredmedia":[{"embeddable":true,"href":"https:\/\/store2.k-tech-services.com\/eco_aodaingoclan\/wp-json\/wp\/v2\/media\/731"}],"wp:attachment":[{"href":"https:\/\/store2.k-tech-services.com\/eco_aodaingoclan\/wp-json\/wp\/v2\/media?parent=730"}],"wp:term":[{"taxonomy":"product_cat","embeddable":true,"href":"https:\/\/store2.k-tech-services.com\/eco_aodaingoclan\/wp-json\/wp\/v2\/product_cat?post=730"},{"taxonomy":"product_tag","embeddable":true,"href":"https:\/\/store2.k-tech-services.com\/eco_aodaingoclan\/wp-json\/wp\/v2\/product_tag?post=730"}],"curies":[{"name":"wp","href":"https:\/\/api.w.org\/{rel}","templated":true}]}}