
{"id":736,"date":"2024-11-19T10:40:30","date_gmt":"2024-11-19T03:40:30","guid":{"rendered":"https:\/\/aodaingoclan.vn\/?post_type=product&#038;p=736"},"modified":"2024-12-13T14:25:59","modified_gmt":"2024-12-13T07:25:59","slug":"set-ao-dai-be-trai","status":"publish","type":"product","link":"https:\/\/store2.k-tech-services.com\/eco_aodaingoclan\/san-pham\/set-ao-dai-be-trai\/","title":{"rendered":"Set \u00c1o D\u00e0i B\u00e9 Trai (sz : 80-150)"},"content":{"rendered":"<p>Set \u00c1o D\u00e0i B\u00e9 Trai<\/p>\n<p><img loading=\"lazy\" decoding=\"async\" class=\"alignnone size-medium wp-image-740\" src=\"https:\/\/aodaingoclan.vn\/wp-content\/uploads\/2024\/11\/z6047123926515_d1a7eae5d74de3349e2168c7272cfa64-237x300.jpg\" alt=\"\" width=\"237\" height=\"300\" srcset=\"https:\/\/store2.k-tech-services.com\/eco_aodaingoclan\/wp-content\/uploads\/2024\/11\/z6047123926515_d1a7eae5d74de3349e2168c7272cfa64-237x300.jpg 237w, https:\/\/store2.k-tech-services.com\/eco_aodaingoclan\/wp-content\/uploads\/2024\/11\/z6047123926515_d1a7eae5d74de3349e2168c7272cfa64-300x379.jpg 300w, https:\/\/store2.k-tech-services.com\/eco_aodaingoclan\/wp-content\/uploads\/2024\/11\/z6047123926515_d1a7eae5d74de3349e2168c7272cfa64-520x658.jpg 520w, https:\/\/store2.k-tech-services.com\/eco_aodaingoclan\/wp-content\/uploads\/2024\/11\/z6047123926515_d1a7eae5d74de3349e2168c7272cfa64.jpg 759w\" sizes=\"auto, (max-width: 237px) 100vw, 237px\" \/> <img loading=\"lazy\" decoding=\"async\" class=\"alignnone size-medium wp-image-739\" src=\"https:\/\/aodaingoclan.vn\/wp-content\/uploads\/2024\/11\/z6047123922507_abef6aa057153b20ab508b3b9fbcc47f-239x300.jpg\" alt=\"\" width=\"239\" height=\"300\" srcset=\"https:\/\/store2.k-tech-services.com\/eco_aodaingoclan\/wp-content\/uploads\/2024\/11\/z6047123922507_abef6aa057153b20ab508b3b9fbcc47f-239x300.jpg 239w, https:\/\/store2.k-tech-services.com\/eco_aodaingoclan\/wp-content\/uploads\/2024\/11\/z6047123922507_abef6aa057153b20ab508b3b9fbcc47f-300x377.jpg 300w, https:\/\/store2.k-tech-services.com\/eco_aodaingoclan\/wp-content\/uploads\/2024\/11\/z6047123922507_abef6aa057153b20ab508b3b9fbcc47f-520x653.jpg 520w, https:\/\/store2.k-tech-services.com\/eco_aodaingoclan\/wp-content\/uploads\/2024\/11\/z6047123922507_abef6aa057153b20ab508b3b9fbcc47f.jpg 764w\" sizes=\"auto, (max-width: 239px) 100vw, 239px\" \/> <img loading=\"lazy\" decoding=\"async\" class=\"alignnone size-medium wp-image-738\" src=\"https:\/\/aodaingoclan.vn\/wp-content\/uploads\/2024\/11\/z6047123908311_22efe7e34d5cc6a7302cfeff0aa46683-219x300.jpg\" alt=\"\" width=\"219\" height=\"300\" srcset=\"https:\/\/store2.k-tech-services.com\/eco_aodaingoclan\/wp-content\/uploads\/2024\/11\/z6047123908311_22efe7e34d5cc6a7302cfeff0aa46683-219x300.jpg 219w, https:\/\/store2.k-tech-services.com\/eco_aodaingoclan\/wp-content\/uploads\/2024\/11\/z6047123908311_22efe7e34d5cc6a7302cfeff0aa46683-300x411.jpg 300w, https:\/\/store2.k-tech-services.com\/eco_aodaingoclan\/wp-content\/uploads\/2024\/11\/z6047123908311_22efe7e34d5cc6a7302cfeff0aa46683-520x713.jpg 520w, https:\/\/store2.k-tech-services.com\/eco_aodaingoclan\/wp-content\/uploads\/2024\/11\/z6047123908311_22efe7e34d5cc6a7302cfeff0aa46683.jpg 700w\" sizes=\"auto, (max-width: 219px) 100vw, 219px\" \/> <img loading=\"lazy\" decoding=\"async\" class=\"alignnone size-medium wp-image-737\" src=\"https:\/\/aodaingoclan.vn\/wp-content\/uploads\/2024\/11\/z6047123907906_984b0a73011c9552c71983529177ccb0-225x300.jpg\" alt=\"\" width=\"225\" height=\"300\" srcset=\"https:\/\/store2.k-tech-services.com\/eco_aodaingoclan\/wp-content\/uploads\/2024\/11\/z6047123907906_984b0a73011c9552c71983529177ccb0-225x300.jpg 225w, https:\/\/store2.k-tech-services.com\/eco_aodaingoclan\/wp-content\/uploads\/2024\/11\/z6047123907906_984b0a73011c9552c71983529177ccb0-300x400.jpg 300w, https:\/\/store2.k-tech-services.com\/eco_aodaingoclan\/wp-content\/uploads\/2024\/11\/z6047123907906_984b0a73011c9552c71983529177ccb0-520x693.jpg 520w, https:\/\/store2.k-tech-services.com\/eco_aodaingoclan\/wp-content\/uploads\/2024\/11\/z6047123907906_984b0a73011c9552c71983529177ccb0.jpg 720w\" sizes=\"auto, (max-width: 225px) 100vw, 225px\" \/><\/p>\n","protected":false},"excerpt":{"rendered":"<p>Set \u00c1o D\u00e0i B\u00e9 Trai<\/p>\n","protected":false},"featured_media":740,"comment_status":"open","ping_status":"closed","template":"","meta":[],"product_cat":[34],"product_tag":[],"class_list":{"0":"post-736","1":"product","2":"type-product","3":"status-publish","4":"has-post-thumbnail","6":"product_cat-ao-dai-cho-be-trai","8":"first","9":"instock","10":"sale","11":"shipping-taxable","12":"purchasable","13":"product-type-simple"},"_links":{"self":[{"href":"https:\/\/store2.k-tech-services.com\/eco_aodaingoclan\/wp-json\/wp\/v2\/product\/736","targetHints":{"allow":["GET"]}}],"collection":[{"href":"https:\/\/store2.k-tech-services.com\/eco_aodaingoclan\/wp-json\/wp\/v2\/product"}],"about":[{"href":"https:\/\/store2.k-tech-services.com\/eco_aodaingoclan\/wp-json\/wp\/v2\/types\/product"}],"replies":[{"embeddable":true,"href":"https:\/\/store2.k-tech-services.com\/eco_aodaingoclan\/wp-json\/wp\/v2\/comments?post=736"}],"wp:featuredmedia":[{"embeddable":true,"href":"https:\/\/store2.k-tech-services.com\/eco_aodaingoclan\/wp-json\/wp\/v2\/media\/740"}],"wp:attachment":[{"href":"https:\/\/store2.k-tech-services.com\/eco_aodaingoclan\/wp-json\/wp\/v2\/media?parent=736"}],"wp:term":[{"taxonomy":"product_cat","embeddable":true,"href":"https:\/\/store2.k-tech-services.com\/eco_aodaingoclan\/wp-json\/wp\/v2\/product_cat?post=736"},{"taxonomy":"product_tag","embeddable":true,"href":"https:\/\/store2.k-tech-services.com\/eco_aodaingoclan\/wp-json\/wp\/v2\/product_tag?post=736"}],"curies":[{"name":"wp","href":"https:\/\/api.w.org\/{rel}","templated":true}]}}