
{"id":743,"date":"2024-11-19T10:53:23","date_gmt":"2024-11-19T03:53:23","guid":{"rendered":"https:\/\/aodaingoclan.vn\/?post_type=product&#038;p=743"},"modified":"2024-12-17T23:52:52","modified_gmt":"2024-12-17T16:52:52","slug":"ao-dai-theu-mix-chan-vay-xoe-2-lop","status":"publish","type":"product","link":"https:\/\/store2.k-tech-services.com\/eco_aodaingoclan\/san-pham\/ao-dai-theu-mix-chan-vay-xoe-2-lop\/","title":{"rendered":"\u00c1o D\u00e0i Th\u00eau Mix Ch\u00e2n V\u00e1y Xo\u00e8 2 L\u1edbp"},"content":{"rendered":"<p>\u00c1o D\u00e0i Th\u00eau Mix Ch\u00e2n V\u00e1y Xo\u00e8 2 L\u1edbp<\/p>\n<p><img loading=\"lazy\" decoding=\"async\" class=\"alignnone size-medium wp-image-747\" src=\"https:\/\/aodaingoclan.vn\/wp-content\/uploads\/2024\/11\/z6047132098300_30a2f176527a0945273527951a8760fd-225x300.jpg\" alt=\"\" width=\"225\" height=\"300\" srcset=\"https:\/\/store2.k-tech-services.com\/eco_aodaingoclan\/wp-content\/uploads\/2024\/11\/z6047132098300_30a2f176527a0945273527951a8760fd-225x300.jpg 225w, https:\/\/store2.k-tech-services.com\/eco_aodaingoclan\/wp-content\/uploads\/2024\/11\/z6047132098300_30a2f176527a0945273527951a8760fd-768x1024.jpg 768w, https:\/\/store2.k-tech-services.com\/eco_aodaingoclan\/wp-content\/uploads\/2024\/11\/z6047132098300_30a2f176527a0945273527951a8760fd-300x400.jpg 300w, https:\/\/store2.k-tech-services.com\/eco_aodaingoclan\/wp-content\/uploads\/2024\/11\/z6047132098300_30a2f176527a0945273527951a8760fd-520x693.jpg 520w, https:\/\/store2.k-tech-services.com\/eco_aodaingoclan\/wp-content\/uploads\/2024\/11\/z6047132098300_30a2f176527a0945273527951a8760fd.jpg 960w\" sizes=\"auto, (max-width: 225px) 100vw, 225px\" \/> <img loading=\"lazy\" decoding=\"async\" class=\"alignnone size-medium wp-image-746\" src=\"https:\/\/aodaingoclan.vn\/wp-content\/uploads\/2024\/11\/z6047132092136_f07d54661b0b541a0198974d4d6270eb-210x300.jpg\" alt=\"\" width=\"210\" height=\"300\" srcset=\"https:\/\/store2.k-tech-services.com\/eco_aodaingoclan\/wp-content\/uploads\/2024\/11\/z6047132092136_f07d54661b0b541a0198974d4d6270eb-210x300.jpg 210w, https:\/\/store2.k-tech-services.com\/eco_aodaingoclan\/wp-content\/uploads\/2024\/11\/z6047132092136_f07d54661b0b541a0198974d4d6270eb-716x1024.jpg 716w, https:\/\/store2.k-tech-services.com\/eco_aodaingoclan\/wp-content\/uploads\/2024\/11\/z6047132092136_f07d54661b0b541a0198974d4d6270eb-768x1098.jpg 768w, https:\/\/store2.k-tech-services.com\/eco_aodaingoclan\/wp-content\/uploads\/2024\/11\/z6047132092136_f07d54661b0b541a0198974d4d6270eb-300x429.jpg 300w, https:\/\/store2.k-tech-services.com\/eco_aodaingoclan\/wp-content\/uploads\/2024\/11\/z6047132092136_f07d54661b0b541a0198974d4d6270eb-520x744.jpg 520w, https:\/\/store2.k-tech-services.com\/eco_aodaingoclan\/wp-content\/uploads\/2024\/11\/z6047132092136_f07d54661b0b541a0198974d4d6270eb.jpg 895w\" sizes=\"auto, (max-width: 210px) 100vw, 210px\" \/> <img loading=\"lazy\" decoding=\"async\" class=\"alignnone size-medium wp-image-745\" src=\"https:\/\/aodaingoclan.vn\/wp-content\/uploads\/2024\/11\/z6047132088373_bbdfd85356adc0314eb8465617163833-300x300.jpg\" alt=\"\" width=\"300\" height=\"300\" srcset=\"https:\/\/store2.k-tech-services.com\/eco_aodaingoclan\/wp-content\/uploads\/2024\/11\/z6047132088373_bbdfd85356adc0314eb8465617163833-300x300.jpg 300w, https:\/\/store2.k-tech-services.com\/eco_aodaingoclan\/wp-content\/uploads\/2024\/11\/z6047132088373_bbdfd85356adc0314eb8465617163833-1024x1024.jpg 1024w, https:\/\/store2.k-tech-services.com\/eco_aodaingoclan\/wp-content\/uploads\/2024\/11\/z6047132088373_bbdfd85356adc0314eb8465617163833-150x150.jpg 150w, https:\/\/store2.k-tech-services.com\/eco_aodaingoclan\/wp-content\/uploads\/2024\/11\/z6047132088373_bbdfd85356adc0314eb8465617163833-768x768.jpg 768w, https:\/\/store2.k-tech-services.com\/eco_aodaingoclan\/wp-content\/uploads\/2024\/11\/z6047132088373_bbdfd85356adc0314eb8465617163833-520x520.jpg 520w, https:\/\/store2.k-tech-services.com\/eco_aodaingoclan\/wp-content\/uploads\/2024\/11\/z6047132088373_bbdfd85356adc0314eb8465617163833-100x100.jpg 100w, https:\/\/store2.k-tech-services.com\/eco_aodaingoclan\/wp-content\/uploads\/2024\/11\/z6047132088373_bbdfd85356adc0314eb8465617163833-50x50.jpg 50w, https:\/\/store2.k-tech-services.com\/eco_aodaingoclan\/wp-content\/uploads\/2024\/11\/z6047132088373_bbdfd85356adc0314eb8465617163833.jpg 1280w\" sizes=\"auto, (max-width: 300px) 100vw, 300px\" \/> <img loading=\"lazy\" decoding=\"async\" class=\"alignnone size-medium wp-image-744\" src=\"https:\/\/aodaingoclan.vn\/wp-content\/uploads\/2024\/11\/z6047132085781_0cb9e5602f8f3ab6776a0b229edbe2f6-220x300.jpg\" alt=\"\" width=\"220\" height=\"300\" srcset=\"https:\/\/store2.k-tech-services.com\/eco_aodaingoclan\/wp-content\/uploads\/2024\/11\/z6047132085781_0cb9e5602f8f3ab6776a0b229edbe2f6-220x300.jpg 220w, https:\/\/store2.k-tech-services.com\/eco_aodaingoclan\/wp-content\/uploads\/2024\/11\/z6047132085781_0cb9e5602f8f3ab6776a0b229edbe2f6-750x1024.jpg 750w, https:\/\/store2.k-tech-services.com\/eco_aodaingoclan\/wp-content\/uploads\/2024\/11\/z6047132085781_0cb9e5602f8f3ab6776a0b229edbe2f6-768x1048.jpg 768w, https:\/\/store2.k-tech-services.com\/eco_aodaingoclan\/wp-content\/uploads\/2024\/11\/z6047132085781_0cb9e5602f8f3ab6776a0b229edbe2f6-300x409.jpg 300w, https:\/\/store2.k-tech-services.com\/eco_aodaingoclan\/wp-content\/uploads\/2024\/11\/z6047132085781_0cb9e5602f8f3ab6776a0b229edbe2f6-520x710.jpg 520w, https:\/\/store2.k-tech-services.com\/eco_aodaingoclan\/wp-content\/uploads\/2024\/11\/z6047132085781_0cb9e5602f8f3ab6776a0b229edbe2f6.jpg 938w\" sizes=\"auto, (max-width: 220px) 100vw, 220px\" \/><\/p>\n","protected":false},"excerpt":{"rendered":"<p>\u00c1o D\u00e0i Th\u00eau Mix Ch\u00e2n V\u00e1y Xo\u00e8 2 L\u1edbp<\/p>\n","protected":false},"featured_media":745,"comment_status":"open","ping_status":"closed","template":"","meta":[],"product_cat":[23,32],"product_tag":[40,39,38,53,54,55],"class_list":{"0":"post-743","1":"product","2":"type-product","3":"status-publish","4":"has-post-thumbnail","6":"product_cat-ao-dai-an-tuong","7":"product_cat-ao-dai-nu-ngoc-lan","8":"product_tag-l","9":"product_tag-m","10":"product_tag-s","11":"product_tag-xl","12":"product_tag-xxl","13":"product_tag-xxxl","15":"first","16":"instock","17":"sale","18":"shipping-taxable","19":"purchasable","20":"product-type-simple"},"_links":{"self":[{"href":"https:\/\/store2.k-tech-services.com\/eco_aodaingoclan\/wp-json\/wp\/v2\/product\/743","targetHints":{"allow":["GET"]}}],"collection":[{"href":"https:\/\/store2.k-tech-services.com\/eco_aodaingoclan\/wp-json\/wp\/v2\/product"}],"about":[{"href":"https:\/\/store2.k-tech-services.com\/eco_aodaingoclan\/wp-json\/wp\/v2\/types\/product"}],"replies":[{"embeddable":true,"href":"https:\/\/store2.k-tech-services.com\/eco_aodaingoclan\/wp-json\/wp\/v2\/comments?post=743"}],"wp:featuredmedia":[{"embeddable":true,"href":"https:\/\/store2.k-tech-services.com\/eco_aodaingoclan\/wp-json\/wp\/v2\/media\/745"}],"wp:attachment":[{"href":"https:\/\/store2.k-tech-services.com\/eco_aodaingoclan\/wp-json\/wp\/v2\/media?parent=743"}],"wp:term":[{"taxonomy":"product_cat","embeddable":true,"href":"https:\/\/store2.k-tech-services.com\/eco_aodaingoclan\/wp-json\/wp\/v2\/product_cat?post=743"},{"taxonomy":"product_tag","embeddable":true,"href":"https:\/\/store2.k-tech-services.com\/eco_aodaingoclan\/wp-json\/wp\/v2\/product_tag?post=743"}],"curies":[{"name":"wp","href":"https:\/\/api.w.org\/{rel}","templated":true}]}}