
{"id":850,"date":"2024-11-20T23:50:15","date_gmt":"2024-11-20T16:50:15","guid":{"rendered":"https:\/\/aodaingoclan.vn\/?post_type=product&#038;p=850"},"modified":"2024-11-22T12:55:41","modified_gmt":"2024-11-22T05:55:41","slug":"set-ao-dai-cho-be-quan-ao-bom-toc-cho-be","status":"publish","type":"product","link":"https:\/\/store2.k-tech-services.com\/eco_aodaingoclan\/san-pham\/set-ao-dai-cho-be-quan-ao-bom-toc-cho-be\/","title":{"rendered":"Set \u00c1o D\u00e0i Cho B\u00e9 (Qu\u1ea7n , \u00c1o , B\u1eddm t\u00f3c cho b\u00e9)"},"content":{"rendered":"<p><span class=\"text\">???\u0306\u0309?? ??\u0302\u0300? ??\u0302\u0300? ??\u0300, ???\u0306\u0309?? ??\u0302\u0300? \u0111?\u0302? ?? ???\u0302\u0301? ???\u0302? ???? ??\u0306\u0301? ???\u0300 ???\u0323\u0302? \u0111?\u0302\u0300 ???\u0300 ??? &#8212;&#8212;&#8212;&#8212;&#8212;&#8212;&#8212;&#8212;&#8212;&#8212;&#8212;&#8211; ?Ki\u1ec3m tra h\u00e0ng, nh\u1eadn h\u00e0ng m\u1edbi thanh to\u00e1n <\/span><span class=\"emoji-sizer emoji-outer \">?<\/span><span class=\"text\"> SALE CHO C\u00c1C M\u1eb8 3 NG\u00c0Y GI\u1edc L\u00c0 L\u00daC EM SALE CHO B\u00c9 V\u1ec0 DUY NH\u1ea4T 50 SET E SALE L\u1ed6 \u0110\u1ec2 C\u00c1C M\u1eb8 BI\u00caT \u0110\u1ebeN V\u00c0 \u1ee6NG H\u1ed8 SHOP EM <\/span><span class=\"emoji-sizer emoji-outer \">?<\/span><span class=\"emoji-sizer emoji-outer \">?<\/span><span class=\"emoji-sizer emoji-outer \">?<\/span><span class=\"emoji-sizer emoji-outer \">?<\/span><span class=\"emoji-sizer emoji-outer \">?<\/span><span class=\"text\">?199k\/1 set\u2764\ufe0f\u2764\ufe0f\u2764\ufe0f ( Qu\u1ea7n , \u00c1o , B\u1eddm t\u00f3c cho b\u00e9 ) QU\u00c1 \u01af L\u00c0 R\u1eba PH\u1ea2I KH\u00d4NG C\u00c1C M\u1eb8 Nh\u1eadn H\u00e0ng Kh\u00f4ng \u0111\u1eb9p c\u00e1c Ch\u1ecb C\u1ee9 m\u1eafng e e tr\u1ea3 l\u1ea1i ti\u1ec1n x2 \u1ea1 \u260e\ufe0f: <\/span><a class=\"text-is-phone-number\" data-z-element-type=\"phone-number\">0981.325.886<\/a><span class=\"text\"> MS Ng\u1ecdc Lan <\/span><a class=\"text-is-phone-number\" data-z-element-type=\"phone-number\">0961.625.889<\/a><span class=\"text\"> MS Ph\u01b0\u01a1ng Linh add : L\u00f4 TT02 Ph\u1ed1 H\u00e0m Nghi &#8211; M\u1ef9 \u0110\u00ecnh 2 , Nam T\u1eeb Li\u00eam , H\u00e0 N\u1ed9i<\/span><\/p>\n<p><img loading=\"lazy\" decoding=\"async\" class=\"alignnone size-medium wp-image-725\" src=\"https:\/\/aodaingoclan.vn\/wp-content\/uploads\/2024\/11\/z6047085046240_76f8ef4e3ec5bd1bc85863104df4bbb2-214x300.jpg\" alt=\"\" width=\"214\" height=\"300\" srcset=\"https:\/\/store2.k-tech-services.com\/eco_aodaingoclan\/wp-content\/uploads\/2024\/11\/z6047085046240_76f8ef4e3ec5bd1bc85863104df4bbb2-214x300.jpg 214w, https:\/\/store2.k-tech-services.com\/eco_aodaingoclan\/wp-content\/uploads\/2024\/11\/z6047085046240_76f8ef4e3ec5bd1bc85863104df4bbb2-732x1024.jpg 732w, https:\/\/store2.k-tech-services.com\/eco_aodaingoclan\/wp-content\/uploads\/2024\/11\/z6047085046240_76f8ef4e3ec5bd1bc85863104df4bbb2-768x1074.jpg 768w, https:\/\/store2.k-tech-services.com\/eco_aodaingoclan\/wp-content\/uploads\/2024\/11\/z6047085046240_76f8ef4e3ec5bd1bc85863104df4bbb2-300x420.jpg 300w, https:\/\/store2.k-tech-services.com\/eco_aodaingoclan\/wp-content\/uploads\/2024\/11\/z6047085046240_76f8ef4e3ec5bd1bc85863104df4bbb2-520x728.jpg 520w, https:\/\/store2.k-tech-services.com\/eco_aodaingoclan\/wp-content\/uploads\/2024\/11\/z6047085046240_76f8ef4e3ec5bd1bc85863104df4bbb2.jpg 847w\" sizes=\"auto, (max-width: 214px) 100vw, 214px\" \/> <img loading=\"lazy\" decoding=\"async\" class=\"alignnone size-medium wp-image-724\" src=\"https:\/\/aodaingoclan.vn\/wp-content\/uploads\/2024\/11\/z6047085040499_fd7693ec9f1540172e5a0ed332ffd65b-300x300.jpg\" alt=\"\" width=\"300\" height=\"300\" srcset=\"https:\/\/store2.k-tech-services.com\/eco_aodaingoclan\/wp-content\/uploads\/2024\/11\/z6047085040499_fd7693ec9f1540172e5a0ed332ffd65b-300x300.jpg 300w, https:\/\/store2.k-tech-services.com\/eco_aodaingoclan\/wp-content\/uploads\/2024\/11\/z6047085040499_fd7693ec9f1540172e5a0ed332ffd65b-150x150.jpg 150w, https:\/\/store2.k-tech-services.com\/eco_aodaingoclan\/wp-content\/uploads\/2024\/11\/z6047085040499_fd7693ec9f1540172e5a0ed332ffd65b-768x768.jpg 768w, https:\/\/store2.k-tech-services.com\/eco_aodaingoclan\/wp-content\/uploads\/2024\/11\/z6047085040499_fd7693ec9f1540172e5a0ed332ffd65b-520x520.jpg 520w, https:\/\/store2.k-tech-services.com\/eco_aodaingoclan\/wp-content\/uploads\/2024\/11\/z6047085040499_fd7693ec9f1540172e5a0ed332ffd65b-100x100.jpg 100w, https:\/\/store2.k-tech-services.com\/eco_aodaingoclan\/wp-content\/uploads\/2024\/11\/z6047085040499_fd7693ec9f1540172e5a0ed332ffd65b-50x50.jpg 50w, https:\/\/store2.k-tech-services.com\/eco_aodaingoclan\/wp-content\/uploads\/2024\/11\/z6047085040499_fd7693ec9f1540172e5a0ed332ffd65b.jpg 800w\" sizes=\"auto, (max-width: 300px) 100vw, 300px\" \/> <img loading=\"lazy\" decoding=\"async\" class=\"alignnone size-medium wp-image-723\" src=\"https:\/\/aodaingoclan.vn\/wp-content\/uploads\/2024\/11\/z6047085034698_cdeee3125ada7270a85c2f631a011049-241x300.jpg\" alt=\"\" width=\"241\" height=\"300\" srcset=\"https:\/\/store2.k-tech-services.com\/eco_aodaingoclan\/wp-content\/uploads\/2024\/11\/z6047085034698_cdeee3125ada7270a85c2f631a011049-241x300.jpg 241w, https:\/\/store2.k-tech-services.com\/eco_aodaingoclan\/wp-content\/uploads\/2024\/11\/z6047085034698_cdeee3125ada7270a85c2f631a011049-822x1024.jpg 822w, https:\/\/store2.k-tech-services.com\/eco_aodaingoclan\/wp-content\/uploads\/2024\/11\/z6047085034698_cdeee3125ada7270a85c2f631a011049-768x957.jpg 768w, https:\/\/store2.k-tech-services.com\/eco_aodaingoclan\/wp-content\/uploads\/2024\/11\/z6047085034698_cdeee3125ada7270a85c2f631a011049-300x374.jpg 300w, https:\/\/store2.k-tech-services.com\/eco_aodaingoclan\/wp-content\/uploads\/2024\/11\/z6047085034698_cdeee3125ada7270a85c2f631a011049-520x648.jpg 520w, https:\/\/store2.k-tech-services.com\/eco_aodaingoclan\/wp-content\/uploads\/2024\/11\/z6047085034698_cdeee3125ada7270a85c2f631a011049.jpg 1027w\" sizes=\"auto, (max-width: 241px) 100vw, 241px\" \/> <img loading=\"lazy\" decoding=\"async\" class=\"alignnone size-medium wp-image-722\" src=\"https:\/\/aodaingoclan.vn\/wp-content\/uploads\/2024\/11\/z6047085032490_cab4bb8aea4e0bbb85b70225d3013c65-300x300.jpg\" alt=\"\" width=\"300\" height=\"300\" srcset=\"https:\/\/store2.k-tech-services.com\/eco_aodaingoclan\/wp-content\/uploads\/2024\/11\/z6047085032490_cab4bb8aea4e0bbb85b70225d3013c65-300x300.jpg 300w, https:\/\/store2.k-tech-services.com\/eco_aodaingoclan\/wp-content\/uploads\/2024\/11\/z6047085032490_cab4bb8aea4e0bbb85b70225d3013c65-150x150.jpg 150w, https:\/\/store2.k-tech-services.com\/eco_aodaingoclan\/wp-content\/uploads\/2024\/11\/z6047085032490_cab4bb8aea4e0bbb85b70225d3013c65-768x768.jpg 768w, https:\/\/store2.k-tech-services.com\/eco_aodaingoclan\/wp-content\/uploads\/2024\/11\/z6047085032490_cab4bb8aea4e0bbb85b70225d3013c65-520x520.jpg 520w, https:\/\/store2.k-tech-services.com\/eco_aodaingoclan\/wp-content\/uploads\/2024\/11\/z6047085032490_cab4bb8aea4e0bbb85b70225d3013c65-100x100.jpg 100w, https:\/\/store2.k-tech-services.com\/eco_aodaingoclan\/wp-content\/uploads\/2024\/11\/z6047085032490_cab4bb8aea4e0bbb85b70225d3013c65-50x50.jpg 50w, https:\/\/store2.k-tech-services.com\/eco_aodaingoclan\/wp-content\/uploads\/2024\/11\/z6047085032490_cab4bb8aea4e0bbb85b70225d3013c65.jpg 800w\" sizes=\"auto, (max-width: 300px) 100vw, 300px\" \/><\/p>\n","protected":false},"excerpt":{"rendered":"<p>Set \u00c1o D\u00e0i Cho B\u00e9 <span class=\"text\"> (Qu\u1ea7n , \u00c1o , B\u1eddm t\u00f3c cho b\u00e9)<\/span><\/p>\n","protected":false},"featured_media":724,"comment_status":"open","ping_status":"closed","template":"","meta":[],"product_cat":[29],"product_tag":[45,46,47,48,49,50,44],"class_list":{"0":"post-850","1":"product","2":"type-product","3":"status-publish","4":"has-post-thumbnail","6":"product_cat-ao-dai-cho-be-gai","7":"product_tag-45","8":"product_tag-46","9":"product_tag-47","10":"product_tag-48","11":"product_tag-49","12":"product_tag-50","13":"product_tag-44","15":"first","16":"instock","17":"sale","18":"shipping-taxable","19":"purchasable","20":"product-type-simple"},"_links":{"self":[{"href":"https:\/\/store2.k-tech-services.com\/eco_aodaingoclan\/wp-json\/wp\/v2\/product\/850","targetHints":{"allow":["GET"]}}],"collection":[{"href":"https:\/\/store2.k-tech-services.com\/eco_aodaingoclan\/wp-json\/wp\/v2\/product"}],"about":[{"href":"https:\/\/store2.k-tech-services.com\/eco_aodaingoclan\/wp-json\/wp\/v2\/types\/product"}],"replies":[{"embeddable":true,"href":"https:\/\/store2.k-tech-services.com\/eco_aodaingoclan\/wp-json\/wp\/v2\/comments?post=850"}],"wp:featuredmedia":[{"embeddable":true,"href":"https:\/\/store2.k-tech-services.com\/eco_aodaingoclan\/wp-json\/wp\/v2\/media\/724"}],"wp:attachment":[{"href":"https:\/\/store2.k-tech-services.com\/eco_aodaingoclan\/wp-json\/wp\/v2\/media?parent=850"}],"wp:term":[{"taxonomy":"product_cat","embeddable":true,"href":"https:\/\/store2.k-tech-services.com\/eco_aodaingoclan\/wp-json\/wp\/v2\/product_cat?post=850"},{"taxonomy":"product_tag","embeddable":true,"href":"https:\/\/store2.k-tech-services.com\/eco_aodaingoclan\/wp-json\/wp\/v2\/product_tag?post=850"}],"curies":[{"name":"wp","href":"https:\/\/api.w.org\/{rel}","templated":true}]}}