
{"id":861,"date":"2024-11-23T11:44:50","date_gmt":"2024-11-23T04:44:50","guid":{"rendered":"https:\/\/aodaingoclan.vn\/?post_type=product&#038;p=861"},"modified":"2024-12-18T16:20:06","modified_gmt":"2024-12-18T09:20:06","slug":"ao-dai-4-ta","status":"publish","type":"product","link":"https:\/\/store2.k-tech-services.com\/eco_aodaingoclan\/san-pham\/ao-dai-4-ta\/","title":{"rendered":"\u00c1o D\u00e0i 4 T\u00e0"},"content":{"rendered":"<p><img loading=\"lazy\" decoding=\"async\" class=\"alignnone size-medium wp-image-864\" src=\"https:\/\/aodaingoclan.vn\/wp-content\/uploads\/2024\/11\/z6061032487998_a57fb21fc1aebc3bd777ac67ba7572b4-300x300.jpg\" alt=\"\" width=\"300\" height=\"300\" srcset=\"https:\/\/store2.k-tech-services.com\/eco_aodaingoclan\/wp-content\/uploads\/2024\/11\/z6061032487998_a57fb21fc1aebc3bd777ac67ba7572b4-300x300.jpg 300w, https:\/\/store2.k-tech-services.com\/eco_aodaingoclan\/wp-content\/uploads\/2024\/11\/z6061032487998_a57fb21fc1aebc3bd777ac67ba7572b4-1024x1024.jpg 1024w, https:\/\/store2.k-tech-services.com\/eco_aodaingoclan\/wp-content\/uploads\/2024\/11\/z6061032487998_a57fb21fc1aebc3bd777ac67ba7572b4-150x150.jpg 150w, https:\/\/store2.k-tech-services.com\/eco_aodaingoclan\/wp-content\/uploads\/2024\/11\/z6061032487998_a57fb21fc1aebc3bd777ac67ba7572b4-768x768.jpg 768w, https:\/\/store2.k-tech-services.com\/eco_aodaingoclan\/wp-content\/uploads\/2024\/11\/z6061032487998_a57fb21fc1aebc3bd777ac67ba7572b4-520x520.jpg 520w, https:\/\/store2.k-tech-services.com\/eco_aodaingoclan\/wp-content\/uploads\/2024\/11\/z6061032487998_a57fb21fc1aebc3bd777ac67ba7572b4-100x100.jpg 100w, https:\/\/store2.k-tech-services.com\/eco_aodaingoclan\/wp-content\/uploads\/2024\/11\/z6061032487998_a57fb21fc1aebc3bd777ac67ba7572b4-50x50.jpg 50w, https:\/\/store2.k-tech-services.com\/eco_aodaingoclan\/wp-content\/uploads\/2024\/11\/z6061032487998_a57fb21fc1aebc3bd777ac67ba7572b4.jpg 1280w\" sizes=\"auto, (max-width: 300px) 100vw, 300px\" \/> <img loading=\"lazy\" decoding=\"async\" class=\"alignnone size-medium wp-image-863\" src=\"https:\/\/aodaingoclan.vn\/wp-content\/uploads\/2024\/11\/z6061032485299_8391556c8f91ffa20592f77a5f54a2f0-300x300.jpg\" alt=\"\" width=\"300\" height=\"300\" srcset=\"https:\/\/store2.k-tech-services.com\/eco_aodaingoclan\/wp-content\/uploads\/2024\/11\/z6061032485299_8391556c8f91ffa20592f77a5f54a2f0-300x300.jpg 300w, https:\/\/store2.k-tech-services.com\/eco_aodaingoclan\/wp-content\/uploads\/2024\/11\/z6061032485299_8391556c8f91ffa20592f77a5f54a2f0-1024x1024.jpg 1024w, https:\/\/store2.k-tech-services.com\/eco_aodaingoclan\/wp-content\/uploads\/2024\/11\/z6061032485299_8391556c8f91ffa20592f77a5f54a2f0-150x150.jpg 150w, https:\/\/store2.k-tech-services.com\/eco_aodaingoclan\/wp-content\/uploads\/2024\/11\/z6061032485299_8391556c8f91ffa20592f77a5f54a2f0-768x768.jpg 768w, https:\/\/store2.k-tech-services.com\/eco_aodaingoclan\/wp-content\/uploads\/2024\/11\/z6061032485299_8391556c8f91ffa20592f77a5f54a2f0-520x520.jpg 520w, https:\/\/store2.k-tech-services.com\/eco_aodaingoclan\/wp-content\/uploads\/2024\/11\/z6061032485299_8391556c8f91ffa20592f77a5f54a2f0-100x100.jpg 100w, https:\/\/store2.k-tech-services.com\/eco_aodaingoclan\/wp-content\/uploads\/2024\/11\/z6061032485299_8391556c8f91ffa20592f77a5f54a2f0-50x50.jpg 50w, https:\/\/store2.k-tech-services.com\/eco_aodaingoclan\/wp-content\/uploads\/2024\/11\/z6061032485299_8391556c8f91ffa20592f77a5f54a2f0.jpg 1280w\" sizes=\"auto, (max-width: 300px) 100vw, 300px\" \/> <img loading=\"lazy\" decoding=\"async\" class=\"alignnone size-medium wp-image-862\" src=\"https:\/\/aodaingoclan.vn\/wp-content\/uploads\/2024\/11\/z6061032482961_cbd6bf58b6eaa6378b78b8c7dbc15e53-225x300.jpg\" alt=\"\" width=\"225\" height=\"300\" srcset=\"https:\/\/store2.k-tech-services.com\/eco_aodaingoclan\/wp-content\/uploads\/2024\/11\/z6061032482961_cbd6bf58b6eaa6378b78b8c7dbc15e53-225x300.jpg 225w, https:\/\/store2.k-tech-services.com\/eco_aodaingoclan\/wp-content\/uploads\/2024\/11\/z6061032482961_cbd6bf58b6eaa6378b78b8c7dbc15e53-768x1024.jpg 768w, https:\/\/store2.k-tech-services.com\/eco_aodaingoclan\/wp-content\/uploads\/2024\/11\/z6061032482961_cbd6bf58b6eaa6378b78b8c7dbc15e53-300x400.jpg 300w, https:\/\/store2.k-tech-services.com\/eco_aodaingoclan\/wp-content\/uploads\/2024\/11\/z6061032482961_cbd6bf58b6eaa6378b78b8c7dbc15e53-520x693.jpg 520w, https:\/\/store2.k-tech-services.com\/eco_aodaingoclan\/wp-content\/uploads\/2024\/11\/z6061032482961_cbd6bf58b6eaa6378b78b8c7dbc15e53.jpg 960w\" sizes=\"auto, (max-width: 225px) 100vw, 225px\" \/><\/p>\n<p>\u2728 \u00c1o D\u00e0i 4 T\u00e0 &#8211; \u0110\u1ec9nh cao th\u1eddi trang, t\u00f4n vinh v\u1ebb \u0111\u1eb9p ph\u00e1i n\u1eef! \u2764\ufe0f\u2764\ufe0f\u2764\ufe0f<\/p>\n<p>? Thi\u1ebft k\u1ebf: 4 t\u00e0 \u0111\u1ed9c \u0111\u00e1o, mang h\u01a1i th\u1edf c\u00e1ch t\u00e2n \u0111\u1ea7y tinh t\u1ebf.<br \/>\n? Tay \u0111\u00ednh l\u00f4ng v\u0169 tr\u1eafng: \u0110i\u1ec3m nh\u1ea5n nh\u1eb9 nh\u00e0ng, ki\u00eau sa, t\u1ea1o n\u00ean n\u00e9t \u0111\u1eb9p kh\u00e1c bi\u1ec7t.<br \/>\n? K\u00e8m qu\u1ea7n \u0111\u1ed3ng b\u1ed9 cao c\u1ea5p: Ho\u00e0n thi\u1ec7n t\u1ed5ng th\u1ec3 thanh l\u1ecbch v\u00e0 \u0111\u1eb3ng c\u1ea5p.<br \/>\n\u25aa\ufe0f Size S,M,L;<br \/>\n?Ch\u1ec9 c\u00f2n v\u00e0i b\u1ed9 duy nh\u1ea5t! \u0110\u1eb7t h\u00e0ng ngay h\u00f4m nay \u0111\u1ec3 nh\u1eadn \u01b0u \u0111\u00e3i \u0111\u1eb7c bi\u1ec7t!<br \/>\n\u2014\u2014\u2014\u2014\u2014\u2014\u2014\u2014\u2014<br \/>\n\u25aa\ufe0f \u0110\u1ed5i tr\u1ea3 d\u1ec5 d\u00e0ng;<br \/>\n\u25aa\ufe0f Cam k\u1ebft s\u1ea3n ph\u1ea9m nh\u01b0 m\u1eabu;<br \/>\n\u25aa\ufe0f Ki\u1ec3m tra tho\u1ea3i m\u00e1i tr\u01b0\u1edbc khi nh\u1eadn h\u00e0ng;<br \/>\n\u2014\u2014\u2014 ?????? ??? ???????? \u2014\u2014\u2014<\/p>\n<p>\u260e\ufe0f: 0981.325.886 MS Ng\u1ecdc Lan<br \/>\n0961.625.889 MS Ph\u01b0\u01a1ng Linh<br \/>\nadd : L\u00f4 TT02 Ph\u1ed1 H\u00e0m Nghi &#8211; M\u1ef9 \u0110\u00ecnh 2 , Nam T\u1eeb Li\u00eam , H\u00e0 N\u1ed9i<\/p>\n","protected":false},"excerpt":{"rendered":"<p>\u00c1o D\u00e0i 4 T\u00e0<\/p>\n","protected":false},"featured_media":862,"comment_status":"open","ping_status":"closed","template":"","meta":[],"product_cat":[23,32],"product_tag":[],"class_list":{"0":"post-861","1":"product","2":"type-product","3":"status-publish","4":"has-post-thumbnail","6":"product_cat-ao-dai-an-tuong","7":"product_cat-ao-dai-nu-ngoc-lan","9":"first","10":"instock","11":"sale","12":"shipping-taxable","13":"purchasable","14":"product-type-simple"},"_links":{"self":[{"href":"https:\/\/store2.k-tech-services.com\/eco_aodaingoclan\/wp-json\/wp\/v2\/product\/861","targetHints":{"allow":["GET"]}}],"collection":[{"href":"https:\/\/store2.k-tech-services.com\/eco_aodaingoclan\/wp-json\/wp\/v2\/product"}],"about":[{"href":"https:\/\/store2.k-tech-services.com\/eco_aodaingoclan\/wp-json\/wp\/v2\/types\/product"}],"replies":[{"embeddable":true,"href":"https:\/\/store2.k-tech-services.com\/eco_aodaingoclan\/wp-json\/wp\/v2\/comments?post=861"}],"wp:featuredmedia":[{"embeddable":true,"href":"https:\/\/store2.k-tech-services.com\/eco_aodaingoclan\/wp-json\/wp\/v2\/media\/862"}],"wp:attachment":[{"href":"https:\/\/store2.k-tech-services.com\/eco_aodaingoclan\/wp-json\/wp\/v2\/media?parent=861"}],"wp:term":[{"taxonomy":"product_cat","embeddable":true,"href":"https:\/\/store2.k-tech-services.com\/eco_aodaingoclan\/wp-json\/wp\/v2\/product_cat?post=861"},{"taxonomy":"product_tag","embeddable":true,"href":"https:\/\/store2.k-tech-services.com\/eco_aodaingoclan\/wp-json\/wp\/v2\/product_tag?post=861"}],"curies":[{"name":"wp","href":"https:\/\/api.w.org\/{rel}","templated":true}]}}