
{"id":868,"date":"2024-11-23T11:58:08","date_gmt":"2024-11-23T04:58:08","guid":{"rendered":"https:\/\/aodaingoclan.vn\/?post_type=product&#038;p=868"},"modified":"2024-12-18T16:18:53","modified_gmt":"2024-12-18T09:18:53","slug":"set-to-lua-in-5d-dinh-da-cao-cap","status":"publish","type":"product","link":"https:\/\/store2.k-tech-services.com\/eco_aodaingoclan\/san-pham\/set-to-lua-in-5d-dinh-da-cao-cap\/","title":{"rendered":"Set T\u01a1 L\u1ee5a in 5D \u0111\u00ednh \u0111\u00e1 Cao C\u1ea5p"},"content":{"rendered":"<p>&nbsp;<\/p>\n<p>Set T\u01a1 L\u1ee5a in 5D \u0111\u00ednh \u0111\u00e1 Cao C\u1ea5p<\/p>\n<p><img loading=\"lazy\" decoding=\"async\" class=\"alignnone size-medium wp-image-874\" src=\"https:\/\/aodaingoclan.vn\/wp-content\/uploads\/2024\/11\/z6061041221856_acb43bc0c4a59b4984c2a34842a973a6-210x300.jpg\" alt=\"\" width=\"210\" height=\"300\" srcset=\"https:\/\/store2.k-tech-services.com\/eco_aodaingoclan\/wp-content\/uploads\/2024\/11\/z6061041221856_acb43bc0c4a59b4984c2a34842a973a6-210x300.jpg 210w, https:\/\/store2.k-tech-services.com\/eco_aodaingoclan\/wp-content\/uploads\/2024\/11\/z6061041221856_acb43bc0c4a59b4984c2a34842a973a6-300x429.jpg 300w, https:\/\/store2.k-tech-services.com\/eco_aodaingoclan\/wp-content\/uploads\/2024\/11\/z6061041221856_acb43bc0c4a59b4984c2a34842a973a6-520x743.jpg 520w, https:\/\/store2.k-tech-services.com\/eco_aodaingoclan\/wp-content\/uploads\/2024\/11\/z6061041221856_acb43bc0c4a59b4984c2a34842a973a6.jpg 672w\" sizes=\"auto, (max-width: 210px) 100vw, 210px\" \/> <img loading=\"lazy\" decoding=\"async\" class=\"alignnone size-medium wp-image-873\" src=\"https:\/\/aodaingoclan.vn\/wp-content\/uploads\/2024\/11\/z6061041218454_74b6e305248685bb0b453563fa4267f2-225x300.jpg\" alt=\"\" width=\"225\" height=\"300\" srcset=\"https:\/\/store2.k-tech-services.com\/eco_aodaingoclan\/wp-content\/uploads\/2024\/11\/z6061041218454_74b6e305248685bb0b453563fa4267f2-225x300.jpg 225w, https:\/\/store2.k-tech-services.com\/eco_aodaingoclan\/wp-content\/uploads\/2024\/11\/z6061041218454_74b6e305248685bb0b453563fa4267f2-300x400.jpg 300w, https:\/\/store2.k-tech-services.com\/eco_aodaingoclan\/wp-content\/uploads\/2024\/11\/z6061041218454_74b6e305248685bb0b453563fa4267f2-520x693.jpg 520w, https:\/\/store2.k-tech-services.com\/eco_aodaingoclan\/wp-content\/uploads\/2024\/11\/z6061041218454_74b6e305248685bb0b453563fa4267f2.jpg 720w\" sizes=\"auto, (max-width: 225px) 100vw, 225px\" \/> <img loading=\"lazy\" decoding=\"async\" class=\"alignnone size-medium wp-image-872\" src=\"https:\/\/aodaingoclan.vn\/wp-content\/uploads\/2024\/11\/z6061041205134_e7c50ce404b6957434bb4817ee5a2be4-200x300.jpg\" alt=\"\" width=\"200\" height=\"300\" srcset=\"https:\/\/store2.k-tech-services.com\/eco_aodaingoclan\/wp-content\/uploads\/2024\/11\/z6061041205134_e7c50ce404b6957434bb4817ee5a2be4-200x300.jpg 200w, https:\/\/store2.k-tech-services.com\/eco_aodaingoclan\/wp-content\/uploads\/2024\/11\/z6061041205134_e7c50ce404b6957434bb4817ee5a2be4-682x1024.jpg 682w, https:\/\/store2.k-tech-services.com\/eco_aodaingoclan\/wp-content\/uploads\/2024\/11\/z6061041205134_e7c50ce404b6957434bb4817ee5a2be4-768x1154.jpg 768w, https:\/\/store2.k-tech-services.com\/eco_aodaingoclan\/wp-content\/uploads\/2024\/11\/z6061041205134_e7c50ce404b6957434bb4817ee5a2be4-300x451.jpg 300w, https:\/\/store2.k-tech-services.com\/eco_aodaingoclan\/wp-content\/uploads\/2024\/11\/z6061041205134_e7c50ce404b6957434bb4817ee5a2be4-520x781.jpg 520w, https:\/\/store2.k-tech-services.com\/eco_aodaingoclan\/wp-content\/uploads\/2024\/11\/z6061041205134_e7c50ce404b6957434bb4817ee5a2be4.jpg 852w\" sizes=\"auto, (max-width: 200px) 100vw, 200px\" \/><\/p>\n<p><img loading=\"lazy\" decoding=\"async\" class=\"alignnone size-medium wp-image-871\" src=\"https:\/\/aodaingoclan.vn\/wp-content\/uploads\/2024\/11\/z6061041202253_36d3cc5a5d36e24e2faab6054124e078-200x300.jpg\" alt=\"\" width=\"200\" height=\"300\" srcset=\"https:\/\/store2.k-tech-services.com\/eco_aodaingoclan\/wp-content\/uploads\/2024\/11\/z6061041202253_36d3cc5a5d36e24e2faab6054124e078-200x300.jpg 200w, https:\/\/store2.k-tech-services.com\/eco_aodaingoclan\/wp-content\/uploads\/2024\/11\/z6061041202253_36d3cc5a5d36e24e2faab6054124e078-682x1024.jpg 682w, https:\/\/store2.k-tech-services.com\/eco_aodaingoclan\/wp-content\/uploads\/2024\/11\/z6061041202253_36d3cc5a5d36e24e2faab6054124e078-768x1154.jpg 768w, https:\/\/store2.k-tech-services.com\/eco_aodaingoclan\/wp-content\/uploads\/2024\/11\/z6061041202253_36d3cc5a5d36e24e2faab6054124e078-300x451.jpg 300w, https:\/\/store2.k-tech-services.com\/eco_aodaingoclan\/wp-content\/uploads\/2024\/11\/z6061041202253_36d3cc5a5d36e24e2faab6054124e078-520x781.jpg 520w, https:\/\/store2.k-tech-services.com\/eco_aodaingoclan\/wp-content\/uploads\/2024\/11\/z6061041202253_36d3cc5a5d36e24e2faab6054124e078.jpg 852w\" sizes=\"auto, (max-width: 200px) 100vw, 200px\" \/> <img loading=\"lazy\" decoding=\"async\" class=\"alignnone size-medium wp-image-870\" src=\"https:\/\/aodaingoclan.vn\/wp-content\/uploads\/2024\/11\/z6061041201989_66ce9d150abf4c154c35a647efe093bc-200x300.jpg\" alt=\"\" width=\"200\" height=\"300\" srcset=\"https:\/\/store2.k-tech-services.com\/eco_aodaingoclan\/wp-content\/uploads\/2024\/11\/z6061041201989_66ce9d150abf4c154c35a647efe093bc-200x300.jpg 200w, https:\/\/store2.k-tech-services.com\/eco_aodaingoclan\/wp-content\/uploads\/2024\/11\/z6061041201989_66ce9d150abf4c154c35a647efe093bc-682x1024.jpg 682w, https:\/\/store2.k-tech-services.com\/eco_aodaingoclan\/wp-content\/uploads\/2024\/11\/z6061041201989_66ce9d150abf4c154c35a647efe093bc-768x1154.jpg 768w, https:\/\/store2.k-tech-services.com\/eco_aodaingoclan\/wp-content\/uploads\/2024\/11\/z6061041201989_66ce9d150abf4c154c35a647efe093bc-300x451.jpg 300w, https:\/\/store2.k-tech-services.com\/eco_aodaingoclan\/wp-content\/uploads\/2024\/11\/z6061041201989_66ce9d150abf4c154c35a647efe093bc-520x781.jpg 520w, https:\/\/store2.k-tech-services.com\/eco_aodaingoclan\/wp-content\/uploads\/2024\/11\/z6061041201989_66ce9d150abf4c154c35a647efe093bc.jpg 852w\" sizes=\"auto, (max-width: 200px) 100vw, 200px\" \/> <img loading=\"lazy\" decoding=\"async\" class=\"alignnone size-medium wp-image-869\" src=\"https:\/\/aodaingoclan.vn\/wp-content\/uploads\/2024\/11\/z6061041199186_36b319a7a6b1fc6bc065c296d47bed5f-191x300.jpg\" alt=\"\" width=\"191\" height=\"300\" srcset=\"https:\/\/store2.k-tech-services.com\/eco_aodaingoclan\/wp-content\/uploads\/2024\/11\/z6061041199186_36b319a7a6b1fc6bc065c296d47bed5f-191x300.jpg 191w, https:\/\/store2.k-tech-services.com\/eco_aodaingoclan\/wp-content\/uploads\/2024\/11\/z6061041199186_36b319a7a6b1fc6bc065c296d47bed5f-653x1024.jpg 653w, https:\/\/store2.k-tech-services.com\/eco_aodaingoclan\/wp-content\/uploads\/2024\/11\/z6061041199186_36b319a7a6b1fc6bc065c296d47bed5f-768x1205.jpg 768w, https:\/\/store2.k-tech-services.com\/eco_aodaingoclan\/wp-content\/uploads\/2024\/11\/z6061041199186_36b319a7a6b1fc6bc065c296d47bed5f-300x471.jpg 300w, https:\/\/store2.k-tech-services.com\/eco_aodaingoclan\/wp-content\/uploads\/2024\/11\/z6061041199186_36b319a7a6b1fc6bc065c296d47bed5f-520x816.jpg 520w, https:\/\/store2.k-tech-services.com\/eco_aodaingoclan\/wp-content\/uploads\/2024\/11\/z6061041199186_36b319a7a6b1fc6bc065c296d47bed5f.jpg 816w\" sizes=\"auto, (max-width: 191px) 100vw, 191px\" \/><\/p>\n","protected":false},"excerpt":{"rendered":"<p>Set T\u01a1 L\u1ee5a in 5D \u0111\u00ednh \u0111\u00e1 Cao C\u1ea5p<\/p>\n","protected":false},"featured_media":871,"comment_status":"open","ping_status":"closed","template":"","meta":[],"product_cat":[16],"product_tag":[],"class_list":{"0":"post-868","1":"product","2":"type-product","3":"status-publish","4":"has-post-thumbnail","6":"product_cat-ao-dai-ba-sui-cach-tan","8":"first","9":"instock","10":"sale","11":"shipping-taxable","12":"purchasable","13":"product-type-simple"},"_links":{"self":[{"href":"https:\/\/store2.k-tech-services.com\/eco_aodaingoclan\/wp-json\/wp\/v2\/product\/868","targetHints":{"allow":["GET"]}}],"collection":[{"href":"https:\/\/store2.k-tech-services.com\/eco_aodaingoclan\/wp-json\/wp\/v2\/product"}],"about":[{"href":"https:\/\/store2.k-tech-services.com\/eco_aodaingoclan\/wp-json\/wp\/v2\/types\/product"}],"replies":[{"embeddable":true,"href":"https:\/\/store2.k-tech-services.com\/eco_aodaingoclan\/wp-json\/wp\/v2\/comments?post=868"}],"wp:featuredmedia":[{"embeddable":true,"href":"https:\/\/store2.k-tech-services.com\/eco_aodaingoclan\/wp-json\/wp\/v2\/media\/871"}],"wp:attachment":[{"href":"https:\/\/store2.k-tech-services.com\/eco_aodaingoclan\/wp-json\/wp\/v2\/media?parent=868"}],"wp:term":[{"taxonomy":"product_cat","embeddable":true,"href":"https:\/\/store2.k-tech-services.com\/eco_aodaingoclan\/wp-json\/wp\/v2\/product_cat?post=868"},{"taxonomy":"product_tag","embeddable":true,"href":"https:\/\/store2.k-tech-services.com\/eco_aodaingoclan\/wp-json\/wp\/v2\/product_tag?post=868"}],"curies":[{"name":"wp","href":"https:\/\/api.w.org\/{rel}","templated":true}]}}