
{"id":33,"date":"2024-11-06T03:55:48","date_gmt":"2024-11-06T03:55:48","guid":{"rendered":"http:\/\/localhost:8080\/lehosen\/?page_id=33"},"modified":"2024-11-08T06:36:38","modified_gmt":"2024-11-08T06:36:38","slug":"gioi-thieu","status":"publish","type":"page","link":"https:\/\/store2.k-tech-services.com\/eco_lehoasen\/gioi-thieu\/","title":{"rendered":"Gi\u1edbi thi\u1ec7u"},"content":{"rendered":"\n\t<section class=\"section\" id=\"section_624180222\">\n\t\t<div class=\"section-bg fill\" >\n\t\t\t\t\t\t\t\t\t\n\t\t\t\n\n\t\t<\/div>\n\n\t\t\n\n\t\t<div class=\"section-content relative\">\n\t\t\t\n<div class=\"row\"  id=\"row-1266625020\">\n\n\t<div id=\"col-507097018\" class=\"col small-12 large-12\"  >\n\t\t\t\t<div class=\"col-inner\"  >\n\t\t\t\n\t\t\t\n\t<div id=\"text-248379603\" class=\"text title-main\">\n\t\t\n<p>Gi\u1edbi thi\u1ec7u<\/p>\n\t\t\n<style>\n#text-248379603 {\n  text-align: center;\n  color: #ff0909;\n}\n#text-248379603 > * {\n  color: #ff0909;\n}\n<\/style>\n\t<\/div>\n\t\n<div class=\"row row-small\"  id=\"row-1210932930\">\n\n\t<div id=\"col-1949689544\" class=\"col medium-6 small-12 large-6\"  >\n\t\t\t\t<div class=\"col-inner\" style=\"background-color:rgb(237, 51, 56);\" >\n\t\t\t\n\t\t\t\n\t<div class=\"img has-hover x md-x lg-x y md-y lg-y\" id=\"image_629499875\">\n\t\t\t\t\t\t\t\t<div class=\"img-inner image-zoom dark\" >\n\t\t\t<img loading=\"lazy\" decoding=\"async\" width=\"1700\" height=\"2200\" src=\"https:\/\/store2.k-tech-services.com\/eco_lehoasen\/wp-content\/uploads\/2024\/11\/TIN-2024.jpg\" class=\"attachment-original size-original\" alt=\"\" srcset=\"https:\/\/store2.k-tech-services.com\/eco_lehoasen\/wp-content\/uploads\/2024\/11\/TIN-2024.jpg 1700w, https:\/\/store2.k-tech-services.com\/eco_lehoasen\/wp-content\/uploads\/2024\/11\/TIN-2024-232x300.jpg 232w, https:\/\/store2.k-tech-services.com\/eco_lehoasen\/wp-content\/uploads\/2024\/11\/TIN-2024-791x1024.jpg 791w, https:\/\/store2.k-tech-services.com\/eco_lehoasen\/wp-content\/uploads\/2024\/11\/TIN-2024-768x994.jpg 768w, https:\/\/store2.k-tech-services.com\/eco_lehoasen\/wp-content\/uploads\/2024\/11\/TIN-2024-1187x1536.jpg 1187w, https:\/\/store2.k-tech-services.com\/eco_lehoasen\/wp-content\/uploads\/2024\/11\/TIN-2024-1583x2048.jpg 1583w, https:\/\/store2.k-tech-services.com\/eco_lehoasen\/wp-content\/uploads\/2024\/11\/TIN-2024-600x776.jpg 600w\" sizes=\"auto, (max-width: 1700px) 100vw, 1700px\" \/>\t\t\t\t\t\t\n\t\t\t\t\t<\/div>\n\t\t\t\t\t\t\t\t\n<style>\n#image_629499875 {\n  width: 100%;\n}\n<\/style>\n\t<\/div>\n\t\n\t\t<\/div>\n\t\t\t\t\n<style>\n#col-1949689544 > .col-inner {\n  padding: 1px 1px 1px 1px;\n}\n<\/style>\n\t<\/div>\n\n\t\n\n\t<div id=\"col-1592209184\" class=\"col medium-6 small-12 large-6\"  >\n\t\t\t\t<div class=\"col-inner\" style=\"background-color:#ff0909;\" >\n\t\t\t\n\t\t\t\n\t<div class=\"img has-hover x md-x lg-x y md-y lg-y\" id=\"image_257114170\">\n\t\t\t\t\t\t\t\t<div class=\"img-inner image-zoom dark\" >\n\t\t\t<img loading=\"lazy\" decoding=\"async\" width=\"1700\" height=\"2200\" src=\"https:\/\/store2.k-tech-services.com\/eco_lehoasen\/wp-content\/uploads\/2024\/11\/TIN-CBTBUN.jpg\" class=\"attachment-original size-original\" alt=\"\" srcset=\"https:\/\/store2.k-tech-services.com\/eco_lehoasen\/wp-content\/uploads\/2024\/11\/TIN-CBTBUN.jpg 1700w, https:\/\/store2.k-tech-services.com\/eco_lehoasen\/wp-content\/uploads\/2024\/11\/TIN-CBTBUN-232x300.jpg 232w, https:\/\/store2.k-tech-services.com\/eco_lehoasen\/wp-content\/uploads\/2024\/11\/TIN-CBTBUN-791x1024.jpg 791w, https:\/\/store2.k-tech-services.com\/eco_lehoasen\/wp-content\/uploads\/2024\/11\/TIN-CBTBUN-768x994.jpg 768w, https:\/\/store2.k-tech-services.com\/eco_lehoasen\/wp-content\/uploads\/2024\/11\/TIN-CBTBUN-1187x1536.jpg 1187w, https:\/\/store2.k-tech-services.com\/eco_lehoasen\/wp-content\/uploads\/2024\/11\/TIN-CBTBUN-1583x2048.jpg 1583w, https:\/\/store2.k-tech-services.com\/eco_lehoasen\/wp-content\/uploads\/2024\/11\/TIN-CBTBUN-600x776.jpg 600w\" sizes=\"auto, (max-width: 1700px) 100vw, 1700px\" \/>\t\t\t\t\t\t\n\t\t\t\t\t<\/div>\n\t\t\t\t\t\t\t\t\n<style>\n#image_257114170 {\n  width: 100%;\n}\n<\/style>\n\t<\/div>\n\t\n\t\t<\/div>\n\t\t\t\t\n<style>\n#col-1592209184 > .col-inner {\n  padding: 1px 1px 1px 1px;\n}\n<\/style>\n\t<\/div>\n\n\t\n<\/div>\n\t<div id=\"text-3163898890\" class=\"text\">\n\t\t\n<p>Hi\u1ec7n nay, CTY L\u00ca HOA SEN Ch\u00fang T\u00f4i ho\u1ea1t \u0111\u1ed9ng kinh doanh cung c\u1ea5p c\u00e1c s\u1ea3n ph\u1ea9m nh\u01b0:<\/p>\n<p>\u2022 Ch\u1ea5t t\u1ea1o ng\u1ecdt<\/p>\n<p>\u2022 Ch\u1ea5t t\u0103ng \u0111\u1ea1m<\/p>\n<p>\u2022 Ch\u1ea5t ph\u1ee5 gia<\/p>\n<p>\u2022 B\u1ed9t m\u00e0u th\u1ef1c ph\u1ea9m<\/p>\n<p>\u2022 C\u00e1c lo\u1ea1i h\u01b0\u01a1ng (th\u1ef1c ph\u1ea9m, d\u01b0\u1ee3c ph\u1ea9m, m\u1ef9 ph\u1ea9m\u2026)<\/p>\n<p>\u2022 B\u1ed9t s\u1eefa<\/p>\n<p>T\u1eeb n\u1ed7 l\u1ef1c v\u01b0\u01a1n l\u00ean c\u1ee7a ch\u00ednh m\u00ecnh v\u00e0 s\u1ef1 t\u00edn nhi\u1ec7m t\u1eeb Qu\u00fd kh\u00e1ch h\u00e0ng s\u1ebd gi\u00fap THI\u00caN KIM tr\u1edf th\u00e0nh m\u1ed9t trong nh\u1eefng \u0111\u01a1n v\u1ecb v\u1eefng m\u1ea1nh.\u00a0<\/p>\n<p>\u0110\u1ec3 bi\u1ebft th\u00eam chi ti\u1ebft v\u1ec1 s\u1ea3n ph\u1ea9m v\u00e0 b\u00e1o gi\u00e1, Qu\u00fd kh\u00e1ch h\u00e0ng vui l\u00f2ng li\u00ean l\u1ea1c v\u1edbi ch\u00fang t\u00f4i.<\/p>\n<p>Xin ch\u00e2n th\u00e0nh c\u1ea3m \u01a1n s\u1ef1 quan t\u00e2m v\u00e0 h\u1ee3p t\u00e1c c\u1ee7a Qu\u00fd kh\u00e1ch h\u00e0ng!<\/p>\n\t\t\n<style>\n#text-3163898890 {\n  font-size: 1.1rem;\n  line-height: 1.45;\n  text-align: left;\n}\n<\/style>\n\t<\/div>\n\t\n\t\t<\/div>\n\t\t\t\t\t<\/div>\n\n\t\n<\/div>\n\t\t<\/div>\n\n\t\t\n<style>\n#section_624180222 {\n  padding-top: 10px;\n  padding-bottom: 10px;\n}\n<\/style>\n\t<\/section>\n\t\n","protected":false},"excerpt":{"rendered":"","protected":false},"author":1,"featured_media":0,"parent":0,"menu_order":0,"comment_status":"closed","ping_status":"closed","template":"page-blank.php","meta":{"footnotes":""},"class_list":["post-33","page","type-page","status-publish","hentry"],"_links":{"self":[{"href":"https:\/\/store2.k-tech-services.com\/eco_lehoasen\/wp-json\/wp\/v2\/pages\/33","targetHints":{"allow":["GET"]}}],"collection":[{"href":"https:\/\/store2.k-tech-services.com\/eco_lehoasen\/wp-json\/wp\/v2\/pages"}],"about":[{"href":"https:\/\/store2.k-tech-services.com\/eco_lehoasen\/wp-json\/wp\/v2\/types\/page"}],"author":[{"embeddable":true,"href":"https:\/\/store2.k-tech-services.com\/eco_lehoasen\/wp-json\/wp\/v2\/users\/1"}],"replies":[{"embeddable":true,"href":"https:\/\/store2.k-tech-services.com\/eco_lehoasen\/wp-json\/wp\/v2\/comments?post=33"}],"version-history":[{"count":11,"href":"https:\/\/store2.k-tech-services.com\/eco_lehoasen\/wp-json\/wp\/v2\/pages\/33\/revisions"}],"predecessor-version":[{"id":417,"href":"https:\/\/store2.k-tech-services.com\/eco_lehoasen\/wp-json\/wp\/v2\/pages\/33\/revisions\/417"}],"wp:attachment":[{"href":"https:\/\/store2.k-tech-services.com\/eco_lehoasen\/wp-json\/wp\/v2\/media?parent=33"}],"curies":[{"name":"wp","href":"https:\/\/api.w.org\/{rel}","templated":true}]}}