
{"id":37,"date":"2024-11-06T03:56:18","date_gmt":"2024-11-06T03:56:18","guid":{"rendered":"http:\/\/localhost:8080\/lehosen\/?page_id=37"},"modified":"2024-11-07T04:52:07","modified_gmt":"2024-11-07T04:52:07","slug":"ho-tro","status":"publish","type":"page","link":"https:\/\/store2.k-tech-services.com\/eco_lehoasen\/ho-tro\/","title":{"rendered":"H\u1ed7 tr\u1ee3"},"content":{"rendered":"\n\t<section class=\"section\" id=\"section_1634823252\">\n\t\t<div class=\"section-bg fill\" >\n\t\t\t\t\t\t\t\t\t\n\t\t\t\n\n\t\t<\/div>\n\n\t\t\n\n\t\t<div class=\"section-content relative\">\n\t\t\t\n<div class=\"row\"  id=\"row-99108080\">\n\n\t<div id=\"col-445635928\" class=\"col small-12 large-12\"  >\n\t\t\t\t<div class=\"col-inner\"  >\n\t\t\t\n\t\t\t\n\t<div id=\"text-957986825\" class=\"text title-main\">\n\t\t\n<p>H\u1ed7 tr\u1ee3<\/p>\n\t\t\n<style>\n#text-957986825 {\n  text-align: center;\n}\n<\/style>\n\t<\/div>\n\t\n\n  \n    <div class=\"row large-columns-2 medium-columns-1 small-columns-1 slider row-slider slider-nav-reveal slider-nav-push\"  data-flickity-options='{&quot;imagesLoaded&quot;: true, &quot;groupCells&quot;: &quot;100%&quot;, &quot;dragThreshold&quot; : 5, &quot;cellAlign&quot;: &quot;left&quot;,&quot;wrapAround&quot;: true,&quot;prevNextButtons&quot;: true,&quot;percentPosition&quot;: true,&quot;pageDots&quot;: false, &quot;rightToLeft&quot;: false, &quot;autoPlay&quot; : false}' >\n\n  <div class=\"col post-item\" >\n\t\t\t<div class=\"col-inner\">\n\t\t\t\t<div class=\"box box-normal box-text-bottom box-blog-post has-hover\">\n          \t\t\t\t\t<div class=\"box-text text-center\" >\n\t\t\t\t\t<div class=\"box-text-inner blog-post-inner\">\n\n\t\t\t\t\t\n\t\t\t\t\t\t\t\t\t\t<h5 class=\"post-title is-large \">\n\t\t\t\t\t\t<a href=\"https:\/\/store2.k-tech-services.com\/eco_lehoasen\/chao-moi-nguoi\/\" class=\"plain\">Ch\u00e0o t\u1ea5t c\u1ea3 m\u1ecdi ng\u01b0\u1eddi!<\/a>\n\t\t\t\t\t<\/h5>\n\t\t\t\t\t<div class=\"post-meta is-small op-8\">6 Th\u00e1ng m\u01b0\u1eddi m\u1ed9t, 2024<\/div>\t\t\t\t\t<div class=\"is-divider\"><\/div>\n\t\t\t\t\t\t\t\t\t\t<p class=\"from_the_blog_excerpt \">\n\t\t\t\t\t\tC\u1ea3m \u01a1n v\u00ec \u0111\u00e3 s\u1eed d\u1ee5ng WordPress. \u0110\u00e2y l\u00e0 b\u00e0i vi\u1ebft \u0111\u1ea7u ti\u00ean c\u1ee7a b\u1ea1n. [...]\t\t\t\t\t<\/p>\n\t\t\t\t\t                                            <p class=\"from_the_blog_comments uppercase is-xsmall\">\n                            1 C\u00e1c b\u00ecnh lu\u1eadn                        <\/p>\n                    \n\t\t\t\t\t\n\t\t\t\t\t\n\t\t\t\t\t<\/div>\n\t\t\t\t\t<\/div>\n\t\t\t\t\t\t\t\t\t<\/div>\n\t\t\t<\/div>\n\t\t<\/div><\/div>\n\t\t<\/div>\n\t\t\t\t\t<\/div>\n\n\t\n<\/div>\n\t\t<\/div>\n\n\t\t\n<style>\n#section_1634823252 {\n  padding-top: 10px;\n  padding-bottom: 10px;\n}\n<\/style>\n\t<\/section>\n\t\n","protected":false},"excerpt":{"rendered":"","protected":false},"author":1,"featured_media":0,"parent":0,"menu_order":0,"comment_status":"closed","ping_status":"closed","template":"page-blank.php","meta":{"footnotes":""},"class_list":["post-37","page","type-page","status-publish","hentry"],"_links":{"self":[{"href":"https:\/\/store2.k-tech-services.com\/eco_lehoasen\/wp-json\/wp\/v2\/pages\/37","targetHints":{"allow":["GET"]}}],"collection":[{"href":"https:\/\/store2.k-tech-services.com\/eco_lehoasen\/wp-json\/wp\/v2\/pages"}],"about":[{"href":"https:\/\/store2.k-tech-services.com\/eco_lehoasen\/wp-json\/wp\/v2\/types\/page"}],"author":[{"embeddable":true,"href":"https:\/\/store2.k-tech-services.com\/eco_lehoasen\/wp-json\/wp\/v2\/users\/1"}],"replies":[{"embeddable":true,"href":"https:\/\/store2.k-tech-services.com\/eco_lehoasen\/wp-json\/wp\/v2\/comments?post=37"}],"version-history":[{"count":4,"href":"https:\/\/store2.k-tech-services.com\/eco_lehoasen\/wp-json\/wp\/v2\/pages\/37\/revisions"}],"predecessor-version":[{"id":323,"href":"https:\/\/store2.k-tech-services.com\/eco_lehoasen\/wp-json\/wp\/v2\/pages\/37\/revisions\/323"}],"wp:attachment":[{"href":"https:\/\/store2.k-tech-services.com\/eco_lehoasen\/wp-json\/wp\/v2\/media?parent=37"}],"curies":[{"name":"wp","href":"https:\/\/api.w.org\/{rel}","templated":true}]}}