
{"id":275,"date":"2024-11-07T03:04:28","date_gmt":"2024-11-07T03:04:28","guid":{"rendered":"http:\/\/localhost:8080\/lehosen\/?post_type=product&#038;p=275"},"modified":"2024-11-20T05:39:20","modified_gmt":"2024-11-20T05:39:20","slug":"tinh-bot-bien-tinh-cr-35-10-e1442-hydroxypropyl-distarch-phosphate","status":"publish","type":"product","link":"https:\/\/store2.k-tech-services.com\/eco_lehoasen\/san-pham\/tinh-bot-bien-tinh-cr-35-10-e1442-hydroxypropyl-distarch-phosphate\/","title":{"rendered":"Tinh b\u1ed9t bi\u1ebfn t\u00ednh CR 35 10 &#8211; E1442 (Hydroxypropyl Distarch Phosphate)"},"content":{"rendered":"<div>\n<p><strong>T\u00ean S\u1ea3n Ph\u1ea9m:\u00a0Tinh b\u1ed9t bi\u1ebfn t\u00ednh CR 35 10 &#8211; E1442 (Hydroxypropyl Distarch Phosphate)<\/strong><\/p>\n<p><strong>Xu\u1ea5t X\u1ee9: Roquette China<\/strong><\/p>\n<p><strong>Qui C\u00e1ch: 20Kg\/Bao<\/strong><\/p>\n<\/div>\n","protected":false},"excerpt":{"rendered":"<ul class=\"attr-pro-detail\">\n<li>\n<div>Hydroxypropyl Distarch Photphate hay c\u00f2n g\u1ecdi Hydroxypropyl Diamidon Photphate l\u00e0 m\u1ed9t h\u1ee3p ch\u1ea5t t\u1eeb tinh b\u1ed9t bi\u1ebfn t\u00ednh, d\u1ea1ng b\u1ed9t m\u00e0u tr\u1eafng. Hydroxypropyl Diamidon Photphate \u0111\u01b0\u1ee3c t\u1ea1o b\u1eb1ng c\u00e1ch x\u1eed l\u00fd tinh b\u1ed9t v\u1edbi Propylen Oxit v\u00e0 Axit Photpho photphoric ho\u1eb7c Oxychlorit. Ch\u1ebf ph\u1ea9m tinh b\u1ed9t n\u00e0y cho k\u1ebft qu\u1ea3 \u1ed5n \u0111\u1ecbnh h\u01a1n so v\u1edbi axit, ki\u1ec1m v\u00e0 c\u00e1c Enzym l\u00e0m bi\u1ebfn t\u00ednh tinh b\u1ed9t kh\u00e1c. N\u00f3 c\u0169ng cung c\u1ea5p m\u00e0u s\u1eafc t\u1ed1t h\u01a1n cho c\u00e1c s\u1ea3n ph\u1ea9m v\u00e0 c\u00f3 t\u00ednh ch\u1ea5t l\u00e0m tan \u0111\u00f4ng l\u1ea1nh r\u1ea5t t\u1ed1t. Hydroxypropyl Diamidon Photphate \u1ed5n \u0111\u1ecbnh so v\u1edbi nhi\u1ec7t, acid, ki\u1ec1m, c\u00f3 \u0111\u1ed9 pH l\u1edbn h\u01a1n 7.0. Hydroxypropyl Diamidon Photphate \u0111\u01b0\u1ee3c s\u1eed d\u1ee5ng nh\u01b0 m\u1ed9t ch\u1ea5t l\u00e0m \u0111\u1eb7c, ch\u1ea5t \u1ed5n \u0111\u1ecbnh, ch\u1ea5t l\u00e0m d\u00e0y l\u00ean. M\u1ed9t ch\u1ea5t \u0111\u01b0\u1ee3c s\u1eed d\u1ee5ng \u0111\u1ec3 l\u00e0m t\u0103ng \u0111\u1ed9 d\u1ebbo c\u1ee7a h\u1ed7n h\u1ee3p \u0111\u1ed3ng th\u1eddi h\u1ea1n ch\u1ebf nh\u1eefng thay \u0111\u1ed5i b\u1ea5t k\u1ef3 kh\u00e1c. Hydroxypropyl Diamidon Photphate c\u00f2n \u1ed5n \u0111\u1ecbnh c\u1ea5u tr\u00fac c\u1ee7a th\u1ef1c ph\u1ea9m, t\u1ea1o m\u1ed9t k\u1ebft c\u1ea5u v\u1eefng ch\u1eafc h\u01a1n b\u1eb1ng c\u00e1ch ng\u0103n ng\u1eeba s\u1ef1 ph\u00e2n h\u1ee7y c\u1ee7a nh\u0169 t\u01b0\u01a1ng trong th\u1ef1c ph\u1ea9m. Hydroxypropyl Diamidon Photphate c\u0169ng \u0111\u00f3ng vai tr\u00f2 l\u00e0 ch\u1ea5t chuy\u1ec3n th\u1ec3 s\u1eefa. \u0110\u01b0\u1ee3c s\u1eed d\u1ee5ng trong th\u1ef1c ph\u1ea9m \u0111\u1ec3 duy tr\u00ec m\u1ed9t h\u1ed7n h\u1ee3p th\u1ed1ng nh\u1ea5t gi\u1eefa hai ho\u1eb7c nhi\u1ec1u c\u1ea5u tr\u00fac kh\u00f4ng \u0111\u1ed3ng nh\u1ea5t. Hydroxypropyl Diamidon Photphate \u0111\u01b0\u1ee3c s\u1eed d\u1ee5ng trong nhi\u1ec1u s\u1ea3n ph\u1ea9m nh\u01b0ng \u0111a s\u1ed1 \u0111\u01b0\u1ee3c s\u1eed d\u1ee5ng trong c\u00e1c lo\u1ea1i th\u1ef1c ph\u1ea9m \u0111\u00f4ng l\u1ea1nh nh\u01b0 kem, sinh t\u1ed1, b\u00e1nh ng\u1ecdt \u0111\u00f4ng l\u1ea1nh, c\u00e1c h\u1ed7n h\u1ee3p kh\u00f4 nh\u01b0 cupcakes, b\u00e1nh n\u01b0\u1edbng x\u1ed1p, b\u00e1nh ng\u1ecdt, cookies, v\u00e0 t\u1ef1 saucing b\u00e1nh pudding, b\u00e1nh c\u00f3 h\u01b0\u01a1ng v\u1ecb v\u00e0 n\u01b0\u1edbc s\u1ed1t, mayonnaises, \u0111\u1ed3 \u0103n nh\u1eb9 v\u00e0 thanh muesli, c\u00e1 ng\u1eeb v\u00e0 n\u01b0\u1edbc th\u1ecbt. Hydroxy propyl Diamidon Photphate c\u0169ng \u0111\u01b0\u1ee3c s\u1eed d\u1ee5ng trong s\u00fap, rau v\u00e0 n\u01b0\u1edbc s\u1ed1t th\u1ecbt, tr\u1ed9n salad, s\u1ed1t c\u00e0 chua, v\u00e0 tr\u00e1i c\u00e2y t\u1eadp trung, m\u1ee9t, marmalades, th\u1ea1ch, v\u00e0 purees, m\u00f3n tr\u00e1ng mi\u1ec7ng, custards, b\u00e1nh n\u01b0\u1edbng v\u00e0 c\u00e1c ch\u1ea5t k\u1ebft d\u00ednh. V\u00e0 \u0111\u1ed3 u\u1ed1ng li\u1ec1n, th\u1ef1c ph\u1ea9m kh\u00f4, s\u1eefa l\u00ean men, s\u1eefa chua u\u1ed1ng, c\u00f3 h\u01b0\u01a1ng li\u1ec7u s\u1eefa, kem t\u01b0\u01a1i, pho m\u00e1t ch\u01b0a ch\u00edn, c\u00e1c s\u1ea3n ph\u1ea9m s\u1eefa, m\u00f3n tr\u00e1ng mi\u1ec7ng d\u1ef1a tr\u00ean ch\u1ea5t b\u00e9o, b\u00e1n b\u1ea3o qu\u1ea3n l\u1ea1nh ho\u1eb7c \u0111\u00f4ng l\u1ea1nh c\u00e1 v\u00e0 m\u1ed9t s\u1ed1 h\u1ea3i s\u1ea3n, c\u00e0 ph\u00ea, s\u1ea3n ph\u1ea9m thay th\u1ebf c\u00e0 ph\u00ea, tr\u00e0, th\u1ea3o d\u01b0\u1ee3c, ng\u0169 c\u1ed1c n\u00f3ng, y\u1ebfn m\u1ea1ch \u0103n s\u00e1ng, m\u00ec v\u00e0 m\u00ec \u0111\u00e3 n\u1ea5u ch\u00edn s\u01a1, m\u00f3n tr\u00e1ng mi\u1ec7ng d\u1ef1a tr\u00ean tinh b\u1ed9t (b\u00e1nh g\u1ea1o, b\u1ed9t s\u1eafn), tr\u1ee9ng s\u1ea5y kh\u00f4 ho\u1eb7c \u0111\u00f4ng t\u1ee5 nhi\u1ec7t, b\u00e1nh k\u1eb9o. Hydroxypropyl Diamidon Photphate c\u0169ng \u0111\u01b0\u1ee3c s\u1eed d\u1ee5ng trong s\u00fap, sir\u00f4, \u0111\u1ed3 u\u1ed1ng, c\u00e1c s\u1ea3n ph\u1ea9m t\u1eeb s\u1eefa, c\u00e1c s\u1ea3n ph\u1ea9m l\u1ea1nh \u0111\u00f4ng, s\u1ea3n ph\u1ea9m kh\u00f4, th\u1ef1c ph\u1ea9m \u0111\u00f3ng g\u00f3i, h\u01b0\u01a1ng li\u1ec7u l\u1edbp tr\u00ean b\u1ec1 m\u1eb7t, t\u1ea5t c\u1ea3 c\u00e1c s\u1ea3n ph\u1ea9m nhi\u1ec1u h\u01a1n n\u1eefa.<\/div>\n<\/li>\n<\/ul>\n","protected":false},"featured_media":276,"comment_status":"open","ping_status":"closed","template":"","meta":[],"product_cat":[15,24,26],"product_tag":[],"class_list":{"0":"post-275","1":"product","2":"type-product","3":"status-publish","4":"has-post-thumbnail","6":"product_cat-phu-gia-thuc-pham","7":"product_cat-san-pham-moi","8":"product_cat-san-pham-tieu-bieu","10":"first","11":"instock","12":"shipping-taxable","13":"product-type-simple"},"_links":{"self":[{"href":"https:\/\/store2.k-tech-services.com\/eco_lehoasen\/wp-json\/wp\/v2\/product\/275","targetHints":{"allow":["GET"]}}],"collection":[{"href":"https:\/\/store2.k-tech-services.com\/eco_lehoasen\/wp-json\/wp\/v2\/product"}],"about":[{"href":"https:\/\/store2.k-tech-services.com\/eco_lehoasen\/wp-json\/wp\/v2\/types\/product"}],"replies":[{"embeddable":true,"href":"https:\/\/store2.k-tech-services.com\/eco_lehoasen\/wp-json\/wp\/v2\/comments?post=275"}],"wp:featuredmedia":[{"embeddable":true,"href":"https:\/\/store2.k-tech-services.com\/eco_lehoasen\/wp-json\/wp\/v2\/media\/276"}],"wp:attachment":[{"href":"https:\/\/store2.k-tech-services.com\/eco_lehoasen\/wp-json\/wp\/v2\/media?parent=275"}],"wp:term":[{"taxonomy":"product_cat","embeddable":true,"href":"https:\/\/store2.k-tech-services.com\/eco_lehoasen\/wp-json\/wp\/v2\/product_cat?post=275"},{"taxonomy":"product_tag","embeddable":true,"href":"https:\/\/store2.k-tech-services.com\/eco_lehoasen\/wp-json\/wp\/v2\/product_tag?post=275"}],"curies":[{"name":"wp","href":"https:\/\/api.w.org\/{rel}","templated":true}]}}