
{"id":279,"date":"2024-11-07T03:12:00","date_gmt":"2024-11-07T03:12:00","guid":{"rendered":"http:\/\/localhost:8080\/lehosen\/?post_type=product&#038;p=279"},"modified":"2024-11-20T05:41:39","modified_gmt":"2024-11-20T05:41:39","slug":"chlorine-70-an-do","status":"publish","type":"product","link":"https:\/\/store2.k-tech-services.com\/eco_lehoasen\/san-pham\/chlorine-70-an-do\/","title":{"rendered":"Chlorine 70% &#8211; \u1ea4n \u0110\u1ed9"},"content":{"rendered":"<div>\n<p><strong>T\u00ean s\u1ea3n ph\u1ea9m: CHLORINE\u00a070%<\/strong><\/p>\n<p><strong>Xu\u1ea5t x\u1ee9: \u1ea4n \u0110\u1ed9<\/strong><\/p>\n<p><strong>Qui c\u00e1ch: 45Kg\/Th\u00f9ng<\/strong><\/p>\n<\/div>\n","protected":false},"excerpt":{"rendered":"<div>T\u00ean g\u1ecdi: H\u00f3a ch\u1ea5t chlorine, clorin 70, clo b\u1ed9t, Calcium hypochlorite, Canxi hypochlorit C\u00f4ng th\u1ee9c h\u00f3a h\u1ecdc: Ca(ClO)2 Xu\u1ea5t x\u1ee9: \u1ea4n \u0110\u1ed9 (India) H\u00e0m l\u01b0\u1ee3ng: 70% H\u00ecnh th\u00e1i: D\u1ea1ng h\u1ea1t (b\u1ed9t tr\u1eafng \u0111\u1ee5c), m\u00f9i s\u1ed1c Quy c\u00e1ch: 45kg\/th\u00f9ng L\u01b0u tr\u1eef &amp; b\u1ea3o qu\u1ea3n: \u0110\u1ec3 trong th\u00f9ng nh\u1ef1a \u0111\u1eady k\u00edn n\u1eafp, \u0111\u1eb7t \u1edf n\u01a1i kh\u00f4 r\u00e1o, tho\u00e1ng kh\u00ed, tr\u00e1nh ti\u1ebfp x\u00fac tr\u1ef1c ti\u1ebfp v\u1edbi \u00e1nh n\u1eafng hay nhi\u1ec7t \u0111\u1ed9. C\u00f4ng d\u1ee5ng: X\u1eed l\u00fd n\u01b0\u1edbc, kh\u1eed tr\u00f9ng di\u1ec7t khu\u1ea9n, di\u1ec7t r\u00eau t\u1ea3o, d\u00f9ng trong c\u00f4ng nghi\u1ec7p t\u1ea9y tr\u1eafng, kh\u1eed m\u00f9i h\u1ec7 th\u1ed1ng tho\u00e1t n\u01b0\u1edbc, c\u1ea7u c\u1ed1ng. Trong th\u1ee7y s\u1ea3n: +T\u1ea9y tr\u00f9ng ao, h\u1ed3, trang thi\u1ebft b\u1ecb, d\u1ee5ng c\u1ee5&#8230; +Di\u1ec7t vi khu\u1ea9n, virus, t\u1ea3o, phi\u00eau sinh v\u1eadt trong m\u00f4i tr\u01b0\u1eddng n\u01b0\u1edbc. +Oxy h\u00f3a c\u00e1c v\u1eadt ch\u1ea5t h\u1eefu c\u01a1 v\u00e0 m\u1ea7m b\u1ec7nh ngo\u1ea1i lai trong s\u1ea3n xu\u1ea5t gi\u1ed1ng. Ph\u1ea1m vi \u1ee9ng d\u1ee5ng: X\u1eed l\u00fd n\u01b0\u1edbc b\u1ec3 b\u01a1i, n\u01b0\u1edbc c\u1ea5p sinh ho\u1ea1t, n\u01b0\u1edbc th\u1ea3i, d\u00f9ng trong ng\u00e0nh c\u00f4ng nghi\u1ec7p b\u1ed9t gi\u1ea5y, v\u1ea3i s\u1ee3i, nu\u00f4i tr\u1ed3ng th\u1ee7y s\u1ea3n, kh\u1eed m\u00f9i c\u1ed1ng tho\u00e1t n\u01b0\u1edbc gia \u0111\u00ecnh, nh\u00e0 h\u00e0ng, kh\u00e1ch s\u1ea1n.. An to\u00e0n: M\u1eb7c qu\u1ea7n \u00e1o b\u1ea3o h\u1ed9 khi l\u00e0m vi\u1ec7c v\u1edbi h\u00f3a ch\u1ea5t kh\u1eed tr\u00f9ng Chlorine, kh\u00f4ng \u0111\u1ec3 r\u01a1i v\u00e0o ng\u01b0\u1eddi (da, m\u1eaft, nu\u1ed1t ph\u1ea3i), kh\u00f4ng h\u00edt h\u01a1i.<\/div>\n","protected":false},"featured_media":284,"comment_status":"open","ping_status":"closed","template":"","meta":[],"product_cat":[24,26],"product_tag":[],"class_list":{"0":"post-279","1":"product","2":"type-product","3":"status-publish","4":"has-post-thumbnail","6":"product_cat-san-pham-moi","7":"product_cat-san-pham-tieu-bieu","9":"first","10":"instock","11":"shipping-taxable","12":"product-type-simple"},"_links":{"self":[{"href":"https:\/\/store2.k-tech-services.com\/eco_lehoasen\/wp-json\/wp\/v2\/product\/279","targetHints":{"allow":["GET"]}}],"collection":[{"href":"https:\/\/store2.k-tech-services.com\/eco_lehoasen\/wp-json\/wp\/v2\/product"}],"about":[{"href":"https:\/\/store2.k-tech-services.com\/eco_lehoasen\/wp-json\/wp\/v2\/types\/product"}],"replies":[{"embeddable":true,"href":"https:\/\/store2.k-tech-services.com\/eco_lehoasen\/wp-json\/wp\/v2\/comments?post=279"}],"wp:featuredmedia":[{"embeddable":true,"href":"https:\/\/store2.k-tech-services.com\/eco_lehoasen\/wp-json\/wp\/v2\/media\/284"}],"wp:attachment":[{"href":"https:\/\/store2.k-tech-services.com\/eco_lehoasen\/wp-json\/wp\/v2\/media?parent=279"}],"wp:term":[{"taxonomy":"product_cat","embeddable":true,"href":"https:\/\/store2.k-tech-services.com\/eco_lehoasen\/wp-json\/wp\/v2\/product_cat?post=279"},{"taxonomy":"product_tag","embeddable":true,"href":"https:\/\/store2.k-tech-services.com\/eco_lehoasen\/wp-json\/wp\/v2\/product_tag?post=279"}],"curies":[{"name":"wp","href":"https:\/\/api.w.org\/{rel}","templated":true}]}}