
{"id":384,"date":"2024-11-07T10:46:52","date_gmt":"2024-11-07T10:46:52","guid":{"rendered":"https:\/\/live.k-tech.net.vn\/lehosen\/?post_type=product&#038;p=384"},"modified":"2024-11-20T05:13:39","modified_gmt":"2024-11-20T05:13:39","slug":"ethyl-maltol-em","status":"publish","type":"product","link":"https:\/\/store2.k-tech-services.com\/eco_lehoasen\/san-pham\/ethyl-maltol-em\/","title":{"rendered":"Ch\u1ea5t K\u00edch H\u01b0\u01a1ng Ethyl Maltol"},"content":{"rendered":"<p>Ethyl maltol : Ch\u1ea5t n\u00e0y c\u0169ng \u0111\u01b0\u1ee3c s\u1eed d\u1ee5ng nh\u01b0 1 ch\u1ea5t t\u0103ng h\u01b0\u01a1ng v\u1ecb n\u00f3 c\u00f3 xu h\u01b0\u1edbng kh\u1eed c\u00e1c v\u1ecb kh\u00f4ng t\u1ed1t nh\u01b0 \u0111\u1eafng v\u00e0 h\u00f4i, v\u00e0 l\u00e0m t\u0103ng s\u1ef1 phong ph\u00fa. H\u1ee3p ch\u1ea5t n\u00e0y \u0111\u00e3 \u0111\u01b0\u1ee3c s\u1ef1 d\u1ee5ng nh\u01b0 m\u1ed9t ch\u1ea5t t\u0103ng h\u01b0\u01a1ng v\u1ecb r\u01b0\u1ee3u vang, chocolate, vani, n\u01b0\u1edbc u\u1ed1ng c\u00f3 h\u01b0\u01a1ng v\u1ecb tr\u00e1i c\u00e2y, b\u00e1nh ng\u1ecdt, b\u00e1nh k\u1eb9o., thu\u1ed1c l\u00e1, m\u1ef9 ph\u1ea9m, v\u00e0 thu\u1ed1c men.<\/p>\n<p>\u0110\u1eb7c bi\u1ec7t khi \u0111\u01b0\u1ee3c th\u00eam v\u00e0o c\u00e1c s\u1ea3n ph\u1ea9m th\u1ecbt kh\u00e1c nhau, n\u00f3 c\u00f3 th\u1ec3 t\u00e1c \u0111\u1ed9ng l\u00e0m t\u0103ng c\u00e1c axit amin trong th\u1ecbt v\u00e0 l\u00e0m t\u0103ng v\u1ecb ng\u1ecdt v\u1ecb th\u01a1m \u0111\u1eb7c th\u00f9 c\u1ee7a th\u1ef1c ph\u1ea9m \u0111\u00f3.<\/p>\n<p>T\u00cdNH CH\u1ea4T H\u00d3A H\u1eccC V\u00c0 C\u1ea4U T\u1ea0O PH\u00c2N T\u1eec<\/p>\n<p>Kh\u1ed1i l\u01b0\u1ee3ng ph\u00e2n t\u1eed t\u01b0\u01a1ng \u0111\u1ed1i: 140,14g\/mol<\/p>\n<p>* T\u00ednh ch\u1ea5t:<\/p>\n<p>C\u00f3 d\u1ea1ng b\u1ed9t m\u00e0u tr\u1eafng<\/p>\n<p>\u0110i\u1ec3m n\u00f3ng ch\u1ea3y: 85-95\u00b0C\/:(Nhi\u1ec7t \u0111\u1ed9 s\u00f4i l\u00e0: 161\u00b0C, 434 K, 322\u00b0F)<\/p>\n<p>S\u1ea3n ph\u1ea9m c\u00f3 th\u1ec3 h\u00f2a tan trong n\u01b0\u1edbc, ethanol, chloroform, methanol ho\u1eb7c c\u00e1c dung m\u00f4i kh\u00e1c<\/p>\n<p>Ethyl maltol an to\u00e0n, kh\u00f4ng \u0111\u1ed9c v\u00e0 \u0111\u01b0\u1ee3c s\u1eed d\u1ee5ng r\u1ed9ng r\u00e3i. Ch\u1ec9 m\u1ed9t l\u01b0\u1ee3ng nh\u1ecf l\u00e0 c\u1ea7n thi\u1ebft \u0111\u1ec3 \u0111\u1ea1t \u0111\u01b0\u1ee3c m\u1ed9t hi\u1ec7u \u1ee9ng \u0111\u00e1ng k\u1ec3<\/p>\n<p>*C\u00e1ch s\u1eed d\u1ee5ng:<\/p>\n<p>Ethyl maltol 1g c\u00f3 th\u1ec3 d\u00f9ng cho 55ml n\u01b0\u1edbc, ho\u1eb7c 10ml etanol 95%, ho\u1eb7c 17ml propylen glycol, s\u1ea3n ph\u1ea9m \u0111\u01b0\u1ee3c d\u00f9ng v\u1edbi 1 l\u01b0\u1ee3ng nh\u1ecf nh\u01b0ng mang l\u1ea1i hi\u1ec3u qu\u1ea3 tuy\u1ec7t v\u1eddi .<\/p>\n<p>S\u1eed d\u1ee5ng v\u00e0 ch\u1eafc ch\u1eafn l\u00e0 gia v\u1ecb chuy\u00ean d\u1ee5ng kh\u00f4ng th\u1ec3 thi\u1ebfu trong c\u00e1c m\u00f3n \u0103n n\u1ed5i ti\u1ebfng nh\u01b0: l\u00e0m Sup B\u00e0o Ng\u01b0, Vy C\u00e1, T\u1ed5 y\u1ebfn, c\u00e1c lo\u1ea1i n\u01b0\u1edbc h\u1ea7m \u0111\u1ed3 th\u1ecbt nh\u01b0: V\u1ecbt Cay H\u1ed3 Nam, S\u01b0\u1eddn B\u00f2 H\u1ea7m, G\u00e0 H\u1ea7m, V\u1ecbt Quay, L\u1ee3n quay&#8230;<\/p>\n<p>\u0110\u00d3NG G\u00d3I V\u00c0 B\u1ea2O QU\u1ea2N:<\/p>\n<p>S\u1ea3n ph\u1ea9m \u0111\u01b0\u1ee3c \u0111\u00f3ng h\u1ed9p 500g b\u00ean trong c\u00f3 l\u1edbp t\u00fai \u0111\u1ef1ng b\u1ea3o v\u1ec7.<\/p>\n<p>B\u1ea3o qu\u1ea3n \u1edf n\u01a1i kh\u00f4 tho\u00e1ng v\u00e0 tr\u00e1nh \u00e1nh s\u00e1ng m\u1eb7t tr\u1eddi.<\/p>\n<p>H\u1ea1n s\u1eed d\u1ee5ng: 2 n\u0103m<\/p>\n<p>Ng\u00e0y s\u1ea3n xu\u1ea5t c\u00f3 in tr\u00ean t\u1eebng h\u1ed9p.<\/p>\n","protected":false},"excerpt":{"rendered":"<ol>\n<li>C\u00f4ng th\u1ee9c H\u00f3a h\u1ecdc : C7H8O3<\/li>\n<li>T\u00ean h\u00f3a h\u1ecdc : 3-Hydroxyl-2- ethyl-4-pyrone<\/li>\n<li>C\u1ea3m quan : d\u1ea1ng b\u1ed9t tr\u1eafng ho\u1eb7c tinh th\u1ec3 d\u1ea1ng m\u1ea3nh d\u00e0i,c\u00f3 v\u1ecb ng\u1ecdt c\u1ee7a hoa qu\u1ea3,tan trong n\u01b0\u1edbc,r\u01b0\u1ee3u c\u1ed3n,glycerin.d\u1ec5 d\u00e0ng t\u1ea1o ra chelate khi ti\u1ebfp x\u00fac v\u1edbi s\u1eaft,th\u00e9p v\u00ec v\u1eady n\u00ean b\u1ea3o qu\u1ea3n EM trong v\u1eadt ch\u1ee9a b\u1eb1ng th\u1ee7y tinh ho\u1eb7c nh\u1ef1a.<\/li>\n<li>Ti\u00eau chu\u1ea9n ch\u1ea5t l\u01b0\u1ee3ng : GB 12487-2004 theo ti\u00eau chu\u1ea9n FCC c\u1ee7a Hoa k\u1ef3<\/li>\n<li>CH\u1ee8C N\u0102NG V\u00c0 M\u1ee4C \u0110\u00cdCH S\u1eec D\u1ee4NG :<\/li>\n<\/ol>\n<p>EM l\u00e0 ph\u1ee5 gia th\u1ef1c ph\u1ea9m \u0111a n\u0103ng ,hi\u1ec7u qu\u1ea3 trong vi\u1ec7c t\u0103ng h\u01b0\u1ee3ng th\u01a1m v\u00e0 v\u1ecb ng\u1ecdt cho hoa qu\u1ea3 ,ngo\u00e0i ra EM c\u00f2n gi\u00fap \u1ed5n \u0111inh m\u00f9i h\u01b0\u01a1ng,kh\u1eed acid,kh\u1eed \u0111\u1ed9 \u0111\u1eafng ,\u2026 ngo\u00e0i ra EM c\u00f2n c\u00f3 t\u00e1c kh\u1eed m\u00f9i tanh,kh\u1eed tr\u00f9ng n\u00ean \u1ee9ng d\u1ee5ng trong vi\u1ec7c kh\u1eed m\u00f9i kh\u00f3 ch\u1ecbu, \u00f4 nhi\u1ec5m t\u1eeb nguy\u00ean li\u1ec7u\u2026<\/p>\n<p>EM \u0111\u01b0\u1ee3c s\u1eed d\u1ee5ng r\u1ed9ng r\u00e3i trong c\u00e1c l\u0129nh v\u1ef1c : s\u1ea3n xu\u1ea5t r\u01b0\u1ee3u,thu\u1ed1c l\u00e1,\u0111\u1ed3 u\u1ed1ng,s\u1ea3n ph\u1ea9m \u0111\u1ed3 h\u1ed9p c\u00e1 th\u1ecbt,s\u1ea3n xu\u1ea5t b\u00e1nh k\u1eb9o\u2026.<\/p>\n<ol start=\"6\">\n<li>Li\u1ec1u d\u00f9ng : g\/kg<\/li>\n<\/ol>\n<ul>\n<li>N\u01b0\u1edbc gi\u1ea3i kh\u00e1t \/caphe\/CACAO : 0,01 &#8211;\u00a0 0,05<\/li>\n<li>Thu\u1ed1c l\u00e1 : 0,10 \u2013 0,50<\/li>\n<li>N\u01b0\u1edbc hoa : 0,30 \u2013 0,50<\/li>\n<li>B\u00e1nh n\u01b0\u1edbng\/b\u00e1nh bao : 0,01 \u2013 0,10<\/li>\n<li>R\u01b0\u1ee3u hoa qu\u1ea3 0,01 -0,025<\/li>\n<li>H\u1ea1t ng\u0169 c\u1ed1c\/ tr\u00e1i c\u00e2y s\u1ea5y 0,01 -0,03<\/li>\n<li>B\u00e1nh b\u00edch quy 0,05 -0,15<\/li>\n<li>HOA QU\u1ea2\/tr\u00e1i c\u00e2y ng\u00e2m \u00a0\u00a0\u00a0\u00a0\u00a0\u00a0\u00a0: 0,10- 0,60<\/li>\n<li>K\u1eb9o gum : 0,03- 0,06<\/li>\n<li>SOCOLA : 0,03- 0,10<\/li>\n<li>C\u00c1C S\u1ea2N PH\u1ea8M N\u01af\u1edaC S\u1ed0T : 0,01- 0,03<\/li>\n<li>N\u01af\u1edaC HOA QU\u1ea2 : 0,10- 0,20<\/li>\n<li>Kem : 0,02- 0,05<\/li>\n<li>S\u1ea2N PH\u1ea8M TH\u1ecaT : 0,10-0,50<\/li>\n<li>R\u01af\u1ee2U V\u00c0NG\/N\u00c2U : 0,010-0,015<\/li>\n<li>M\u1ef8 PH\u1ea8M : 0,02-0,07<\/li>\n<\/ul>\n<p>H\u00d3A M\u1ef8 PH\u1ea8M\u00a0\u00a0\u00a0\u00a0\u00a0\u00a0\u00a0\u00a0\u00a0\u00a0\u00a0\u00a0\u00a0\u00a0\u00a0\u00a0\u00a0\u00a0 : 0.1 -0.5<\/p>\n<p>&nbsp;<\/p>\n<p>MR THANH 0908 379 667\u00a0\u00a0\u00a0\u00a0\u00a0\u00a0\u00a0 MR TRUNG 0903 656 493(ZALO)<\/p>\n","protected":false},"featured_media":385,"comment_status":"open","ping_status":"closed","template":"","meta":[],"product_cat":[15,19,25,24,26],"product_tag":[],"class_list":{"0":"post-384","1":"product","2":"type-product","3":"status-publish","4":"has-post-thumbnail","6":"product_cat-phu-gia-thuc-pham","7":"product_cat-chat-tao-huong","8":"product_cat-san-pham-ban-chay","9":"product_cat-san-pham-moi","10":"product_cat-san-pham-tieu-bieu","12":"first","13":"instock","14":"shipping-taxable","15":"product-type-simple"},"_links":{"self":[{"href":"https:\/\/store2.k-tech-services.com\/eco_lehoasen\/wp-json\/wp\/v2\/product\/384","targetHints":{"allow":["GET"]}}],"collection":[{"href":"https:\/\/store2.k-tech-services.com\/eco_lehoasen\/wp-json\/wp\/v2\/product"}],"about":[{"href":"https:\/\/store2.k-tech-services.com\/eco_lehoasen\/wp-json\/wp\/v2\/types\/product"}],"replies":[{"embeddable":true,"href":"https:\/\/store2.k-tech-services.com\/eco_lehoasen\/wp-json\/wp\/v2\/comments?post=384"}],"wp:featuredmedia":[{"embeddable":true,"href":"https:\/\/store2.k-tech-services.com\/eco_lehoasen\/wp-json\/wp\/v2\/media\/385"}],"wp:attachment":[{"href":"https:\/\/store2.k-tech-services.com\/eco_lehoasen\/wp-json\/wp\/v2\/media?parent=384"}],"wp:term":[{"taxonomy":"product_cat","embeddable":true,"href":"https:\/\/store2.k-tech-services.com\/eco_lehoasen\/wp-json\/wp\/v2\/product_cat?post=384"},{"taxonomy":"product_tag","embeddable":true,"href":"https:\/\/store2.k-tech-services.com\/eco_lehoasen\/wp-json\/wp\/v2\/product_tag?post=384"}],"curies":[{"name":"wp","href":"https:\/\/api.w.org\/{rel}","templated":true}]}}