
{"id":393,"date":"2024-11-07T10:56:04","date_gmt":"2024-11-07T10:56:04","guid":{"rendered":"https:\/\/live.k-tech.net.vn\/lehosen\/?post_type=product&#038;p=393"},"modified":"2024-12-10T03:04:25","modified_gmt":"2024-12-10T03:04:25","slug":"caffeine","status":"publish","type":"product","link":"https:\/\/store2.k-tech-services.com\/eco_lehoasen\/san-pham\/caffeine\/","title":{"rendered":"Caffeine"},"content":{"rendered":"<p>Caffeine\u00a0 l\u00e0 m\u1ed9t\u00a0<a href=\"https:\/\/natrachem.vn\/danh-muc-san-pham\/hoa-chat\/acid-amin\/\"><strong>Acid Amin<\/strong><\/a>\u00a0d\u1ea1ng \u0111\u1eadm \u0111\u1eb7c v\u00e0 c\u00f3 \u0111\u1ed9 tinh khi\u1ebft cao n\u00ean nh\u1edd \u0111\u00f3 n\u00f3 \u0111\u01b0\u1ee3c \u00e1p d\u1ee5ng r\u1ed9ng r\u00e3i trong s\u1ea3n xu\u1ea5t th\u1ef1c ph\u1ea9m. C\u00e1c s\u1ea3n ph\u1ea9m th\u01b0\u1eddng th\u1ea5y nh\u1ea5t \u0111\u00f3 ch\u00ednh l\u00e0: coca cola, n\u01b0\u1edbc ng\u1ecdt ch\u1ee9a caffeine, n\u01b0\u1edbc t\u0103ng l\u1ef1c, k\u1eb9o cao su ho\u1eb7c c\u00f3 th\u1ec3 d\u00f9ng \u0111\u1ec3 s\u1ea3n xu\u1ea5t th\u1ef1c ph\u1ea9m gi\u1ea3m c\u00e2n, \u0111\u1ed3 \u0103n nh\u1eb9<\/p>\n<p>Caffeine khan l\u00e0 m\u1ed9t ch\u1ea5t b\u1ed5 sung gi\u00fap n\u00e2ng cao hi\u1ec7u su\u1ea5t trong c\u00e1c ho\u1ea1t \u0111\u1ed9ng th\u1ec3 thao li\u00ean quan t\u1edbi s\u1ee9c b\u1ec1n nh\u01b0 \u0111\u1ea1p xe, ch\u1ea1y b\u1ed9\u2026<\/p>\n<p>B\u00ean c\u1ea1nh \u0111\u00f3, ch\u1ea5t n\u00e0y c\u00f3 hi\u1ec7u qu\u1ea3 cao trong vi\u1ec7c c\u1ea3i thi\u1ec7n s\u1ee9c m\u1ea1nh v\u00e0 \u0111\u1ed9 b\u1ec1n b\u1ec9 cho c\u01a1 b\u1eafp.<\/p>\n<p>Ngo\u00e0i ra, Caffeine\u00a0 c\u00f2n c\u00f3 nhi\u1ec1u l\u1ee3i \u00edch cho s\u1ee9c kh\u1ecfe con ng\u01b0\u1eddi. N\u00f3 c\u00f3 vai tr\u00f2 k\u00edch th\u00edch h\u1ec7 th\u1ea7n kinh trung \u01b0\u01a1ng gi\u00fap gi\u1ea3m c\u00e1c c\u01a1n \u0111au \u0111\u1ea7u do stress, gi\u00fap t\u1ec9nh t\u00e1o v\u00e0 t\u1eadp trung h\u01a1n, l\u00e0m gi\u1ea3m s\u1ef1 m\u1ec7t m\u1ecfi. N\u00f3 c\u00f2n l\u00e0 ch\u1ea5t gi\u00fap gi\u1ea3m s\u1ef1 th\u00e8m mu\u1ed1n \u0103n, t\u0103ng c\u01b0\u1eddng trao \u0111\u1ed5i ch\u1ea5t trong c\u01a1 th\u1ec3\u2026<\/p>\n","protected":false},"excerpt":{"rendered":"<p><strong>Caffeine<\/strong> l\u00e0 m\u1ed9t ch\u1ea5t k\u00edch th\u00edch t\u1ef1 nhi\u00ean ph\u1ed5 bi\u1ebfn \u0111\u01b0\u1ee3c t\u00ecm th\u1ea5y trong c\u00e2y tr\u00e0, c\u00e0 ph\u00ea v\u00e0 cacao.<\/p>\n<p>N\u00f3 ho\u1ea1t \u0111\u1ed9ng b\u1eb1ng c\u00e1ch k\u00edch th\u00edch n\u00e3o v\u00e0 h\u1ec7 th\u1ea7n kinh trung \u01b0\u01a1ng, gi\u00fap b\u1ea1n t\u1ec9nh t\u00e1o v\u00e0 ng\u0103n ng\u1eeba s\u1ef1 m\u1ec7t m\u1ecfi. Caffeine \u0111\u01b0\u1ee3c ti\u00eau th\u1ee5 r\u1ed9ng r\u00e3i trong \u0111\u1ed3 u\u1ed1ng \u0111\u1ec3 c\u00f3 \u0111\u01b0\u1ee3c t\u00e1c d\u1ee5ng k\u00edch th\u00edch th\u1ea7n kinh trung \u01b0\u01a1ng nh\u1eb9. S\u1eed d\u1ee5ng l\u00e2u d\u00e0i t\u1ea1o ra s\u1ef1 dung n\u1ea1p \u0111\u1ed1i v\u1edbi m\u1ed9t s\u1ed1 t\u00e1c d\u1ee5ng d\u01b0\u1ee3c l\u00fd. R\u00fat caffeine, th\u1eadm ch\u00ed t\u1eeb m\u1ee9c ti\u00eau th\u1ee5 v\u1eeba ph\u1ea3i, c\u00f3 th\u1ec3 t\u1ea1o ra c\u00e1c tri\u1ec7u ch\u1ee9ng nh\u01b0 \u0111au \u0111\u1ea7u, m\u1ec7t m\u1ecfi v\u00e0 lo l\u1eafng. Caffeine \u0111\u01b0\u1ee3c s\u1eed d\u1ee5ng trong \u0111i\u1ec1u tr\u1ecb k\u1ebft h\u1ee3p v\u1edbi ergotamine trong \u0111i\u1ec1u tr\u1ecb \u0111au n\u1eeda \u0111\u1ea7u v\u00e0 k\u1ebft h\u1ee3p v\u1edbi thu\u1ed1c ch\u1ed1ng vi\u00eam kh\u00f4ng steroid trong c\u00e1c c\u00f4ng th\u1ee9c gi\u1ea3m \u0111au. Caffeine m\u1ed9t m\u00ecnh \u0111\u01b0\u1ee3c s\u1eed d\u1ee5ng nh\u01b0 m\u1ed9t lo\u1ea1i thu\u1ed1c ng\u1ee7, \u0111\u1ec3 \u0111i\u1ec1u tr\u1ecb c\u00e1c t\u00ecnh tr\u1ea1ng \u0111au \u0111\u1ea7u kh\u00e1c nhau, \u1ee9c ch\u1ebf h\u00f4 h\u1ea5p \u1edf tr\u1ebb s\u01a1 sinh, h\u1ea1 huy\u1ebft \u00e1p sau \u0103n v\u00e0 b\u00e9o ph\u00ec, v\u00e0 \u0111\u1ec3 t\u0103ng th\u1eddi gian co gi\u1eadt trong li\u1ec7u ph\u00e1p \u0111i\u1ec7n gi\u1eadt. Trong m\u1ed9t s\u1ed1 tr\u01b0\u1eddng h\u1ee3p \u0111au \u0111\u1ea7u v\u00e0 \u0111au \u0111\u1edbn, caffeine c\u00f3 th\u1ec3 t\u1ea1o ra c\u00e1c \u0111\u1eb7c t\u00ednh gi\u1ea3m \u0111au tr\u1ef1c ti\u1ebfp, trong khi trong c\u00e1c t\u00ecnh tr\u1ea1ng \u0111au \u0111\u1ea7u kh\u00e1c (ph\u1eabu thu\u1eadt, \u0111\u00e2m th\u1ee7ng sau ph\u1eabu thu\u1eadt) caffeine c\u00f3 th\u1ec3 c\u00f3 hi\u1ec7u qu\u1ea3 b\u1eb1ng c\u00e1ch gi\u1ea3m b\u1edbt bi\u1ec3u hi\u1ec7n cai caffeine. C\u00e1c \u1ee9ng d\u1ee5ng kh\u00e1c, nh\u01b0 \u0111\u1ec3 th\u00fac \u0111\u1ea9y s\u1ef1 t\u1ec9nh t\u00e1o, \u0111\u1ec3 k\u00edch th\u00edch h\u00f4 h\u1ea5p v\u00e0 k\u00e9o d\u00e0i c\u01a1n \u0111\u1ed9ng kinh, d\u1ef1a v\u00e0o c\u00e1c \u0111\u1eb7c t\u00ednh k\u00edch th\u00edch trung t\u00e2m c\u1ee7a caffeine. T\u00e1c d\u1ee5ng c\u1ee7a caffeine \u0111\u1ed1i v\u1edbi h\u1ec7 m\u1ea1ch m\u00e1u c\u00f3 th\u1ec3 g\u00f3p ph\u1ea7n l\u00e0m gi\u1ea3m \u0111au \u0111\u1ea7u v\u00e0 h\u1ea1 huy\u1ebft \u00e1p sau b\u1eefa \u0103n. S\u1ef1 phong t\u1ecfa c\u00e1c th\u1ee5 th\u1ec3 adenosine nh\u1ea1y c\u1ea3m v\u1edbi methylxanthine l\u00e0 c\u01a1 ch\u1ebf ho\u1ea1t \u0111\u1ed9ng hi\u1ec7n \u0111ang \u0111\u01b0\u1ee3c ch\u1ea5p nh\u1eadn c\u1ee7a caffeine.<\/p>\n<p><strong>Caffeine<\/strong> l\u00e0 m\u1ed9t ch\u1ea5t t\u1ef1 nhi\u00ean \u0111\u01b0\u1ee3c t\u00ecm th\u1ea5y trong h\u1ea1t v\u00e0 l\u00e1 c\u1ee7a m\u1ed9t s\u1ed1 lo\u1ea1i c\u00e2y ch\u1ee7 y\u1ebfu l\u00e0 c\u00e2y c\u00e0 ph\u00ea. Sau khi thu ho\u1ea1ch ch\u00fang \u0111\u01b0\u1ee3c \u0111\u01b0a v\u00e0o quy tr\u00ecnh s\u1ea3n xu\u1ea5t, x\u1eed l\u00fd v\u00e0 kh\u1eed n\u01b0\u1edbc. Th\u00e0nh ph\u1ea9m cu\u1ed1i l\u00e0 d\u1ea1ng Caffeine \u0111\u1eadm \u0111\u1eb7c.<\/p>\n<ul>\n<li>Caffeine c\u00f3 c\u00f4ng th\u1ee9c h\u00f3a h\u1ecdc l\u00e0 C8H10N4O2<\/li>\n<li>T\u1ed3n t\u1ea1i \u1edf d\u1ea1ng tinh th\u1ec3 m\u00e0u tr\u1eafng \u0111\u1ebfn v\u00e0ng nh\u1ea1t<\/li>\n<li>C\u00f3 th\u1ec3 h\u00f2a tan trong n\u01b0\u1edbc v\u00e0 ph\u1ea1m vi c\u00f3 th\u1ec3 n\u00f3ng ch\u1ea3y l\u00e0 233 \u2013 239 \u00b0C<\/li>\n<\/ul>\n","protected":false},"featured_media":394,"comment_status":"open","ping_status":"closed","template":"","meta":[],"product_cat":[15,25,24,26],"product_tag":[],"class_list":{"0":"post-393","1":"product","2":"type-product","3":"status-publish","4":"has-post-thumbnail","6":"product_cat-phu-gia-thuc-pham","7":"product_cat-san-pham-ban-chay","8":"product_cat-san-pham-moi","9":"product_cat-san-pham-tieu-bieu","11":"first","12":"instock","13":"shipping-taxable","14":"product-type-simple"},"_links":{"self":[{"href":"https:\/\/store2.k-tech-services.com\/eco_lehoasen\/wp-json\/wp\/v2\/product\/393","targetHints":{"allow":["GET"]}}],"collection":[{"href":"https:\/\/store2.k-tech-services.com\/eco_lehoasen\/wp-json\/wp\/v2\/product"}],"about":[{"href":"https:\/\/store2.k-tech-services.com\/eco_lehoasen\/wp-json\/wp\/v2\/types\/product"}],"replies":[{"embeddable":true,"href":"https:\/\/store2.k-tech-services.com\/eco_lehoasen\/wp-json\/wp\/v2\/comments?post=393"}],"wp:featuredmedia":[{"embeddable":true,"href":"https:\/\/store2.k-tech-services.com\/eco_lehoasen\/wp-json\/wp\/v2\/media\/394"}],"wp:attachment":[{"href":"https:\/\/store2.k-tech-services.com\/eco_lehoasen\/wp-json\/wp\/v2\/media?parent=393"}],"wp:term":[{"taxonomy":"product_cat","embeddable":true,"href":"https:\/\/store2.k-tech-services.com\/eco_lehoasen\/wp-json\/wp\/v2\/product_cat?post=393"},{"taxonomy":"product_tag","embeddable":true,"href":"https:\/\/store2.k-tech-services.com\/eco_lehoasen\/wp-json\/wp\/v2\/product_tag?post=393"}],"curies":[{"name":"wp","href":"https:\/\/api.w.org\/{rel}","templated":true}]}}