
{"id":397,"date":"2024-11-07T10:58:09","date_gmt":"2024-11-07T10:58:09","guid":{"rendered":"https:\/\/live.k-tech.net.vn\/lehosen\/?post_type=product&#038;p=397"},"modified":"2024-11-19T06:55:16","modified_gmt":"2024-11-19T06:55:16","slug":"sieu-bot-ngot-i-g-chinh-hang","status":"publish","type":"product","link":"https:\/\/store2.k-tech-services.com\/eco_lehoasen\/san-pham\/sieu-bot-ngot-i-g-chinh-hang\/","title":{"rendered":"Si\u00eau b\u1ed9t ng\u1ecdt I+ G ch\u00ednh h\u00e3ng"},"content":{"rendered":"<p><strong>C\u00f4ng d\u1ee5ng \/ \u1ee8ng d\u1ee5ng :<\/strong><\/p>\n<p>Ch\u1ea5t \u0111i\u1ec1u v\u1ecb I+G\u00a0t\u1ea1o ng\u1ecdt thay th\u1ebf m\u00ec ch\u00ednh\u00a0t\u1ea1o vi ng\u1ecdt nh\u01b0 n\u01b0\u1edbc h\u1ea7m th\u1ecbt n\u00ean th\u01b0\u1eddng \u0111\u01b0\u1ee3c \u01b0a chu\u1ed9ng n\u00eam trong s\u00fap l\u1ea9u, n\u01b0\u1edbc s\u1ed1t, c\u00e1c th\u1ef1c ph\u1ea9m t\u1eeb \u0111\u1eadu n\u00e0nh, n\u01b0\u1edbc m\u1eafm, n\u01b0\u1edbc t\u01b0\u01a1ng, c\u00e1c lo\u1ea1i th\u1ef1c ph\u1ea9m \u0111\u00f3ng h\u1ed9p, \u0111\u1eb7c bi\u1ec7t l\u00e0 c\u00e1 h\u1ed9p, m\u00ec g\u00f3i, th\u1ee9c \u0103n s\u1ea5y kh\u00f4 (c\u00e1 c\u01a1m, c\u00e1 m\u1ef1c) v\u00e0 s\u1ebd l\u00e0 m\u1ed9t ph\u1ea7n gia v\u1ecb c\u1ea7n thi\u1ebft trong vi\u1ec7c ch\u1ebf bi\u1ebfn c\u00e1c th\u1ee9c \u0103n c\u00f3 s\u1eed d\u1ee5ng b\u1ed9t n\u00eam, b\u1ed9t gia v\u1ecb hay c\u00e1c m\u00f3n \u0103n ch\u1ebf bi\u1ebfn s\u1eb5n.<\/p>\n","protected":false},"excerpt":{"rendered":"<p><strong>T\u00ean s\u1ea3n ph\u1ea9m :\u00a0<\/strong>Ch\u1ea5t \u0111i\u1ec1u v\u1ecb\u00a0<u>\u00a0I+G <\/u>\u00a0Si\u00eau B\u1ed9t Ng\u1ecdt<\/p>\n<p><strong>T\u00ean g\u1ecdi kh\u00e1c :\u00a0<\/strong>Si\u00eau b\u1ed9t ng\u1ecdt, Si\u00eau b\u1ed9t ng\u1ecdt I+G<\/p>\n<p><strong>M\u00f4 t\u1ea3 ngo\u1ea1i quan :<\/strong><\/p>\n<p><strong>C\u00f4ng Th\u1ee9c H\u00f3a H\u1ecdc :<\/strong>\u00a0Disodium 5- Inosinate 5\u2019(50%)&amp; Disodium 5\u2019-Guanylate (50%)<\/p>\n<p><strong>Ngo\u1ea1i Quan :\u00a0<\/strong>d\u1ea1ng b\u1ed9t ,m\u00e0u tr\u1eafng<\/p>\n<p><strong>Quy C\u00e1ch :<\/strong>\u00a001 kg x 10g\u00f3i\/ th\u00f9ng<\/p>\n<p><strong>Xu\u1ea5t x\u1ee9\u00a0<\/strong>: Th\u00e1i Lan<\/p>\n<p><strong>C\u00f4ng d\u1ee5ng \/ \u1ee8ng d\u1ee5ng :<\/strong><\/p>\n<p>Ch\u1ea5t \u0111i\u1ec1u v\u1ecb I+G\u00a0t\u1ea1o ng\u1ecdt thay th\u1ebf m\u00ec ch\u00ednh\u00a0t\u1ea1o vi ng\u1ecdt nh\u01b0 n\u01b0\u1edbc h\u1ea7m th\u1ecbt n\u00ean th\u01b0\u1eddng \u0111\u01b0\u1ee3c \u01b0a chu\u1ed9ng n\u00eam trong s\u00fap l\u1ea9u, n\u01b0\u1edbc s\u1ed1t, c\u00e1c th\u1ef1c ph\u1ea9m t\u1eeb \u0111\u1eadu n\u00e0nh, n\u01b0\u1edbc m\u1eafm, n\u01b0\u1edbc t\u01b0\u01a1ng, c\u00e1c lo\u1ea1i th\u1ef1c ph\u1ea9m \u0111\u00f3ng h\u1ed9p, \u0111\u1eb7c bi\u1ec7t l\u00e0 c\u00e1 h\u1ed9p, m\u00ec g\u00f3i, th\u1ee9c \u0103n s\u1ea5y kh\u00f4 (c\u00e1 c\u01a1m, c\u00e1 m\u1ef1c) v\u00e0 s\u1ebd l\u00e0 m\u1ed9t ph\u1ea7n gia v\u1ecb c\u1ea7n thi\u1ebft trong vi\u1ec7c ch\u1ebf bi\u1ebfn c\u00e1c th\u1ee9c \u0103n c\u00f3 s\u1eed d\u1ee5ng b\u1ed9t n\u00eam, b\u1ed9t gia v\u1ecb hay c\u00e1c m\u00f3n \u0103n ch\u1ebf bi\u1ebfn s\u1eb5n.<\/p>\n<p><strong>H\u00e0m l\u01b0\u1ee3ng s\u1eed d\u1ee5ng :\u00a0<\/strong><\/p>\n<table width=\"615\">\n<tbody>\n<tr>\n<td>TT<\/td>\n<td>T\u00caN S\u1ea2N PH\u1ea8M<\/td>\n<td>T\u1ec8 L\u1ec6 D\u00d9NG<\/td>\n<\/tr>\n<tr>\n<td>1<\/td>\n<td>Ch\u1ea5tt \u0111i\u1ec1u v\u1ecb I+G Ashitide<\/td>\n<td>0.1% &#8211; 0.3 % (1kg- 3 kg\/1.000 l\u00edt)<\/td>\n<\/tr>\n<tr>\n<td>2<\/td>\n<td><a href=\"https:\/\/cungcaphoachat.com\/phu-gia-thuc-pham-sieu-bot-ngot-i-g.html\">Ch\u1ea5t \u0111i\u1ec1u v\u1ecb I+G Fujimor<\/a><\/td>\n<td>0.1% &#8211; 0.3% (1kg -3kg\/1000 l\u00edt<\/td>\n<\/tr>\n<tr>\n<td>3<\/td>\n<td>Ch\u1ea5t \u0111i\u1ec1u v\u1ecb I+G Ribotide Super<\/td>\n<td>0.1% -0.2% (1kg-2kg\/1000 l\u00edt)<\/td>\n<\/tr>\n<tr>\n<td>4<\/td>\n<td>Ch\u1ea5t \u0111i\u1ec1u v\u1ecb I+G Fujitide<\/td>\n<td>0.07% &#8211; 0.12% (700gr \u2013 1.2kg\/1000 l\u00edt)<\/td>\n<\/tr>\n<\/tbody>\n<\/table>\n","protected":false},"featured_media":399,"comment_status":"open","ping_status":"closed","template":"","meta":[],"product_cat":[15,17,25,24,26],"product_tag":[],"class_list":{"0":"post-397","1":"product","2":"type-product","3":"status-publish","4":"has-post-thumbnail","6":"product_cat-phu-gia-thuc-pham","7":"product_cat-chat-tao-ngot","8":"product_cat-san-pham-ban-chay","9":"product_cat-san-pham-moi","10":"product_cat-san-pham-tieu-bieu","12":"first","13":"instock","14":"shipping-taxable","15":"product-type-simple"},"_links":{"self":[{"href":"https:\/\/store2.k-tech-services.com\/eco_lehoasen\/wp-json\/wp\/v2\/product\/397","targetHints":{"allow":["GET"]}}],"collection":[{"href":"https:\/\/store2.k-tech-services.com\/eco_lehoasen\/wp-json\/wp\/v2\/product"}],"about":[{"href":"https:\/\/store2.k-tech-services.com\/eco_lehoasen\/wp-json\/wp\/v2\/types\/product"}],"replies":[{"embeddable":true,"href":"https:\/\/store2.k-tech-services.com\/eco_lehoasen\/wp-json\/wp\/v2\/comments?post=397"}],"wp:featuredmedia":[{"embeddable":true,"href":"https:\/\/store2.k-tech-services.com\/eco_lehoasen\/wp-json\/wp\/v2\/media\/399"}],"wp:attachment":[{"href":"https:\/\/store2.k-tech-services.com\/eco_lehoasen\/wp-json\/wp\/v2\/media?parent=397"}],"wp:term":[{"taxonomy":"product_cat","embeddable":true,"href":"https:\/\/store2.k-tech-services.com\/eco_lehoasen\/wp-json\/wp\/v2\/product_cat?post=397"},{"taxonomy":"product_tag","embeddable":true,"href":"https:\/\/store2.k-tech-services.com\/eco_lehoasen\/wp-json\/wp\/v2\/product_tag?post=397"}],"curies":[{"name":"wp","href":"https:\/\/api.w.org\/{rel}","templated":true}]}}