
{"id":471,"date":"2024-11-19T06:42:33","date_gmt":"2024-11-19T06:42:33","guid":{"rendered":"https:\/\/lehoasen.com\/?post_type=product&#038;p=471"},"modified":"2024-11-20T05:41:32","modified_gmt":"2024-11-20T05:41:32","slug":"sodium-nitrite-food-grade-germany","status":"publish","type":"product","link":"https:\/\/store2.k-tech-services.com\/eco_lehoasen\/san-pham\/sodium-nitrite-food-grade-germany\/","title":{"rendered":"Sodium Nitrite (Food Grade) &#8211; Germany"},"content":{"rendered":"<p><strong>T\u00ean S\u1ea3n Ph\u1ea9m: SODIUM NITRITE &#8211; Food Grade<\/strong><\/p>\n<p><strong>Xu\u1ea5t X\u1ee9: Germany<\/strong><\/p>\n<p><strong>Qui C\u00e1ch: 25Kg\/Bao<\/strong><\/p>\n","protected":false},"excerpt":{"rendered":"<ul class=\"attr-pro-detail\">\n<li>\n<div>-Sodium Nitrite (Food Grade) c\u00f3 c\u00f4ng th\u1ee9c h\u00f3a h\u1ecdc l\u00e0 NaNO2 \u1edf d\u1ea1ng b\u1ed9t m\u00e0u tr\u1eafng t\u1edbi v\u00e0ng nh\u1ea1t \u0111\u01b0\u1ee3c s\u1eed d\u1ee5ng \u0111\u1ec3 b\u1ea3o qu\u1ea3n m\u00e0u s\u1eafc trong c\u00e1 v\u00e0 c\u00e1c lo\u1ea1i th\u1ecbt. Ch\u1ea5t l\u00e0m h\u1ed3ng trong c\u00e1c s\u1ea3n ph\u1ea9m x\u00fac x\u00edch, nem chua, ham&#8230; \u0110\u00f3 c\u0169ng l\u00e0 ch\u1ea5t quan tr\u1ecdng (c\u00f9ng v\u1edbi natri clorua) trong ki\u1ec3m so\u00e1t \u0111\u01b0\u1ee3c vi khu\u1ea9n Clostridium botulinum s\u1ea3n sinh ra \u0111\u1ed9c t\u1ed1 trong \u0111\u1ed3 h\u1ed9p. C\u00e1c lo\u1ea1i th\u1ef1c ph\u1ea9m (th\u1ecbt, d\u0103m b\u00f4ng, x\u00fac x\u00edch, x\u00fac x\u00edch v\u00e0 th\u1ecbt x\u00f4ng kh\u00f3i ) th\u01b0\u1eddng \u0111\u01b0\u1ee3c b\u1ea3o qu\u1ea3n theo c\u00e1ch n\u00e0y. Trong y h\u1ecdc, \u0111\u00e2y l\u00e0 ch\u1ea5t gi\u00fap gi\u00e3n t\u0129nh m\u1ea1ch, gi\u00e3n ru\u1ed9t, gi\u00e3n ph\u1ebf qu\u1ea3n v\u00e0 l\u00e0 thu\u1ed1c gi\u1ea3i \u0111\u1ed9c cho ng\u01b0\u1eddi b\u1ecb ng\u1ed9 \u0111\u1ed9 cyanide.<\/div>\n<\/li>\n<\/ul>\n","protected":false},"featured_media":472,"comment_status":"open","ping_status":"closed","template":"","meta":[],"product_cat":[22,25],"product_tag":[],"class_list":{"0":"post-471","1":"product","2":"type-product","3":"status-publish","4":"has-post-thumbnail","6":"product_cat-phu-gia-dung-trong-chan-nuoi-va-phan-bon","7":"product_cat-san-pham-ban-chay","9":"first","10":"instock","11":"shipping-taxable","12":"product-type-simple"},"_links":{"self":[{"href":"https:\/\/store2.k-tech-services.com\/eco_lehoasen\/wp-json\/wp\/v2\/product\/471","targetHints":{"allow":["GET"]}}],"collection":[{"href":"https:\/\/store2.k-tech-services.com\/eco_lehoasen\/wp-json\/wp\/v2\/product"}],"about":[{"href":"https:\/\/store2.k-tech-services.com\/eco_lehoasen\/wp-json\/wp\/v2\/types\/product"}],"replies":[{"embeddable":true,"href":"https:\/\/store2.k-tech-services.com\/eco_lehoasen\/wp-json\/wp\/v2\/comments?post=471"}],"wp:featuredmedia":[{"embeddable":true,"href":"https:\/\/store2.k-tech-services.com\/eco_lehoasen\/wp-json\/wp\/v2\/media\/472"}],"wp:attachment":[{"href":"https:\/\/store2.k-tech-services.com\/eco_lehoasen\/wp-json\/wp\/v2\/media?parent=471"}],"wp:term":[{"taxonomy":"product_cat","embeddable":true,"href":"https:\/\/store2.k-tech-services.com\/eco_lehoasen\/wp-json\/wp\/v2\/product_cat?post=471"},{"taxonomy":"product_tag","embeddable":true,"href":"https:\/\/store2.k-tech-services.com\/eco_lehoasen\/wp-json\/wp\/v2\/product_tag?post=471"}],"curies":[{"name":"wp","href":"https:\/\/api.w.org\/{rel}","templated":true}]}}