
{"id":475,"date":"2024-11-19T06:45:25","date_gmt":"2024-11-19T06:45:25","guid":{"rendered":"https:\/\/lehoasen.com\/?post_type=product&#038;p=475"},"modified":"2024-11-21T07:34:04","modified_gmt":"2024-11-21T07:34:04","slug":"hoa-chat-xu-ly-nuoc-edta-2-muoi-2na-japan","status":"publish","type":"product","link":"https:\/\/store2.k-tech-services.com\/eco_lehoasen\/san-pham\/hoa-chat-xu-ly-nuoc-edta-2-muoi-2na-japan\/","title":{"rendered":"H\u00f3a ch\u1ea5t x\u1eed l\u00fd n\u01b0\u1edbc EDTA 2 Mu\u1ed1i (2Na) &#8211; Japan"},"content":{"rendered":"<ul>\n<li><strong>T\u00ean s\u1ea3n ph\u1ea9m: EDTA 2Na<\/strong><\/li>\n<li><strong>T\u00ean h\u00f3a h\u1ecdc: Ethylendiamin Tetraacetic Acid<\/strong><\/li>\n<li><strong>Xu\u1ea5t x\u1ee9: Japan<\/strong><\/li>\n<li><strong>Qui c\u00e1ch: 20Kg\/Bao<\/strong><\/li>\n<\/ul>\n","protected":false},"excerpt":{"rendered":"<div>H\u00f3a ch\u1ea5t x\u1eed l\u00fd n\u01b0\u1edbc EDTA 2 Mu\u1ed1i (2Na) c\u00f3 d\u1ea1ng b\u1ed9t, m\u00e0u tr\u1eafng, tan nhi\u1ec1u trong n\u01b0\u1edbc EDTA chuy\u00ean gi\u1ea3m ph\u00e8n v\u00e0 kim lo\u1ea1i n\u1eb7ng trong n\u01b0\u1edbc, ph\u00e2n h\u1ee7y \u0111\u1ed9c t\u1ed1 v\u00e0 c\u00e1c h\u00f3a ch\u1ea5t kh\u00e1c trong n\u01b0\u1edbc \uf076 C\u00d4NG D\u1ee4NG\/\u1ee8NG D\u1ee4NG: &#8211; EDTA 2 mu\u1ed1i d\u00f9ng \u0111\u1ec3 c\u00f4 l\u1eadp c\u00e1c ion kim lo\u1ea1i, l\u00e0m cho c\u00e1c ion n\u00e0y kh\u00f4ng t\u00e1c d\u1ee5ng \u0111\u01b0\u1ee3c v\u1edbi c\u00e1c h\u1ee3p ch\u1ea5t kh\u00e1c. &#8211; EDTA 2 mu\u1ed1i c\u00f2n gi\u1ea3m \u0111\u1ed9c t\u1ed1, v\u00e1ng b\u1ecdt trong n\u01b0\u1edbc sau khi s\u1eed d\u1ee5ng c\u00e1c lo\u1ea1i thu\u1ed1c, h\u00f3a ch\u1ea5t. &#8211; N\u1ebfu trong tr\u01b0\u1eddng h\u1ee3p ngu\u1ed3n n\u01b0\u1edbc c\u1ea5p v\u00e0o ao nu\u00f4i b\u1ecb nhi\u1ec5m ph\u00e8n, kim lo\u1ea1i n\u1eb7ng ho\u1eb7c h\u00f3a ch\u1ea5t \u0111\u1ed9c h\u1ea1i c\u00f3 th\u1ec3 s\u1eed d\u1ee5ng EDTA (Ethylene Diamine Tetraacetic Acid). Khi c\u1ea5p n\u01b0\u1edbc v\u00e0o ao (1 \u2013 1,2 m) c\u00f3 th\u1ec3 d\u00f9ng EDTA 2 mu\u1ed1i \u0111\u1ec3 x\u1eed l\u00fd n\u01b0\u1edbc tr\u01b0\u1edbc khi g\u00e2y m\u00e0u, th\u1ea3 gi\u1ed1ng. &#8211; Khi \u0111\u00e3 th\u1ea3 t\u00f4m v\u00e0 s\u1eed d\u1ee5ng \u0111\u1ecbnh k\u1ef3 th\u00ec c\u00f3 th\u1ec3 d\u00f9ng EDTA 2 mu\u1ed1i h\u00f2a tan v\u1edbi n\u01b0\u1edbc t\u1ea1t ao v\u0111\u1ec3 ng\u0103n ph\u00e8n ao \u0111\u1ea5t nu\u00f4i t\u00f4m t\u1eeb \u0111\u00f3 h\u1ea1n ch\u1ebf hi\u1ec7n t\u01b0\u1ee3ng \u0111\u1ed9c t\u1ed1 c\u00f3 \u1edf \u0111\u00e1y ao nu\u00f4i. &#8211; B\u00ean c\u1ea1nh \u0111\u00f3 l\u00e0 trong ph\u00e2n t\u1eed EDTA 2 mu\u1ed1i c\u00f3 10% l\u00e0 nit\u01a1, v\u00ec v\u1eady khi s\u1eed d\u1ee5ng EDTA 2 mu\u1ed1i c\u00f3 th\u1ec3 g\u00f3p ph\u1ea7n cung c\u1ea5p th\u00eam nit\u01a1 cho m\u00f4i tr\u01b0\u1eddng k\u00edch th\u00edch t\u1ea3o ph\u00e1t tri\u1ec3n.<\/div>\n","protected":false},"featured_media":476,"comment_status":"open","ping_status":"closed","template":"","meta":[],"product_cat":[15],"product_tag":[],"class_list":{"0":"post-475","1":"product","2":"type-product","3":"status-publish","4":"has-post-thumbnail","6":"product_cat-phu-gia-thuc-pham","8":"first","9":"instock","10":"shipping-taxable","11":"product-type-simple"},"_links":{"self":[{"href":"https:\/\/store2.k-tech-services.com\/eco_lehoasen\/wp-json\/wp\/v2\/product\/475","targetHints":{"allow":["GET"]}}],"collection":[{"href":"https:\/\/store2.k-tech-services.com\/eco_lehoasen\/wp-json\/wp\/v2\/product"}],"about":[{"href":"https:\/\/store2.k-tech-services.com\/eco_lehoasen\/wp-json\/wp\/v2\/types\/product"}],"replies":[{"embeddable":true,"href":"https:\/\/store2.k-tech-services.com\/eco_lehoasen\/wp-json\/wp\/v2\/comments?post=475"}],"wp:featuredmedia":[{"embeddable":true,"href":"https:\/\/store2.k-tech-services.com\/eco_lehoasen\/wp-json\/wp\/v2\/media\/476"}],"wp:attachment":[{"href":"https:\/\/store2.k-tech-services.com\/eco_lehoasen\/wp-json\/wp\/v2\/media?parent=475"}],"wp:term":[{"taxonomy":"product_cat","embeddable":true,"href":"https:\/\/store2.k-tech-services.com\/eco_lehoasen\/wp-json\/wp\/v2\/product_cat?post=475"},{"taxonomy":"product_tag","embeddable":true,"href":"https:\/\/store2.k-tech-services.com\/eco_lehoasen\/wp-json\/wp\/v2\/product_tag?post=475"}],"curies":[{"name":"wp","href":"https:\/\/api.w.org\/{rel}","templated":true}]}}