
{"id":485,"date":"2024-11-20T05:17:05","date_gmt":"2024-11-20T05:17:05","guid":{"rendered":"https:\/\/lehoasen.com\/?post_type=product&#038;p=485"},"modified":"2024-11-21T07:37:36","modified_gmt":"2024-11-21T07:37:36","slug":"chat-kich-huong-ethyl-maltol-25kg","status":"publish","type":"product","link":"https:\/\/store2.k-tech-services.com\/eco_lehoasen\/san-pham\/chat-kich-huong-ethyl-maltol-25kg\/","title":{"rendered":"Ch\u1ea5t K\u00edch H\u01b0\u01a1ng Ethyl Maltol 25KG"},"content":{"rendered":"<p><strong>T\u00ean S\u1ea3n Ph\u1ea9m:\u00a0Ch\u1ea5t K\u00edch H\u01b0\u01a1ng Ethyl Maltol<\/strong><\/p>\n<p><strong>Xu\u1ea5t X\u1ee9: Anhui China<\/strong><\/p>\n<p><strong>Qui C\u00e1ch: 25Kg\/Th\u00f9ng<\/strong><\/p>\n","protected":false},"excerpt":{"rendered":"<ul>\n<li>Ch\u1ea5t K\u00edch H\u01b0\u01a1ng Ethyl maltol c\u00f3 c\u00f4ng d\u1ee5ng: L\u01b0u gi\u1eef h\u01b0\u01a1ng th\u01a1m l\u00e2u h\u01a1n, \u0110\u1ea9y m\u1ea1nh m\u00f9i th\u01a1m c\u1ee7a s\u1ea3n ph\u1ea9m, K\u00edch th\u00edch kh\u1ee9u gi\u00e1c v\u00e0 c\u00f3 \u1ee8ng d\u1ee5ng trong s\u1ea3n xu\u1ea5t s\u1ea3n ph\u1ea9m nh\u01b0: b\u00e1nh k\u1eb9o, n\u01b0\u1edbc ng\u1ecdt, n\u01b0\u1edbc gi\u1ea3i kh\u00e1t, m\u1ef9 ph\u1ea9m\u2026 H\u00e0m l\u01b0\u1ee3ng\/Li\u1ec1u l\u01b0\u1ee3ng: 0,01 \u2013 0,05g ph\u1ee5 gia cho v\u00e0o s\u1ea3n xu\u1ea5t ra 01 kg th\u00e0nh ph\u1ea9m. C\u00e1ch d\u00f9ng: Cho Ch\u1ea5t k\u00edch h\u01b0\u01a1ng v\u00e0o giai \u0111o\u1ea1n c\u00f9ng v\u1edbi h\u01b0\u01a1ng li\u1ec7u trong qu\u00e1 tr\u00ecnh s\u1ea3n xu\u1ea5t. \u0110\u1ec3 ph\u00e1t huy h\u1ebft t\u00ednh n\u0103ng Ch\u1ea5t k\u00edch h\u01b0\u01a1ng nhi\u1ec7t \u0111\u1ed9 m\u1ecdc sau khi xay \u0111\u1ea3m b\u1ea3o d\u01b0\u1edbi 700C.<\/li>\n<\/ul>\n","protected":false},"featured_media":514,"comment_status":"open","ping_status":"closed","template":"","meta":[],"product_cat":[15,19,25],"product_tag":[],"class_list":{"0":"post-485","1":"product","2":"type-product","3":"status-publish","4":"has-post-thumbnail","6":"product_cat-phu-gia-thuc-pham","7":"product_cat-chat-tao-huong","8":"product_cat-san-pham-ban-chay","10":"first","11":"instock","12":"shipping-taxable","13":"product-type-simple"},"_links":{"self":[{"href":"https:\/\/store2.k-tech-services.com\/eco_lehoasen\/wp-json\/wp\/v2\/product\/485","targetHints":{"allow":["GET"]}}],"collection":[{"href":"https:\/\/store2.k-tech-services.com\/eco_lehoasen\/wp-json\/wp\/v2\/product"}],"about":[{"href":"https:\/\/store2.k-tech-services.com\/eco_lehoasen\/wp-json\/wp\/v2\/types\/product"}],"replies":[{"embeddable":true,"href":"https:\/\/store2.k-tech-services.com\/eco_lehoasen\/wp-json\/wp\/v2\/comments?post=485"}],"wp:featuredmedia":[{"embeddable":true,"href":"https:\/\/store2.k-tech-services.com\/eco_lehoasen\/wp-json\/wp\/v2\/media\/514"}],"wp:attachment":[{"href":"https:\/\/store2.k-tech-services.com\/eco_lehoasen\/wp-json\/wp\/v2\/media?parent=485"}],"wp:term":[{"taxonomy":"product_cat","embeddable":true,"href":"https:\/\/store2.k-tech-services.com\/eco_lehoasen\/wp-json\/wp\/v2\/product_cat?post=485"},{"taxonomy":"product_tag","embeddable":true,"href":"https:\/\/store2.k-tech-services.com\/eco_lehoasen\/wp-json\/wp\/v2\/product_tag?post=485"}],"curies":[{"name":"wp","href":"https:\/\/api.w.org\/{rel}","templated":true}]}}