
{"id":489,"date":"2024-11-20T05:25:40","date_gmt":"2024-11-20T05:25:40","guid":{"rendered":"https:\/\/lehoasen.com\/?post_type=product&#038;p=489"},"modified":"2024-11-20T05:25:40","modified_gmt":"2024-11-20T05:25:40","slug":"mau-tartrazine-vang-chanh-an-do","status":"publish","type":"product","link":"https:\/\/store2.k-tech-services.com\/eco_lehoasen\/san-pham\/mau-tartrazine-vang-chanh-an-do\/","title":{"rendered":"M\u00e0u Tartrazine (V\u00e0ng chanh) &#8211; \u1ea4n \u0110\u1ed9"},"content":{"rendered":"<ul class=\"attr-pro-detail\">\n<li>\n<div>M\u00e0u Tartrazine (V\u00e0ng chanh) c\u00f3 c\u00f4ng d\u1ee5ng t\u1ea1o m\u00e0u cho s\u1ea3n ph\u1ea9m, gi\u00fap s\u1ea3n ph\u1ea9m b\u1eaft m\u1eaft h\u01a1n m\u00e0 kh\u00f4ng \u1ea3nh h\u01b0\u1edfng \u0111\u1ebfn h\u01b0\u01a1ng v\u1ecb s\u1ea3n ph\u1ea9m v\u00e0 an to\u00e0n cho s\u1ee9c kh\u1ecfe. M\u00e0u Tartrazine \u0111\u01b0\u1ee3c \u1ee9ng d\u1ee5ng trong s\u1ea3n xu\u1ea5t s\u1ea3n ph\u1ea9m nh\u01b0: N\u01b0\u1edbc ng\u1ecdt, n\u01b0\u1edbc gi\u1ea3i kh\u00e1t, b\u00e1nh k\u1eb9o,\u2026 H\u00e0m l\u01b0\u1ee3ng\/li\u1ec1u l\u01b0\u1ee3ng: Cho 0,005 \u2013 3% \/ kg s\u1ea3n ph\u1ea9m, cho tr\u1ef1c ti\u1ebfp v\u00e0o s\u1ea3n ph\u1ea9m.<\/div>\n<\/li>\n<\/ul>\n","protected":false},"excerpt":{"rendered":"<p>M\u00e0u Tartrazine (V\u00e0ng chanh) c\u00f3 c\u00f4ng d\u1ee5ng t\u1ea1o m\u00e0u cho s\u1ea3n ph\u1ea9m, gi\u00fap s\u1ea3n ph\u1ea9m b\u1eaft m\u1eaft h\u01a1n m\u00e0 kh\u00f4ng \u1ea3nh h\u01b0\u1edfng \u0111\u1ebfn h\u01b0\u01a1ng v\u1ecb s\u1ea3n ph\u1ea9m v\u00e0 an to\u00e0n cho s\u1ee9c kh\u1ecfe. M\u00e0u Tartrazine \u0111\u01b0\u1ee3c \u1ee9ng d\u1ee5ng trong s\u1ea3n xu\u1ea5t s\u1ea3n ph\u1ea9m nh\u01b0: N\u01b0\u1edbc ng\u1ecdt, n\u01b0\u1edbc gi\u1ea3i kh\u00e1t, b\u00e1nh k\u1eb9o,\u2026 H\u00e0m l\u01b0\u1ee3ng\/li\u1ec1u l\u01b0\u1ee3ng: Cho [&#8230;]\n","protected":false},"featured_media":490,"comment_status":"open","ping_status":"closed","template":"","meta":[],"product_cat":[20],"product_tag":[],"class_list":{"0":"post-489","1":"product","2":"type-product","3":"status-publish","4":"has-post-thumbnail","6":"product_cat-chat-tao-mau","8":"first","9":"instock","10":"shipping-taxable","11":"product-type-simple"},"_links":{"self":[{"href":"https:\/\/store2.k-tech-services.com\/eco_lehoasen\/wp-json\/wp\/v2\/product\/489","targetHints":{"allow":["GET"]}}],"collection":[{"href":"https:\/\/store2.k-tech-services.com\/eco_lehoasen\/wp-json\/wp\/v2\/product"}],"about":[{"href":"https:\/\/store2.k-tech-services.com\/eco_lehoasen\/wp-json\/wp\/v2\/types\/product"}],"replies":[{"embeddable":true,"href":"https:\/\/store2.k-tech-services.com\/eco_lehoasen\/wp-json\/wp\/v2\/comments?post=489"}],"wp:featuredmedia":[{"embeddable":true,"href":"https:\/\/store2.k-tech-services.com\/eco_lehoasen\/wp-json\/wp\/v2\/media\/490"}],"wp:attachment":[{"href":"https:\/\/store2.k-tech-services.com\/eco_lehoasen\/wp-json\/wp\/v2\/media?parent=489"}],"wp:term":[{"taxonomy":"product_cat","embeddable":true,"href":"https:\/\/store2.k-tech-services.com\/eco_lehoasen\/wp-json\/wp\/v2\/product_cat?post=489"},{"taxonomy":"product_tag","embeddable":true,"href":"https:\/\/store2.k-tech-services.com\/eco_lehoasen\/wp-json\/wp\/v2\/product_tag?post=489"}],"curies":[{"name":"wp","href":"https:\/\/api.w.org\/{rel}","templated":true}]}}