
{"id":491,"date":"2024-11-20T05:26:47","date_gmt":"2024-11-20T05:26:47","guid":{"rendered":"https:\/\/lehoasen.com\/?post_type=product&#038;p=491"},"modified":"2024-11-20T05:27:06","modified_gmt":"2024-11-20T05:27:06","slug":"mau-caramel-dang-long-malaysia","status":"publish","type":"product","link":"https:\/\/store2.k-tech-services.com\/eco_lehoasen\/san-pham\/mau-caramel-dang-long-malaysia\/","title":{"rendered":"M\u00e0u CARAMEL d\u1ea1ng l\u1ecfng &#8211; Malaysia"},"content":{"rendered":"<p><strong>T\u00ean s\u1ea3n ph\u1ea9m: M\u00e0u CARAMEL d\u1ea1ng l\u1ecfng<br \/>\n+ Quy c\u00e1ch: 30kg\/th\u00f9ng<br \/>\n+ Xu\u1ea5t x\u1ee9: Malaysia<\/strong><\/p>\n","protected":false},"excerpt":{"rendered":"<ul class=\"attr-pro-detail\">\n<li>\n<div>T\u00ean s\u1ea3n ph\u1ea9m: M\u00e0u CARAMEL + Ngo\u1ea1i quan: D\u1ea1ng l\u1ecfng + \u1ee8ng d\u1ee5ng: Ch\u1ea5t t\u1ea1o m\u00e0u th\u1ef1c ph\u1ea9m + Quy c\u00e1ch: 30kg\/th\u00f9ng +Xu\u1ea5t x\u1ee9: Malaysia C\u00f4ng d\u1ee5ng \/ \u1ee8ng d\u1ee5ng: +M\u00e0u Caramen \u0111\u01b0\u1ee3c d\u00f9ng trong s\u1ea3n xu\u1ea5t c\u00e1c s\u1ea3n ph\u1ea9m nh\u01b0 n\u01b0\u1edbc ng\u1ecdt, n\u01b0\u1edbc gi\u1ea3i kh\u00e1t, b\u00e1nh k\u1eb9o, n\u01b0\u1edbc m\u1eafm, n\u01b0\u1edbc t\u01b0\u01a1ng, b\u00f2 vi\u00ean, v\u00e0 c\u00e1c lo\u1ea1i th\u1ef1c ph\u1ea9m c\u1ea7n t\u1ea1o m\u00e0u. +T\u1ea1o m\u00e0u t\u1ef1 nhi\u00ean cho c\u00e1c s\u1ea3n ph\u1ea9m th\u1ef1c ph\u1ea9m +N\u00e2ng cao gi\u00e1 tr\u1ecb c\u1ea3m quan cho s\u1ea3n ph\u1ea9m.<\/div>\n<\/li>\n<\/ul>\n","protected":false},"featured_media":492,"comment_status":"open","ping_status":"closed","template":"","meta":[],"product_cat":[15,20],"product_tag":[],"class_list":{"0":"post-491","1":"product","2":"type-product","3":"status-publish","4":"has-post-thumbnail","6":"product_cat-phu-gia-thuc-pham","7":"product_cat-chat-tao-mau","9":"first","10":"instock","11":"shipping-taxable","12":"product-type-simple"},"_links":{"self":[{"href":"https:\/\/store2.k-tech-services.com\/eco_lehoasen\/wp-json\/wp\/v2\/product\/491","targetHints":{"allow":["GET"]}}],"collection":[{"href":"https:\/\/store2.k-tech-services.com\/eco_lehoasen\/wp-json\/wp\/v2\/product"}],"about":[{"href":"https:\/\/store2.k-tech-services.com\/eco_lehoasen\/wp-json\/wp\/v2\/types\/product"}],"replies":[{"embeddable":true,"href":"https:\/\/store2.k-tech-services.com\/eco_lehoasen\/wp-json\/wp\/v2\/comments?post=491"}],"wp:featuredmedia":[{"embeddable":true,"href":"https:\/\/store2.k-tech-services.com\/eco_lehoasen\/wp-json\/wp\/v2\/media\/492"}],"wp:attachment":[{"href":"https:\/\/store2.k-tech-services.com\/eco_lehoasen\/wp-json\/wp\/v2\/media?parent=491"}],"wp:term":[{"taxonomy":"product_cat","embeddable":true,"href":"https:\/\/store2.k-tech-services.com\/eco_lehoasen\/wp-json\/wp\/v2\/product_cat?post=491"},{"taxonomy":"product_tag","embeddable":true,"href":"https:\/\/store2.k-tech-services.com\/eco_lehoasen\/wp-json\/wp\/v2\/product_tag?post=491"}],"curies":[{"name":"wp","href":"https:\/\/api.w.org\/{rel}","templated":true}]}}