
{"id":493,"date":"2024-11-20T05:30:53","date_gmt":"2024-11-20T05:30:53","guid":{"rendered":"https:\/\/lehoasen.com\/?post_type=product&#038;p=493"},"modified":"2024-11-20T05:30:53","modified_gmt":"2024-11-20T05:30:53","slug":"phu-gia-tao-do-cung-cho-gach-men-sunmix-dai-loan","status":"publish","type":"product","link":"https:\/\/store2.k-tech-services.com\/eco_lehoasen\/san-pham\/phu-gia-tao-do-cung-cho-gach-men-sunmix-dai-loan\/","title":{"rendered":"Ph\u1ee5 Gia T\u1ea1o \u0110\u1ed9 C\u1ee9ng Cho G\u1ea1ch Men &#8211; Sunmix \u0110\u00e0i Loan"},"content":{"rendered":"<p><strong>T\u00ean S\u1ea3n Ph\u1ea9m:\u00a0Ph\u1ee5 Gia T\u1ea1o \u0110\u1ed9 C\u1ee9ng Cho G\u1ea1ch Men<\/strong><\/p>\n<p><strong>Xu\u1ea5t X\u1ee9:- Sunmix \u0110\u00e0i Loan<\/strong><\/p>\n<p><strong>Qui C\u00e1ch: 25Kg\/Bao<\/strong><\/p>\n","protected":false},"excerpt":{"rendered":"<div class=\"right-pro-detail w-clear\">\n<ul class=\"attr-pro-detail\">\n<li>\n<div>Ph\u1ee5 Gia Sunmix \u0110\u00e0i loan d\u00f9ng \u0111\u1ec3 t\u1ea1o \u0111\u1ed9 c\u1ee9ng cho t\u1ea5t c\u1ea3 c\u00e1c lo\u1ea1i g\u1ea1ch men, g\u1ed1m s\u1ee9 v\u00e0 nhi\u1ec1u \u1ee9ng d\u1ee5ng kh\u00e1c.<\/div>\n<\/li>\n<\/ul>\n<\/div>\n","protected":false},"featured_media":494,"comment_status":"open","ping_status":"closed","template":"","meta":[],"product_cat":[23],"product_tag":[],"class_list":{"0":"post-493","1":"product","2":"type-product","3":"status-publish","4":"has-post-thumbnail","6":"product_cat-hoa-chat-cong-nghiep","8":"first","9":"instock","10":"shipping-taxable","11":"product-type-simple"},"_links":{"self":[{"href":"https:\/\/store2.k-tech-services.com\/eco_lehoasen\/wp-json\/wp\/v2\/product\/493","targetHints":{"allow":["GET"]}}],"collection":[{"href":"https:\/\/store2.k-tech-services.com\/eco_lehoasen\/wp-json\/wp\/v2\/product"}],"about":[{"href":"https:\/\/store2.k-tech-services.com\/eco_lehoasen\/wp-json\/wp\/v2\/types\/product"}],"replies":[{"embeddable":true,"href":"https:\/\/store2.k-tech-services.com\/eco_lehoasen\/wp-json\/wp\/v2\/comments?post=493"}],"wp:featuredmedia":[{"embeddable":true,"href":"https:\/\/store2.k-tech-services.com\/eco_lehoasen\/wp-json\/wp\/v2\/media\/494"}],"wp:attachment":[{"href":"https:\/\/store2.k-tech-services.com\/eco_lehoasen\/wp-json\/wp\/v2\/media?parent=493"}],"wp:term":[{"taxonomy":"product_cat","embeddable":true,"href":"https:\/\/store2.k-tech-services.com\/eco_lehoasen\/wp-json\/wp\/v2\/product_cat?post=493"},{"taxonomy":"product_tag","embeddable":true,"href":"https:\/\/store2.k-tech-services.com\/eco_lehoasen\/wp-json\/wp\/v2\/product_tag?post=493"}],"curies":[{"name":"wp","href":"https:\/\/api.w.org\/{rel}","templated":true}]}}