
{"id":495,"date":"2024-11-20T05:31:41","date_gmt":"2024-11-20T05:31:41","guid":{"rendered":"https:\/\/lehoasen.com\/?post_type=product&#038;p=495"},"modified":"2024-11-20T05:31:41","modified_gmt":"2024-11-20T05:31:41","slug":"glycerin-malaysia","status":"publish","type":"product","link":"https:\/\/store2.k-tech-services.com\/eco_lehoasen\/san-pham\/glycerin-malaysia\/","title":{"rendered":"GLYCERIN \u2013 Malaysia"},"content":{"rendered":"<ul class=\"attr-pro-detail\">\n<li>\n<div>\u2022 C\u00f4ng d\u1ee5ng: &#8211; H\u00f3a ch\u1ea5t Glycerin hay c\u00f2n g\u1ecdi l\u00e0 Glycerol l\u00e0 m\u1ed9t h\u1ee3p ch\u1ea5t polyol \u0111\u01a1n gi\u1ea3n, nh\u1edbt, ch\u1ea5t l\u1ecfng kh\u00f4ng m\u00e0u, kh\u00f4ng m\u00f9i, tan v\u00f4 h\u1ea1n trong n\u01b0\u1edbc, c\u00f3 v\u1ecb ng\u1ecdt v\u00e0 \u0111\u1ed9c t\u00ednh th\u1ea5p. V\u1edbi \u0111\u1eb7c t\u00ednh tr\u00ean, C3H8O3 \u0111\u01b0\u1ee3c s\u1eed d\u1ee5ng r\u1ed9ng r\u00e3i v\u00e0 ph\u1ed5 bi\u1ebfn trong c\u00e1c ng\u00e0nh c\u00f4ng nghi\u1ec7p s\u1ea3n xu\u1ea5t hi\u1ec7n nay. &#8211; Trong th\u1ef1c ph\u1ea9m v\u00e0 \u0111\u1ed3 u\u1ed1ng, Glycerin \u0111\u01b0\u1ee3c d\u00f9ng nh\u01b0 m\u1ed9t ch\u1ea5t gi\u1eef \u1ea9m, ch\u1ea5t l\u00e0m ng\u1ecdt v\u00e0 c\u00f3 th\u1ec3 gi\u00fap b\u1ea3o qu\u1ea3n th\u1ef1c ph\u1ea9m hi\u1ec7n nay . C3H8O3 c\u0169ng \u0111\u01b0\u1ee3c s\u1eed d\u1ee5ng nh\u01b0 m\u1ed9t ph\u1ee5 gia th\u1ef1c ph\u1ea9m b\u1ed5 sung trong c\u00e1c th\u1ef1c ph\u1ea9m c\u00f3 h\u00e0m l\u01b0\u1ee3ng ch\u1ea5t b\u00e9o th\u1ea5p v\u00e0 l\u00e0m t\u0103ng h\u01b0\u01a1ng v\u1ecb trong m\u1ed9t s\u1ed1 lo\u1ea1i r\u01b0\u1ee3u . Ngo\u00e0i ra, n\u00f3 c\u00f2n \u0111\u01b0\u1ee3c s\u1eed d\u1ee5ng \u0111\u1ec3 s\u1ea3n xu\u1ea5t mono-v\u00e0 di- glycerides t\u1ea1o th\u00e0nh c\u00e1c ch\u1ea5t nh\u0169 ho\u00e1.<\/div>\n<\/li>\n<\/ul>\n","protected":false},"excerpt":{"rendered":"<p>T\u00ean s\u1ea3n ph\u1ea9m: GLYCERIN<\/p>\n<ul>\n<li>C\u00f4ng Th\u1ee9c : C3H8O3<\/li>\n<li>H\u00e0m l\u01b0\u1ee3ng : 99.7%<\/li>\n<li>Xu\u1ea5t x\u1ee9 : Malaysia<\/li>\n<li>\u0110\u00f3ng g\u00f3i : 250Kg\/Phuy<\/li>\n<\/ul>\n","protected":false},"featured_media":496,"comment_status":"open","ping_status":"closed","template":"","meta":[],"product_cat":[23],"product_tag":[],"class_list":{"0":"post-495","1":"product","2":"type-product","3":"status-publish","4":"has-post-thumbnail","6":"product_cat-hoa-chat-cong-nghiep","8":"first","9":"instock","10":"shipping-taxable","11":"product-type-simple"},"_links":{"self":[{"href":"https:\/\/store2.k-tech-services.com\/eco_lehoasen\/wp-json\/wp\/v2\/product\/495","targetHints":{"allow":["GET"]}}],"collection":[{"href":"https:\/\/store2.k-tech-services.com\/eco_lehoasen\/wp-json\/wp\/v2\/product"}],"about":[{"href":"https:\/\/store2.k-tech-services.com\/eco_lehoasen\/wp-json\/wp\/v2\/types\/product"}],"replies":[{"embeddable":true,"href":"https:\/\/store2.k-tech-services.com\/eco_lehoasen\/wp-json\/wp\/v2\/comments?post=495"}],"wp:featuredmedia":[{"embeddable":true,"href":"https:\/\/store2.k-tech-services.com\/eco_lehoasen\/wp-json\/wp\/v2\/media\/496"}],"wp:attachment":[{"href":"https:\/\/store2.k-tech-services.com\/eco_lehoasen\/wp-json\/wp\/v2\/media?parent=495"}],"wp:term":[{"taxonomy":"product_cat","embeddable":true,"href":"https:\/\/store2.k-tech-services.com\/eco_lehoasen\/wp-json\/wp\/v2\/product_cat?post=495"},{"taxonomy":"product_tag","embeddable":true,"href":"https:\/\/store2.k-tech-services.com\/eco_lehoasen\/wp-json\/wp\/v2\/product_tag?post=495"}],"curies":[{"name":"wp","href":"https:\/\/api.w.org\/{rel}","templated":true}]}}