
{"id":497,"date":"2024-11-20T05:35:30","date_gmt":"2024-11-20T05:35:30","guid":{"rendered":"https:\/\/lehoasen.com\/?post_type=product&#038;p=497"},"modified":"2024-11-20T05:35:30","modified_gmt":"2024-11-20T05:35:30","slug":"sodium-bicarbonate-feed-grade-solvay-thailand","status":"publish","type":"product","link":"https:\/\/store2.k-tech-services.com\/eco_lehoasen\/san-pham\/sodium-bicarbonate-feed-grade-solvay-thailand\/","title":{"rendered":"Sodium Bicarbonate (Feed Grade) &#8211; Solvay Thailand"},"content":{"rendered":"<p>T\u00ean S\u1ea3n Ph\u1ea9m:\u00a0Sodium Bicarbonate (Feed Grade)<\/p>\n<p>Xu\u1ea5t x\u1ee9: Th\u00e1i Lan<\/p>\n<p>Qui c\u00e1ch: 25Kg\/Bao.<\/p>\n","protected":false},"excerpt":{"rendered":"<ul class=\"attr-pro-detail\">\n<li>\n<div>M\u00f4 t\u1ea3 ngo\u1ea1i quan: Sodium Bicarbonate \u2013 NaHCO3 t\u1ed3n t\u1ea1i \u1edf d\u1ea1ng b\u1ed9t m\u1ecbn, tr\u1eafng, d\u1ec5 h\u00fat \u1ea9m nh\u01b0ng tan \u00edt trong n\u01b0\u1edbc, mang t\u00ednh ch\u1ea5t c\u1ee7a ki\u1ec1m v\u00e0 c\u00f3 v\u1ecb h\u01a1i m\u1eb7n, khi c\u00f3 s\u1ef1 hi\u1ec7n di\u1ec7n c\u1ee7a ion H+ th\u00ec kh\u00ed CO2 s\u1ebd \u0111\u01b0\u1ee3c t\u1ea1o ra. \u1ee8ng d\u1ee5ng: Trong nu\u00f4i tr\u1ed3ng thu\u1ef7 s\u1ea3n v\u00e0 th\u1ee9c \u0103n cho gia s\u00fac, trong y t\u1ebf, trong n\u00f4ng nghi\u1ec7p, c\u00f4ng nghi\u1ec7p s\u1ea3n xu\u1ea5t&#8230; C\u00f4ng d\u1ee5ng: &#8211; Trong nu\u00f4i tr\u1ed3ng thu\u1ef7 s\u1ea3n: X\u1eed l\u00fd n\u01b0\u1edbc, t\u0103ng \u0111\u1ed9 ki\u1ec1m n\u01b0\u1edbc ao nu\u00f4i t\u00f4m khi m\u00f9a m\u01b0a l\u01b0\u1ee3ng n\u01b0\u1edbc m\u01b0a nhi\u1ec1u l\u00e0m n\u01b0\u1edbc ao t\u00f4m gi\u1ea3m pH. B\u1ed5 sung mu\u1ed1i v\u00e0 ch\u1ea5t \u0111i\u1ec7n gi\u1ea3i trong th\u1ee9c \u0103n cho gia s\u00fac, gia c\u1ea7m.<\/div>\n<\/li>\n<\/ul>\n","protected":false},"featured_media":498,"comment_status":"open","ping_status":"closed","template":"","meta":[],"product_cat":[22],"product_tag":[],"class_list":{"0":"post-497","1":"product","2":"type-product","3":"status-publish","4":"has-post-thumbnail","6":"product_cat-phu-gia-dung-trong-chan-nuoi-va-phan-bon","8":"first","9":"instock","10":"shipping-taxable","11":"product-type-simple"},"_links":{"self":[{"href":"https:\/\/store2.k-tech-services.com\/eco_lehoasen\/wp-json\/wp\/v2\/product\/497","targetHints":{"allow":["GET"]}}],"collection":[{"href":"https:\/\/store2.k-tech-services.com\/eco_lehoasen\/wp-json\/wp\/v2\/product"}],"about":[{"href":"https:\/\/store2.k-tech-services.com\/eco_lehoasen\/wp-json\/wp\/v2\/types\/product"}],"replies":[{"embeddable":true,"href":"https:\/\/store2.k-tech-services.com\/eco_lehoasen\/wp-json\/wp\/v2\/comments?post=497"}],"wp:featuredmedia":[{"embeddable":true,"href":"https:\/\/store2.k-tech-services.com\/eco_lehoasen\/wp-json\/wp\/v2\/media\/498"}],"wp:attachment":[{"href":"https:\/\/store2.k-tech-services.com\/eco_lehoasen\/wp-json\/wp\/v2\/media?parent=497"}],"wp:term":[{"taxonomy":"product_cat","embeddable":true,"href":"https:\/\/store2.k-tech-services.com\/eco_lehoasen\/wp-json\/wp\/v2\/product_cat?post=497"},{"taxonomy":"product_tag","embeddable":true,"href":"https:\/\/store2.k-tech-services.com\/eco_lehoasen\/wp-json\/wp\/v2\/product_tag?post=497"}],"curies":[{"name":"wp","href":"https:\/\/api.w.org\/{rel}","templated":true}]}}