
{"id":501,"date":"2024-11-20T05:42:21","date_gmt":"2024-11-20T05:42:21","guid":{"rendered":"https:\/\/lehoasen.com\/?post_type=product&#038;p=501"},"modified":"2024-11-20T05:42:22","modified_gmt":"2024-11-20T05:42:22","slug":"sodium-erythorbate-japan-chat-chong-oxy-hoa","status":"publish","type":"product","link":"https:\/\/store2.k-tech-services.com\/eco_lehoasen\/san-pham\/sodium-erythorbate-japan-chat-chong-oxy-hoa\/","title":{"rendered":"Sodium Erythorbate \u2013 Japan (Ch\u1ea5t ch\u1ed1ng oxy h\u00f3a)"},"content":{"rendered":"<ul>\n<li><strong>T\u00ean s\u1ea3n ph\u1ea9m: Sodium Erythorbate (E316)<\/strong><\/li>\n<li><strong>T\u00ean g\u1ecdi kh\u00e1c: Ch\u1ea5t ch\u1ed1ng oxi h\u00f3a<\/strong><\/li>\n<li><strong>Quy c\u00e1ch: Th\u00f9ng gi\u1ea5y 25kg<\/strong><\/li>\n<li><strong>Xu\u1ea5t x\u1ee9: Fuso-Japan<\/strong><\/li>\n<\/ul>\n","protected":false},"excerpt":{"rendered":"<ul class=\"attr-pro-detail\">\n<li>\n<div>\u2022 C\u00f4ng d\u1ee5ng: Sodium Erythorbate l\u00e0 ph\u1ee5 gia th\u1ef1c ph\u1ea9m gi\u00fap ng\u0103n ch\u1eb7n qu\u00e1 tr\u00ecnh oxy h\u00f3a, l\u00e0m ch\u1eadm s\u1ef1 thay \u0111\u1ed5i c\u1ee7a m\u00e0u s\u1eafc, h\u01b0\u01a1ng v\u1ecb, k\u00e9o d\u00e0i th\u1eddi gian s\u1eed d\u1ee5ng cho s\u1ea3n ph\u1ea9m, gi\u1eef m\u00f9i v\u1ecb t\u1ef1 nhi\u00ean \u0111\u1eb7c tr\u01b0ng cho t\u1eebng lo\u1ea1i th\u1ee7y h\u1ea3i s\u1ea3n, \u0111\u1ed3 h\u1ed9p, c\u00e1c s\u1ea3n ph\u1ea9m th\u1ecbt, n\u01b0\u1edbc gi\u1ea3i kh\u00e1t v\u00e0 m\u1ed9t s\u1ed1 \u1ee9ng d\u1ee5ng kh\u00e1c&#8230; \u2022 \u1ee8ng d\u1ee5ng : Eribate s\u1eed d\u1ee5ng cho c\u00e1c s\u1ea3n ph\u1ea9m th\u1ecbt, c\u00e1 ch\u1ebf bi\u1ebfn nh\u01b0 gi\u00f2 ch\u1ea3, x\u00fac x\u00edch, nem, th\u1ecbt vi\u00ean, c\u00e1 vi\u00ean \u2026, c\u00e1c s\u1ea3n ph\u1ea9m n\u01b0\u1edbc u\u1ed1ng<\/div>\n<\/li>\n<\/ul>\n","protected":false},"featured_media":502,"comment_status":"open","ping_status":"closed","template":"","meta":[],"product_cat":[21],"product_tag":[],"class_list":{"0":"post-501","1":"product","2":"type-product","3":"status-publish","4":"has-post-thumbnail","6":"product_cat-san-pham-sea-food","8":"first","9":"instock","10":"shipping-taxable","11":"product-type-simple"},"_links":{"self":[{"href":"https:\/\/store2.k-tech-services.com\/eco_lehoasen\/wp-json\/wp\/v2\/product\/501","targetHints":{"allow":["GET"]}}],"collection":[{"href":"https:\/\/store2.k-tech-services.com\/eco_lehoasen\/wp-json\/wp\/v2\/product"}],"about":[{"href":"https:\/\/store2.k-tech-services.com\/eco_lehoasen\/wp-json\/wp\/v2\/types\/product"}],"replies":[{"embeddable":true,"href":"https:\/\/store2.k-tech-services.com\/eco_lehoasen\/wp-json\/wp\/v2\/comments?post=501"}],"wp:featuredmedia":[{"embeddable":true,"href":"https:\/\/store2.k-tech-services.com\/eco_lehoasen\/wp-json\/wp\/v2\/media\/502"}],"wp:attachment":[{"href":"https:\/\/store2.k-tech-services.com\/eco_lehoasen\/wp-json\/wp\/v2\/media?parent=501"}],"wp:term":[{"taxonomy":"product_cat","embeddable":true,"href":"https:\/\/store2.k-tech-services.com\/eco_lehoasen\/wp-json\/wp\/v2\/product_cat?post=501"},{"taxonomy":"product_tag","embeddable":true,"href":"https:\/\/store2.k-tech-services.com\/eco_lehoasen\/wp-json\/wp\/v2\/product_tag?post=501"}],"curies":[{"name":"wp","href":"https:\/\/api.w.org\/{rel}","templated":true}]}}