
{"id":506,"date":"2024-11-21T07:25:07","date_gmt":"2024-11-21T07:25:07","guid":{"rendered":"https:\/\/lehoasen.com\/?post_type=product&#038;p=506"},"modified":"2024-12-17T21:24:54","modified_gmt":"2024-12-17T21:24:54","slug":"sodium-benzoate-kalama_usa","status":"publish","type":"product","link":"https:\/\/store2.k-tech-services.com\/eco_lehoasen\/san-pham\/sodium-benzoate-kalama_usa\/","title":{"rendered":"Sodium Benzoate &#8211; Kalama_USA"},"content":{"rendered":"<p><strong>T\u00ean S\u1ea3n Ph\u1ea9m:\u00a0Sodium Benzoate<\/strong><\/p>\n<p><strong>Xu\u1ea5t X\u1ee9:- Kalama_USA<\/strong><\/p>\n<p><strong>Qui C\u00e1ch: 25Kg\/Bao<\/strong><\/p>\n","protected":false},"excerpt":{"rendered":"<ul class=\"attr-pro-detail\">\n<li>\n<div>&#8211; Sodium Benzoate l\u00e0 m\u1ed9t ch\u1ea5t b\u1ea3o qu\u1ea3n v\u00ec c\u00f3 kh\u1ea3 n\u0103ng ti\u00eau di\u1ec7t n\u1ea5m m\u1ed1c v\u00e0 vi khu\u1ea9n, th\u01b0\u1eddng d\u00f9ng l\u00e0m ch\u1ea5t b\u1ea3o qu\u1ea3n trong c\u00e1c lo\u1ea1i b\u00e1nh k\u1eb9o, m\u1ee9t, n\u01b0\u1edbc hoa qu\u1ea3, n\u01b0\u1edbc ng\u1ecdt c\u00f3 gas, c\u00e1c lo\u1ea1i n\u01b0\u1edbc x\u1ed1t, s\u00fap th\u1ecbt, ng\u0169 c\u1ed1c, s\u1ea3n ph\u1ea9m t\u1eeb th\u1ecbt gia s\u00fac, gia c\u1ea7m, th\u1ee7y s\u1ea3n, n\u01b0\u1edbc ch\u1ea5m, s\u1eefa l\u00ean men, c\u00e0 ph\u00ea\u2026<\/div>\n<\/li>\n<\/ul>\n","protected":false},"featured_media":507,"comment_status":"open","ping_status":"closed","template":"","meta":[],"product_cat":[18],"product_tag":[],"class_list":{"0":"post-506","1":"product","2":"type-product","3":"status-publish","4":"has-post-thumbnail","6":"product_cat-chat-bao-quan-chong-moc-va-lam-trang-sach-san-pham","8":"first","9":"instock","10":"shipping-taxable","11":"product-type-simple"},"_links":{"self":[{"href":"https:\/\/store2.k-tech-services.com\/eco_lehoasen\/wp-json\/wp\/v2\/product\/506","targetHints":{"allow":["GET"]}}],"collection":[{"href":"https:\/\/store2.k-tech-services.com\/eco_lehoasen\/wp-json\/wp\/v2\/product"}],"about":[{"href":"https:\/\/store2.k-tech-services.com\/eco_lehoasen\/wp-json\/wp\/v2\/types\/product"}],"replies":[{"embeddable":true,"href":"https:\/\/store2.k-tech-services.com\/eco_lehoasen\/wp-json\/wp\/v2\/comments?post=506"}],"wp:featuredmedia":[{"embeddable":true,"href":"https:\/\/store2.k-tech-services.com\/eco_lehoasen\/wp-json\/wp\/v2\/media\/507"}],"wp:attachment":[{"href":"https:\/\/store2.k-tech-services.com\/eco_lehoasen\/wp-json\/wp\/v2\/media?parent=506"}],"wp:term":[{"taxonomy":"product_cat","embeddable":true,"href":"https:\/\/store2.k-tech-services.com\/eco_lehoasen\/wp-json\/wp\/v2\/product_cat?post=506"},{"taxonomy":"product_tag","embeddable":true,"href":"https:\/\/store2.k-tech-services.com\/eco_lehoasen\/wp-json\/wp\/v2\/product_tag?post=506"}],"curies":[{"name":"wp","href":"https:\/\/api.w.org\/{rel}","templated":true}]}}