
{"id":510,"date":"2024-11-21T07:27:03","date_gmt":"2024-11-21T07:27:03","guid":{"rendered":"https:\/\/lehoasen.com\/?post_type=product&#038;p=510"},"modified":"2024-11-21T07:27:03","modified_gmt":"2024-11-21T07:27:03","slug":"phu-gia-tay-trang-starfresh-9-thailand","status":"publish","type":"product","link":"https:\/\/store2.k-tech-services.com\/eco_lehoasen\/san-pham\/phu-gia-tay-trang-starfresh-9-thailand\/","title":{"rendered":"Ph\u1ee5 gia t\u1ea9y tr\u1eafng Starfresh 9 &#8211; Thailand"},"content":{"rendered":"<p><strong>T\u00ean s\u1ea3n ph\u1ea9m:\u00a0Ph\u1ee5 gia t\u1ea9y tr\u1eafng Starfresh 9<\/strong><\/p>\n<p><strong>Xu\u1ea5t x\u1ee9: Thailand<\/strong><\/p>\n<p><strong>Qui c\u00e1ch: 25Kg\/Bao<\/strong><\/p>\n","protected":false},"excerpt":{"rendered":"<ul class=\"attr-pro-detail\">\n<li>\n<div>T\u00ean g\u1ecdi kh\u00e1c: Ph\u1ee5 gia t\u1ea9y tr\u1eafng M\u00f4 t\u1ea3 ngo\u1ea1i quan: Starfresh D\u1ea1ng b\u1ed9t pha l\u00ea m\u00e0u tr\u1eafng t\u1edbi v\u00e0ng nh\u1ea1t. C\u00f4ng d\u1ee5ng \/ \u1ee8ng d\u1ee5ng: &#8211; Starfresh s\u1eed d\u1ee5ng trong c\u00e1c s\u1ea3n ph\u1ea9m \u0111\u01b0\u1ee3c s\u1ea3n xu\u1ea5t t\u1eeb tinh b\u1ed9t nh\u01b0 b\u00fan, m\u00ec, ph\u1edf, b\u00e1nh canh,h\u1ee7 ti\u1ebfu,..\u2026 &#8211; T\u0103ng tr\u1eafng, t\u1ea1o dai cho s\u1ee3i b\u00fan, m\u00ec, ph\u1edf, h\u1ee7 ti\u1ebfu&#8230; &#8211; K\u00e9o d\u00e0i th\u1eddi gian b\u1ea3o qu\u1ea3n, gi\u1eef m\u00e0u s\u1eafc s\u1ea3n ph\u1ea9m \u1ed5n \u0111\u1ecbnh H\u00e0m l\u01b0\u1ee3ng s\u1eed d\u1ee5ng: 0.01- 0.02% Starfresh (0.1- 0.2g\/kg s\u1ea3n ph\u1ea9m) C\u00e1ch s\u1eed d\u1ee5ng: ng\u00e2m tr\u1ef1c ti\u1ebfp v\u1edbi s\u1ea3n ph\u1ea9m tr\u01b0\u1edbc khi ch\u1ebf bi\u1ebfn H\u01b0\u1edbng d\u1eabn b\u1ea3o qu\u1ea3n: N\u01a1i kh\u00f4 r\u00e1o, tho\u00e1ng m\u00e1t, tr\u00e1nh \u00e1nh s\u00e1ng m\u1eb7t tr\u1eddi tr\u1ef1c ti\u1ebfp.<\/div>\n<\/li>\n<\/ul>\n","protected":false},"featured_media":511,"comment_status":"open","ping_status":"closed","template":"","meta":[],"product_cat":[18],"product_tag":[],"class_list":{"0":"post-510","1":"product","2":"type-product","3":"status-publish","4":"has-post-thumbnail","6":"product_cat-chat-bao-quan-chong-moc-va-lam-trang-sach-san-pham","8":"first","9":"instock","10":"shipping-taxable","11":"product-type-simple"},"_links":{"self":[{"href":"https:\/\/store2.k-tech-services.com\/eco_lehoasen\/wp-json\/wp\/v2\/product\/510","targetHints":{"allow":["GET"]}}],"collection":[{"href":"https:\/\/store2.k-tech-services.com\/eco_lehoasen\/wp-json\/wp\/v2\/product"}],"about":[{"href":"https:\/\/store2.k-tech-services.com\/eco_lehoasen\/wp-json\/wp\/v2\/types\/product"}],"replies":[{"embeddable":true,"href":"https:\/\/store2.k-tech-services.com\/eco_lehoasen\/wp-json\/wp\/v2\/comments?post=510"}],"wp:featuredmedia":[{"embeddable":true,"href":"https:\/\/store2.k-tech-services.com\/eco_lehoasen\/wp-json\/wp\/v2\/media\/511"}],"wp:attachment":[{"href":"https:\/\/store2.k-tech-services.com\/eco_lehoasen\/wp-json\/wp\/v2\/media?parent=510"}],"wp:term":[{"taxonomy":"product_cat","embeddable":true,"href":"https:\/\/store2.k-tech-services.com\/eco_lehoasen\/wp-json\/wp\/v2\/product_cat?post=510"},{"taxonomy":"product_tag","embeddable":true,"href":"https:\/\/store2.k-tech-services.com\/eco_lehoasen\/wp-json\/wp\/v2\/product_tag?post=510"}],"curies":[{"name":"wp","href":"https:\/\/api.w.org\/{rel}","templated":true}]}}