{"id":22,"date":"2024-07-05T01:49:21","date_gmt":"2024-07-05T01:49:21","guid":{"rendered":"http:\/\/localhost:8081\/flower-shop\/?page_id=22"},"modified":"2024-07-05T07:25:11","modified_gmt":"2024-07-05T07:25:11","slug":"lien-he","status":"publish","type":"page","link":"https:\/\/store2.k-tech-services.com\/flower\/lien-he\/","title":{"rendered":"Li\u00ean h\u1ec7"},"content":{"rendered":"\t<section class=\"section\" id=\"section_2031426106\">\n\t\t<div class=\"bg section-bg fill bg-fill  bg-loaded\" >\n\n\t\t\t\n\t\t\t\n\t\t\t\n\n\t\t<\/div>\n\n\t\t\n\n\t\t<div class=\"section-content relative\">\n\t\t\t\n<div class=\"row row-collapse\"  id=\"row-679316736\">\n\n\t<div id=\"col-1607463962\" class=\"col small-12 large-12\"  >\n\t\t\t\t<div class=\"col-inner\"  >\n\t\t\t\n\t\t\t\n<h1 style=\"text-align: center;\">H\u1ec7 th\u1ed1ng c\u1eeda h\u00e0ng<\/h1>\n\t\t<\/div>\n\t\t\t\t\t<\/div>\n\n\t\n<\/div>\n\t<div id=\"gap-173923053\" class=\"gap-element clearfix\" style=\"display:block; height:auto;\">\n\t\t\n<style>\n#gap-173923053 {\n  padding-top: 20px;\n}\n<\/style>\n\t<\/div>\n\t\n<div class=\"row row-collapse align-equal\"  id=\"row-1798891971\">\n\n\t<div id=\"col-645210420\" class=\"col medium-6 small-12 large-6\"  >\n\t\t\t\t<div class=\"col-inner\"  >\n\t\t\t\n\t\t\t\n<p><b>C\u01a1 s\u1edf<\/b><\/p>\n<div><strong>CS\u00a01\u00a0:<\/strong>Ph\u1ed1 Hu\u1ebf\u00a0&#8211;\u00a022 Ph\u1ed1 Hu\u1ebf, H\u00e0 N\u1ed9i\u00a0&#8211;\u00a0<a href=\"tel: %E2%80%8E0964 31 33 55\">\u200e0964 31 33 55<\/a><\/div>\n<div><strong>CS\u00a02\u00a0:<\/strong>Kim M\u00e3\u00a0&#8211;\u00a0339 Kim M\u00e3, Ba \u0110\u00ecnh, H\u00e0 N\u1ed9i\u00a0&#8211;\u00a0<a href=\"tel:0964 26 33 55\">0964 26 33 55<\/a><\/div>\n<div><strong>CS\u00a03\u00a0:<\/strong>Tr\u1ea7n Duy H\u01b0ng\u00a0&#8211;\u00a051 Tr\u1ea7n Duy H\u01b0ng, H\u00e0 N\u1ed9i\u00a0&#8211;\u00a0<a href=\"tel:0971 65 11 55\">0971 65 11 55<\/a><\/div>\n<div><strong>CS\u00a04\u00a0:<\/strong>Nam K\u1ef3 Kh\u1edfi Ngh\u0129a\u00a0&#8211;\u00a0151A Nam K\u1ef3 Kh\u1edfi Ngh\u0129a, qu\u1eadn 3, th\u00e0nh ph\u1ed1 H\u1ed3 Ch\u00ed Minh\u00a0&#8211;\u00a0<a href=\"tel:0971 84 11 55\">0971 84 11 55<\/a><\/div>\n<div><strong>CS\u00a05\u00a0:<\/strong>B\u1eafc Ninh\u00a0&#8211;\u00a0S\u1ed1 65 Ng\u1ecdc H\u00e2n C\u00f4ng Ch\u00faa, ph\u01b0\u1eddng Ninh X\u00e1, Th\u00e0nh ph\u1ed1 B\u1eafc Ninh\u00a0&#8211;\u00a0<a href=\"tel:0976 04 33 55\">0976 04 33 55<\/a><\/div>\n<div><strong>CS\u00a06\u00a0:<\/strong>Long Bi\u00ean\u00a0&#8211;\u00a0Nguy\u1ec7t Qu\u1ebf 25-26 Vinhomes Riverside 2, Long Bi\u00ean, H\u00e0 N\u1ed9i\u00a0&#8211;\u00a0<a href=\"tel:097 614 33 55\">097 614 33 55<\/a><\/div>\n<p><b class=\"text-title\">Email: <\/b><span class=\"text-info\">cskh@hoaliti.com<\/span><\/p>\n\t\t<\/div>\n\t\t\t\t\t<\/div>\n\n\t\n\n\t<div id=\"col-1433641284\" class=\"col medium-6 small-12 large-6\"  >\n\t\t\t\t<div class=\"col-inner\"  >\n\t\t\t\n\t\t\t\n\n<div class=\"wpcf7 no-js\" id=\"wpcf7-f147-o1\" lang=\"vi\" dir=\"ltr\">\n<div class=\"screen-reader-response\"><p role=\"status\" aria-live=\"polite\" aria-atomic=\"true\"><\/p> <ul><\/ul><\/div>\n<form action=\"\/flower\/wp-json\/wp\/v2\/pages\/22#wpcf7-f147-o1\" method=\"post\" class=\"wpcf7-form init\" aria-label=\"Form li\u00ean h\u1ec7\" novalidate=\"novalidate\" data-status=\"init\">\n<div style=\"display: none;\">\n<input type=\"hidden\" name=\"_wpcf7\" value=\"147\" \/>\n<input type=\"hidden\" name=\"_wpcf7_version\" value=\"5.9.8\" \/>\n<input type=\"hidden\" name=\"_wpcf7_locale\" value=\"vi\" \/>\n<input type=\"hidden\" name=\"_wpcf7_unit_tag\" value=\"wpcf7-f147-o1\" \/>\n<input type=\"hidden\" name=\"_wpcf7_container_post\" value=\"0\" \/>\n<input type=\"hidden\" name=\"_wpcf7_posted_data_hash\" value=\"\" \/>\n<\/div>\n<div class=\"row row-small row-form\">\n\t<div class=\"col medium-6 small-12 large-6\">\n\t\t<div class=\"col-inner col-form\">\n\t\t\t<p><span class=\"wpcf7-form-control-wrap\" data-name=\"your-name\"><input size=\"40\" maxlength=\"400\" class=\"wpcf7-form-control wpcf7-text wpcf7-validates-as-required\" autocomplete=\"name\" aria-required=\"true\" aria-invalid=\"false\" placeholder=\"H\u1ecd v\u00e0 t\u00ean c\u1ee7a b\u1ea1n\" value=\"\" type=\"text\" name=\"your-name\" \/><\/span>\n\t\t\t<\/p>\n\t\t<\/div>\n\t<\/div>\n\t<div class=\"col medium-6 small-12 large-6\">\n\t\t<div class=\"col-inner col-form\">\n\t\t\t<p><span class=\"wpcf7-form-control-wrap\" data-name=\"text-882\"><input size=\"40\" maxlength=\"400\" class=\"wpcf7-form-control wpcf7-text\" aria-invalid=\"false\" placeholder=\"S\u1ed1 \u0111i\u1ec7n tho\u1ea1i ho\u1eb7c email\" value=\"\" type=\"text\" name=\"text-882\" \/><\/span>\n\t\t\t<\/p>\n\t\t<\/div>\n\t<\/div>\n\t<div class=\"col small-12 medium-12 large-12\">\n\t\t<div class=\"col-inner col-form\">\n\t\t\t<p><span class=\"wpcf7-form-control-wrap\" data-name=\"your-message\"><textarea cols=\"40\" rows=\"10\" maxlength=\"2000\" class=\"wpcf7-form-control wpcf7-textarea\" aria-invalid=\"false\" placeholder=\"N\u1ed9i dung\" name=\"your-message\"><\/textarea><\/span>\n\t\t\t<\/p>\n\t\t<\/div>\n\t<\/div>\n\t<div class=\"col medium-12 small-12 large-12\">\n\t\t<div class=\"col-inner text-right lienhe-btn-submit\" >\n\t\t\t<p><input class=\"wpcf7-form-control wpcf7-submit has-spinner\" type=\"submit\" value=\"G\u1eecI TH\u00d4NG TIN\" \/>\n\t\t\t<\/p>\n\t\t<\/div>\n\t<\/div>\n<\/div><div class=\"wpcf7-response-output\" aria-hidden=\"true\"><\/div>\n<\/form>\n<\/div>\n\n\t\t<\/div>\n\t\t\t\t\t<\/div>\n\n\t\n<\/div>\n\t\t<\/div>\n\n\t\t\n<style>\n#section_2031426106 {\n  padding-top: 30px;\n  padding-bottom: 30px;\n}\n<\/style>\n\t<\/section>\n\t\n","protected":false},"excerpt":{"rendered":"","protected":false},"author":1,"featured_media":0,"parent":0,"menu_order":0,"comment_status":"closed","ping_status":"closed","template":"page-blank.php","meta":{"_acf_changed":false,"footnotes":""},"class_list":["post-22","page","type-page","status-publish","hentry"],"acf":[],"_links":{"self":[{"href":"https:\/\/store2.k-tech-services.com\/flower\/wp-json\/wp\/v2\/pages\/22","targetHints":{"allow":["GET"]}}],"collection":[{"href":"https:\/\/store2.k-tech-services.com\/flower\/wp-json\/wp\/v2\/pages"}],"about":[{"href":"https:\/\/store2.k-tech-services.com\/flower\/wp-json\/wp\/v2\/types\/page"}],"author":[{"embeddable":true,"href":"https:\/\/store2.k-tech-services.com\/flower\/wp-json\/wp\/v2\/users\/1"}],"replies":[{"embeddable":true,"href":"https:\/\/store2.k-tech-services.com\/flower\/wp-json\/wp\/v2\/comments?post=22"}],"version-history":[{"count":5,"href":"https:\/\/store2.k-tech-services.com\/flower\/wp-json\/wp\/v2\/pages\/22\/revisions"}],"predecessor-version":[{"id":155,"href":"https:\/\/store2.k-tech-services.com\/flower\/wp-json\/wp\/v2\/pages\/22\/revisions\/155"}],"wp:attachment":[{"href":"https:\/\/store2.k-tech-services.com\/flower\/wp-json\/wp\/v2\/media?parent=22"}],"curies":[{"name":"wp","href":"https:\/\/api.w.org\/{rel}","templated":true}]}}