{"id":24,"date":"2024-07-05T01:49:32","date_gmt":"2024-07-05T01:49:32","guid":{"rendered":"http:\/\/localhost:8081\/flower-shop\/?page_id=24"},"modified":"2024-07-05T07:28:12","modified_gmt":"2024-07-05T07:28:12","slug":"ve-chung-toi","status":"publish","type":"page","link":"https:\/\/store2.k-tech-services.com\/flower\/ve-chung-toi\/","title":{"rendered":"V\u1ec1 ch\u00fang t\u00f4i"},"content":{"rendered":"\t<section class=\"section\" id=\"section_1418792106\">\n\t\t<div class=\"bg section-bg fill bg-fill  bg-loaded\" >\n\n\t\t\t\n\t\t\t\n\t\t\t\n\n\t\t<\/div>\n\n\t\t\n\n\t\t<div class=\"section-content relative\">\n\t\t\t\n<div class=\"row\"  id=\"row-1488407324\">\n\n\t<div id=\"col-562426581\" class=\"col small-12 large-12\"  >\n\t\t\t\t<div class=\"col-inner\"  >\n\t\t\t\n\t\t\t\n<h1 class=\"title\">V\u1ec1 ch\u00fang t\u00f4i<\/h1>\n<div class=\"text-item\">\n<h3>\u00a0<\/h3>\n<h3><strong>V\u1ec1 Liti Florist<\/strong><\/h3>\n<p>Liti Florist \u0111\u01b0\u1ee3c th\u00e0nh l\u1eadp t\u1eeb n\u0103m 2012, lu\u00f4n ti\u00ean phong trong c\u00e1c xu h\u01b0\u1edbng hoa t\u01b0\u01a1i nh\u1eadp kh\u1ea9u hi\u1ec7n \u0111\u1ea1i. V\u1edbi h\u1ec7 th\u1ed1ng nh\u00e0 cung c\u1ea5p h\u00e0ng \u0111\u1ea7u th\u1ebf gi\u1edbi, c\u00e1c nh\u00e0 thi\u1ebft k\u1ebf hoa k\u1ef9 thu\u1eadt cao gi\u00e0u kinh nghi\u1ec7m, ch\u1ee9a \u0111\u1ef1ng c\u1ea3m x\u00fac trong t\u1eebng s\u1ea3n ph\u1ea9m, Liti Florist t\u1ef1 h\u00e0o \u0111\u00e3 l\u00e0m h\u00e0i l\u00f2ng h\u00e0ng tr\u0103m ng\u00e0n kh\u00e1ch h\u00e0ng kh\u1eafp Vi\u1ec7t Nam.<\/p>\n<p>S\u1ee9 m\u1ec7nh c\u1ee7a Liti l\u00e0 mang \u0111\u1ebfn nh\u1eefng g\u1eafn k\u1ebft h\u1ea1nh ph\u00fac gi\u1eefa con ng\u01b0\u1eddi v\u00e0 thi\u00ean nhi\u00ean qua nh\u1eefng b\u00f4ng hoa c\u1ea5t l\u1eddi.<\/p>\n<p><strong>Liti Florist &#8211; Let Flowers Talk!<\/strong><\/p>\n<p><a href=\"https:\/\/litiflorist.com\/\">www.litiflorist.com<\/a><\/p>\n<\/div>\n\t\t<\/div>\n\t\t\t\t\t<\/div>\n\n\t\n<\/div>\n\t\t<\/div>\n\n\t\t\n<style>\n#section_1418792106 {\n  padding-top: 30px;\n  padding-bottom: 30px;\n}\n<\/style>\n\t<\/section>\n\t\n","protected":false},"excerpt":{"rendered":"","protected":false},"author":1,"featured_media":0,"parent":0,"menu_order":0,"comment_status":"closed","ping_status":"closed","template":"page-blank.php","meta":{"_acf_changed":false,"footnotes":""},"class_list":["post-24","page","type-page","status-publish","hentry"],"acf":[],"_links":{"self":[{"href":"https:\/\/store2.k-tech-services.com\/flower\/wp-json\/wp\/v2\/pages\/24","targetHints":{"allow":["GET"]}}],"collection":[{"href":"https:\/\/store2.k-tech-services.com\/flower\/wp-json\/wp\/v2\/pages"}],"about":[{"href":"https:\/\/store2.k-tech-services.com\/flower\/wp-json\/wp\/v2\/types\/page"}],"author":[{"embeddable":true,"href":"https:\/\/store2.k-tech-services.com\/flower\/wp-json\/wp\/v2\/users\/1"}],"replies":[{"embeddable":true,"href":"https:\/\/store2.k-tech-services.com\/flower\/wp-json\/wp\/v2\/comments?post=24"}],"version-history":[{"count":2,"href":"https:\/\/store2.k-tech-services.com\/flower\/wp-json\/wp\/v2\/pages\/24\/revisions"}],"predecessor-version":[{"id":156,"href":"https:\/\/store2.k-tech-services.com\/flower\/wp-json\/wp\/v2\/pages\/24\/revisions\/156"}],"wp:attachment":[{"href":"https:\/\/store2.k-tech-services.com\/flower\/wp-json\/wp\/v2\/media?parent=24"}],"curies":[{"name":"wp","href":"https:\/\/api.w.org\/{rel}","templated":true}]}}