{"id":163,"date":"2024-07-05T07:43:52","date_gmt":"2024-07-05T07:43:52","guid":{"rendered":"http:\/\/localhost:8081\/flower-shop\/?post_type=product&#038;p=163"},"modified":"2024-07-05T09:16:15","modified_gmt":"2024-07-05T09:16:15","slug":"lucinda","status":"publish","type":"product","link":"https:\/\/store2.k-tech-services.com\/flower\/san-pham\/lucinda\/","title":{"rendered":"LUCINDA"},"content":{"rendered":"<div class=\"content-info\">H\u1ed9p hoa mang tone m\u00e0u ng\u1ecdt ng\u00e0o v\u00e0 l\u00e3ng m\u1ea1n, thi\u1ebft k\u1ebf bay b\u1ed5ng s\u1ebd l\u00e0 m\u00f3n qu\u00e0 th\u1eadt \u00fd ngh\u0129a d\u00e0nh t\u1eb7ng ng\u01b0\u1eddi th\u00e2n y\u00eau.<\/div>\n<div class=\"inline-block content-info\"><b>Chi\u1ec1u cao:\u00a0<\/b>65\u00a0cm<\/div>\n<div class=\"inline-block content-info\"><b>Chi\u1ec1u r\u1ed9ng:\u00a0<\/b>55\u00a0cm<\/div>\n<div class=\"inline-block content-info\"><b>Size:\u00a0<\/b>L<\/div>\n<div class=\"content-info\"><b>Hoa ch\u00ednh:\u00a0<\/b>H\u1ed3ng Ecuador, Tulip, M\u1eabu \u0111\u01a1n, Lan t\u01b0\u1eddng, C\u1ea9m ch\u01b0\u1edbng<\/div>\n<div class=\"content-info\"><b>Hoa ph\u1ee5:\u00a0<\/b>Hoa l\u00e1 ph\u1ee5 nh\u1eadp kh\u1ea9u<\/div>\n","protected":false},"excerpt":{"rendered":"<div class=\"content-info\">H\u1ed9p hoa mang tone m\u00e0u ng\u1ecdt ng\u00e0o v\u00e0 l\u00e3ng m\u1ea1n, thi\u1ebft k\u1ebf bay b\u1ed5ng s\u1ebd l\u00e0 m\u00f3n qu\u00e0 th\u1eadt \u00fd ngh\u0129a d\u00e0nh t\u1eb7ng ng\u01b0\u1eddi th\u00e2n y\u00eau.<\/div>\n<div class=\"inline-block content-info\"><b>Chi\u1ec1u cao:\u00a0<\/b>65\u00a0cm<\/div>\n<div class=\"inline-block content-info\"><b>Chi\u1ec1u r\u1ed9ng:\u00a0<\/b>55\u00a0cm<\/div>\n<div class=\"inline-block content-info\"><b>Size:\u00a0<\/b>L<\/div>\n<div class=\"content-info\"><b>Hoa ch\u00ednh:\u00a0<\/b>H\u1ed3ng Ecuador, Tulip, M\u1eabu \u0111\u01a1n, Lan t\u01b0\u1eddng, C\u1ea9m ch\u01b0\u1edbng<\/div>\n<div class=\"content-info\"><b>Hoa ph\u1ee5:\u00a0<\/b>Hoa l\u00e1 ph\u1ee5 nh\u1eadp kh\u1ea9u<\/div>\n","protected":false},"featured_media":172,"comment_status":"closed","ping_status":"closed","template":"","meta":{"_acf_changed":false},"dip":[21],"doi-tuong":[25],"gia":[26],"kieu-dang":[31],"mau-sac":[32],"test-loc":[],"product_cat":[20],"product_tag":[],"class_list":{"0":"post-163","1":"product","2":"type-product","3":"status-publish","4":"has-post-thumbnail","6":"dip-sinh-nhat","7":"doi-tuong-me","8":"gia-0-toi-1-trieu","9":"kieu-dang-hop-hoa","10":"mau-sac-hong","11":"product_cat-lan-ho-diep","13":"first","14":"instock","15":"shipping-taxable","16":"purchasable","17":"product-type-simple"},"acf":[],"_links":{"self":[{"href":"https:\/\/store2.k-tech-services.com\/flower\/wp-json\/wp\/v2\/product\/163","targetHints":{"allow":["GET"]}}],"collection":[{"href":"https:\/\/store2.k-tech-services.com\/flower\/wp-json\/wp\/v2\/product"}],"about":[{"href":"https:\/\/store2.k-tech-services.com\/flower\/wp-json\/wp\/v2\/types\/product"}],"replies":[{"embeddable":true,"href":"https:\/\/store2.k-tech-services.com\/flower\/wp-json\/wp\/v2\/comments?post=163"}],"wp:featuredmedia":[{"embeddable":true,"href":"https:\/\/store2.k-tech-services.com\/flower\/wp-json\/wp\/v2\/media\/172"}],"wp:attachment":[{"href":"https:\/\/store2.k-tech-services.com\/flower\/wp-json\/wp\/v2\/media?parent=163"}],"wp:term":[{"taxonomy":"dip","embeddable":true,"href":"https:\/\/store2.k-tech-services.com\/flower\/wp-json\/wp\/v2\/dip?post=163"},{"taxonomy":"doi-tuong","embeddable":true,"href":"https:\/\/store2.k-tech-services.com\/flower\/wp-json\/wp\/v2\/doi-tuong?post=163"},{"taxonomy":"gia","embeddable":true,"href":"https:\/\/store2.k-tech-services.com\/flower\/wp-json\/wp\/v2\/gia?post=163"},{"taxonomy":"kieu-dang","embeddable":true,"href":"https:\/\/store2.k-tech-services.com\/flower\/wp-json\/wp\/v2\/kieu-dang?post=163"},{"taxonomy":"mau-sac","embeddable":true,"href":"https:\/\/store2.k-tech-services.com\/flower\/wp-json\/wp\/v2\/mau-sac?post=163"},{"taxonomy":"test-loc","embeddable":true,"href":"https:\/\/store2.k-tech-services.com\/flower\/wp-json\/wp\/v2\/test-loc?post=163"},{"taxonomy":"product_cat","embeddable":true,"href":"https:\/\/store2.k-tech-services.com\/flower\/wp-json\/wp\/v2\/product_cat?post=163"},{"taxonomy":"product_tag","embeddable":true,"href":"https:\/\/store2.k-tech-services.com\/flower\/wp-json\/wp\/v2\/product_tag?post=163"}],"curies":[{"name":"wp","href":"https:\/\/api.w.org\/{rel}","templated":true}]}}