{"id":164,"date":"2024-07-05T07:44:20","date_gmt":"2024-07-05T07:44:20","guid":{"rendered":"http:\/\/localhost:8081\/flower-shop\/?post_type=product&#038;p=164"},"modified":"2024-07-05T09:14:51","modified_gmt":"2024-07-05T09:14:51","slug":"sunny","status":"publish","type":"product","link":"https:\/\/store2.k-tech-services.com\/flower\/san-pham\/sunny\/","title":{"rendered":"SUNNY"},"content":{"rendered":"<div class=\"content-info\">Gi\u1ecf Gracy bag g\u1ed3m: h\u1ed3ng Heart, Toffee, Calla, Mao l\u01b0\u01a1ng, Pitto, B\u1ea1ch \u0111\u00e0n nh\u00ed. K\u00e8m thi\u1ec7p thi\u1ebft k\u1ebf ri\u00eang.<\/div>\n<div class=\"inline-block content-info\"><b>Chi\u1ec1u cao:\u00a0<\/b>70\u00a0cm<\/div>\n<div class=\"inline-block content-info\"><b>Chi\u1ec1u r\u1ed9ng:\u00a0<\/b>55\u00a0cm<\/div>\n<div class=\"inline-block content-info\"><b>Size:\u00a0<\/b>XL<\/div>\n<div class=\"content-info\"><b>Hoa ch\u00ednh:\u00a0<\/b>h\u1ed3ng Heart, Toffee, Calla, Mao l\u01b0\u01a1ng<\/div>\n<div class=\"content-info\"><b>Hoa ph\u1ee5:\u00a0<\/b>Pitto, B\u1ea1ch \u0111\u00e0n nh\u00ed<\/div>\n","protected":false},"excerpt":{"rendered":"<div class=\"content-info\">Gi\u1ecf Gracy bag g\u1ed3m: h\u1ed3ng Heart, Toffee, Calla, Mao l\u01b0\u01a1ng, Pitto, B\u1ea1ch \u0111\u00e0n nh\u00ed. K\u00e8m thi\u1ec7p thi\u1ebft k\u1ebf ri\u00eang.<\/div>\n<div class=\"inline-block content-info\"><b>Chi\u1ec1u cao:\u00a0<\/b>70\u00a0cm<\/div>\n<div class=\"inline-block content-info\"><b>Chi\u1ec1u r\u1ed9ng:\u00a0<\/b>55\u00a0cm<\/div>\n<div class=\"inline-block content-info\"><b>Size:\u00a0<\/b>XL<\/div>\n<div class=\"content-info\"><b>Hoa ch\u00ednh:\u00a0<\/b>h\u1ed3ng Heart, Toffee, Calla, Mao l\u01b0\u01a1ng<\/div>\n<div class=\"content-info\"><b>Hoa ph\u1ee5:\u00a0<\/b>Pitto, B\u1ea1ch \u0111\u00e0n nh\u00ed<\/div>\n","protected":false},"featured_media":169,"comment_status":"closed","ping_status":"closed","template":"","meta":{"_acf_changed":false},"dip":[22],"doi-tuong":[23],"gia":[28],"kieu-dang":[30],"mau-sac":[34],"test-loc":[],"product_cat":[20],"product_tag":[],"class_list":{"0":"post-164","1":"product","2":"type-product","3":"status-publish","4":"has-post-thumbnail","6":"dip-hoa-14-2","7":"doi-tuong-nguoi-yeu","8":"gia-2-trieu-tro-len","9":"kieu-dang-gio","10":"mau-sac-cam","11":"product_cat-lan-ho-diep","13":"first","14":"instock","15":"shipping-taxable","16":"purchasable","17":"product-type-simple"},"acf":[],"_links":{"self":[{"href":"https:\/\/store2.k-tech-services.com\/flower\/wp-json\/wp\/v2\/product\/164","targetHints":{"allow":["GET"]}}],"collection":[{"href":"https:\/\/store2.k-tech-services.com\/flower\/wp-json\/wp\/v2\/product"}],"about":[{"href":"https:\/\/store2.k-tech-services.com\/flower\/wp-json\/wp\/v2\/types\/product"}],"replies":[{"embeddable":true,"href":"https:\/\/store2.k-tech-services.com\/flower\/wp-json\/wp\/v2\/comments?post=164"}],"wp:featuredmedia":[{"embeddable":true,"href":"https:\/\/store2.k-tech-services.com\/flower\/wp-json\/wp\/v2\/media\/169"}],"wp:attachment":[{"href":"https:\/\/store2.k-tech-services.com\/flower\/wp-json\/wp\/v2\/media?parent=164"}],"wp:term":[{"taxonomy":"dip","embeddable":true,"href":"https:\/\/store2.k-tech-services.com\/flower\/wp-json\/wp\/v2\/dip?post=164"},{"taxonomy":"doi-tuong","embeddable":true,"href":"https:\/\/store2.k-tech-services.com\/flower\/wp-json\/wp\/v2\/doi-tuong?post=164"},{"taxonomy":"gia","embeddable":true,"href":"https:\/\/store2.k-tech-services.com\/flower\/wp-json\/wp\/v2\/gia?post=164"},{"taxonomy":"kieu-dang","embeddable":true,"href":"https:\/\/store2.k-tech-services.com\/flower\/wp-json\/wp\/v2\/kieu-dang?post=164"},{"taxonomy":"mau-sac","embeddable":true,"href":"https:\/\/store2.k-tech-services.com\/flower\/wp-json\/wp\/v2\/mau-sac?post=164"},{"taxonomy":"test-loc","embeddable":true,"href":"https:\/\/store2.k-tech-services.com\/flower\/wp-json\/wp\/v2\/test-loc?post=164"},{"taxonomy":"product_cat","embeddable":true,"href":"https:\/\/store2.k-tech-services.com\/flower\/wp-json\/wp\/v2\/product_cat?post=164"},{"taxonomy":"product_tag","embeddable":true,"href":"https:\/\/store2.k-tech-services.com\/flower\/wp-json\/wp\/v2\/product_tag?post=164"}],"curies":[{"name":"wp","href":"https:\/\/api.w.org\/{rel}","templated":true}]}}