{"id":173,"date":"2024-07-05T07:50:55","date_gmt":"2024-07-05T07:50:55","guid":{"rendered":"http:\/\/localhost:8081\/flower-shop\/?post_type=product&#038;p=173"},"modified":"2024-07-08T04:28:02","modified_gmt":"2024-07-08T04:28:02","slug":"queen-bee","status":"publish","type":"product","link":"https:\/\/store2.k-tech-services.com\/flower\/san-pham\/queen-bee\/","title":{"rendered":"QUEEN BEE"},"content":{"rendered":"<div class=\"content-info\">B\u00ecnh gi\u1ea3 c\u1ed5 s\u1eed d\u1ee5ng: Stardust, Chanh \u00fd, Tulip, H\u1ed3ng s\u00e2m, Calla, Tr\u00e1i hoa h\u1ed3ng cam, Scabiosa, \u00c1nh tr\u0103ng, C\u00fac m\u1eabu \u0111\u01a1n. Gi\u00e1 ch\u01b0a bao g\u1ed3m b\u00ecnh hoa.<\/div>\n<div class=\"inline-block content-info\"><b>Chi\u1ec1u cao:\u00a0<\/b>60\u00a0cm<\/div>\n<div class=\"inline-block content-info\"><b>Chi\u1ec1u r\u1ed9ng:\u00a0<\/b>45\u00a0cm<\/div>\n<div class=\"inline-block content-info\"><b>Size:\u00a0<\/b>XL<\/div>\n<div class=\"content-info\"><b>Hoa ch\u00ednh:\u00a0<\/b>\u00c1nh tr\u0103ng, C\u00fac m\u1eabu \u0111\u01a1n, Tulip, Calla.<\/div>\n<div class=\"content-info\"><b>Hoa ph\u1ee5:\u00a0<\/b>Stardust, Chanh \u00fd, H\u1ed3ng s\u00e2m, Tr\u00e1i hoa h\u1ed3ng cam, Scabiosa.<\/div>\n","protected":false},"excerpt":{"rendered":"<div class=\"content-info\">B\u00ecnh gi\u1ea3 c\u1ed5 s\u1eed d\u1ee5ng: Stardust, Chanh \u00fd, Tulip, H\u1ed3ng s\u00e2m, Calla, Tr\u00e1i hoa h\u1ed3ng cam, Scabiosa, \u00c1nh tr\u0103ng, C\u00fac m\u1eabu \u0111\u01a1n. Gi\u00e1 ch\u01b0a bao g\u1ed3m b\u00ecnh hoa.<\/div>\n<div class=\"inline-block content-info\"><b>Chi\u1ec1u cao:\u00a0<\/b>60\u00a0cm<\/div>\n<div class=\"inline-block content-info\"><b>Chi\u1ec1u r\u1ed9ng:\u00a0<\/b>45\u00a0cm<\/div>\n<div class=\"inline-block content-info\"><b>Size:\u00a0<\/b>XL<\/div>\n<div class=\"content-info\"><b>Hoa ch\u00ednh:\u00a0<\/b>\u00c1nh tr\u0103ng, C\u00fac m\u1eabu \u0111\u01a1n, Tulip, Calla.<\/div>\n<div class=\"content-info\"><b>Hoa ph\u1ee5:\u00a0<\/b>Stardust, Chanh \u00fd, H\u1ed3ng s\u00e2m, Tr\u00e1i hoa h\u1ed3ng cam, Scabiosa.<\/div>\n","protected":false},"featured_media":174,"comment_status":"closed","ping_status":"closed","template":"","meta":{"_acf_changed":false},"dip":[21],"doi-tuong":[24],"gia":[28],"kieu-dang":[31],"mau-sac":[32],"test-loc":[],"product_cat":[19,20],"product_tag":[],"class_list":{"0":"post-173","1":"product","2":"type-product","3":"status-publish","4":"has-post-thumbnail","6":"dip-sinh-nhat","7":"doi-tuong-vo","8":"gia-2-trieu-tro-len","9":"kieu-dang-hop-hoa","10":"mau-sac-hong","11":"product_cat-hoa-tuoi","12":"product_cat-lan-ho-diep","14":"first","15":"instock","16":"shipping-taxable","17":"purchasable","18":"product-type-simple"},"acf":[],"_links":{"self":[{"href":"https:\/\/store2.k-tech-services.com\/flower\/wp-json\/wp\/v2\/product\/173","targetHints":{"allow":["GET"]}}],"collection":[{"href":"https:\/\/store2.k-tech-services.com\/flower\/wp-json\/wp\/v2\/product"}],"about":[{"href":"https:\/\/store2.k-tech-services.com\/flower\/wp-json\/wp\/v2\/types\/product"}],"replies":[{"embeddable":true,"href":"https:\/\/store2.k-tech-services.com\/flower\/wp-json\/wp\/v2\/comments?post=173"}],"wp:featuredmedia":[{"embeddable":true,"href":"https:\/\/store2.k-tech-services.com\/flower\/wp-json\/wp\/v2\/media\/174"}],"wp:attachment":[{"href":"https:\/\/store2.k-tech-services.com\/flower\/wp-json\/wp\/v2\/media?parent=173"}],"wp:term":[{"taxonomy":"dip","embeddable":true,"href":"https:\/\/store2.k-tech-services.com\/flower\/wp-json\/wp\/v2\/dip?post=173"},{"taxonomy":"doi-tuong","embeddable":true,"href":"https:\/\/store2.k-tech-services.com\/flower\/wp-json\/wp\/v2\/doi-tuong?post=173"},{"taxonomy":"gia","embeddable":true,"href":"https:\/\/store2.k-tech-services.com\/flower\/wp-json\/wp\/v2\/gia?post=173"},{"taxonomy":"kieu-dang","embeddable":true,"href":"https:\/\/store2.k-tech-services.com\/flower\/wp-json\/wp\/v2\/kieu-dang?post=173"},{"taxonomy":"mau-sac","embeddable":true,"href":"https:\/\/store2.k-tech-services.com\/flower\/wp-json\/wp\/v2\/mau-sac?post=173"},{"taxonomy":"test-loc","embeddable":true,"href":"https:\/\/store2.k-tech-services.com\/flower\/wp-json\/wp\/v2\/test-loc?post=173"},{"taxonomy":"product_cat","embeddable":true,"href":"https:\/\/store2.k-tech-services.com\/flower\/wp-json\/wp\/v2\/product_cat?post=173"},{"taxonomy":"product_tag","embeddable":true,"href":"https:\/\/store2.k-tech-services.com\/flower\/wp-json\/wp\/v2\/product_tag?post=173"}],"curies":[{"name":"wp","href":"https:\/\/api.w.org\/{rel}","templated":true}]}}