{"id":284,"date":"2024-07-08T07:43:12","date_gmt":"2024-07-08T07:43:12","guid":{"rendered":"http:\/\/localhost:8081\/flower-shop\/?post_type=product&#038;p=284"},"modified":"2024-07-16T04:58:54","modified_gmt":"2024-07-16T04:58:54","slug":"glenda-1","status":"publish","type":"product","link":"https:\/\/store2.k-tech-services.com\/flower\/san-pham\/glenda-1\/","title":{"rendered":"GLENDA 1"},"content":{"rendered":"<div class=\"content-info\">V\u1ebb \u0111\u1eb9p m\u00ea ho\u1eb7c c\u1ee7a nh\u1eefng b\u00f4ng hoa qua l\u1edbp mica trong su\u1ed1t s\u1ebd khi\u1ebfn tr\u00e1i tim c\u1ee7a m\u1ecdi c\u00f4 g\u00e1i rung \u0111\u1ed9ng. Chi\u1ebfc Vali nh\u01b0 ch\u1ee9a \u0111\u1ef1ng c\u1ea3 khu v\u01b0\u1eddn hoa ng\u1eadp tr\u00e0n s\u1eafc m\u00e0u s\u1ebd mang \u0111\u1ebfn ngu\u1ed3n n\u0103ng l\u01b0\u1ee3ng t\u01b0\u01a1i vui cho ng\u01b0\u1eddi nh\u1eadn.<\/div>\n<div class=\"inline-block content-info\"><b>Chi\u1ec1u cao:\u00a0<\/b>35\u00a0cm<\/div>\n<div class=\"inline-block content-info\"><b>Chi\u1ec1u r\u1ed9ng:\u00a0<\/b>30\u00a0cm<\/div>\n<div class=\"inline-block content-info\"><b>Size:\u00a0<\/b>L<\/div>\n<div class=\"content-info\"><b>Hoa ch\u00ednh:\u00a0<\/b>H\u1ed3ng Ecuador, C\u1ea9m ch\u01b0\u1edbng, Tulip, Lan t\u01b0\u1eddng, \u0110\u1ed3ng ti\u1ec1n c\u00e1nh xo\u0103n, Di\u1ec5n v\u1ef9<\/div>\n<div class=\"content-info\"><b>Hoa ph\u1ee5:\u00a0<\/b>Hoa l\u00e1 ph\u1ee5 nh\u1eadp kh\u1ea9u<\/div>\n","protected":false},"excerpt":{"rendered":"<div class=\"content-info\">V\u1ebb \u0111\u1eb9p m\u00ea ho\u1eb7c c\u1ee7a nh\u1eefng b\u00f4ng hoa qua l\u1edbp mica trong su\u1ed1t s\u1ebd khi\u1ebfn tr\u00e1i tim c\u1ee7a m\u1ecdi c\u00f4 g\u00e1i rung \u0111\u1ed9ng. Chi\u1ebfc Vali nh\u01b0 ch\u1ee9a \u0111\u1ef1ng c\u1ea3 khu v\u01b0\u1eddn hoa ng\u1eadp tr\u00e0n s\u1eafc m\u00e0u s\u1ebd mang \u0111\u1ebfn ngu\u1ed3n n\u0103ng l\u01b0\u1ee3ng t\u01b0\u01a1i vui cho ng\u01b0\u1eddi nh\u1eadn.<\/div>\n<div class=\"inline-block content-info\"><b>Chi\u1ec1u cao:\u00a0<\/b>35\u00a0cm<\/div>\n<div class=\"inline-block content-info\"><b>Chi\u1ec1u r\u1ed9ng:\u00a0<\/b>30\u00a0cm<\/div>\n<div class=\"inline-block content-info\"><b>Size:\u00a0<\/b>L<\/div>\n<div class=\"content-info\"><b>Hoa ch\u00ednh:\u00a0<\/b>H\u1ed3ng Ecuador, C\u1ea9m ch\u01b0\u1edbng, Tulip, Lan t\u01b0\u1eddng, \u0110\u1ed3ng ti\u1ec1n c\u00e1nh xo\u0103n, Di\u1ec5n v\u1ef9<\/div>\n<div class=\"content-info\"><b>Hoa ph\u1ee5:\u00a0<\/b>Hoa l\u00e1 ph\u1ee5 nh\u1eadp kh\u1ea9u<\/div>\n","protected":false},"featured_media":285,"comment_status":"closed","ping_status":"closed","template":"","meta":{"_acf_changed":false},"dip":[22],"doi-tuong":[25],"gia":[27],"kieu-dang":[30],"mau-sac":[32],"test-loc":[35],"product_cat":[19,20],"product_tag":[],"class_list":{"0":"post-284","1":"product","2":"type-product","3":"status-publish","4":"has-post-thumbnail","6":"dip-hoa-14-2","7":"doi-tuong-me","8":"gia-1-trieu-toi-2-trieu","9":"kieu-dang-gio","10":"mau-sac-hong","11":"test-loc-test-loc-1","12":"product_cat-hoa-tuoi","13":"product_cat-lan-ho-diep","15":"first","16":"instock","17":"shipping-taxable","18":"purchasable","19":"product-type-simple"},"acf":[],"_links":{"self":[{"href":"https:\/\/store2.k-tech-services.com\/flower\/wp-json\/wp\/v2\/product\/284","targetHints":{"allow":["GET"]}}],"collection":[{"href":"https:\/\/store2.k-tech-services.com\/flower\/wp-json\/wp\/v2\/product"}],"about":[{"href":"https:\/\/store2.k-tech-services.com\/flower\/wp-json\/wp\/v2\/types\/product"}],"replies":[{"embeddable":true,"href":"https:\/\/store2.k-tech-services.com\/flower\/wp-json\/wp\/v2\/comments?post=284"}],"wp:featuredmedia":[{"embeddable":true,"href":"https:\/\/store2.k-tech-services.com\/flower\/wp-json\/wp\/v2\/media\/285"}],"wp:attachment":[{"href":"https:\/\/store2.k-tech-services.com\/flower\/wp-json\/wp\/v2\/media?parent=284"}],"wp:term":[{"taxonomy":"dip","embeddable":true,"href":"https:\/\/store2.k-tech-services.com\/flower\/wp-json\/wp\/v2\/dip?post=284"},{"taxonomy":"doi-tuong","embeddable":true,"href":"https:\/\/store2.k-tech-services.com\/flower\/wp-json\/wp\/v2\/doi-tuong?post=284"},{"taxonomy":"gia","embeddable":true,"href":"https:\/\/store2.k-tech-services.com\/flower\/wp-json\/wp\/v2\/gia?post=284"},{"taxonomy":"kieu-dang","embeddable":true,"href":"https:\/\/store2.k-tech-services.com\/flower\/wp-json\/wp\/v2\/kieu-dang?post=284"},{"taxonomy":"mau-sac","embeddable":true,"href":"https:\/\/store2.k-tech-services.com\/flower\/wp-json\/wp\/v2\/mau-sac?post=284"},{"taxonomy":"test-loc","embeddable":true,"href":"https:\/\/store2.k-tech-services.com\/flower\/wp-json\/wp\/v2\/test-loc?post=284"},{"taxonomy":"product_cat","embeddable":true,"href":"https:\/\/store2.k-tech-services.com\/flower\/wp-json\/wp\/v2\/product_cat?post=284"},{"taxonomy":"product_tag","embeddable":true,"href":"https:\/\/store2.k-tech-services.com\/flower\/wp-json\/wp\/v2\/product_tag?post=284"}],"curies":[{"name":"wp","href":"https:\/\/api.w.org\/{rel}","templated":true}]}}