{"id":408,"date":"2024-07-24T15:30:14","date_gmt":"2024-07-24T08:30:14","guid":{"rendered":"https:\/\/hoaminhthambacninh.com\/?post_type=product&#038;p=408"},"modified":"2024-07-24T15:30:15","modified_gmt":"2024-07-24T08:30:15","slug":"hoa-khai-truong-2-tang","status":"publish","type":"product","link":"https:\/\/store2.k-tech-services.com\/flower\/san-pham\/hoa-khai-truong-2-tang\/","title":{"rendered":"Hoa Khai Tr\u01b0\u01a1ng 2 T\u1ea7ng"},"content":{"rendered":"<p><img loading=\"lazy\" decoding=\"async\" class=\"alignnone size-medium wp-image-412\" src=\"https:\/\/hoaminhthambacninh.com\/wp-content\/uploads\/2024\/07\/6F676E7A-D58F-4279-8DBB-117D1D20D4D5-195x300.jpeg\" alt=\"\" width=\"195\" height=\"300\" srcset=\"https:\/\/store2.k-tech-services.com\/flower\/wp-content\/uploads\/2024\/07\/6F676E7A-D58F-4279-8DBB-117D1D20D4D5-195x300.jpeg 195w, https:\/\/store2.k-tech-services.com\/flower\/wp-content\/uploads\/2024\/07\/6F676E7A-D58F-4279-8DBB-117D1D20D4D5-664x1024.jpeg 664w, https:\/\/store2.k-tech-services.com\/flower\/wp-content\/uploads\/2024\/07\/6F676E7A-D58F-4279-8DBB-117D1D20D4D5-768x1184.jpeg 768w, https:\/\/store2.k-tech-services.com\/flower\/wp-content\/uploads\/2024\/07\/6F676E7A-D58F-4279-8DBB-117D1D20D4D5-997x1536.jpeg 997w, https:\/\/store2.k-tech-services.com\/flower\/wp-content\/uploads\/2024\/07\/6F676E7A-D58F-4279-8DBB-117D1D20D4D5-1329x2048.jpeg 1329w, https:\/\/store2.k-tech-services.com\/flower\/wp-content\/uploads\/2024\/07\/6F676E7A-D58F-4279-8DBB-117D1D20D4D5-800x1233.jpeg 800w, https:\/\/store2.k-tech-services.com\/flower\/wp-content\/uploads\/2024\/07\/6F676E7A-D58F-4279-8DBB-117D1D20D4D5-scaled.jpeg 1661w\" sizes=\"auto, (max-width: 195px) 100vw, 195px\" \/>Hoa khai tr\u01b0\u01a1ng l\u00e0 m\u1ed9t m\u00f3n qu\u00e0 kh\u00f4ng th\u1ec3 thi\u1ebfu \u0111\u1ec3 g\u1eedi t\u1edbi ng\u01b0\u1eddi th\u00e2n v\u00e0 bajn b\u00e8 trong d\u1ecbp l\u1ec5 quan tr\u1ecdng<\/p>\n","protected":false},"excerpt":{"rendered":"<p>Hoa khai tr\u01b0\u01a1ng l\u00e0 m\u1ed9t m\u00f3n qu\u00e0 kh\u00f4ng th\u1ec3 thi\u1ebfu \u0111\u1ec3 g\u1eedi t\u1edbi ng\u01b0\u1eddi th\u00e2n v\u00e0 bajn b\u00e8 trong d\u1ecbp l\u1ec5 quan tr\u1ecdng<\/p>\n","protected":false},"featured_media":0,"comment_status":"closed","ping_status":"closed","template":"","meta":{"_acf_changed":false},"dip":[38,39,37],"doi-tuong":[],"gia":[],"kieu-dang":[],"mau-sac":[],"test-loc":[],"product_cat":[15],"product_tag":[],"class_list":{"0":"post-408","1":"product","2":"type-product","3":"status-publish","5":"dip-chuc-mung","6":"dip-khai-giang","7":"dip-khai-truong","8":"product_cat-chua-phan-loai","10":"first","11":"instock","12":"shipping-taxable","13":"product-type-variable"},"acf":[],"_links":{"self":[{"href":"https:\/\/store2.k-tech-services.com\/flower\/wp-json\/wp\/v2\/product\/408","targetHints":{"allow":["GET"]}}],"collection":[{"href":"https:\/\/store2.k-tech-services.com\/flower\/wp-json\/wp\/v2\/product"}],"about":[{"href":"https:\/\/store2.k-tech-services.com\/flower\/wp-json\/wp\/v2\/types\/product"}],"replies":[{"embeddable":true,"href":"https:\/\/store2.k-tech-services.com\/flower\/wp-json\/wp\/v2\/comments?post=408"}],"wp:attachment":[{"href":"https:\/\/store2.k-tech-services.com\/flower\/wp-json\/wp\/v2\/media?parent=408"}],"wp:term":[{"taxonomy":"dip","embeddable":true,"href":"https:\/\/store2.k-tech-services.com\/flower\/wp-json\/wp\/v2\/dip?post=408"},{"taxonomy":"doi-tuong","embeddable":true,"href":"https:\/\/store2.k-tech-services.com\/flower\/wp-json\/wp\/v2\/doi-tuong?post=408"},{"taxonomy":"gia","embeddable":true,"href":"https:\/\/store2.k-tech-services.com\/flower\/wp-json\/wp\/v2\/gia?post=408"},{"taxonomy":"kieu-dang","embeddable":true,"href":"https:\/\/store2.k-tech-services.com\/flower\/wp-json\/wp\/v2\/kieu-dang?post=408"},{"taxonomy":"mau-sac","embeddable":true,"href":"https:\/\/store2.k-tech-services.com\/flower\/wp-json\/wp\/v2\/mau-sac?post=408"},{"taxonomy":"test-loc","embeddable":true,"href":"https:\/\/store2.k-tech-services.com\/flower\/wp-json\/wp\/v2\/test-loc?post=408"},{"taxonomy":"product_cat","embeddable":true,"href":"https:\/\/store2.k-tech-services.com\/flower\/wp-json\/wp\/v2\/product_cat?post=408"},{"taxonomy":"product_tag","embeddable":true,"href":"https:\/\/store2.k-tech-services.com\/flower\/wp-json\/wp\/v2\/product_tag?post=408"}],"curies":[{"name":"wp","href":"https:\/\/api.w.org\/{rel}","templated":true}]}}