{"id":551,"date":"2024-04-26T07:33:13","date_gmt":"2024-04-26T07:33:13","guid":{"rendered":"https:\/\/live.k-tech.net.vn\/wp-marketing\/?page_id=551"},"modified":"2024-04-26T08:30:18","modified_gmt":"2024-04-26T08:30:18","slug":"lien-he","status":"publish","type":"page","link":"https:\/\/store2.k-tech-services.com\/globalwow\/lien-he\/","title":{"rendered":"Li\u00ean H\u1ec7"},"content":{"rendered":"\t<section class=\"section\" id=\"section_949314432\">\n\t\t<div class=\"bg section-bg fill bg-fill  bg-loaded\" >\n\n\t\t\t\n\t\t\t\n\t\t\t\n\n\t\t<\/div>\n\n\t\t\n\n\t\t<div class=\"section-content relative\">\n\t\t\t\n<div class=\"row row-small\"  id=\"row-700012922\">\n\n\t<div id=\"col-1561271846\" class=\"col medium-6 small-12 large-6\"  >\n\t\t\t\t<div class=\"col-inner\"  >\n\t\t\t\n\t\t\t\n\t<div class=\"img has-hover x md-x lg-x y md-y lg-y\" id=\"image_309305047\">\n\t\t\t\t\t\t\t\t<div class=\"img-inner dark\" >\n\t\t\t<img loading=\"lazy\" decoding=\"async\" width=\"1024\" height=\"683\" src=\"https:\/\/store2.k-tech-services.com\/globalwow\/wp-content\/uploads\/2024\/04\/an-interior-designer-is-working-on-a-new-project-8CV43WD-1024x683-1.jpg\" class=\"attachment-original size-original\" alt=\"\" srcset=\"https:\/\/store2.k-tech-services.com\/globalwow\/wp-content\/uploads\/2024\/04\/an-interior-designer-is-working-on-a-new-project-8CV43WD-1024x683-1.jpg 1024w, https:\/\/store2.k-tech-services.com\/globalwow\/wp-content\/uploads\/2024\/04\/an-interior-designer-is-working-on-a-new-project-8CV43WD-1024x683-1-300x200.jpg 300w, https:\/\/store2.k-tech-services.com\/globalwow\/wp-content\/uploads\/2024\/04\/an-interior-designer-is-working-on-a-new-project-8CV43WD-1024x683-1-768x512.jpg 768w, https:\/\/store2.k-tech-services.com\/globalwow\/wp-content\/uploads\/2024\/04\/an-interior-designer-is-working-on-a-new-project-8CV43WD-1024x683-1-600x400.jpg 600w\" sizes=\"auto, (max-width: 1024px) 100vw, 1024px\" \/>\t\t\t\t\t\t\n\t\t\t\t\t<\/div>\n\t\t\t\t\t\t\t\t\n<style>\n#image_309305047 {\n  width: 100%;\n}\n<\/style>\n\t<\/div>\n\t\n\t\t<\/div>\n\t\t\t\t\t<\/div>\n\n\t\n\n\t<div id=\"col-2090036918\" class=\"col medium-6 small-12 large-6\"  >\n\t\t\t\t<div class=\"col-inner\"  >\n\t\t\t\n\t\t\t\n\t<div id=\"text-1009735826\" class=\"text\">\n\t\t\n<h1><strong>Li\u00ean H\u1ec7<\/strong><\/h1>\n\t\t\n<style>\n#text-1009735826 {\n  color: #316a6d;\n}\n#text-1009735826 > * {\n  color: #316a6d;\n}\n<\/style>\n\t<\/div>\n\t\n\t<div id=\"text-1590453085\" class=\"text\">\n\t\t\n<p>\u0110\u1ebfn v\u1edbi <strong>GLOBAL WOW<\/strong>, b\u1ea1n s\u1ebd \u0111\u01b0\u1ee3c tr\u1ea3i nghi\u1ec7m d\u1ecbch v\u1ee5 thi c\u00f4ng gi\u1ea5y d\u00e1n t\u01b0\u1eddng chuy\u00ean nghi\u1ec7p, ch\u1ea5t l\u01b0\u1ee3ng v\u1edbi gi\u00e1 th\u00e0nh h\u1ee3p l\u00fd. H\u00e3y li\u00ean h\u1ec7 ngay v\u1edbi ch\u00fang t\u00f4i \u0111\u1ec3 bi\u1ebfn kh\u00f4ng gian s\u1ed1ng c\u1ee7a b\u1ea1n tr\u1edf n\u00ean hi\u1ec7n \u0111\u1ea1i, sang tr\u1ecdng v\u00e0 \u1ea5n t\u01b0\u1ee3ng h\u01a1n!<\/p>\n\t\t\n<style>\n#text-1590453085 {\n  text-align: left;\n  color: rgb(0,0,0);\n}\n#text-1590453085 > * {\n  color: rgb(0,0,0);\n}\n<\/style>\n\t<\/div>\n\t\n<div class=\"is-divider divider clearfix\" style=\"max-width:500px;background-color:rgb(124, 124, 124);\"><\/div>\n\t<div id=\"text-2393263413\" class=\"text\">\n\t\t\n<p>C\u00f4ng ty TNHH GLOBAL WOW<br \/>\u0110\u1ecba ch\u1ec9: Quang Trung, G\u00f2 V\u1ea5p, Th\u00e0nh Ph\u1ed1 H\u1ed3 Ch\u00ed Minh<br \/>MST: 0317392469<\/p>\n<p><\/p>\n<h3 class=\"LC20lb MBeuO DKV0Md\">\u00a0<\/h3>\n\t\t\n<style>\n#text-2393263413 {\n  color: rgb(0,0,0);\n}\n#text-2393263413 > * {\n  color: rgb(0,0,0);\n}\n<\/style>\n\t<\/div>\n\t\n<div class=\"social-icons follow-icons\" style=\"font-size:103%\"><a href=\"https:\/\/www.facebook.com\/ktech.net.vn\/\" target=\"_blank\" data-label=\"Facebook\" class=\"icon primary button circle facebook tooltip\" title=\"Theo d\u00f5i tr\u00ean Facebook\" aria-label=\"Theo d\u00f5i tr\u00ean Facebook\" rel=\"noopener nofollow\" ><i class=\"icon-facebook\" ><\/i><\/a><a href=\"https:\/\/www.facebook.com\/ktech.net.vn\/\" target=\"_blank\" data-label=\"Instagram\" class=\"icon primary button circle instagram tooltip\" title=\"Theo d\u00f5i tr\u00ean Instagram\" aria-label=\"Theo d\u00f5i tr\u00ean Instagram\" rel=\"noopener nofollow\" ><i class=\"icon-instagram\" ><\/i><\/a><a href=\"https:\/\/www.facebook.com\/ktech.net.vn\/\" data-label=\"Twitter\" target=\"_blank\" class=\"icon primary button circle twitter tooltip\" title=\"Theo d\u00f5i tr\u00ean Twitter\" aria-label=\"Theo d\u00f5i tr\u00ean Twitter\" rel=\"noopener nofollow\" ><i class=\"icon-twitter\" ><\/i><\/a><a href=\"mailto:your@email\" data-label=\"E-mail\" target=\"_blank\" class=\"icon primary button circle email tooltip\" title=\"G\u1eedi email cho ch\u00fang t\u00f4i\" aria-label=\"G\u1eedi email cho ch\u00fang t\u00f4i\" rel=\"nofollow noopener\" ><i class=\"icon-envelop\" ><\/i><\/a><\/div>\n\t\t<\/div>\n\t\t\t\t\t<\/div>\n\n\t\n<\/div>\n<div class=\"row\"  id=\"row-196649941\">\n\n\t<div id=\"col-967517682\" class=\"col small-12 large-12\"  >\n\t\t\t\t<div class=\"col-inner\"  >\n\t\t\t\n\t\t\t\n\n<p><iframe src=\"https:\/\/www.google.com\/maps\/embed?pb=!1m18!1m12!1m3!1d3918.7463534499084!2d106.66569107465627!3d10.830712789321392!2m3!1f0!2f0!3f0!3m2!1i1024!2i768!4f13.1!3m3!1m2!1s0x31752906ede41fa9%3A0xcaf1d871f442ca39!2zNDE3IFF1YW5nIFRydW5nLCBQaMaw4budbmcgMTAsIEfDsiBW4bqlcCwgVGjDoG5oIHBo4buRIEjhu5MgQ2jDrSBNaW5oIDcwMDAwMCwgVmnhu4d0IE5hbQ!5e0!3m2!1svi!2s!4v1714117351964!5m2!1svi!2s\" width=\"100%\" height=\"450\" style=\"border:0;\" allowfullscreen=\"\" loading=\"lazy\" referrerpolicy=\"no-referrer-when-downgrade\"><\/iframe><br \/>\n\n\t\t<\/div>\n\t\t\t\t\t<\/div>\n\n\t\n<\/div>\n\t\t<\/div>\n\n\t\t\n<style>\n#section_949314432 {\n  padding-top: 30px;\n  padding-bottom: 30px;\n  background-color: rgb(240, 240, 240);\n}\n<\/style>\n\t<\/section>\n\t\n","protected":false},"excerpt":{"rendered":"","protected":false},"author":1,"featured_media":0,"parent":0,"menu_order":0,"comment_status":"closed","ping_status":"closed","template":"page-blank.php","meta":{"_acf_changed":false,"footnotes":""},"class_list":["post-551","page","type-page","status-publish","hentry"],"acf":[],"_links":{"self":[{"href":"https:\/\/store2.k-tech-services.com\/globalwow\/wp-json\/wp\/v2\/pages\/551","targetHints":{"allow":["GET"]}}],"collection":[{"href":"https:\/\/store2.k-tech-services.com\/globalwow\/wp-json\/wp\/v2\/pages"}],"about":[{"href":"https:\/\/store2.k-tech-services.com\/globalwow\/wp-json\/wp\/v2\/types\/page"}],"author":[{"embeddable":true,"href":"https:\/\/store2.k-tech-services.com\/globalwow\/wp-json\/wp\/v2\/users\/1"}],"replies":[{"embeddable":true,"href":"https:\/\/store2.k-tech-services.com\/globalwow\/wp-json\/wp\/v2\/comments?post=551"}],"version-history":[{"count":7,"href":"https:\/\/store2.k-tech-services.com\/globalwow\/wp-json\/wp\/v2\/pages\/551\/revisions"}],"predecessor-version":[{"id":612,"href":"https:\/\/store2.k-tech-services.com\/globalwow\/wp-json\/wp\/v2\/pages\/551\/revisions\/612"}],"wp:attachment":[{"href":"https:\/\/store2.k-tech-services.com\/globalwow\/wp-json\/wp\/v2\/media?parent=551"}],"curies":[{"name":"wp","href":"https:\/\/api.w.org\/{rel}","templated":true}]}}