{"id":495,"date":"2024-04-26T06:41:55","date_gmt":"2024-04-26T06:41:55","guid":{"rendered":"https:\/\/live.k-tech.net.vn\/wp-marketing\/?post_type=product&#038;p=495"},"modified":"2024-04-26T06:42:37","modified_gmt":"2024-04-26T06:42:37","slug":"tranh-dan-tuong","status":"publish","type":"product","link":"https:\/\/store2.k-tech-services.com\/globalwow\/san-pham\/tranh-dan-tuong\/","title":{"rendered":"TRANH D\u00c1N T\u01af\u1edcNG FASHION 07"},"content":{"rendered":"","protected":false},"excerpt":{"rendered":"<p>\u0110\u00e2y l\u00e0 s\u1ea3n ph\u1ea9m cao c\u1ea5p c\u1ee7a th\u01b0\u01a1ng hi\u1ec7u JYJ\u00a0H\u00e0n Qu\u1ed1c. Gi\u1ea5y c\u00f3 \u0111\u1ed9 b\u1ec1n cao, ch\u1ed1ng th\u1ea5m, ch\u1ed1ng \u1ea9m m\u1ed1c, ch\u1ed1ng tr\u1ea7y x\u01b0\u1edbc v\u00e0 b\u00e1m b\u1ea9n.<\/p>\n<p>\u0110\u01b0\u1ee3c thi\u1ebft k\u1ebf d\u00e0nh ri\u00eang cho tr\u1ebb em, v\u1edbi nh\u1eefng h\u1ecda ti\u1ebft sinh \u0111\u1ed9ng, b\u1eaft m\u1eaft,\u00a0v\u1edbi nh\u1eefng hoa v\u0103n thi\u00ean nhi\u00ean, hay c\u00e1c nh\u00e2n v\u1eadt ho\u1ea1t h\u00ecnh vui nh\u1ed9n, nh\u1eefng nh\u00e2n v\u1eadt c\u1ed5 t\u00edch, gi\u00fap t\u0103ng tr\u00ed t\u01b0\u1edfng t\u01b0\u1ee3ng, s\u00e1ng t\u1ea1o, l\u00e0m cho c\u00e1c gi\u00e1c quan th\u1ecb gi\u00e1c, tr\u00ed n\u00e3o \u0111\u01b0\u1ee3c ph\u00e1t tri\u1ec3n. V\u00e0 vi\u1ec7c t\u1ea1o m\u1ed9t kh\u00f4ng gian nh\u01b0 v\u1eady c\u00e1c b\u00e9 s\u1ebd c\u1ea3m th\u1ea5y th\u00edch th\u00fa,\u00a0 c\u1ea3m gi\u00e1c tho\u1ea3i m\u00e1i, y\u00eau qu\u00fd c\u0103n ph\u00f2ng c\u1ee7a m\u00ecnh h\u01a1n.<\/p>\n","protected":false},"featured_media":496,"comment_status":"open","ping_status":"closed","template":"","meta":{"_acf_changed":false},"product_cat":[21,22],"product_tag":[],"class_list":{"0":"post-495","1":"product","2":"type-product","3":"status-publish","4":"has-post-thumbnail","6":"product_cat-giay-dan-tuong","7":"product_cat-tranh-dan-tuong","9":"first","10":"instock","11":"shipping-taxable","12":"product-type-simple"},"acf":[],"_links":{"self":[{"href":"https:\/\/store2.k-tech-services.com\/globalwow\/wp-json\/wp\/v2\/product\/495","targetHints":{"allow":["GET"]}}],"collection":[{"href":"https:\/\/store2.k-tech-services.com\/globalwow\/wp-json\/wp\/v2\/product"}],"about":[{"href":"https:\/\/store2.k-tech-services.com\/globalwow\/wp-json\/wp\/v2\/types\/product"}],"replies":[{"embeddable":true,"href":"https:\/\/store2.k-tech-services.com\/globalwow\/wp-json\/wp\/v2\/comments?post=495"}],"wp:featuredmedia":[{"embeddable":true,"href":"https:\/\/store2.k-tech-services.com\/globalwow\/wp-json\/wp\/v2\/media\/496"}],"wp:attachment":[{"href":"https:\/\/store2.k-tech-services.com\/globalwow\/wp-json\/wp\/v2\/media?parent=495"}],"wp:term":[{"taxonomy":"product_cat","embeddable":true,"href":"https:\/\/store2.k-tech-services.com\/globalwow\/wp-json\/wp\/v2\/product_cat?post=495"},{"taxonomy":"product_tag","embeddable":true,"href":"https:\/\/store2.k-tech-services.com\/globalwow\/wp-json\/wp\/v2\/product_tag?post=495"}],"curies":[{"name":"wp","href":"https:\/\/api.w.org\/{rel}","templated":true}]}}