{"id":313,"date":"2024-06-02T07:52:42","date_gmt":"2024-06-02T07:52:42","guid":{"rendered":"https:\/\/live.k-tech.net.vn\/wp-beecube\/?post_type=product&#038;p=313"},"modified":"2024-10-30T20:35:52","modified_gmt":"2024-10-30T13:35:52","slug":"yamazaki-s6","status":"publish","type":"product","link":"https:\/\/store2.k-tech-services.com\/maychieu\/san-pham\/yamazaki-s6\/","title":{"rendered":"Yamazaki S6"},"content":{"rendered":"<p><strong>\u00a0<\/strong><\/p>\n<p><strong>\u00a0<\/strong><\/p>\n<table width=\"816\">\n<tbody>\n<tr>\n<td colspan=\"2\" width=\"816\">\n<h1 style=\"text-align: center;\"><strong>YAMAZAKI S6<\/strong><\/h1>\n<\/td>\n<\/tr>\n<tr>\n<td colspan=\"2\" width=\"816\"><strong>\u00a0<\/strong><\/td>\n<\/tr>\n<tr>\n<td width=\"276\"><strong>\u0110\u1ed9 ph\u00e2n gi\u1ea3i<\/strong><\/td>\n<td width=\"540\"><strong>HD: 1080&#215;1920<\/strong><\/td>\n<\/tr>\n<tr>\n<td width=\"276\"><strong>\u0110\u1ed9 S\u00e1ng<\/strong><\/td>\n<td width=\"540\"><strong>600 ansi \/ 7200 lumens<\/strong><\/td>\n<\/tr>\n<tr>\n<td width=\"276\"><strong>\u0110\u1ed9 ph\u00e2n gi\u1ea3i th\u1ef1c<\/strong><\/td>\n<td width=\"540\"><strong>Full HD 1080P<\/strong><\/td>\n<\/tr>\n<tr>\n<td width=\"276\"><strong>\u0110\u1ed9 ph\u00e2n gi\u1ea3i t\u1ed1i \u0111a h\u1ed7 tr\u1ee3<\/strong><\/td>\n<td width=\"540\"><strong>4K<\/strong><\/td>\n<\/tr>\n<tr>\n<td width=\"276\"><strong>K\u00edch th\u01b0\u1edbc chi\u1ebfu<\/strong><\/td>\n<td width=\"540\"><strong>40 \u0111\u1ebfn 200 inch<\/strong><\/td>\n<\/tr>\n<tr>\n<td width=\"276\"><strong>Kho\u1ea3ng c\u00e1ch chi\u1ebfu<\/strong><\/td>\n<td width=\"540\"><strong>1,8m \u0111\u1ebfn 4,5m<\/strong><\/td>\n<\/tr>\n<tr>\n<td width=\"276\"><strong>H\u1ec7 \u0111i\u1ec1u h\u00e0nh<\/strong><\/td>\n<td width=\"540\"><strong>Android TV <\/strong><strong>9<\/strong><\/td>\n<\/tr>\n<tr>\n<td width=\"276\"><strong>Loa<\/strong><\/td>\n<td width=\"540\"><strong>10W<\/strong><\/td>\n<\/tr>\n<tr>\n<td width=\"276\"><strong>Hi\u1ec7u \u1ee9ng \u00e2m thanh<\/strong><\/td>\n<td width=\"540\"><strong>Mono<\/strong><\/td>\n<\/tr>\n<tr>\n<td width=\"276\"><strong>Ram<\/strong><\/td>\n<td width=\"540\"><strong>2Gb<\/strong><\/td>\n<\/tr>\n<tr>\n<td width=\"276\"><strong>Rom<\/strong><\/td>\n<td width=\"540\"><strong>32Gb<\/strong><\/td>\n<\/tr>\n<tr>\n<td width=\"276\"><strong>C\u00f4ng ngh\u1ec7 th\u1ea5u k\u00ednh<\/strong><\/td>\n<td width=\"540\"><strong>\u1ed0ng k\u00ednh m\u1edf<\/strong><\/td>\n<\/tr>\n<tr>\n<td width=\"276\"><strong>L\u1ea5y n\u00e9t t\u1ef1 \u0111\u1ed9ng<\/strong><\/td>\n<td width=\"540\"><strong>C\u00f3<\/strong><\/td>\n<\/tr>\n<tr>\n<td width=\"276\"><strong>T\u1ef1 \u0111\u1ed9ng hi\u1ec7u ch\u1ec9nh h\u00ecnh \u1ea3nh<\/strong><\/td>\n<td width=\"540\"><strong>C\u00f3<\/strong><strong> \u2013 Keystone 4 \u0111i\u1ec3m<\/strong><\/td>\n<\/tr>\n<tr>\n<td width=\"276\"><strong>T\u1ef1 \u0111\u1ed9ng ph\u00e1t hi\u1ec7n m\u1eb7t ph\u1eb3ng<\/strong><\/td>\n<td width=\"540\"><strong>C\u00f3<\/strong><\/td>\n<\/tr>\n<tr>\n<td width=\"276\"><strong>Share m\u00e0n h\u00ecnh kh\u00f4ng d\u00e2y<\/strong><\/td>\n<td width=\"540\"><strong>C\u00f3, Truy\u1ec1n kh\u00f4ng d\u00e2y mi\u1ec5n ph\u00ed t\u1ea5t c\u1ea3 c\u00e1c thi\u1ebft b\u1ecb ngo\u1ea1i vi, v\u00e0 m\u00e1y t\u00ednh<\/strong><\/td>\n<\/tr>\n<tr>\n<td width=\"276\"><strong>Wifi<\/strong><\/td>\n<td width=\"540\"><strong>2.4G\/5G WIFI6<\/strong><\/td>\n<\/tr>\n<tr>\n<td width=\"276\"><strong>Bluetooth<\/strong><\/td>\n<td width=\"540\"><strong>Bluetooth 5.2<\/strong><\/td>\n<\/tr>\n<tr>\n<td width=\"276\"><strong>C\u00f4ng su\u1ea5t<\/strong><\/td>\n<td width=\"540\"><strong>120<\/strong><strong>W<\/strong><\/td>\n<\/tr>\n<tr>\n<td width=\"276\"><strong>\u0110\u1ecbnh d\u1ea1ng video h\u1ed7 tr\u1ee3<\/strong><\/td>\n<td width=\"540\"><strong>VP9-10,H.265,H.264,MPEG-4,WMV\/VC-1,MPEG-2,MPEG-1,RealVideo 8\/9\/10 etc.<\/strong><\/td>\n<\/tr>\n<tr>\n<td width=\"276\"><strong>\u0110\u1ecbnh d\u1ea1ng <\/strong><strong>\u00e2m<\/strong><strong> thanh h\u1ed7 tr\u1ee3<\/strong><\/td>\n<td width=\"540\"><strong>MP3,WMA,MP2,OGG,AAC,M4A,MA4,FLAC,APE,3GP,WAV<\/strong><\/td>\n<\/tr>\n<tr>\n<td width=\"276\"><strong>H\u1ed7 tr\u1ee3 h\u00ecnh \u1ea3nh<\/strong><\/td>\n<td width=\"540\"><strong>\u0110a \u0111\u1ecbnh d\u1ea1ng<\/strong><\/td>\n<\/tr>\n<tr>\n<td width=\"276\"><strong>\u0110i\u1ec1u khi\u1ec3n gi\u1ecdng n\u00f3i<\/strong><\/td>\n<td width=\"540\"><strong>B\u1eb1ng \u0111i\u1ec1u khi\u1ec3n gi\u1ecdng n\u00f3i<\/strong><\/td>\n<\/tr>\n<tr>\n<td width=\"276\"><strong>\u0110i\u1ec1u khi\u1ec3n <\/strong><strong>t\u1eeb xa<\/strong><\/td>\n<td width=\"540\"><strong>Magic stick v\u1edbi h\u1ed7 tr\u1ee3 gi\u1ecdng n\u00f3i v\u00e0 \u0111i\u1ec1u khi\u1ec3n chu\u1ed9t bay<\/strong><\/td>\n<\/tr>\n<tr>\n<td width=\"276\"><strong>C\u00e1c c\u1ed5ng k\u1ebft n\u1ed1i<\/strong><\/td>\n<td width=\"540\"><strong>2<\/strong><strong> c\u1ed5ng HDMI<\/strong><\/p>\n<p><strong>AUX 3.5<\/strong><\/p>\n<p><strong>2 c\u1ed5ng USB<\/strong><\/p>\n<p><strong>1 c\u1ed5ng AV<\/strong><\/p>\n<p><strong>1 c\u1ed5ng DC \u0111\u1ea7u v\u00e0o:\u00a0 DC 19V 4.74A<\/strong><\/td>\n<\/tr>\n<tr>\n<td width=\"276\"><strong>K\u00edch th\u01b0\u1edbc<\/strong><\/td>\n<td width=\"540\"><strong>18,8cm x 10cm x10cm<\/strong><\/td>\n<\/tr>\n<tr>\n<td width=\"276\"><strong>Tr\u1ecdng l\u01b0\u1ee3ng<\/strong><\/td>\n<td width=\"540\"><strong>2600g<\/strong><\/td>\n<\/tr>\n<tr>\n<td width=\"276\"><strong>M\u00e0u s\u1eafc<\/strong><\/td>\n<td width=\"540\"><strong>X\u00e1m<\/strong><\/td>\n<\/tr>\n<\/tbody>\n<\/table>\n","protected":false},"excerpt":{"rendered":"<ul>\n<li>M\u00e1y chi\u1ebfu Mini <strong>Yamazaki S6<\/strong><\/li>\n<li>\u0110\u1ed9 Ph\u00e2n Gi\u1ea3i Full HD 1080P, H\u1ed7 tr\u1ee3 4k Si\u00eau n\u00e9t &#8211; K\u1ebft n\u1ed1i wifi, bluetooth, k\u1ebft n\u1ed1i \u0111i\u1ec7n tho\u1ea1i<\/li>\n<li>K\u00edch th\u01b0\u1edbc nh\u1ecf g\u1ecdn, d\u1ec5 d\u00e0ng mang theo<\/li>\n<li>H\u00ecnh \u1ea3nh s\u1eafc n\u00e9t, m\u00e0u s\u1eafc r\u1ef1c r\u1ee1<\/li>\n<li>M\u00e1y chi\u1ebfu C\u00f3 m\u1ee9c P\/P T\u1ed1t nh\u1ea5t, M\u00e1y chi\u1ebfu Qu\u1ed1c D\u00e2n<\/li>\n<\/ul>\n","protected":false},"featured_media":1197,"comment_status":"open","ping_status":"closed","template":"","meta":{"rank_math_lock_modified_date":false},"product_cat":[18],"product_tag":[],"class_list":{"0":"post-313","1":"product","2":"type-product","3":"status-publish","4":"has-post-thumbnail","6":"product_cat-may-chieu-mini","8":"first","9":"instock","10":"sale","11":"shipping-taxable","12":"purchasable","13":"product-type-simple"},"_links":{"self":[{"href":"https:\/\/store2.k-tech-services.com\/maychieu\/wp-json\/wp\/v2\/product\/313","targetHints":{"allow":["GET"]}}],"collection":[{"href":"https:\/\/store2.k-tech-services.com\/maychieu\/wp-json\/wp\/v2\/product"}],"about":[{"href":"https:\/\/store2.k-tech-services.com\/maychieu\/wp-json\/wp\/v2\/types\/product"}],"replies":[{"embeddable":true,"href":"https:\/\/store2.k-tech-services.com\/maychieu\/wp-json\/wp\/v2\/comments?post=313"}],"wp:featuredmedia":[{"embeddable":true,"href":"https:\/\/store2.k-tech-services.com\/maychieu\/wp-json\/wp\/v2\/media\/1197"}],"wp:attachment":[{"href":"https:\/\/store2.k-tech-services.com\/maychieu\/wp-json\/wp\/v2\/media?parent=313"}],"wp:term":[{"taxonomy":"product_cat","embeddable":true,"href":"https:\/\/store2.k-tech-services.com\/maychieu\/wp-json\/wp\/v2\/product_cat?post=313"},{"taxonomy":"product_tag","embeddable":true,"href":"https:\/\/store2.k-tech-services.com\/maychieu\/wp-json\/wp\/v2\/product_tag?post=313"}],"curies":[{"name":"wp","href":"https:\/\/api.w.org\/{rel}","templated":true}]}}