{"id":141,"date":"2024-05-17T08:17:20","date_gmt":"2024-05-17T08:17:20","guid":{"rendered":"https:\/\/live.k-tech.net.vn\/wp-lehuynh\/?page_id=141"},"modified":"2024-07-04T07:26:27","modified_gmt":"2024-07-04T07:26:27","slug":"lien-he","status":"publish","type":"page","link":"https:\/\/store2.k-tech-services.com\/moitruong\/lien-he\/","title":{"rendered":"Li\u00ean h\u1ec7"},"content":{"rendered":"<div id=\"content\" class=\"content-area page-wrapper\" role=\"main\">\n<div class=\"row row-main\">\n<div class=\"large-12 col\">\n<div class=\"col-inner\">\n<header class=\"entry-header\">\n<h1 class=\"entry-title mb uppercase\"><span style=\"color: #000000;\">Li\u00ean h\u1ec7<\/span><\/h1>\n<\/header>\n<h4><span style=\"color: #000000;\"><strong>C\u00d4NG TY TNHH C\u00d4NG NGH\u1ec6 M\u00d4I TR\u01af\u1edcNG L\u00ca HU\u1ef2NH<\/strong><\/span><\/h4>\n<ul>\n<li><span style=\"color: #000000;\"><strong>Tr\u1ee5 s\u1edf ch\u00ednh: <\/strong>113\/37\/14 T\u00e2n ch\u00e1nh hi\u1ec7p Ph\u01b0\u1eddng T\u00e2n Ch\u00e1nh Hi\u1ec7p, Qu\u1eadn 12, Th\u00e0nh ph\u1ed1 H\u1ed3 Ch\u00ed Minh<\/span><\/li>\n<li><strong>V\u0103n ph\u00f2ng:<\/strong> 13\/8, \u0110\u01b0\u1eddng Nguy\u1ec5n Th\u1ecb B\u00fap, P. T\u00e2n Ch\u00e1nh Hi\u1ec7p, Q12, Tp.HCM<\/li>\n<li><strong>MST:<\/strong> <span style=\"font-weight: 400;\">0307664699<\/span><\/li>\n<li><strong>Hotline:<\/strong> 0947.685.668 &#8211; 0937.554.556<\/li>\n<li><strong>ZALO:<\/strong> 0989468428<\/li>\n<li><strong>Email: <\/strong>moitruonglehuynh06@gmail.com<\/li>\n<\/ul>\n<h4><span style=\"color: #000000;\"><strong>CHI NH\u00c1NH<\/strong><\/span><\/h4>\n<ul>\n<li><span style=\"color: #000000;\"><strong>Ph\u00fa Y\u00ean:<\/strong> <span class=\"fontstyle0\">Nguy\u1ec5n Trung Tr\u1ef1c, Ph\u01b0\u1eddng 8, Tuy H\u00f2a, Ph\u00fa Y\u00ean<\/span> <\/span><\/li>\n<li><span style=\"color: #000000;\"><strong>Hotline: <span class=\"fontstyle0\">0937554556<\/span><\/strong><\/span><\/li>\n<\/ul>\n<ul>\n<li><span style=\"color: #000000;\"><strong>V\u0129nh Long:<\/strong> <span class=\"fontstyle0\">4\/1A L\u00ea V\u0103n T\u00e1m, Ph\u01b0\u1eddng 1, Tp.V\u0129nh Long, t\u1ec9nh V\u0129nh Long<\/span> <\/span><\/li>\n<li><span style=\"color: #000000;\"><strong>Hotline: <span class=\"fontstyle0\">0937554556<\/span><\/strong><\/span><\/li>\n<\/ul>\n<h4><span style=\"color: #000000;\"><strong>\u00a0B\u1ea2N \u0110\u1ed2<\/strong><\/span><\/h4>\n<h4><iframe loading=\"lazy\" style=\"border: 0;\" src=\"https:\/\/www.google.com\/maps\/embed?pb=!1m18!1m12!1m3!1d3918.198980795279!2d106.63682127488396!3d10.872465189282211!2m3!1f0!2f0!3f0!3m2!1i1024!2i768!4f13.1!3m3!1m2!1s0x317529d675444993%3A0x7b4bb57359235741!2zQ8O0bmcgdHkgVE5ISCBNVFYgQ8O0bmcgbmdo4buHIE3DtGkgdHLGsOG7nW5nIEzDqiBIdeG7s25o!5e0!3m2!1svi!2s!4v1715934000987!5m2!1svi!2s\" width=\"600\" height=\"450\" allowfullscreen=\"allowfullscreen\"><\/iframe><\/h4>\n<\/div>\n<\/div>\n<\/div>\n<\/div>\n","protected":false},"excerpt":{"rendered":"<p>Li\u00ean h\u1ec7 C\u00d4NG TY TNHH C\u00d4NG NGH\u1ec6 M\u00d4I TR\u01af\u1edcNG L\u00ca HU\u1ef2NH Tr\u1ee5 s\u1edf ch\u00ednh: 113\/37\/14 T\u00e2n ch\u00e1nh hi\u1ec7p Ph\u01b0\u1eddng T\u00e2n Ch\u00e1nh Hi\u1ec7p, Qu\u1eadn 12, Th\u00e0nh ph\u1ed1 H\u1ed3 Ch\u00ed Minh V\u0103n ph\u00f2ng: 13\/8, \u0110\u01b0\u1eddng Nguy\u1ec5n Th\u1ecb B\u00fap, P. T\u00e2n Ch\u00e1nh Hi\u1ec7p, Q12, Tp.HCM MST: 0307664699 Hotline: 0947.685.668 &#8211; 0937.554.556 ZALO: 0989468428 Email: moitruonglehuynh06@gmail.com CHI NH\u00c1NH Ph\u00fa [&#8230;]\n","protected":false},"author":1,"featured_media":0,"parent":0,"menu_order":0,"comment_status":"closed","ping_status":"closed","template":"","meta":{"footnotes":""},"class_list":["post-141","page","type-page","status-publish","hentry"],"_links":{"self":[{"href":"https:\/\/store2.k-tech-services.com\/moitruong\/wp-json\/wp\/v2\/pages\/141","targetHints":{"allow":["GET"]}}],"collection":[{"href":"https:\/\/store2.k-tech-services.com\/moitruong\/wp-json\/wp\/v2\/pages"}],"about":[{"href":"https:\/\/store2.k-tech-services.com\/moitruong\/wp-json\/wp\/v2\/types\/page"}],"author":[{"embeddable":true,"href":"https:\/\/store2.k-tech-services.com\/moitruong\/wp-json\/wp\/v2\/users\/1"}],"replies":[{"embeddable":true,"href":"https:\/\/store2.k-tech-services.com\/moitruong\/wp-json\/wp\/v2\/comments?post=141"}],"version-history":[{"count":5,"href":"https:\/\/store2.k-tech-services.com\/moitruong\/wp-json\/wp\/v2\/pages\/141\/revisions"}],"predecessor-version":[{"id":413,"href":"https:\/\/store2.k-tech-services.com\/moitruong\/wp-json\/wp\/v2\/pages\/141\/revisions\/413"}],"wp:attachment":[{"href":"https:\/\/store2.k-tech-services.com\/moitruong\/wp-json\/wp\/v2\/media?parent=141"}],"curies":[{"name":"wp","href":"https:\/\/api.w.org\/{rel}","templated":true}]}}